{"id":3,"date":"2024-04-04T06:13:14","date_gmt":"2024-04-04T03:13:14","guid":{"rendered":"https:\/\/sisu.ut.ee\/maavarad\/avaleht\/"},"modified":"2024-04-16T13:59:42","modified_gmt":"2024-04-16T10:59:42","slug":"avaleht","status":"publish","type":"page","link":"https:\/\/sisu.ut.ee\/maavarad\/","title":{"rendered":"Avaleht"},"content":{"rendered":"<h1><b>Eesti maavarad<\/b><\/h1>\n<p><b>Loodusvarad<\/b>\u00a0on looduslikud ressursid mida inim\u00fchiskond olemasoluks vajab ja tootmises kasutab. Neid jaotatakse\u00a0<i>taastuvaiks<\/i>\u00a0ehk\u00a0<i>uuenevaiks<\/i>\u00a0(\u00f5hk, vesi, muld, mets, ulukid) ja\u00a0<i>taastumatuiks<\/i>\u00a0(maavarad).<br>\n<b>Maavaraks<\/b>\u00a0loetakse sellist maap\u00f5ues leiduvat orgaanilist v\u00f5i mineraalainet, mida on v\u00f5imalik tasuvalt kasutada. Maavara m\u00f5iste muutub koos teaduse ja tehnika arenguga. T\u00e4nap\u00e4eval ei loeta maavaraks n\u00e4iteks soorauda, millest kuni 18. sajandi l\u00f5puni rauda sulatati. Maavara kaevandatakse maap\u00f5uest ja maavarade leiukohta nimetatakse\u00a0<b>maardlaks<\/b>. Kui maavarad on maapinna l\u00e4hedal, on otstarbekam neid kaevandada\u00a0<i>pealmaakaevandustes<\/i>\u00a0ehk\u00a0<i>karj\u00e4\u00e4rides<\/i>. Pealmaakaevandamise eelisteks on odavam ja kiirem tootmise ettevalmistamine, v\u00f5imalus kasutada suure j\u00f5udlusega masinaid ning t\u00f6\u00f6tingimused on ohutumad ja tervislikumad, kui maa all. Kui maardla asub aga s\u00fcgaval teiste kivimikihtide all, tuleb rajada\u00a0<i>allmaakaevandus<\/i>. Maavarasid kasutatakse enamasti t\u00f6\u00f6deldud kujul, kusjuures l\u00f5ppsaadused v\u00f5ivad l\u00e4hteainest oluliselt erineda.\u00a0<b>Maavarade varud<\/b>\u00a0tehakse kindlaks geoloogiliste otsingute ja uuringutega. Leiukohtade uuringute t\u00f5ep\u00e4rasust hindab ja detailselt uuritud varu kinnitab Eesti Maavarade Komisjon (asutatud 1990). V\u00e4ikesele pindalale ja lihtsale geoloogilisele ehitusele vaatamata on Eesti nii maavarade mitmekesisuselt kui ka olulisemate maarete varudelt suhteliselt rikas.<\/p>\n<h3><b>Maavarade klassifikatsioon (Reinsalu, 1998)<\/b><\/h3>\n<p>I. P\u00f5levad maavarad ehk energeetilised maavarad<\/p>\n<ul>\n<li><a title=\"\" href=\"https:\/\/sisu.ut.ee\/maavarad\/polevkivi\" target=\"_blank\" rel=\"noopener\" data-url=\"https:\/\/sisu.ut.ee\/maavarad\/polevkivi\">P\u00f5levkivi<\/a>\u00a0(kukersiit) \u2013 k\u00fctus ja \u00f5litoore<\/li>\n<li><a title=\"\" href=\"https:\/\/sisu.ut.ee\/maavarad\/graptoliitargilliit\" target=\"_blank\" rel=\"noopener\" data-url=\"https:\/\/sisu.ut.ee\/maavarad\/graptoliitargilliit\">Graptoliitargilliit<\/a>\u00a0\u2013 ei kasutata<\/li>\n<li><a title=\"\" href=\"https:\/\/sisu.ut.ee\/maavarad\/turvas\" target=\"_blank\" rel=\"noopener\" data-url=\"https:\/\/sisu.ut.ee\/maavarad\/turvas\">Turvas<\/a>\u00a0\u2013 k\u00fctteturvas<\/li>\n<\/ul>\n<p>II. Ehitusmaterjalid<\/p>\n<ul>\n<li><a title=\"\" href=\"https:\/\/sisu.ut.ee\/maavarad\/lubjakivi\" target=\"_blank\" rel=\"noopener\" data-url=\"https:\/\/sisu.ut.ee\/maavarad\/lubjakivi\">Lubjakivi<\/a>\u00a0\u2013 tsemendi-, ehitus- ja p\u00f5letuslubjakivi<\/li>\n<li><a title=\"\" href=\"https:\/\/sisu.ut.ee\/maavarad\/lubjakivi\" target=\"_blank\" rel=\"noopener\" data-url=\"https:\/\/sisu.ut.ee\/maavarad\/lubjakivi\">Dolomiit<\/a>\u00a0\u2013 viimistlus, ehituskivi, klaasidolomiit<\/li>\n<li><a title=\"\" href=\"https:\/\/sisu.ut.ee\/maavarad\/graniit\" target=\"_blank\" rel=\"noopener\" data-url=\"https:\/\/sisu.ut.ee\/maavarad\/graniit\">Graniit<\/a>\u00a0\u2013 viimistlus- ja ehituskivi<\/li>\n<li><a title=\"\" href=\"https:\/\/sisu.ut.ee\/maavarad\/liiv-ja-kruus\" target=\"_blank\" rel=\"noopener\" data-url=\"https:\/\/sisu.ut.ee\/maavarad\/liiv-ja-kruus\">Liiv<\/a>\u00a0\u2013 ehitus-, klaasi- ja vormiliiv<\/li>\n<li><a title=\"\" href=\"https:\/\/sisu.ut.ee\/maavarad\/liiv-ja-kruus\" target=\"_blank\" rel=\"noopener\" data-url=\"https:\/\/sisu.ut.ee\/maavarad\/liiv-ja-kruus\">Kruus<\/a>\u00a0\u2013 ehituskruus<\/li>\n<li><a title=\"\" href=\"https:\/\/sisu.ut.ee\/maavarad\/savi\" target=\"_blank\" rel=\"noopener\" data-url=\"https:\/\/sisu.ut.ee\/maavarad\/savi\">Savi<\/a>\u00a0\u2013 tsemendi, rasksulav, keraamiline ja keramsiidisavi<\/li>\n<\/ul>\n<p>III. Maagid<\/p>\n<ul>\n<li><a title=\"\" href=\"https:\/\/sisu.ut.ee\/maavarad\/rauamaak\" target=\"_blank\" rel=\"noopener\" data-url=\"https:\/\/sisu.ut.ee\/maavarad\/rauamaak\">Rauamaak<\/a>\u00a0\u2013 ei kasutata<\/li>\n<\/ul>\n<p>IV. Keemiatoore<\/p>\n<ul>\n<li><a title=\"\" href=\"https:\/\/sisu.ut.ee\/maavarad\/fosforiit\" target=\"_blank\" rel=\"noopener\" data-url=\"https:\/\/sisu.ut.ee\/maavarad\/fosforiit\">Fosforiit<\/a>\u00a0\u2013 ei kasutata<\/li>\n<li><a title=\"\" href=\"https:\/\/sisu.ut.ee\/maavarad\/lubjakivi\" target=\"_blank\" rel=\"noopener\" data-url=\"https:\/\/sisu.ut.ee\/maavarad\/lubjakivi\">Lubjakivi<\/a>\u00a0\u2013 tehnoloogiline (toore toiduaine-, klaasi-, paberi- jm t\u00f6\u00f6stuses)<\/li>\n<\/ul>\n<p>V. Muud maavarad<\/p>\n<ul>\n<li><a title=\"\" href=\"https:\/\/sisu.ut.ee\/maavarad\/meremuda\" target=\"_blank\" rel=\"noopener\" data-url=\"https:\/\/sisu.ut.ee\/maavarad\/meremuda\">J\u00e4rvemuda<\/a>\u00a0\u2013 p\u00f5lluv\u00e4etis, s\u00f6\u00f6dalisand, ravimuda<\/li>\n<li><a title=\"\" href=\"https:\/\/sisu.ut.ee\/maavarad\/meremuda\" target=\"_blank\" rel=\"noopener\" data-url=\"https:\/\/sisu.ut.ee\/maavarad\/meremuda\">Meremuda<\/a>\u00a0\u2013 ravimuda<\/li>\n<li><a title=\"\" href=\"https:\/\/sisu.ut.ee\/maavarad\/jarvelubi\" target=\"_blank\" rel=\"noopener\" data-url=\"https:\/\/sisu.ut.ee\/maavarad\/jarvelubi\">J\u00e4rvelubi<\/a>\u00a0\u2013 s\u00f6\u00f6dalisand<\/li>\n<li><a title=\"\" href=\"https:\/\/sisu.ut.ee\/maavarad\/turvas\" target=\"_blank\" rel=\"noopener\" data-url=\"https:\/\/sisu.ut.ee\/maavarad\/turvas\">Turvas<\/a>\u00a0\u2013 alusturvas<\/li>\n<\/ul>\n<p><a title=\"\" href=\"https:\/\/sisu.ut.ee\/maavarad\/maarajad-ja-oppevahendid\" target=\"_blank\" rel=\"noopener\" data-url=\"https:\/\/sisu.ut.ee\/maavarad\/maarajad-ja-oppevahendid\">M\u00e4\u00e4rajad ja \u00f5ppevahendid<\/a><\/p>\n<p><a title=\"\" href=\"https:\/\/sisu.ut.ee\/maavarad\/toolehed\" target=\"_blank\" rel=\"noopener\" data-url=\"https:\/\/sisu.ut.ee\/maavarad\/toolehed\">Iseseisva t\u00f6\u00f6 lehed geoloogiamuuseumis<\/a><\/p>\n<p><a title=\"\" href=\"https:\/\/sisu.ut.ee\/maavarad\/kirjandust\" target=\"_blank\" rel=\"noopener\" data-url=\"https:\/\/sisu.ut.ee\/maavarad\/kirjandust\">Kirjandust Eesti maavaradest<\/a><\/p>\n<p><a title=\"\" href=\"https:\/\/sisu.ut.ee\/maavarad\/tanu\" target=\"_blank\" rel=\"noopener\" data-url=\"https:\/\/sisu.ut.ee\/maavarad\/tanu\">T\u00e4nuavaldused<\/a><\/p>\n<p>\u00d5ppematerjalide koostamist toetas Keskkonnainsvesteeringute Keskus.<\/p>\n<p><img loading=\"lazy\" decoding=\"async\" class=\"alignnone size-medium wp-image-175\" src=\"https:\/\/sisu.ut.ee\/wp-content\/uploads\/sites\/433\/KIK-logo-300x41.png\" alt=\"\" width=\"300\" height=\"41\" srcset=\"https:\/\/sisu.ut.ee\/wp-content\/uploads\/sites\/433\/KIK-logo-300x41.png 300w, https:\/\/sisu.ut.ee\/wp-content\/uploads\/sites\/433\/KIK-logo.png 600w\" sizes=\"auto, (max-width: 300px) 100vw, 300px\"><\/p>\n<p>Mineraalide ja kivimite \u00f5ppematerjali\u00a0koostaja on Mare Isakar.<br>\nCopyright \u00a9 2011\u00a0Mare Isakar<\/p>\n","protected":false},"excerpt":{"rendered":"<p>Eesti maavarad Loodusvarad\u00a0on looduslikud ressursid mida inim\u00fchiskond olemasoluks vajab ja tootmises kasutab. Neid jaotatakse\u00a0taastuvaiks\u00a0ehk\u00a0uuenevaiks\u00a0(\u00f5hk, vesi, muld, mets, ulukid) ja\u00a0taastumatuiks\u00a0(maavarad). Maavaraks\u00a0loetakse sellist maap\u00f5ues leiduvat orgaanilist v\u00f5i mineraalainet, mida on v\u00f5imalik tasuvalt kasutada. Maavara m\u00f5iste muutub koos teaduse ja tehnika arenguga. T\u00e4nap\u00e4eval &#8230;<\/p>\n","protected":false},"author":226,"featured_media":0,"parent":0,"menu_order":0,"comment_status":"closed","ping_status":"closed","template":"","meta":{"_acf_changed":false,"inline_featured_image":false,"footnotes":""},"class_list":["post-3","page","type-page","status-publish","hentry"],"acf":[],"_links":{"self":[{"href":"https:\/\/sisu.ut.ee\/maavarad\/wp-json\/wp\/v2\/pages\/3","targetHints":{"allow":["GET"]}}],"collection":[{"href":"https:\/\/sisu.ut.ee\/maavarad\/wp-json\/wp\/v2\/pages"}],"about":[{"href":"https:\/\/sisu.ut.ee\/maavarad\/wp-json\/wp\/v2\/types\/page"}],"author":[{"embeddable":true,"href":"https:\/\/sisu.ut.ee\/maavarad\/wp-json\/wp\/v2\/users\/226"}],"replies":[{"embeddable":true,"href":"https:\/\/sisu.ut.ee\/maavarad\/wp-json\/wp\/v2\/comments?post=3"}],"version-history":[{"count":3,"href":"https:\/\/sisu.ut.ee\/maavarad\/wp-json\/wp\/v2\/pages\/3\/revisions"}],"predecessor-version":[{"id":176,"href":"https:\/\/sisu.ut.ee\/maavarad\/wp-json\/wp\/v2\/pages\/3\/revisions\/176"}],"wp:attachment":[{"href":"https:\/\/sisu.ut.ee\/maavarad\/wp-json\/wp\/v2\/media?parent=3"}],"curies":[{"name":"wp","href":"https:\/\/api.w.org\/{rel}","templated":true}]}}