{"id":15,"date":"2024-04-04T06:13:16","date_gmt":"2024-04-04T03:13:16","guid":{"rendered":"https:\/\/sisu.ut.ee\/maavarad\/liiv-ja-kruus\/"},"modified":"2024-04-04T06:13:31","modified_gmt":"2024-04-04T03:13:31","slug":"liiv-ja-kruus","status":"publish","type":"page","link":"https:\/\/sisu.ut.ee\/maavarad\/liiv-ja-kruus\/","title":{"rendered":"Liiv ja kruus"},"content":{"rendered":"<p>Liiv ja kruus on laialt kasutatavad maavarad ja neid on Eestis peaaegu k\u00f5ikjal. Nende klassifitseerimise aluseks on terasuuruse jaotus (l\u00f5imis): 0,05-5 mm \u2013 liiv, 5-70 mm \u2013 kruus, veerised, &gt;70 mm \u2013 munakad ja rahnud. Maap\u00f5ue seaduse j\u00e4rgi kujutavad liiv ja kruus endast mitmekomponendilisi purdsetendeid, kusjuures liivas on \u00fcle 5 mm l\u00e4bim\u00f5\u00f5dugaon osakesi v\u00e4hem kui 35% ja kruusas samu osakesi rohkem kui 35%. Oma tekkelt kuuluvad nad purdsetendite hulka, mis on setitatud tuule, mandrij\u00e4\u00e4, merevee v\u00f5i vooluvee poolt. Purdsetteid leidub k\u00f5igi geoloogiliste ajastute setetes. Kasutamist leiab siiski vaid pinnakattes esinev mandrij\u00e4\u00e4 sulavete tegevusel kuhjunud kruusa- ja liivamaterjal, sest vanemates kivimikompleksides esinev v\u00f5i pinnakattes teisel teel kujunenud liiv on liiga peeneteraline ega rahulda ehitustegevuseks n\u00f5utavaid terasuurusi. Kuna liiv ja kruus on omavahel geneetiliselt tihedalt seotud, esinedes samades settet\u00fc\u00fcpides, moodustuvad nad tihti kompleksmaardlad.<\/p>\n<p>\n\t<img loading=\"lazy\" decoding=\"async\" width=\"506\" height=\"310\" class=\"alignnone wp-image-82\" src=\"https:\/\/sisu.ut.ee\/wp-content\/uploads\/sites\/433\/liivamaardlad.jpg\" title=\"liivamaardlad.jpg\" alt=\"liivamaardlad\" srcset=\"https:\/\/sisu.ut.ee\/wp-content\/uploads\/sites\/433\/liivamaardlad.jpg 506w, https:\/\/sisu.ut.ee\/wp-content\/uploads\/sites\/433\/liivamaardlad-300x184.jpg 300w\" sizes=\"auto, (max-width: 506px) 100vw, 506px\">\n<\/p>\n<p>\n\tK\u00f5ige rohkem on liiva ja kruusa vahelisi \u00fcleminekuvorme \u2013 kruusliiva ja liivkruusa. Kruusliivad on peamiselt seotud liustiku sulavete voolude kuhjetega \u2013 oosid, liustikuj\u00f5gede deltakuhjatised ja sandurid, nn Kalevipoja k\u00fcnnivaod, mis on m\u00f5nikord ka ainsad kaunid pinnavormid maastikul. Looduslikus liivas ja kruusas esineb tavaliselt lisandina savi- ja tolmuosakesi (aleuriiti). Kruusa hulka loetakse ka tinglikult veerised, munakad ja rahnud.\u00a0<b>Liiv<\/b>\u00a0on peenepurruline sete, mis koosneb p\u00f5hiliselt mineraalide (kvarts, p\u00e4evakivi, vilk, glaukoniit jne) osakestest,\u00a0<b>kruus<\/b>\u00a0on aga j\u00e4mepurruline sete, mis koosneb kulutatud tard-, moonde- ja settekivimite veeristest ning munakatest ja \u00fcmardunud mineraalide osakestest. Maap\u00f5ueseaduse j\u00e4rgi jaotatakse liiv:\u00a0<b>tehnoloogiliseks liivaks<\/b>, mille kasutusala l\u00e4htub selle keemilisest koostisest,\u00a0<b>ehitusliivaks<\/b>\u00a0ja\u00a0<b>puiste- ning t\u00e4itematerjaliks<\/b>, mida kasutatakse l\u00f5imisest v\u00f5i nii l\u00f5imisest kui koostisest l\u00e4htuvalt. Kruus aga\u00a0<b>ehituskruusaks<\/b>\u00a0ja\u00a0<b>t\u00e4itematerjalina<\/b>\u00a0kasutatavaks kruusaks, mida kasutatakse l\u00f5imisest ja tugevuslikest omadustest l\u00e4htuvalt. Viimastel aastatel on hakatud liiva ammutama peale maismaa ka merest (Hiiumadala ja Naissaare maardlad). Meres kaevandamisel kandub heljum \u00fcldjuhul kuni 1 km kaugusele kaevandamispiirkonnast ja kaevandamiseelne olukord taastub 2-4 aasta jooksul.\n<\/p>\n<p>\n\t\u00a0\n<\/p>\n<p>\t<b>Tehnoloogiline liiv<\/b><\/p>\n<p>\n\tTehnoloogilist liiva kasutatakse klaasi- v\u00f5i vormiliivana. Klaasi- ja vormiliiva maardlad on seotud Eesti alusp\u00f5hjaga ja kuna kasuliku kihi moodustavad merelise tekkega n\u00f5rgalt tsementeerunud Kesk-Devoni liivakivid, siis paiknevadki maardlad L\u00f5una-Eestis. Tehnoloogilises liivas peab olema v\u00e4hemalt 95% kvartsi, mitte \u00fcle 0,6% Fe<sub>2<\/sub>O<sub>3<\/sub>\u00a0ja mitte \u00fcle 4% Al<sub>2<\/sub>O<sub>3<\/sub>. L\u00e4bipaistva klaasi saamiseks peab Fe<sub>2<\/sub>O<sub>3<\/sub>\u00a0lisand olema alla 0,1- 0,2%. Tehnoloogilise liiva maardlaid on arvele v\u00f5etud kokku neli: P\u00f5lvamaal Piusa maardla ja V\u00f5rumaal Imara-Tabina, Kaku ning Tuhkavitsa maardla. Piusa ja Imara-Tabina maardla karj\u00e4\u00e4rides paljanduvad valged, n\u00f5rgalt tsementeerunud Kesk-Devoni Gauja lademe liivakivid, mida kasutatakse klaasiliivana, Piusa liiva ka vormiliivana. Sellist liiva saab kasutada ka mujal t\u00f6\u00f6stuses, n\u00e4itesk vormiliivana: tulekindlate valuvormide p\u00f5hikomponendina metallurgias. Kaku maardla tehnoloogilist liiva tarvitatakse selle \u00fcsna kehva kvaliteedi t\u00f5ttu vaid m\u00f6rdiliivana ehitussegudes. Tuhkavitsa maardla liiva aga ei kaevandata, sest seal lamab maavaraks sobiv lasund paksu kattekihi all.\n<\/p>\n<p>\n\tKlaasiliivana on katsetatud Tallinna \u00fcmbruses ka Alam-Kambriumi Tiskre kihistu liivakivi, kuid selle eba\u00fchtlane savi- ja p\u00fcriidisisaldus ei v\u00f5imalda sobivaid erimeid t\u00f6\u00f6stuslikus koguses kaevandada. Klaasiliiva kvaliteeti on v\u00f5imalik m\u00f5nev\u00f5rra parandada ka selle l\u00e4bipesemise teel, eemaldades niiviisi sellest saviosakesed ja kahjulikke lisandeid sisaldavad rasked mineraalid.\n<\/p>\n<p>\n\t\u00a0\n<\/p>\n<p>\t<b>Ehitusliiv ja kruus<\/b><\/p>\n<p>\n\tKruusa ja liiva kasutatakse paljudes valdkondades ja s\u00f5ltuvalt sellest on neile esitatud mitmesuguseid standardn\u00f5udeid. Ehitusliivaks loetakse sellist liiva, mille peensusmoodul on 1,3 v\u00f5i rohkem, savi- ja tolmusisaldus ei tohi olla \u00fcle 10% ning osakesi l\u00e4bim\u00f5\u00f5duga \u00fcle 5 mm peab olema alla 35%. Liivast materjali, mis ei vasta eespool esitatud n\u00f5uetele, kuid mida soovitakse kaevandada, nimetatakse t\u00e4itepinnaseks ehk t\u00e4itematerjaliks (t\u00e4iteliivaks). Peamine liiva tarbimine on ehitustegevuses \u2013 m\u00f6rtide valmistamiseks, betooni, raudbetooni ja asfaltbetooni t\u00e4iteks, silikaattoodete valmistamiseks, puiste- ja t\u00e4itematerjalina teedeehituses, lisandina tsemendi-, keraamika- ja klaasit\u00f6\u00f6stuses jne. Kvaliteedi parandamiseks kasutatakse mitmeid rikastamisviise: s\u00f5elumist, j\u00e4meda fraktsiooni purustamist ja pesemist.\n<\/p>\n<p>\n\tMaap\u00f5ueseaduse j\u00e4rgi jaotatakse kruus ehituskruusaks ja t\u00e4itematerjalina kasutatavaks kruusaks (t\u00e4itekruusaks), mille juures l\u00e4htutakse l\u00f5imisest ja tugevuslikest omadustest. T\u00e4itekruusaks loetakse kruusast materjali, mis ei vasta eespool esitatud n\u00f5uetele, kuid mida on majanduslikult otstarbekas kaevandada. Kruusa kasutusalad on m\u00f5nev\u00f5rra piiratumad kui liival \u2013 betoonit\u00e4iteks, teedeehituses, raudtee ballastkihindiks jt. Eespool esitatud n\u00f5uetele vastavat looduslikku kruusa esineb harva. Kvaliteedi parandamiseks kasutatakse mitmeid kruusa rikastamisviise nagu liivagi korral: s\u00f5elumist, j\u00e4meda fraktsiooni purustamist ja pesemist, mis omakorda muudavad maavara saamise kulukamaks.\n<\/p>\n<p>\n\t\u00dcleriigilise t\u00e4htsusega ehituskruusa maardlaid ei ole, k\u00fcll on aga rohkesti kohaliku t\u00e4htsusega maardlaid.\n<\/p>\n<p>\n\t<img loading=\"lazy\" decoding=\"async\" width=\"520\" height=\"390\" class=\"alignnone wp-image-83\" src=\"https:\/\/sisu.ut.ee\/wp-content\/uploads\/sites\/433\/kukemetsa_p.jpg\" title=\"kukemetsa_p.jpg\" alt=\"kukemetsa\" srcset=\"https:\/\/sisu.ut.ee\/wp-content\/uploads\/sites\/433\/kukemetsa_p.jpg 520w, https:\/\/sisu.ut.ee\/wp-content\/uploads\/sites\/433\/kukemetsa_p-300x225.jpg 300w\" sizes=\"auto, (max-width: 520px) 100vw, 520px\">\n<\/p>\n<p>\n\t<b>Kukemetsa karj\u00e4\u00e4ris paljandub liiv (Maris Rattase foto)<\/b>\n<\/p>\n<p>\n\t\u00a0\n<\/p>\n<p>\n\t<img loading=\"lazy\" decoding=\"async\" width=\"520\" height=\"390\" class=\"alignnone wp-image-84\" src=\"https:\/\/sisu.ut.ee\/wp-content\/uploads\/sites\/433\/lasila_p.jpg\" title=\"lasila_p.jpg\" alt=\"lasila_p\" srcset=\"https:\/\/sisu.ut.ee\/wp-content\/uploads\/sites\/433\/lasila_p.jpg 520w, https:\/\/sisu.ut.ee\/wp-content\/uploads\/sites\/433\/lasila_p-300x225.jpg 300w\" sizes=\"auto, (max-width: 520px) 100vw, 520px\">\n<\/p>\n<p>\n\t<b>Lasila karj\u00e4\u00e4ris paljandub enamasti liiv kruusa ja veeriste vahekihtidega<\/b>\n<\/p>\n<p>\n\t\u00a0\n<\/p>\n<p>\n\t<img loading=\"lazy\" decoding=\"async\" width=\"520\" height=\"390\" class=\"alignnone wp-image-85\" src=\"https:\/\/sisu.ut.ee\/wp-content\/uploads\/sites\/433\/liiv1_p.jpg\" title=\"liiv1_p.jpg\" alt=\"liiv1\" srcset=\"https:\/\/sisu.ut.ee\/wp-content\/uploads\/sites\/433\/liiv1_p.jpg 520w, https:\/\/sisu.ut.ee\/wp-content\/uploads\/sites\/433\/liiv1_p-300x225.jpg 300w\" sizes=\"auto, (max-width: 520px) 100vw, 520px\">\n<\/p>\n<p>\n\t<b>Liiva kihid vahelduvad kruusa, veeriste ja munakatega<\/b>\n<\/p>\n<p>\n\t\u00a0\n<\/p>\n<p>\n\t<img loading=\"lazy\" decoding=\"async\" width=\"390\" height=\"520\" class=\"alignnone wp-image-86\" src=\"https:\/\/sisu.ut.ee\/wp-content\/uploads\/sites\/433\/piusa_koobas_p.jpg\" title=\"piusa_koobas_p.jpg\" alt=\"piusa_koobas\" srcset=\"https:\/\/sisu.ut.ee\/wp-content\/uploads\/sites\/433\/piusa_koobas_p.jpg 390w, https:\/\/sisu.ut.ee\/wp-content\/uploads\/sites\/433\/piusa_koobas_p-225x300.jpg 225w\" sizes=\"auto, (max-width: 390px) 100vw, 390px\">\n<\/p>\n<p>\n\t<b>Piusa klaasiliiva tootmist alustati allmaakaevandustes<\/b>\n<\/p>\n<p>\n\t\u00a0\n<\/p>\n<p>\n\t<img loading=\"lazy\" decoding=\"async\" width=\"520\" height=\"390\" class=\"alignnone wp-image-87\" src=\"https:\/\/sisu.ut.ee\/wp-content\/uploads\/sites\/433\/piusa_k_p.jpg\" title=\"piusa_k_p.jpg\" alt=\"piusaK\" srcset=\"https:\/\/sisu.ut.ee\/wp-content\/uploads\/sites\/433\/piusa_k_p.jpg 520w, https:\/\/sisu.ut.ee\/wp-content\/uploads\/sites\/433\/piusa_k_p-300x225.jpg 300w\" sizes=\"auto, (max-width: 520px) 100vw, 520px\">\n<\/p>\n<p>\n\t<b>Piusa liivakarj\u00e4\u00e4r<\/b>\n<\/p>\n<p>\n\t\u00dcleriigilise t\u00e4htsusega ehituskruusa maardlaid ei ole, k\u00fcll on aga rohkesti kohaliku t\u00e4htsusega maardlaid.\n<\/p>\n<p>\n\t\u00a0\n<\/p>\n<p>\t<u><b>Kruusa ja liiva karj\u00e4\u00e4rid L\u00f5una-Eestis (Maris Rattase fotod)<\/b><\/u><\/p>\n<p>\t\u00a0<\/p>\n<p>\t\u00a0<\/p>\n<p>\n\t<img loading=\"lazy\" decoding=\"async\" width=\"520\" height=\"390\" class=\"alignnone wp-image-88\" src=\"https:\/\/sisu.ut.ee\/wp-content\/uploads\/sites\/433\/nogopalu_p.jpg\" title=\"nogopalu_p.jpg\" alt=\"nogopalu\" srcset=\"https:\/\/sisu.ut.ee\/wp-content\/uploads\/sites\/433\/nogopalu_p.jpg 520w, https:\/\/sisu.ut.ee\/wp-content\/uploads\/sites\/433\/nogopalu_p-300x225.jpg 300w\" sizes=\"auto, (max-width: 520px) 100vw, 520px\">\n<\/p>\n<p>\n\t<b>Nogopalu karj\u00e4\u00e4r<\/b>\n<\/p>\n<p>\n\t\u00a0\n<\/p>\n<p>\n\t<img loading=\"lazy\" decoding=\"async\" width=\"520\" height=\"390\" class=\"alignnone wp-image-89\" src=\"https:\/\/sisu.ut.ee\/wp-content\/uploads\/sites\/433\/kryydneri_p.jpg\" title=\"kryydneri_p.jpg\" alt=\"kryydeni\" srcset=\"https:\/\/sisu.ut.ee\/wp-content\/uploads\/sites\/433\/kryydneri_p.jpg 520w, https:\/\/sisu.ut.ee\/wp-content\/uploads\/sites\/433\/kryydneri_p-300x225.jpg 300w\" sizes=\"auto, (max-width: 520px) 100vw, 520px\">\n<\/p>\n<p>\n\t<b>Kr\u00fc\u00fcdneri karj\u00e4\u00e4r<\/b>\n<\/p>\n<p>\n\t\u00a0\n<\/p>\n<p>\n\t<img loading=\"lazy\" decoding=\"async\" width=\"520\" height=\"390\" class=\"alignnone wp-image-90\" src=\"https:\/\/sisu.ut.ee\/wp-content\/uploads\/sites\/433\/laguja_p.jpg\" title=\"laguja_p.jpg\" alt=\"laguja\" srcset=\"https:\/\/sisu.ut.ee\/wp-content\/uploads\/sites\/433\/laguja_p.jpg 520w, https:\/\/sisu.ut.ee\/wp-content\/uploads\/sites\/433\/laguja_p-300x225.jpg 300w\" sizes=\"auto, (max-width: 520px) 100vw, 520px\">\n<\/p>\n<p>\n\t<b>Laguja karj\u00e4\u00e4r<\/b>\n<\/p>\n<p>\n\t\u00a0\n<\/p>\n<p>\n\t<img loading=\"lazy\" decoding=\"async\" width=\"520\" height=\"390\" class=\"alignnone wp-image-91\" src=\"https:\/\/sisu.ut.ee\/wp-content\/uploads\/sites\/433\/polgaste_p.jpg\" title=\"polgaste_p.jpg\" alt=\"polgaste\" srcset=\"https:\/\/sisu.ut.ee\/wp-content\/uploads\/sites\/433\/polgaste_p.jpg 520w, https:\/\/sisu.ut.ee\/wp-content\/uploads\/sites\/433\/polgaste_p-300x225.jpg 300w\" sizes=\"auto, (max-width: 520px) 100vw, 520px\">\n<\/p>\n<p>\n\t<b>P\u00f5lgaste karj\u00e4\u00e4r<\/b>\n<\/p>\n<p>\n\t\u00a0\n<\/p>\n<p>\n\t\u00a0\n<\/p>\n<p>\t<u><b>Kruusa ja liiva karj\u00e4\u00e4rid P\u00f5hja- ja Kesk-Eestis (Maris Rattase fotod)<\/b><\/u><\/p>\n<p>\t\u00a0<\/p>\n<p>\t\u00a0<\/p>\n<p>\t\u00a0<\/p>\n<p>\n\t<img loading=\"lazy\" decoding=\"async\" width=\"520\" height=\"390\" class=\"alignnone wp-image-92\" src=\"https:\/\/sisu.ut.ee\/wp-content\/uploads\/sites\/433\/kiiu_p.jpg\" title=\"kiiu_p.jpg\" alt=\"kiiu\" srcset=\"https:\/\/sisu.ut.ee\/wp-content\/uploads\/sites\/433\/kiiu_p.jpg 520w, https:\/\/sisu.ut.ee\/wp-content\/uploads\/sites\/433\/kiiu_p-300x225.jpg 300w\" sizes=\"auto, (max-width: 520px) 100vw, 520px\">\n<\/p>\n<p>\n\t<b>Kiiu karj\u00e4\u00e4r<\/b>\n<\/p>\n<p>\n\t\u00a0\n<\/p>\n<p>\n\t<img loading=\"lazy\" decoding=\"async\" width=\"520\" height=\"390\" class=\"alignnone wp-image-93\" src=\"https:\/\/sisu.ut.ee\/wp-content\/uploads\/sites\/433\/kuusalu_p.jpg\" title=\"kuusalu_p.jpg\" alt=\"kuusalu\" srcset=\"https:\/\/sisu.ut.ee\/wp-content\/uploads\/sites\/433\/kuusalu_p.jpg 520w, https:\/\/sisu.ut.ee\/wp-content\/uploads\/sites\/433\/kuusalu_p-300x225.jpg 300w\" sizes=\"auto, (max-width: 520px) 100vw, 520px\">\n<\/p>\n<p>\n\t<b>Kuusalu karj\u00e4\u00e4r<\/b>\n<\/p>\n<p>\n\t\u00a0\n<\/p>\n<p>\n\tLiiva ja kruusa varusid esialgu j\u00e4tkub, kuid pidevalt tuleb avada ka uusi leiukohti ja vanu rekultiveerida.\n<\/p>\n<p>\n\t<img loading=\"lazy\" decoding=\"async\" width=\"520\" height=\"230\" class=\"alignnone wp-image-94\" src=\"https:\/\/sisu.ut.ee\/wp-content\/uploads\/sites\/433\/selgise_p.jpg\" title=\"selgise_p.jpg\" alt=\"selgise\" srcset=\"https:\/\/sisu.ut.ee\/wp-content\/uploads\/sites\/433\/selgise_p.jpg 520w, https:\/\/sisu.ut.ee\/wp-content\/uploads\/sites\/433\/selgise_p-300x133.jpg 300w\" sizes=\"auto, (max-width: 520px) 100vw, 520px\">\n<\/p>\n<p>\n\t<b>Rekultiveeritud Selgise karj\u00e4\u00e4r (Maris Rattase foto)<\/b>\n<\/p>\n<p>\n\t2009. aastal kaevandati 2 555 600 m<sup>3<\/sup>\u00a0ehitusliiva, 16 700 m<sup>3<\/sup>\u00a0tehnoloogilist ja keraamikaliiva, 628 200 m<sup>3<\/sup>\u00a0t\u00e4iteliiva ning 1 886 300 m<sup>3<\/sup>\u00a0ehituskruusa ja 20 700 m<sup>3<\/sup>\u00a0t\u00e4itekruusa (<a href=\"http:\/\/geoportaal.maaamet.ee\/est\/Andmed-ja-kaardid\/Geoloogilised-andmed\/Maardlad-p83.html\">Maa-amet<\/a>).<\/p>\n","protected":false},"excerpt":{"rendered":"<p>Liiv ja kruus on laialt kasutatavad maavarad ja neid on Eestis peaaegu k\u00f5ikjal. Nende klassifitseerimise aluseks on terasuuruse jaotus (l\u00f5imis): 0,05-5 mm \u2013 liiv, 5-70 mm \u2013 kruus, veerised, &gt;70 mm \u2013 munakad ja rahnud. Maap\u00f5ue seaduse j\u00e4rgi kujutavad liiv &#8230;<\/p>\n","protected":false},"author":226,"featured_media":0,"parent":0,"menu_order":0,"comment_status":"closed","ping_status":"closed","template":"","meta":{"_acf_changed":false,"inline_featured_image":false,"footnotes":""},"class_list":["post-15","page","type-page","status-publish","hentry"],"acf":[],"_links":{"self":[{"href":"https:\/\/sisu.ut.ee\/maavarad\/wp-json\/wp\/v2\/pages\/15","targetHints":{"allow":["GET"]}}],"collection":[{"href":"https:\/\/sisu.ut.ee\/maavarad\/wp-json\/wp\/v2\/pages"}],"about":[{"href":"https:\/\/sisu.ut.ee\/maavarad\/wp-json\/wp\/v2\/types\/page"}],"author":[{"embeddable":true,"href":"https:\/\/sisu.ut.ee\/maavarad\/wp-json\/wp\/v2\/users\/226"}],"replies":[{"embeddable":true,"href":"https:\/\/sisu.ut.ee\/maavarad\/wp-json\/wp\/v2\/comments?post=15"}],"version-history":[{"count":1,"href":"https:\/\/sisu.ut.ee\/maavarad\/wp-json\/wp\/v2\/pages\/15\/revisions"}],"predecessor-version":[{"id":157,"href":"https:\/\/sisu.ut.ee\/maavarad\/wp-json\/wp\/v2\/pages\/15\/revisions\/157"}],"wp:attachment":[{"href":"https:\/\/sisu.ut.ee\/maavarad\/wp-json\/wp\/v2\/media?parent=15"}],"curies":[{"name":"wp","href":"https:\/\/api.w.org\/{rel}","templated":true}]}}