{"id":97,"date":"2024-04-04T00:29:06","date_gmt":"2024-04-03T21:29:06","guid":{"rendered":"https:\/\/sisu.ut.ee\/loodusfestival\/filmiprogramm\/"},"modified":"2024-04-04T00:36:14","modified_gmt":"2024-04-03T21:36:14","slug":"filmiprogramm","status":"publish","type":"page","link":"https:\/\/sisu.ut.ee\/loodusfestival\/filmiprogramm\/","title":{"rendered":"Filmiprogramm"},"content":{"rendered":"<p><span style=\"font-size: medium\"><img loading=\"lazy\" decoding=\"async\" src=\"\/wp-content\/uploads\/sites\/123\/filmiprogramm_966x180.jpg\" width=\"966\" height=\"180\"><\/span><\/p>\n<p><span style=\"font-size: medium\">Loodusfestivalil vaatame filme, mis jutustavad inimese ja looduse seostest ja vastuoludest. Igale filmile j\u00e4rgneb spetsialisti kommentaar ja l\u00fchike m\u00f5ttevahetus publikuga.<\/span><\/p>\n<p><span style=\"font-size: medium\">K\u00f5ik filmi\u00f5htud toimuvad Tartu loodusmajas (Lille 10) ja on tasuta.<\/span><\/p>\n<p><span style=\"font-size: medium\">Enamike filmide pealkirjale kl\u00f5psates on v\u00f5imalik vaadata treilerit.<\/span><\/p>\n<p><span style=\"font-size: medium\"><img loading=\"lazy\" decoding=\"async\" src=\"\/wp-content\/uploads\/sites\/123\/filmi_kolmap_0.png\" width=\"1200\" height=\"216\"><\/span><\/p>\n<ul>\n<li><span style=\"font-size: medium\"><strong>18.00<a href=\"https:\/\/www.youtube.com\/watch?v=zUv4BlDSUdY\" target=\"_blank\" rel=\"noopener\">\u00a0<\/a><\/strong><a href=\"https:\/\/www.youtube.com\/watch?v=zUv4BlDSUdY\" target=\"_blank\" rel=\"noopener\">\u201cNoorderplantsoen\u201d<\/a> (Holland, 32 min)<\/span><\/li>\n<\/ul>\n<p><span style=\"font-size: medium\">Noorderplantsoen on linnapark, mis on koduks ka paljudele loomadele. Enamasti inimesed ei saa arugi, kuidas loodus nende naabruses v\u00f5imust v\u00f5tab. Loomad kohastuvad linnalooduses samuti kui \u00fcksk\u00f5ik kus mujal. Nii ka taidad, laugud ja muud linnud-loomad elavad t\u00e4isverelist elu keset seda suurt linnaparki. Re\u017eiss\u00f6\u00f6r Hilco Jansma.<\/span><\/p>\n<p><span style=\"font-size: medium\"><span>Film on hollandi keeles,\u00a0<\/span><span>subtiitrid inglise keeles, s\u00fcnkroont\u00f5lge eesti keeles.<\/span><\/span><\/p>\n<p><span id=\"docs-internal-guid-bdd0023a-8878-0211-5743-966894146a2b\" style=\"font-size: medium\"><span id=\"docs-internal-guid-bdd0023a-8878-0211-5743-966894146a2b\">P\u00e4rast filmi aruteluring Aire Orulaga.<\/span><\/span><\/p>\n<ul>\n<li><span style=\"font-size: medium\"><strong>19.00<a href=\"https:\/\/www.youtube.com\/watch?v=A1S9DrRSDnA\" target=\"_blank\" rel=\"noopener\">\u00a0<\/a><\/strong><a href=\"https:\/\/www.youtube.com\/watch?v=A1S9DrRSDnA\" target=\"_blank\" rel=\"noopener\">\u201cPariis \u2013 maailma ilusaim linn\u201d<\/a> (Prantsusmaa, 90 min)<\/span><\/li>\n<\/ul>\n<p><span style=\"font-size: medium\">Maailmakuulus armunute pealinn Pariis seostub meile eesk\u00e4tt ihaldatud reisisihtkohana. Selles \u00fcllatavas ja ohtralt silmailu pakkuvas filmis n\u00e4eme aga Pariisi v\u00e4hetuntud metsikumat poolt. Tuleb v\u00e4lja, et nii nagu linn on 2000 aasta jooksul ligi meelitanud inimesi, t\u00f5mbab see magnetina kohale ka k\u00f5ikv\u00f5imalikke linde, loomi ja putukaid. \u00d6istel s\u00fcdalinnat\u00e4navatel v\u00f5ib kohata hunte, rebaseid ja siile, kuulsate ajalooliste hoonete vahel varitsevad saaki pistrikud, rohelusest lokkavatel kalmistutel elavad haruldased liblikad, pargitiikidel toimetavad haned, pardid, haigrud ja konnad ning Seine\u2019is askeldavad ondatrad ja s\u00e4gad. Pariisi lille\u00f5itemerd tolmeldavad aga linnamesiniku hoole all olevad mesilased, kelle tarusid v\u00f5ib leida n\u00e4iteks Jumalaema kiriku katuselt. Re\u017eiss\u00f6\u00f6r Frederic Fougea.<\/span><\/p>\n<p><span style=\"font-size: medium\"><span>Film on hollandi keeles,\u00a0<\/span><span>subtiitrid inglise keeles, s\u00fcnkroont\u00f5lge eesti keeles.<\/span><\/span><\/p>\n<p><span id=\"docs-internal-guid-bdd0023a-8878-0211-5743-966894146a2b\" style=\"font-size: medium\"><span id=\"docs-internal-guid-bdd0023a-8878-0211-5743-966894146a2b\">P\u00e4rast filmi aruteluring Aire Orulaga.<\/span><\/span><\/p>\n<p><span style=\"font-size: medium\"><img loading=\"lazy\" decoding=\"async\" src=\"\/wp-content\/uploads\/sites\/123\/filmi_neljap.png\" width=\"1200\" height=\"215\"><\/span><\/p>\n<ul>\n<li><span style=\"font-size: medium\"><strong>18.00 <\/strong><a href=\"https:\/\/www.youtube.com\/watch?v=2A3Z_Uk7wms\" target=\"_blank\" rel=\"noopener\">\u201cP\u00f5letav k\u00fcsimus\u201d <\/a>(Saksamaa-Itaalia-Rumeenia-Venemaa, 50 min)<\/span><\/li>\n<\/ul>\n<p><span style=\"font-size: medium\">M\u00f5tlemapanev k\u00e4sitlus biok\u00fctuse tootmise loodust h\u00e4vitavast poolest. Euroopa Liit tahab keskkonnas\u00e4\u00e4stlikkuse sildi all energeetikas aina suurendada biok\u00fctuse \u2013 n\u00e4iteks teraviljast toodetud etanooli, biogaasi ja puidu \u2013 kasutamise osakaalu, ent ei p\u00f6\u00f6rata t\u00e4helepanu sellele, kuidas v\u00f5ib s\u00e4\u00e4rane poliitika loodust kahjustada. Paljudes riikides on juba n\u00e4ha selle poliitika \u00f5\u00f5vastavad tagaj\u00e4rjed.\u00a0Re\u017eiss\u00f6\u00f6r Luca Bonaccorsi.<\/span><\/p>\n<p><span style=\"font-size: medium\"><span>Film on inglise keeles,\u00a0<\/span><span>s\u00fcnkroont\u00f5lge eesti keeles.<\/span><\/span><\/p>\n<p><span id=\"docs-internal-guid-ec06776f-8878-5fdd-409a-7c68f36b89d3\" style=\"font-size: medium\">Filmile j\u00e4rgneb arutelu Ilmar Pardiga. <\/span><\/p>\n<ul>\n<li><span style=\"font-size: medium\"><strong>19.15\u00a0<\/strong><a href=\"https:\/\/vimeo.com\/176592376\" target=\"_blank\" rel=\"noopener\">\u201cN\u00e4htamatu piir\u201d <\/a>(Belgia-Argentiina, 28 min)<\/span><\/li>\n<\/ul>\n<p><span style=\"font-size: medium\">See on lugu kogukondadest, kes on haaratud \u00fchte maailma pikimasse s\u00f5tta, kus suured maaomanikud jooksevad palmi\u00f5li peale tormi eesm\u00e4rgiga toota sellest \u201crohelist\u201d k\u00fctust ning rajades \u00f5lipalmi istandusi p\u00f5lisrahvaste maadele ja paljude liikide traditsiooniliste looduslike elupaikade asemele. Film annab h\u00e4\u00e4le kohalikele kogukondadele, kes v\u00f5itlevad oma maade tagasisaamise eest ning paljastab p\u00f5hilisi Euroopa ja Kolumbia biok\u00fctuse poliitika l\u00f5kse. Re\u017eiss\u00f6\u00f6rid Nicolas Richat ja Nico Muzi.<\/span><\/p>\n<p><span style=\"font-size: medium\"><span>Film on hispaania keeles,\u00a0<\/span><span>subtiitrid inglise keeles, s\u00fcnkroont\u00f5lge eesti keeles.<\/span><\/span><\/p>\n<p><span id=\"docs-internal-guid-ec06776f-8878-5fdd-409a-7c68f36b89d3\" style=\"font-size: medium\">Filmile j\u00e4rgneb arutelu Ilmar Pardiga. <\/span><\/p>\n<ul>\n<li><span style=\"font-size: medium\"><strong>20.00<\/strong> \u201cS\u00fc\u00fcdi, mina?\u201d (Norra, 30 min)<\/span><\/li>\n<\/ul>\n<p><span style=\"font-size: medium\">Sigbj\u00f8rn (24) on oma keskkonnakaitsjate perekonnast, kes teda pidevalt kritiseerib liigse tarbimise p\u00e4rast, t\u00fcdinud. Niisiis otsustab ta uurida, kas on v\u00f5imalik t\u00e4iesti j\u00e4tkusuutlikult elada ja kas see tegelikult ka aitab.\u00a0Re\u017eiss\u00f6\u00f6r Sigbj\u00f8rn Holte.<\/span><\/p>\n<p><span style=\"font-size: medium\"><span>Film on norra keeles,\u00a0<\/span><span>subtiitrid inglise keeles, s\u00fcnkroont\u00f5lge eesti keeles.<\/span><\/span><\/p>\n<p><span id=\"docs-internal-guid-ec06776f-8878-5fdd-409a-7c68f36b89d3\" style=\"font-size: medium\">Filmile j\u00e4rgneb arutelu Ilmar Pardiga. <\/span><\/p>\n<p><span style=\"font-size: medium\"><img loading=\"lazy\" decoding=\"async\" src=\"\/wp-content\/uploads\/sites\/123\/filmi_reede.png\" width=\"1200\" height=\"216\"><\/span><\/p>\n<ul>\n<li><span style=\"font-size: medium\"><strong>18.00\u00a0<\/strong><a href=\"https:\/\/vimeo.com\/ondemand\/atoadstory\/209186642\" target=\"_blank\" rel=\"noopener\">\u201cK\u00e4rnkonnalugu\u201d <\/a>(Norra, 50 min)<\/span><\/li>\n<\/ul>\n<p><span style=\"font-size: medium\">Matsalu loodusfilmide festivali 2017 peapreemia!<\/span><\/p>\n<p><span style=\"font-size: medium\">Tragikoomiliste sugemetega lugu sellest, mis juhtub siis kui l\u00e4bi Austefjordis asuva Skandinaavia suurima konnaparadiisi ehitatakse uus maantee. Suur s\u00f5idutee l\u00f5ikab l\u00e4bi k\u00e4rnkonnade r\u00e4nnutee kudeveekogusse ning kahepaikseid ootab tee \u00fcletamisel autorataste hukutav kadalipp. Ehitatakse tunneleid, kuid konnad ei taha neid kalleid rajatisi miskip\u00e4rast kasutama hakata. Konnadest saavad meediastaari. Re\u017eiss\u00f6\u00f6r Are Pilskog.<\/span><\/p>\n<p><span style=\"font-size: medium\"><span>Film on norra keeles,\u00a0<\/span><span>subtiitrid inglise keeles, s\u00fcnkroont\u00f5lge eesti keeles.<\/span><\/span><\/p>\n<p><span id=\"docs-internal-guid-b4ac5d90-8878-b579-7264-fc1ed0ba88ef\" style=\"font-size: medium\">Aruteluringis r\u00e4\u00e4gib Kristiina K\u00fcbarsepp Eestimaa Looduse Fondist. <\/span><\/p>\n<ul>\n<li><span style=\"font-size: medium\"><strong>19.15\u00a0<\/strong><a href=\"https:\/\/vimeo.com\/169501200\" target=\"_blank\" rel=\"noopener\">\u201cLoodus mu s\u00fcdames\u201d <\/a>(Soome, 57 min)<\/span><\/li>\n<\/ul>\n<p><span style=\"font-size: medium\">Film kirglikust loodusearmastusest. Reis viib ekstsentrilised loodusefriigid tagasi nende juurte juurde Soome s\u00fcgavates kolgastes. Kuigi loodus ei kuulu enam meie igap\u00e4eva-eluringi, on see muutunud \u00fcksikisiku vabaduse allikaks, meie vallatu kujutlusv\u00f5ime m\u00e4nguv\u00e4ljaks.\u00a0Re\u017eiss\u00f6\u00f6r Jaakko Ruuska.<\/span><\/p>\n<p><span style=\"font-size: medium\"><span>Film on soome keeles,\u00a0<\/span><span>subtiitrid inglise keeles, s\u00fcnkroont\u00f5lge eesti keeles.<\/span><\/span><\/p>\n<p><span id=\"docs-internal-guid-b4ac5d90-8878-b579-7264-fc1ed0ba88ef\" style=\"font-size: medium\">Aruteluringis r\u00e4\u00e4gib Kristiina K\u00fcbarsepp Eestimaa Looduse Fondist. <\/span><\/p>\n<ul>\n<li><span style=\"font-size: medium\"><strong>20.30\u00a0<\/strong><a href=\"https:\/\/vimeo.com\/165073335\" target=\"_blank\" rel=\"noopener\">\u201cHinge portreed\u201d <\/a>(Brasiilia, 20 min)<\/span><\/li>\n<\/ul>\n<p><span style=\"font-size: medium\">Dokumentaalfilm r\u00e4\u00e4gib lugusid inimestest, kel on tihedad suhted keskkonnaga ja kutsub meid m\u00f5tisklema inimloomuse \u00fcle.\u00a0Re\u017eiss\u00f6\u00f6r Leo Bello.<\/span><\/p>\n<p><span style=\"font-size: medium\"><span>Film on hispaania keeles,\u00a0<\/span><span>subtiitrid inglise keeles, s\u00fcnkroont\u00f5lge eesti keeles.<\/span><\/span><\/p>\n<p><span id=\"docs-internal-guid-b4ac5d90-8878-b579-7264-fc1ed0ba88ef\" style=\"font-size: medium\">Aruteluringis r\u00e4\u00e4gib Kristiina K\u00fcbarsepp Eestimaa Looduse Fondist. <\/span><span style=\"font-size: medium\"><br><\/span><\/p>\n<p><span style=\"font-size: medium\">\u00a0<\/span><\/p>\n<p><span style=\"font-size: medium\">Filmide n\u00e4itamist toetab Keskkonnainvesteeringute Keskus.<\/span><\/p>\n<p><span style=\"font-size: medium\">\u00a0<img loading=\"lazy\" decoding=\"async\" src=\"\/wp-content\/uploads\/sites\/123\/kik_est_logo_2.png\" width=\"166\" height=\"194\"><\/span><\/p>\n","protected":false},"excerpt":{"rendered":"<p>Loodusfestivalil vaatame filme, mis jutustavad inimese ja looduse seostest ja vastuoludest. Igale filmile j\u00e4rgneb spetsialisti kommentaar ja l\u00fchike m\u00f5ttevahetus publikuga. K\u00f5ik filmi\u00f5htud toimuvad Tartu loodusmajas (Lille 10) ja on tasuta. Enamike filmide pealkirjale kl\u00f5psates on v\u00f5imalik vaadata treilerit. 18.00\u00a0\u201cNoorderplantsoen\u201d (Holland, &#8230;<\/p>\n","protected":false},"author":54,"featured_media":0,"parent":0,"menu_order":0,"comment_status":"closed","ping_status":"closed","template":"","meta":{"_acf_changed":false,"inline_featured_image":false,"footnotes":""},"class_list":["post-97","page","type-page","status-publish","hentry"],"acf":[],"_links":{"self":[{"href":"https:\/\/sisu.ut.ee\/loodusfestival\/wp-json\/wp\/v2\/pages\/97","targetHints":{"allow":["GET"]}}],"collection":[{"href":"https:\/\/sisu.ut.ee\/loodusfestival\/wp-json\/wp\/v2\/pages"}],"about":[{"href":"https:\/\/sisu.ut.ee\/loodusfestival\/wp-json\/wp\/v2\/types\/page"}],"author":[{"embeddable":true,"href":"https:\/\/sisu.ut.ee\/loodusfestival\/wp-json\/wp\/v2\/users\/54"}],"replies":[{"embeddable":true,"href":"https:\/\/sisu.ut.ee\/loodusfestival\/wp-json\/wp\/v2\/comments?post=97"}],"version-history":[{"count":1,"href":"https:\/\/sisu.ut.ee\/loodusfestival\/wp-json\/wp\/v2\/pages\/97\/revisions"}],"predecessor-version":[{"id":609,"href":"https:\/\/sisu.ut.ee\/loodusfestival\/wp-json\/wp\/v2\/pages\/97\/revisions\/609"}],"wp:attachment":[{"href":"https:\/\/sisu.ut.ee\/loodusfestival\/wp-json\/wp\/v2\/media?parent=97"}],"curies":[{"name":"wp","href":"https:\/\/api.w.org\/{rel}","templated":true}]}}