{"id":94,"date":"2024-04-04T00:29:06","date_gmt":"2024-04-03T21:29:06","guid":{"rendered":"https:\/\/sisu.ut.ee\/loodusfestival\/linnujamm-2022\/"},"modified":"2024-04-04T00:36:14","modified_gmt":"2024-04-03T21:36:14","slug":"linnujamm-2022","status":"publish","type":"page","link":"https:\/\/sisu.ut.ee\/loodusfestival\/linnujamm-2022\/","title":{"rendered":"Linnuj\u00e4mm 2022"},"content":{"rendered":"<p>\n\t<img loading=\"lazy\" decoding=\"async\" alt=\"Linnuj\u00e4mm 2021\" data-file_info=\"%7B%22fid%22:%2259408%22,%22view_mode%22:%22default%22,%22type%22:%22media%22%7D\" height=\"530\" src=\"https:\/\/sisu.ut.ee\/wp-content\/uploads\/sites\/123\/linnujamm_universaal.jpeg\" title=\"\" width=\"1087\">\n<\/p>\n<p>\n\t<b>Loodusfestival kutsub Linnuj\u00e4mmile \u2013 reedel, 10. juunil kell 18 saavad Tartus Lodjakojas kokku linnud, helikunstnikud ja s\u00f5nasepad, et avada pidulikult kaheksas Loodusfestival.<\/b>\n<\/p>\n<p>\n\tKolmandat korda toimuval Linnuj\u00e4mmil esitavad muusikud-heliloojad ning luuletajad lindudest inspiratsiooni saanud loomingut, olgu selleks linnulaulu t\u00f5lgendus s\u00f5nades v\u00f5i muusikas, linnuga seotud rahvap\u00e4rimusest saadud impulss v\u00f5i isiklik elamus.\n<\/p>\n<p>\n\tLinnuj\u00e4mm innustab t\u00e4helepanu p\u00f6\u00f6rama lindudele ja linnaloodusele. Ajalooliselt on looduse v\u00e4\u00e4rtustamine k\u00e4inud k\u00e4sik\u00e4es p\u00e4rimuskultuuriga \u2013 kirjanikud ja muusikud on lindudest, nende olekust ja eluviisist rohkelt inspiratsiooni ammutanud. Ka t\u00e4nap\u00e4eval on oluline sillata loodushoidu ja looduse mitmekesisuse v\u00e4\u00e4rtustamist kaasaegsete kunstivormide, stiilide ja loomepraktikatega.\n<\/p>\n<p>\n\tLinnuj\u00e4mmile tulevad kokku muusikud ja luuletajad, kes loovad Eestis elava linnuliigi laulust inspireerituna oma muusikalise n\u00e4gemuse v\u00f5i poeetilise s\u00f5nateose, mis t\u00f5lgendab v\u00f5i t\u00f5ukub m\u00f5nel muul viisil ette antud linnulaulu salvestusest. Sel aastal on t\u00f5lgendatavateks linnuliikideks valitud mustr\u00e4hn, k\u00fcnnivares, p\u00f6ialpoiss, piiritaja ja metskurvits.\n<\/p>\n<p>\n\tSellel aastal osalevad muusikud Silver Sepp, Tiina Tubli, Maria Paiste, Kirill Havanski, Gregor Kulla, Katariin Raska ja kirjanikud J\u00fcrgen Rooste, K\u00e4tlin Kaldma, Talvike M\u00e4ndla, Karl Martin Sinij\u00e4rv ja Nele Tiidelepp.\n<\/p>\n<p>\n\tHaara kaasa piknikutekk ja tule naudi \u00f5dusat \u00f5htut Tartus,\u00a0<strong>Lodjakoja paadikuuri vaba\u00f5husaalis 10. juunil kell 18<\/strong>. S\u00fcndmus on tasuta.\n<\/p>\n<p>\n\tLinnuj\u00e4mm on osa Loodusfestivali programmist. Loodusfestival toimub sel korral 10.\u201315. juunini. Selle aasta festival keskendub meid \u00fcmbritsevatele justkui m\u00e4rkamatutele naabritele, kes elavad inimese loodud keskkonnas: parkides, aedades, r\u00f5dudel, ka toas.\n<\/p>\n<p>\n\tLinnuj\u00e4mmi korraldab Tartu \u00dclikooli loodusmuuseum ja botaanikaaed koost\u00f6\u00f6s Kirjanike Liidu Tartu osakonnaga. Linnuj\u00e4mmi toetavad <a href=\"https:\/\/www.kulka.ee\/et\" rel=\"noreferrer noopener\" target=\"_blank\">Eesti Kultuurkapital<\/a> ja <a href=\"https:\/\/kik.ee\/et\" rel=\"noreferrer noopener\" target=\"_blank\">Keskkonnainvesteeringute Keskus<\/a>. Artistide ja pealtvaatajate turvalisust tagab <a href=\"https:\/\/vikingsecurity.ee\/\" rel=\"noreferrer noopener\" target=\"_blank\">Viking Security<\/a>.\n<\/p>\n<p>\n\t<b>Lisateave:<\/b><br>Loodusfestival<br>loodusfestival@ut.ee<br>www.loodusfestival.ee\n<\/p>\n<p>\n\t\u00a0\n<\/p>\n<p>\n\t<img loading=\"lazy\" decoding=\"async\" alt=\"Linnuj\u00e4mm\" data-file_info=\"%7B%22fid%22:%2262948%22,%22view_mode%22:%22default%22,%22type%22:%22media%22%7D\" height=\"819\" src=\"https:\/\/sisu.ut.ee\/wp-content\/uploads\/sites\/123\/img_6586.jpg\" title=\"\" width=\"1092\"><br><em>Foto: Silvia Luik<\/em><\/p>\n","protected":false},"excerpt":{"rendered":"<p>Loodusfestival kutsub Linnuj\u00e4mmile \u2013 reedel, 10. juunil kell 18 saavad Tartus Lodjakojas kokku linnud, helikunstnikud ja s\u00f5nasepad, et avada pidulikult kaheksas Loodusfestival. Kolmandat korda toimuval Linnuj\u00e4mmil esitavad muusikud-heliloojad ning luuletajad lindudest inspiratsiooni saanud loomingut, olgu selleks linnulaulu t\u00f5lgendus s\u00f5nades v\u00f5i &#8230;<\/p>\n","protected":false},"author":54,"featured_media":0,"parent":0,"menu_order":0,"comment_status":"closed","ping_status":"closed","template":"","meta":{"_acf_changed":false,"inline_featured_image":false,"footnotes":""},"class_list":["post-94","page","type-page","status-publish","hentry"],"acf":[],"_links":{"self":[{"href":"https:\/\/sisu.ut.ee\/loodusfestival\/wp-json\/wp\/v2\/pages\/94","targetHints":{"allow":["GET"]}}],"collection":[{"href":"https:\/\/sisu.ut.ee\/loodusfestival\/wp-json\/wp\/v2\/pages"}],"about":[{"href":"https:\/\/sisu.ut.ee\/loodusfestival\/wp-json\/wp\/v2\/types\/page"}],"author":[{"embeddable":true,"href":"https:\/\/sisu.ut.ee\/loodusfestival\/wp-json\/wp\/v2\/users\/54"}],"replies":[{"embeddable":true,"href":"https:\/\/sisu.ut.ee\/loodusfestival\/wp-json\/wp\/v2\/comments?post=94"}],"version-history":[{"count":1,"href":"https:\/\/sisu.ut.ee\/loodusfestival\/wp-json\/wp\/v2\/pages\/94\/revisions"}],"predecessor-version":[{"id":612,"href":"https:\/\/sisu.ut.ee\/loodusfestival\/wp-json\/wp\/v2\/pages\/94\/revisions\/612"}],"wp:attachment":[{"href":"https:\/\/sisu.ut.ee\/loodusfestival\/wp-json\/wp\/v2\/media?parent=94"}],"curies":[{"name":"wp","href":"https:\/\/api.w.org\/{rel}","templated":true}]}}