{"id":93,"date":"2024-04-04T00:29:06","date_gmt":"2024-04-03T21:29:06","guid":{"rendered":"https:\/\/sisu.ut.ee\/loodusfestival\/loodusvaatluste-maraton-2022\/"},"modified":"2024-04-04T00:36:14","modified_gmt":"2024-04-03T21:36:14","slug":"loodusvaatluste-maraton-2022","status":"publish","type":"page","link":"https:\/\/sisu.ut.ee\/loodusfestival\/loodusvaatluste-maraton-2022\/","title":{"rendered":"Loodusvaatluste maraton 2022"},"content":{"rendered":"<p>\n\t<img loading=\"lazy\" decoding=\"async\" alt=\"Loodusvaatluste maraton 2022\" data-file_info=\"%7B%22fid%22:%2268854%22,%22view_mode%22:%22default%22,%22type%22:%22media%22%7D\" height=\"424\" src=\"https:\/\/sisu.ut.ee\/wp-content\/uploads\/sites\/123\/1200x628_lep.png\" title=\"\" width=\"812\">\n<\/p>\n<p>\n\t<\/p><div class=\"accordion mb-3\">\n        <div class=\"accordion-item accordion-item--white\">\n        <h2 class=\"accordion-header\" id=\"accordion-69d9cf8873123-heading\">\n            <button class=\"accordion-button collapsed\" type=\"button\" data-bs-toggle=\"collapse\" data-bs-target=\"#accordion-69d9cf8873123-collapse\" aria-expanded=\"true\" aria-controls=\"accordion-69d9cf8873123-collapse\">LOODUSVAATLUSTE MARATON<\/button>\n        <\/h2>\n        <div id=\"accordion-69d9cf8873123-collapse\" class=\"accordion-collapse collapse\" aria-labelledby=\"accordion-69d9cf8873123-heading\">\n            <div class=\"accordion-body\">\n\n<p>\n\t<strong>Loodusfestival\u00a0kutsub loodusvaatluste maratoni aladest teada andma<\/strong>\n<\/p>\n<p>\n\t<strong>J\u00e4rjekorras viies loodusvaatluste maraton toimub sel aastal 11.\u201312. juunil \u00fcle Eesti. Vaatlusaladest saab teada anda 1. juunini.<\/strong>\n<\/p>\n<p>\n\tK\u00f5ik huvilised, kes osalevad loodusvaatluste maratonil, saavad v\u00f5imaluse \u00f5ppida\u00a0kodukoha loodust paremini tundma ning\u00a0anda oma panuse andmete kogumisse, mida saavad oma\u00a0t\u00f6\u00f6s \u00e4ra kasutada\u00a0loodusteadlased\u00a0ja -kaitsjad.\n<\/p>\n<p>\n\tLoodusvaatluste maratonil osalemiseks tuleb registreerida vaatlusala, mis\u00a0v\u00f5ib olla avalik, et k\u00f5ik huvilised saaksid osaleda, aga sobib ka eramaa, et pereringis loodust avastada. M\u00f5lemal juhul on oluline vaatlusalast korraldajatele teada anda, et tehtud vaatlused hiljem\u00a0<a href=\"https:\/\/elurikkus.ee\/\">eElurikkuse andmeportaali<\/a>\u00a0j\u00f5uaksid.\u00a0\u201eKodukoha v\u00f5i m\u00f5ne muu paiga registreerimine vaatlusalaks aitab l\u00e4hemalt tundma \u00f5ppida sealset elurikkust. Maratoni toimumise ajal on alati p\u00f5nev j\u00e4lgida, milliselt vaatlusalalt k\u00f5ige rohkem liike leitakse,\u201c\u00a0r\u00e4\u00e4kis maratoni eestvedaja, Tartu \u00dclikooli loodusmuuseumi ja botaanikaaia harrastusteaduse peaekspert Veljo Runnel.\n<\/p>\n<p>\n\tLoodusvaatluste maraton on viiendat aastat toimuv harrastusteaduse s\u00fcndmus, mis kasutab rahvusvaheliselt tuntud vaatlusformaati BioBlitz. BioBlitzi k\u00e4igus tuvastatakse kindlal alal kindla ajavahemiku jooksul (tavaliselt 24 tundi) nii palju eluslooduse liike, kui v\u00f5imalik. Seda tehakse teadlaste ja loodushuviliste koost\u00f6\u00f6s.\n<\/p>\n<p>\n\tLoodusvaatluste maratoni\u00a0peakorraldajad on Tartu \u00dclikooli\u00a0loodusmuuseum ja botaanikaaed, kaaskorraldaja Linnuvaatleja.\u00a0Loodusvaatluste maraton on osa kaheksandat aastat toimuva\u00a0Loodusfestivali programmist.Loodusfestivali korraldavad Tartu \u00dclikooli loodusmuuseum ja botaanikaaed koost\u00f6\u00f6s partneritega.\u00a0Loodusfestival\u00a0kuulub Euroopa kultuuripealinn Tartu 2024 p\u00f5hiprogrammi, kus kannab nime Elluj\u00e4\u00e4mise Kunstide Linnaloodusfestival: \u201eLoodus loob\u201c.\n<\/p>\n<p>\n\t2021.\u00a0aastal oli erinevates Eesti paikades 41 vaatlusala, kus tehti \u00fcle 7600 loodusvaatluse\u00a0ja leiti uus liik \u2013 muulukal elav pahklest\u00a0Fragariocoptes setiger. Maratoniga seotud s\u00fcndmustel osales ligi 600 inimest. Aastal 2018 p\u00e4rjati vaatlusmaraton Eesti Teadusagentuuri teaduse populariseerimise auhinnaga uue algatuse kategoorias. \u00dcle-eestiline ettev\u00f5tmine sai 2019.\u00a0aasta alguses tunnustuse ka Keskkonnaministeeriumi aasta keskkonnateo konkursil.\u00a0\n<\/p>\n<p>\n\t28.\u00a0aprillil tutvustab\u00a0Veljo Runnel loodusvaatluste maratoni k\u00f5igile loodushuvilistele tasuta seminaril\u00a0\u201eLoodusvaatluste maratoni infop\u00e4ev\u201c. T\u00e4psem teave peagi Tartu \u00dclikooli loodusmuuseumi ja botaanikaaia kodulehtedel.\n<\/p>\n<p>\n\tLoodusvaatluste maratoni koduleht, alade registreerimine:\u00a0<a href=\"https:\/\/elurikkus.ee\/lvm\">elurikkus.ee\/lvm<\/a><br>Loodusvaatluste maraton Facebookis:\u00a0<a href=\"http:\/\/www.facebook.com\/LoodusvaatlusteMaraton\">www.facebook.com\/LoodusvaatlusteMaraton<\/a><br>Loodusfestival\u00a0Facebookis:\u00a0<a href=\"https:\/\/www.facebook.com\/loodusfestival\/\">https:\/\/www.facebook.com\/loodusfestival\/<\/a>\n<\/p>\n<p>\n\t<b>Lisa<\/b><b>teave<\/b><b>:<\/b>\n<\/p>\n<p>\n\tVeljo Runnel\n<\/p>\n<p>\n\tLoodusvaatluste maratoni korraldaja\n<\/p>\n<p>\n\t<a href=\"mailto:veljo.runnel@ut.ee\">veljo.runnel@ut.ee<\/a>\n<\/p>\n<p>\n\t+372\u00a0520 6108\n<\/p>\n<p>\n\t\u00a0\n<\/p>\n<p>\n\tMargit Hirv\n<\/p>\n<p>\n\tLoodusvaatluste maratoni vaatlusalade koordinaator\n<\/p>\n<p>\n\t<a href=\"mailto:loodusvaatluste.maraton@gmail.com\">loodusvaatluste.maraton@gmail.com<\/a>\n<\/p>\n<p>\n\t+372\u00a05239736\n<\/p>\n<p>\n\t<\/p><\/div>\n        <\/div>\n        <\/div>\n    <\/div>\n\n<p>\n\t\u00a0\n<\/p>\n<p>\n\t<strong>Kohtume\u00a0Loodusfestivalil ja loodusvaatluste maratonil<\/strong>\n<\/p>\n<p>\n\t<strong>Loodusvaatluste maraton toimub 11.\u201312. juunil.<\/strong>\n<\/p>\n<p dir=\"ltr\">\n\t<img loading=\"lazy\" decoding=\"async\" alt=\"Loodusvaatluste maraton\" data-file_info=\"%7B%22fid%22:50304,%22view_mode%22:%22default%22,%22type%22:%22media%22%7D\" height=\"94\" src=\"https:\/\/sisu.ut.ee\/wp-content\/uploads\/sites\/123\/2_lvmaraton_v2rviline_kirjata_valge_taust.png\" title=\"\" width=\"130\">\n<\/p>\n<ul>\n<li>\n\t\tVAATLUSALADE REGISTREERIMINE ELURIKKUSE KODULEHEL \u2013\u00a0<strong><a href=\"https:\/\/elurikkus.ee\/lvm\">elurikkus.ee\/lvm<\/a><\/strong>\n\t<\/li>\n<li>\n\t\tOsale <strong>28. aprillil 2022\u00a0<\/strong>seminaril \u201eLoodusvaatluste maratoni infop\u00e4ev\u201c, mida viib l\u00e4bi Veljo Runnel. Lisateave <a data-url=\"https:\/\/elurikkus.ee\/lvm\/uudised\/veebiseminar-loodusvaatluste-maratoni-korraldamine-keskendub-looduse-uurimisele-ja-loodusvaatluste-tegemisele\" href=\"https:\/\/elurikkus.ee\/lvm\/uudised\/veebiseminar-loodusvaatluste-maratoni-korraldamine-keskendub-looduse-uurimisele-ja-loodusvaatluste-tegemisele\" target=\"_blank\" title=\"\" rel=\"noopener\">siin<\/a>.\n\t<\/li>\n<li>\n\t\tLoe t\u00e4psemat \u00fclevaadet<strong> <\/strong><a data-url=\"http:\/\/loodusfestival.ee\/loodusvaatluste-maraton-2020\" href=\"http:\/\/loodusfestival.ee\/loodusvaatluste-maraton-2020\" target=\"_blank\" title=\"\" rel=\"noopener\">Loodusvaatluste maratoni 2020. aasta tulemustest<\/a>.\u00a0\n\t<\/li>\n<li>\n\t\tLoe t\u00e4psemat \u00fclevaadet <strong><a data-url=\"https:\/\/elurikkus.ee\/lvm\/uudised\/loodusvaatluste-maratonil-tehti-ule-7500-loodusvaatluse-ja-leiti-uus-liik-eestis\" href=\"https:\/\/elurikkus.ee\/lvm\/uudised\/loodusvaatluste-maratonil-tehti-ule-7500-loodusvaatluse-ja-leiti-uus-liik-eestis\" target=\"_blank\" title=\"\" rel=\"noopener\">Loodusvaatluste maratoni 2021. aasta tulemustest<\/a><\/strong>.\n\t<\/li>\n<li>\n\t\tLoodusvaatluste maraton\u00a0<a data-url=\"https:\/\/elurikkus.ee\/lvm\" href=\"https:\/\/elurikkus.ee\/lvm\" target=\"_blank\" title=\"\" rel=\"noopener\">eElurikkuse veebilehel<\/a>\n\t<\/li>\n<li>\n\t\t<a data-url=\"https:\/\/www.facebook.com\/LoodusvaatlusteMaraton\/\" href=\"https:\/\/www.facebook.com\/LoodusvaatlusteMaraton\/\" target=\"_blank\" title=\"\" rel=\"noopener\">Loodusvaatluste maraton Facebookis<\/a>\n\t<\/li>\n<li>\n\t\t<a data-url=\"https:\/\/www.instagram.com\/loodusvaatluste.maraton\/\" href=\"https:\/\/www.instagram.com\/loodusvaatluste.maraton\/\" target=\"_blank\" title=\"\" rel=\"noopener\">Loodusvaatluste maraton Instagramis<\/a>\n\t<\/li>\n<li>\n\t\t<strong>#LoodusvaatlusteMaraton<\/strong><br>\u00a0\n\t<\/li>\n<\/ul>\n<p>\n\t<\/p><div class=\"accordion mb-3\">\n        <div class=\"accordion-item accordion-item--white\">\n        <h2 class=\"accordion-header\" id=\"accordion-69d9cf8873132-heading\">\n            <button class=\"accordion-button collapsed\" type=\"button\" data-bs-toggle=\"collapse\" data-bs-target=\"#accordion-69d9cf8873132-collapse\" aria-expanded=\"true\" aria-controls=\"accordion-69d9cf8873132-collapse\"><b>Loodusfestival kutsub loodusvaatluste maratoni aladest teada andma<\/b><\/button>\n        <\/h2>\n        <div id=\"accordion-69d9cf8873132-collapse\" class=\"accordion-collapse collapse\" aria-labelledby=\"accordion-69d9cf8873132-heading\">\n            <div class=\"accordion-body\">\n\n<p>\n\t<b>J\u00e4rjekorras viies loodusvaatluste maraton toimub sel aastal 11.\u201312. juunil \u00fcle Eesti. <\/b><b>Vaatlusaladest saab teada anda 1. juunini.<\/b>\n<\/p>\n<p>\n\tK\u00f5ik huvilised, kes osalevad loodusvaatluste maratonil, saavad v\u00f5imaluse \u00f5ppida kodukoha loodust paremini tundma ning anda oma panuse andmete kogumisse, mida saavad oma t\u00f6\u00f6s \u00e4ra kasutada loodusteadlased ja -kaitsjad.\n<\/p>\n<p>\n\tLoodusvaatluste maratonil osalemiseks tuleb registreerida vaatlusala, mis v\u00f5ib olla avalik, et k\u00f5ik huvilised saaksid osaleda, aga sobib ka eramaa, et pereringis loodust avastada. M\u00f5lemal juhul on oluline vaatlusalast korraldajatele teada anda, et tehtud vaatlused hiljem <a href=\"https:\/\/elurikkus.ee\/\">eElurikkuse andmeportaali<\/a> j\u00f5uaksid. \u201eKodukoha v\u00f5i m\u00f5ne muu paiga registreerimine vaatlusalaks aitab l\u00e4hemalt tundma \u00f5ppida sealset elurikkust. Maratoni toimumise ajal on alati p\u00f5nev j\u00e4lgida, milliselt vaatlusalalt k\u00f5ige rohkem liike leitakse,\u201c r\u00e4\u00e4kis maratoni eestvedaja, Tartu \u00dclikooli loodusmuuseumi ja botaanikaaia harrastusteaduse peaekspert Veljo Runnel.\n<\/p>\n<p>\n\tLoodusvaatluste maraton on viiendat aastat toimuv harrastusteaduse s\u00fcndmus, mis kasutab rahvusvaheliselt tuntud vaatlusformaati BioBlitz. BioBlitzi k\u00e4igus tuvastatakse kindlal alal kindla ajavahemiku jooksul (tavaliselt 24 tundi) nii palju eluslooduse liike, kui v\u00f5imalik. Seda tehakse teadlaste ja loodushuviliste koost\u00f6\u00f6s.\n<\/p>\n<p>\n\tLoodusvaatluste maratoni peakorraldajad on Tartu \u00dclikooli loodusmuuseum ja botaanikaaed, kaaskorraldaja Linnuvaatleja. Loodusvaatluste maraton on osa kaheksandat aastat toimuva Loodusfestivali programmist. Loodusfestivali korraldavad Tartu \u00dclikooli loodusmuuseum ja botaanikaaed koost\u00f6\u00f6s partneritega. Loodusfestival kuulub Euroopa kultuuripealinn Tartu 2024 p\u00f5hiprogrammi, kus kannab nime Elluj\u00e4\u00e4mise Kunstide Linnaloodusfestival: \u201eLoodus loob\u201c.\n<\/p>\n<p>\n\t2021. aastal oli erinevates Eesti paikades 41 vaatlusala, kus tehti \u00fcle 7600 loodusvaatluse ja leiti uus liik \u2013 muulukal elav pahklest <i>Fragariocoptes setiger<\/i>. Maratoniga seotud s\u00fcndmustel osales ligi 600 inimest. Aastal 2018 p\u00e4rjati vaatlusmaraton Eesti Teadusagentuuri teaduse populariseerimise auhinnaga uue algatuse kategoorias. \u00dcle-eestiline ettev\u00f5tmine sai 2019. aasta alguses tunnustuse ka Keskkonnaministeeriumi aasta keskkonnateo konkursil.\n<\/p>\n<p>\n\t28. aprillil tutvustab Veljo Runnel loodusvaatluste maratoni k\u00f5igile loodushuvilistele tasuta seminaril \u201eLoodusvaatluste maratoni infop\u00e4ev\u201c. T\u00e4psem teave peagi Tartu \u00dclikooli loodusmuuseumi ja botaanikaaia kodulehtedel.\n<\/p>\n<p>\n\tLoodusvaatluste maratoni koduleht, alade registreerimine: <a href=\"https:\/\/elurikkus.ee\/lvm\">elurikkus.ee\/lvm<\/a><br>Loodusvaatluste maraton Facebookis: <a href=\"http:\/\/www.facebook.com\/LoodusvaatlusteMaraton\">www.facebook.com\/LoodusvaatlusteMaraton<\/a><br>Loodusfestival Facebookis: <a href=\"https:\/\/www.facebook.com\/loodusfestival\/\">https:\/\/www.facebook.com\/loodusfestival\/<\/a>\n<\/p>\n<p>\n\t<\/p><\/div>\n        <\/div>\n        <\/div>\n    <\/div>\n\n<p>\n\t<\/p><div class=\"accordion mb-3\">\n        <div class=\"accordion-item accordion-item--white\">\n        <h2 class=\"accordion-header\" id=\"accordion-69d9cf887313a-heading\">\n            <button class=\"accordion-button collapsed\" type=\"button\" data-bs-toggle=\"collapse\" data-bs-target=\"#accordion-69d9cf887313a-collapse\" aria-expanded=\"true\" aria-controls=\"accordion-69d9cf887313a-collapse\"><b>Veebis<\/b><b>eminar <\/b><b>\u201e<\/b><b>Loodusvaatluste maratoni korraldamine<\/b><b>\u201c <\/b><b>28. <\/b><b>a<\/b><b>prill<\/b><b>il<\/b><\/button>\n        <\/h2>\n        <div id=\"accordion-69d9cf887313a-collapse\" class=\"accordion-collapse collapse\" aria-labelledby=\"accordion-69d9cf887313a-heading\">\n            <div class=\"accordion-body\">\n\n<p>\n\t<b>Loodusfestival kutsub osalema veebiseminaril \u201eLoodusvaatluste maratoni korraldamine\u201c, mis toimub neljap\u00e4eval, 28. aprillil k<\/b><b>ell 10<\/b><b>\u201312.<\/b>\n<\/p>\n<p>\n\tVeebiseminar keskendub looduse uurimisele ja loodusvaatluste tegemisele. Tutvustatakse loodusvaatluste maratoni korraldust, antakse n\u00f5u vaatlusaladel vaatluste koordineerimiseks ning tehakse l\u00fchikoolitus vaatluste sisestamise digivahenditest. Samuti leitakse vastused k\u00f5ikidele k\u00fcsimustele maratoni korraldamise kohta. Veebiseminar on m\u00f5eldud loodusvaatluste maratonil registreeritud alade koordinaatoritele ja kontaktisikutele.\n<\/p>\n<p>\n\tVeebiseminar \u201eLoodusvaatluste maratoni korraldamine\u201c toimub <b>neljap\u00e4eval,<\/b> <b>28. aprillil kell 10\u201312<\/b>. Osalemine tasuta, aga osalemiseks tuleb <a href=\"https:\/\/forms.gle\/wFiLCULtaUJhehXn6\">registreeruda<\/a> hiljemalt 25. aprilliks.\n<\/p>\n<p>\n\t<b>Lisa<\/b><b>teave:<\/b><br>Veljo Runnel<br>Tartu \u00dclikooli loodusmuuseumi ja botaanikaaia harrastusteaduse ekspert<br>veljo.runnel@ut.ee<br>+372 5206108<br><\/p><\/div>\n        <\/div>\n        <\/div>\n    <\/div>\n\n<p>\n\t<\/p><div class=\"accordion mb-3\">\n        <div class=\"accordion-item accordion-item--white\">\n        <h2 class=\"accordion-header\" id=\"accordion-69d9cf887313e-heading\">\n            <button class=\"accordion-button collapsed\" type=\"button\" data-bs-toggle=\"collapse\" data-bs-target=\"#accordion-69d9cf887313e-collapse\" aria-expanded=\"true\" aria-controls=\"accordion-69d9cf887313e-collapse\">Mis on Loodusvaatluste maraton?<\/button>\n        <\/h2>\n        <div id=\"accordion-69d9cf887313e-collapse\" class=\"accordion-collapse collapse\" aria-labelledby=\"accordion-69d9cf887313e-heading\">\n            <div class=\"accordion-body\">Loodusvaatluste maraton on s\u00fcndmus, mille k\u00e4igus panevad inimesed eelnevalt registreeritud vaatlusaladel 24 tunni jooksul kirja nii palju kohatud liike kui v\u00f5imalik. Vaatlused sisestatakse andmeportaali, kus need on avalikult k\u00f5igile k\u00e4ttesaadavad (v.a I kaitsekategooria liigid).<\/div>\n        <\/div>\n        <\/div>\n    <\/div>\n\n<p>\n\t<\/p><div class=\"accordion mb-3\">\n        <div class=\"accordion-item accordion-item--white\">\n        <h2 class=\"accordion-header\" id=\"accordion-69d9cf8873141-heading\">\n            <button class=\"accordion-button collapsed\" type=\"button\" data-bs-toggle=\"collapse\" data-bs-target=\"#accordion-69d9cf8873141-collapse\" aria-expanded=\"true\" aria-controls=\"accordion-69d9cf8873141-collapse\">Toimunud Loodusvaatluste maratonid<\/button>\n        <\/h2>\n        <div id=\"accordion-69d9cf8873141-collapse\" class=\"accordion-collapse collapse\" aria-labelledby=\"accordion-69d9cf8873141-heading\">\n            <div class=\"accordion-body\">\n\n<p>\n\t2021: 41 vaatlusala, 208 vaatluste sisestajat, 7500 vaatlust, leiti \u00fcks uus liik Eestile, maratoni s\u00fcndmustel osales 600 inimest.\n<\/p>\n<p>\n\t2020: 41 vaatlusala, 4600 vaatlust, maratoni s\u00fcndmustel osales \u00fcle 250 inimese.\u00a0\n<\/p>\n<p>\n\t2019: 30 vaatlusala, 4100 vaatlust, maratoni s\u00fcndmustel osales \u00fcle 500 inimese.\n<\/p>\n<p>\n\t2018: 16 vaatlusala, 2300 vaatlust, maratoni s\u00fcndmustel osales \u00fcle 200 inimese.\n<\/p>\n<p>\n\t<\/p><\/div>\n        <\/div>\n        <\/div>\n    <\/div>\n\n<p dir=\"ltr\">\n\t<\/p><div class=\"accordion mb-3\">\n        <div class=\"accordion-item accordion-item--white\">\n        <h2 class=\"accordion-header\" id=\"accordion-69d9cf8873143-heading\">\n            <button class=\"accordion-button collapsed\" type=\"button\" data-bs-toggle=\"collapse\" data-bs-target=\"#accordion-69d9cf8873143-collapse\" aria-expanded=\"true\" aria-controls=\"accordion-69d9cf8873143-collapse\">Korraldajad<\/button>\n        <\/h2>\n        <div id=\"accordion-69d9cf8873143-collapse\" class=\"accordion-collapse collapse\" aria-labelledby=\"accordion-69d9cf8873143-heading\">\n            <div class=\"accordion-body\">Loodusvaatluste maratoni korraldavad Tartu \u00dclikooli loodusmuuseum ja botaanikaaed, kaaskorraldajad portaal Linnuvaatleja, mitmed loodusharidust edendavad asutused ja vabatahtlikud \u00fcle Eesti. <\/div>\n        <\/div>\n        <\/div>\n    <\/div>\n\n<p dir=\"ltr\">\n\t<\/p><div class=\"accordion mb-3\">\n        <div class=\"accordion-item accordion-item--white\">\n        <h2 class=\"accordion-header\" id=\"accordion-69d9cf8873145-heading\">\n            <button class=\"accordion-button collapsed\" type=\"button\" data-bs-toggle=\"collapse\" data-bs-target=\"#accordion-69d9cf8873145-collapse\" aria-expanded=\"true\" aria-controls=\"accordion-69d9cf8873145-collapse\">Tunnustused<\/button>\n        <\/h2>\n        <div id=\"accordion-69d9cf8873145-collapse\" class=\"accordion-collapse collapse\" aria-labelledby=\"accordion-69d9cf8873145-heading\">\n            <div class=\"accordion-body\">Loodusvaatluste maraton on p\u00e4rjatud Eesti Teadusagentuuri teaduse populariseemise auhinnaga 2018 kui parim uus algatus. \u00dcle-eestiline ettev\u00f5tmine sai tunnustuse ka Keskkonnaministeeriumi aasta keskkonnateo konkursil 2019. aasta alguses. <\/div>\n        <\/div>\n        <\/div>\n    <\/div>\n\n<p>\n\t<\/p><div class=\"accordion mb-3\">\n        <div class=\"accordion-item accordion-item--white\">\n        <h2 class=\"accordion-header\" id=\"accordion-69d9cf8873150-heading\">\n            <button class=\"accordion-button collapsed\" type=\"button\" data-bs-toggle=\"collapse\" data-bs-target=\"#accordion-69d9cf8873150-collapse\" aria-expanded=\"true\" aria-controls=\"accordion-69d9cf8873150-collapse\">Kontakt<\/button>\n        <\/h2>\n        <div id=\"accordion-69d9cf8873150-collapse\" class=\"accordion-collapse collapse\" aria-labelledby=\"accordion-69d9cf8873150-heading\">\n            <div class=\"accordion-body\">Veljo Runnel<br>Projektijuht<br>veljo.runnel@ut.ee<br>520 6108<\/div>\n        <\/div>\n        <\/div>\n    <\/div>\n","protected":false},"excerpt":{"rendered":"<p>LOODUSVAATLUSTE MARATON Loodusfestival\u00a0kutsub loodusvaatluste maratoni aladest teada andma J\u00e4rjekorras viies loodusvaatluste maraton toimub sel aastal 11.\u201312. juunil \u00fcle Eesti. Vaatlusaladest saab teada anda 1. juunini. K\u00f5ik huvilised, kes osalevad loodusvaatluste maratonil, saavad v\u00f5imaluse \u00f5ppida\u00a0kodukoha loodust paremini tundma ning\u00a0anda oma panuse &#8230;<\/p>\n","protected":false},"author":54,"featured_media":0,"parent":0,"menu_order":0,"comment_status":"closed","ping_status":"closed","template":"","meta":{"_acf_changed":false,"inline_featured_image":false,"footnotes":""},"class_list":["post-93","page","type-page","status-publish","hentry"],"acf":[],"_links":{"self":[{"href":"https:\/\/sisu.ut.ee\/loodusfestival\/wp-json\/wp\/v2\/pages\/93","targetHints":{"allow":["GET"]}}],"collection":[{"href":"https:\/\/sisu.ut.ee\/loodusfestival\/wp-json\/wp\/v2\/pages"}],"about":[{"href":"https:\/\/sisu.ut.ee\/loodusfestival\/wp-json\/wp\/v2\/types\/page"}],"author":[{"embeddable":true,"href":"https:\/\/sisu.ut.ee\/loodusfestival\/wp-json\/wp\/v2\/users\/54"}],"replies":[{"embeddable":true,"href":"https:\/\/sisu.ut.ee\/loodusfestival\/wp-json\/wp\/v2\/comments?post=93"}],"version-history":[{"count":1,"href":"https:\/\/sisu.ut.ee\/loodusfestival\/wp-json\/wp\/v2\/pages\/93\/revisions"}],"predecessor-version":[{"id":613,"href":"https:\/\/sisu.ut.ee\/loodusfestival\/wp-json\/wp\/v2\/pages\/93\/revisions\/613"}],"wp:attachment":[{"href":"https:\/\/sisu.ut.ee\/loodusfestival\/wp-json\/wp\/v2\/media?parent=93"}],"curies":[{"name":"wp","href":"https:\/\/api.w.org\/{rel}","templated":true}]}}