{"id":90,"date":"2024-04-04T00:29:06","date_gmt":"2024-04-03T21:29:06","guid":{"rendered":"https:\/\/sisu.ut.ee\/loodusfestival\/parnu-programm2018\/"},"modified":"2024-04-04T00:36:14","modified_gmt":"2024-04-03T21:36:14","slug":"parnu-programm2018","status":"publish","type":"page","link":"https:\/\/sisu.ut.ee\/loodusfestival\/parnu-programm2018\/","title":{"rendered":"P\u00e4rnu programm 2018"},"content":{"rendered":"<p>\n\t<span style=\"font-size: medium\">Sel aastal toimub Loodusfestival osaliselt ka P\u00e4rnus!\u00a0<\/span>\n<\/p>\n<ul>\n<li>\n\t\t<span style=\"font-size: medium\"><strong>Ekskursioon P\u00e4rnu Minizoos<\/strong> (Akadeemia 7, P\u00e4rnu)<\/span>\n\t<\/li>\n<\/ul>\n<p>\n\t<span style=\"font-size: medium\">Kes on maailma suurim roomaja? Kas roomajaid ohustab kliimasoojenemine, elupaikade h\u00e4vitamine v\u00f5i hoopiski turism? Mida saame meie teha selleks, et elurikkus s\u00e4iliks? Avatud K\u2013R 10\u201317 ja L 11\u201317. Osalemine P\u00e4rnu Minizoo piletiga (sularahas).<\/span>\n<\/p>\n<ul>\n<li>\n\t\t<span style=\"font-size: medium\"><strong>Loodusvaatluste maraton P\u00e4rnus<\/strong><\/span>\n\t<\/li>\n<\/ul>\n<p>\n\t<span style=\"font-size: medium\">Loodusvaatluste maratoni (LVM) eeskujuks on rahvusvaheline vaatlusformaat <a href=\"https:\/\/en.wikipedia.org\/wiki\/BioBlitz\">BioBlitz<\/a>. BioBlitz t\u00e4hendab, et kindlas paigas tuvastatakse kindlal ajavahemikul nii palju looma-, taime- ja seeneliike kui v\u00f5imalik. Liike otsitakse harrastusvaatlejate ja -teadlaste abiga. \u00dcritus on tasuta.<\/span>\n<\/p>\n<p>\n\t<span style=\"font-size: medium\">P\u00e4rnu Loodusmajas toimuvad vaatlused terve \u00f6\u00f6p\u00e4eva jooksul (reedel alates 12-st kuni laup\u00e4eval 12-ni):<\/span>\n<\/p>\n<p>\n\t<span style=\"font-size: medium\">14.00\u201316.00 uurime taimi (abiks loodusmaja \u00f5petajad)<\/span>\n<\/p>\n<p>\n\t<span style=\"font-size: medium\">17.00\u201318.00 uurime veeselgrootuid (abiks loodusmaja \u00f5petajad)<\/span>\n<\/p>\n<p>\n\t<span style=\"font-size: medium\">20.00\u201322.00 putukate \u00f6\u00f6p\u00fc\u00fck (juhendab T\u00f5nis Tasane)<\/span>\n<\/p>\n<p>\n\t<span style=\"font-size: medium\">00.00\u201310.00 uurime linde (abiks Eedi Lelov)<\/span>\n<\/p>\n<p>\n\t<span style=\"font-size: medium\">01.00\u201302.00 vaatleme taevast (juhendab Aarne Paul)<\/span>\n<\/p>\n<p>\n\t<span style=\"font-size: medium\">\u00a0<\/span>\n<\/p>\n<p>\n\t<span style=\"font-size: medium\">P\u00e4rnumaal toimuvad vaatlused ka Kabli RMK k\u00fclastuskeskuses ja H\u00e4\u00e4demeestel.\u00a0Loodusvaatluste maraton toimub 15.\u201316. juunil paljudes kohtades \u00fcle Eesti. Vaata l\u00e4hemalt: <a href=\"http:\/\/www.loodusfestival.ee\/LVM\">loodusfestival.ee\/LVM<\/a><\/span><\/p>\n","protected":false},"excerpt":{"rendered":"<p>Sel aastal toimub Loodusfestival osaliselt ka P\u00e4rnus!\u00a0 Ekskursioon P\u00e4rnu Minizoos (Akadeemia 7, P\u00e4rnu) Kes on maailma suurim roomaja? Kas roomajaid ohustab kliimasoojenemine, elupaikade h\u00e4vitamine v\u00f5i hoopiski turism? Mida saame meie teha selleks, et elurikkus s\u00e4iliks? Avatud K\u2013R 10\u201317 ja L &#8230;<\/p>\n","protected":false},"author":54,"featured_media":0,"parent":0,"menu_order":0,"comment_status":"closed","ping_status":"closed","template":"","meta":{"_acf_changed":false,"inline_featured_image":false,"footnotes":""},"class_list":["post-90","page","type-page","status-publish","hentry"],"acf":[],"_links":{"self":[{"href":"https:\/\/sisu.ut.ee\/loodusfestival\/wp-json\/wp\/v2\/pages\/90","targetHints":{"allow":["GET"]}}],"collection":[{"href":"https:\/\/sisu.ut.ee\/loodusfestival\/wp-json\/wp\/v2\/pages"}],"about":[{"href":"https:\/\/sisu.ut.ee\/loodusfestival\/wp-json\/wp\/v2\/types\/page"}],"author":[{"embeddable":true,"href":"https:\/\/sisu.ut.ee\/loodusfestival\/wp-json\/wp\/v2\/users\/54"}],"replies":[{"embeddable":true,"href":"https:\/\/sisu.ut.ee\/loodusfestival\/wp-json\/wp\/v2\/comments?post=90"}],"version-history":[{"count":1,"href":"https:\/\/sisu.ut.ee\/loodusfestival\/wp-json\/wp\/v2\/pages\/90\/revisions"}],"predecessor-version":[{"id":616,"href":"https:\/\/sisu.ut.ee\/loodusfestival\/wp-json\/wp\/v2\/pages\/90\/revisions\/616"}],"wp:attachment":[{"href":"https:\/\/sisu.ut.ee\/loodusfestival\/wp-json\/wp\/v2\/media?parent=90"}],"curies":[{"name":"wp","href":"https:\/\/api.w.org\/{rel}","templated":true}]}}