{"id":87,"date":"2024-04-04T00:29:06","date_gmt":"2024-04-03T21:29:06","guid":{"rendered":"https:\/\/sisu.ut.ee\/loodusfestival\/toimunud-festivalid\/"},"modified":"2024-04-16T00:27:47","modified_gmt":"2024-04-15T21:27:47","slug":"toimunud-festivalid","status":"publish","type":"page","link":"https:\/\/sisu.ut.ee\/loodusfestival\/toimunud-festivalid\/","title":{"rendered":"Toimunud festivalid"},"content":{"rendered":"<div style=\"height:30px\" aria-hidden=\"true\" class=\"wp-block-spacer\"><\/div>\n\n\n\n<p>Loodusfestival sai alguse 2015. aastal kui toimus Tartu loodusn\u00e4dal. Aasta hiljem kasvas ettev\u00f5tmine suuremaks ja nimetati \u00fcmber Tartu loodusfestivaliks. 2018. aastast on festivali tegevused leidnud aset ka v\u00e4ljaspool Tartut ja seep\u00e4rast kannab s\u00fcndmus nime\u00a0Loodusfestival.\u00a0Loodusfestival kuulub Euroopa Kultuuripealinn 2024 p\u00f5hiprogrammi, kus kannab nime Elluj\u00e4\u00e4mise Kunstide Loodusloovusfestival.<\/p>\n\n\n\n<p>Festivali eesm\u00e4rk on v\u00e4\u00e4rtustada linnalooduse kui elukeskkonna mitmekesisust, \u00f5petada m\u00e4rkama loodust linnas ning edendada j\u00e4tkusuutlikke tarbimis- ja k\u00e4itumisharjumisi.<\/p>\n\n\n\n<p><\/p>\n","protected":false},"excerpt":{"rendered":"<p>Loodusfestival sai alguse 2015. aastal kui toimus Tartu loodusn\u00e4dal. Aasta hiljem kasvas ettev\u00f5tmine suuremaks ja nimetati \u00fcmber Tartu loodusfestivaliks. 2018. aastast on festivali tegevused leidnud aset ka v\u00e4ljaspool Tartut ja seep\u00e4rast kannab s\u00fcndmus nime\u00a0Loodusfestival.\u00a0Loodusfestival kuulub Euroopa Kultuuripealinn 2024 p\u00f5hiprogrammi, kus &#8230;<\/p>\n","protected":false},"author":54,"featured_media":0,"parent":0,"menu_order":0,"comment_status":"closed","ping_status":"closed","template":"","meta":{"_acf_changed":false,"inline_featured_image":false,"footnotes":""},"class_list":["post-87","page","type-page","status-publish","hentry"],"acf":[],"_links":{"self":[{"href":"https:\/\/sisu.ut.ee\/loodusfestival\/wp-json\/wp\/v2\/pages\/87","targetHints":{"allow":["GET"]}}],"collection":[{"href":"https:\/\/sisu.ut.ee\/loodusfestival\/wp-json\/wp\/v2\/pages"}],"about":[{"href":"https:\/\/sisu.ut.ee\/loodusfestival\/wp-json\/wp\/v2\/types\/page"}],"author":[{"embeddable":true,"href":"https:\/\/sisu.ut.ee\/loodusfestival\/wp-json\/wp\/v2\/users\/54"}],"replies":[{"embeddable":true,"href":"https:\/\/sisu.ut.ee\/loodusfestival\/wp-json\/wp\/v2\/comments?post=87"}],"version-history":[{"count":5,"href":"https:\/\/sisu.ut.ee\/loodusfestival\/wp-json\/wp\/v2\/pages\/87\/revisions"}],"predecessor-version":[{"id":834,"href":"https:\/\/sisu.ut.ee\/loodusfestival\/wp-json\/wp\/v2\/pages\/87\/revisions\/834"}],"wp:attachment":[{"href":"https:\/\/sisu.ut.ee\/loodusfestival\/wp-json\/wp\/v2\/media?parent=87"}],"curies":[{"name":"wp","href":"https:\/\/api.w.org\/{rel}","templated":true}]}}