{"id":86,"date":"2024-04-04T00:29:06","date_gmt":"2024-04-03T21:29:06","guid":{"rendered":"https:\/\/sisu.ut.ee\/loodusfestival\/lvm2019\/"},"modified":"2024-04-04T00:36:15","modified_gmt":"2024-04-03T21:36:15","slug":"lvm2019","status":"publish","type":"page","link":"https:\/\/sisu.ut.ee\/loodusfestival\/lvm2019\/","title":{"rendered":"Loodusvaatluste maraton 2019"},"content":{"rendered":"<p>\n\t<span style=\"font-size:16px\"><span style=\"font-family:Arial,Helvetica,sans-serif\"><img loading=\"lazy\" decoding=\"async\" width=\"1200\" height=\"500\" class=\"alignnone wp-image-177\" src=\"https:\/\/sisu.ut.ee\/wp-content\/uploads\/sites\/123\/1200x500_lvm_alamlehele.png\" title=\"1200x500_lvm_alamlehele.png\" alt=\"1200x500_lvm_alamlehele.png\" srcset=\"https:\/\/sisu.ut.ee\/wp-content\/uploads\/sites\/123\/1200x500_lvm_alamlehele.png 1200w, https:\/\/sisu.ut.ee\/wp-content\/uploads\/sites\/123\/1200x500_lvm_alamlehele-300x125.png 300w, https:\/\/sisu.ut.ee\/wp-content\/uploads\/sites\/123\/1200x500_lvm_alamlehele-1024x427.png 1024w, https:\/\/sisu.ut.ee\/wp-content\/uploads\/sites\/123\/1200x500_lvm_alamlehele-768x320.png 768w\" sizes=\"auto, (max-width: 1200px) 100vw, 1200px\"><\/span><\/span>\n<\/p>\n<p>\n\t<span style=\"font-size:16px\"><span style=\"font-family:Arial,Helvetica,sans-serif\"><strong>14.\u201315. juunil 2019 toimus teine \u00fcle-eestiline loodusvaatluste maraton. 24 tunni jooksul tegid loodushuvilised \u00fcle 4100 loodusvaatluse, mis on n\u00e4htavad <\/strong><\/span><\/span><strong><a title=\"\" href=\"https:\/\/elurikkus.ee\/projects\/loodusvaatluste-maraton-2019\" target=\"_blank\" data-url=\"https:\/\/elurikkus.ee\/projects\/loodusvaatluste-maraton-2019\" rel=\"noopener\">Elurikkuse andmeportaalis<\/a><\/strong><span style=\"font-size:16px\"><span style=\"font-family:Arial,Helvetica,sans-serif\"><strong>. Vaatlusmaratoniga seotud s\u00fcndmustel osales \u00fcle 500 inimese. <\/strong><\/span><\/span>\n<\/p>\n<p>\n\t<span style=\"font-size:16px\"><span style=\"font-family:Arial,Helvetica,sans-serif\">K\u00f5ige rohkem vaadeldi taimi \u2013 \u00fcle 1800 vaatluse. Linnuvaatlusi kogunes 835, putukavaatlusi 735. K\u00f5ige rohkem liike m\u00e4\u00e4rati Kuusiku vaatlusalal \u2013 378. J\u00e4rgnesid Vana-Kuuste 279 ja Tooma 188 liigiga.<\/span><\/span>\n<\/p>\n<p>\n\t<span style=\"font-size:16px\"><span style=\"font-family:Arial,Helvetica,sans-serif\">Enim kohatud liik oli <strong>metsvint<\/strong> (33 vaatlust), \u00fchtlasi oli metsvint ka k\u00f5ige rohkem vaadeldud linnuliik. Lindudest teisel kohal oli <strong>linav\u00e4strik<\/strong> (25 vaatlust). Taimedest vaadeldi enim <strong>naati<\/strong> (21 vaatlust), j\u00e4rgnesid <strong>k\u00f5rven\u00f5ges<\/strong> ja <strong>harilik hiirehernes<\/strong> (20 vaatlust). Putukatest vaadeldi enim<strong> triiplutikat <\/strong>(9 vaatlust). Teisi r\u00fchmi vaadeldi oluliselt v\u00e4hem, n\u00e4iteks imetajaid 26 korral.<\/span><\/span>\n<\/p>\n<p>\n\t<span style=\"font-size:16px\"><span style=\"font-family:Arial,Helvetica,sans-serif\"><font style=\"background-color:#ffffff\">Vaatlusmaratoni korraldasid 2019. aastal Tartu \u00dclikooli loodusmuuseum ja botaanikaaed, Keskkonnaameti looduskeskused, Eesti Looduseuurijate Selts ja portaal Linnuvaatleja.<br>Auhindadega toetasid Eestimaa Looduse Fond, ajakiri Eesti Loodus, T\u00dc loodusmuuseum ja botaanikaaed.<\/font><\/span><\/span>\n<\/p>\n<p>\n\t<span style=\"font-size:16px\"><span style=\"font-family:Arial,Helvetica,sans-serif\">Suur t\u00e4nu k\u00f5ikidele vaatlusalade koordinaatoritele, liigiekspertidele ja vaatlejatele! Maraton on l\u00e4bi, kuid looduse vaatlemine v\u00f5ib j\u00e4tkuda. Tehtud vaatlusi v\u00f5ib Leguluse abil Elurikkuse andmeportaali saata aasta l\u00e4bi. 2020. aasta loodusvaatluste maraton toimub 6.\u20137. juunil 2020.<\/span><\/span>\n<\/p>\n<div dir=\"ltr\">\n\t\u00a0\n<\/div>\n<div dir=\"ltr\">\n\t<span style=\"font-size:16px\"><span style=\"font-family:Arial,Helvetica,sans-serif\"><img loading=\"lazy\" decoding=\"async\" width=\"400\" height=\"176\" class=\"alignnone wp-image-173\" src=\"https:\/\/sisu.ut.ee\/wp-content\/uploads\/sites\/123\/lilla_2018.png\" title=\"lilla_2018.png\" alt=\"k\" srcset=\"https:\/\/sisu.ut.ee\/wp-content\/uploads\/sites\/123\/lilla_2018.png 400w, https:\/\/sisu.ut.ee\/wp-content\/uploads\/sites\/123\/lilla_2018-300x132.png 300w\" sizes=\"auto, (max-width: 400px) 100vw, 400px\"><\/span><\/span>\n<\/div>\n<p dir=\"ltr\">\n\t<span style=\"font-size:16px\"><span style=\"font-family:Arial,Helvetica,sans-serif\">Loodusvaatluste maraton on p\u00e4rjatud Eesti Teadusagentuuri teaduse populariseemise auhinnaga 2018 kui parim uus algatus. \u00dcle-eestiline ettev\u00f5tmine sai tunnustuse ka Keskkonnaministeeriumi aasta keskkonnateo konkursil. 2018. aastal oli \u00fcle Eesti 16 vaatluspunkti, kus registreeriti \u00f6\u00f6p\u00e4eva jooksul ligikaudu 2300 vaatlust.<\/span><\/span>\n<\/p>\n<div>\n\t<span style=\"font-size:16px\"><span style=\"font-family:Arial,Helvetica,sans-serif\"><strong><a title=\"\" href=\"https:\/\/www.facebook.com\/LoodusvaatlusteMaraton\/\" target=\"_blank\" data-url=\"https:\/\/www.facebook.com\/LoodusvaatlusteMaraton\/\" rel=\"noopener\">www.facebook.com\/LoodusvaatlusteMaraton<\/a><\/strong><\/span><\/span>\n<\/div>\n<div>\n\t<span style=\"font-size:16px\"><span style=\"font-family:Arial,Helvetica,sans-serif\"><strong><a title=\"\" href=\"https:\/\/www.instagram.com\/loodusvaatluste.maraton\/\" target=\"_blank\" data-url=\"https:\/\/www.instagram.com\/loodusvaatluste.maraton\/\" rel=\"noopener\">www.instagram.com\/loodusvaatluste.maraton<\/a><\/strong><\/span><\/span>\n<\/div>\n<div>\n\t<span style=\"font-size:16px\"><span style=\"font-family:Arial,Helvetica,sans-serif\">Lisa maratoniga seotud sotsiaalmeediapostitustele teemaviide <strong>#LoodusvaaltusteMaraton<\/strong>.<\/span><\/span>\n<\/div>\n<div dir=\"ltr\">\n\t\u00a0\n<\/div>\n<div>\n\t<span style=\"font-size:16px\"><span style=\"font-family:Arial,Helvetica,sans-serif\">Lisainfo:<\/span><\/span>\n<\/div>\n<div>\n\t<span style=\"font-size:16px\"><span style=\"font-family:Arial,Helvetica,sans-serif\">Veljo Runnel<\/span><\/span>\n<\/div>\n<div>\n\t<span style=\"font-size:16px\"><span style=\"font-family:Arial,Helvetica,sans-serif\">520 6108<\/span><\/span>\n<\/div>\n<div>\n\t<span style=\"font-size:16px\"><span style=\"font-family:Arial,Helvetica,sans-serif\">veljo.runnel@ut.ee<\/span><\/span>\n<\/div>\n<p>\n\t\u00a0<\/p>\n","protected":false},"excerpt":{"rendered":"<p>14.\u201315. juunil 2019 toimus teine \u00fcle-eestiline loodusvaatluste maraton. 24 tunni jooksul tegid loodushuvilised \u00fcle 4100 loodusvaatluse, mis on n\u00e4htavad Elurikkuse andmeportaalis. Vaatlusmaratoniga seotud s\u00fcndmustel osales \u00fcle 500 inimese. K\u00f5ige rohkem vaadeldi taimi \u2013 \u00fcle 1800 vaatluse. Linnuvaatlusi kogunes 835, putukavaatlusi &#8230;<\/p>\n","protected":false},"author":54,"featured_media":0,"parent":0,"menu_order":0,"comment_status":"closed","ping_status":"closed","template":"","meta":{"_acf_changed":false,"inline_featured_image":false,"footnotes":""},"class_list":["post-86","page","type-page","status-publish","hentry"],"acf":[],"_links":{"self":[{"href":"https:\/\/sisu.ut.ee\/loodusfestival\/wp-json\/wp\/v2\/pages\/86","targetHints":{"allow":["GET"]}}],"collection":[{"href":"https:\/\/sisu.ut.ee\/loodusfestival\/wp-json\/wp\/v2\/pages"}],"about":[{"href":"https:\/\/sisu.ut.ee\/loodusfestival\/wp-json\/wp\/v2\/types\/page"}],"author":[{"embeddable":true,"href":"https:\/\/sisu.ut.ee\/loodusfestival\/wp-json\/wp\/v2\/users\/54"}],"replies":[{"embeddable":true,"href":"https:\/\/sisu.ut.ee\/loodusfestival\/wp-json\/wp\/v2\/comments?post=86"}],"version-history":[{"count":1,"href":"https:\/\/sisu.ut.ee\/loodusfestival\/wp-json\/wp\/v2\/pages\/86\/revisions"}],"predecessor-version":[{"id":620,"href":"https:\/\/sisu.ut.ee\/loodusfestival\/wp-json\/wp\/v2\/pages\/86\/revisions\/620"}],"wp:attachment":[{"href":"https:\/\/sisu.ut.ee\/loodusfestival\/wp-json\/wp\/v2\/media?parent=86"}],"curies":[{"name":"wp","href":"https:\/\/api.w.org\/{rel}","templated":true}]}}