{"id":84,"date":"2024-04-04T00:29:05","date_gmt":"2024-04-03T21:29:05","guid":{"rendered":"https:\/\/sisu.ut.ee\/loodusfestival\/maaramisel-abiks\/"},"modified":"2024-04-04T00:36:15","modified_gmt":"2024-04-03T21:36:15","slug":"maaramisel-abiks","status":"publish","type":"page","link":"https:\/\/sisu.ut.ee\/loodusfestival\/maaramisel-abiks\/","title":{"rendered":"M\u00e4\u00e4ramisel abiks"},"content":{"rendered":"<h3>\n\t<span style=\"font-size:15px\"><span style=\"font-family:Arial,Helvetica,sans-serif\"><strong><a title=\"\" style=\"text-align: left;text-transform: none;text-indent: 0px;letter-spacing: normal;font-style: normal;font-variant: normal;text-decoration: underline\" href=\"https:\/\/www.dropbox.com\/s\/o5rjf21rztffjpn\/LVM_juhend%20osalejale_veeb_2019.pdf?dl=0\" target=\"_blank\" data-url=\"https:\/\/www.dropbox.com\/s\/o5rjf21rztffjpn\/LVM_juhend%20osalejale_veeb_2019.pdf?dl=0\" rel=\"noopener\">Loodusvaatluste maratoni osaleja juhend<\/a><\/strong><span style=\"text-align: left;text-transform: none;text-indent: 0px;letter-spacing: normal;font-style: normal;font-variant: normal;text-decoration: none;float: none\"><strong>.<\/strong> (pdf, sisaldab vaatluste tegemise soovitusi)<\/span><\/span><\/span><br>\n<\/h3>\n<p>\n\t<span style=\"font-size:15px\"><span style=\"font-family:Arial,Helvetica,sans-serif\"><span style=\"text-align: left;text-transform: none;text-indent: 0px;letter-spacing: normal;font-style: normal;font-variant: normal;text-decoration: none;float: none\">Ajakirja Eesti Loodus juuni 2019 loodusvaatluste teemaline number.<strong> <\/strong><\/span><strong><a title=\"\" href=\"http:\/\/www.eestiloodus.ee\/arhiiv\/Eesti_Loodus06_2019.pdf\" target=\"_blank\" data-url=\"http:\/\/www.eestiloodus.ee\/arhiiv\/Eesti_Loodus06_2019.pdf\" rel=\"noopener\">Laadi alla<\/a><span style=\"text-align: left;text-transform: none;text-indent: 0px;letter-spacing: normal;font-style: normal;font-variant: normal;text-decoration: none;float: none\">. <\/span><\/strong><\/span><\/span>\n<\/p>\n<p>\n\t<span style=\"font-size:15px\"><span style=\"font-family:Arial,Helvetica,sans-serif\"><strong>TAIMED<\/strong><\/span><\/span>\n<\/p>\n<p>\n\t<span style=\"font-size:15px\"><span style=\"font-family:Arial,Helvetica,sans-serif\">Toomas Kukk 2013. <strong>Eesti taimede kukeaabits<\/strong>. Varrak, Tallinn.<br>Heljo Krall jt 2010. <strong>Eesti taimede m\u00e4\u00e4raja<\/strong>. Eesti Loodusfoto, Tartu.<br>Seppo Vuokko, Jorma Peiponen 2009. <strong>P\u00f5hjamaa taimed<\/strong>. T\u00e4nap\u00e4ev, Tallinn.<br>Olev Henno 1995. <strong>Puude ja p\u00f5\u00f5saste v\u00e4lim\u00e4\u00e4raja<\/strong>. Forest, Tallinn.<\/span><\/span>\n<\/p>\n<h3>\n\t<span style=\"font-size:15px\"><span style=\"font-family:Arial,Helvetica,sans-serif\"><strong>LINNUD<\/strong><\/span><\/span><br>\n<\/h3>\n<div>\n\t<span style=\"font-size:15px\"><span style=\"font-family:Arial,Helvetica,sans-serif\">Lars Svensson 2015. <strong>Linnum\u00e4\u00e4raja: Euroopa ja Vahemere maade lindude v\u00e4lim\u00e4\u00e4raja<\/strong>. Varrak, Tallinn.<br>Lars Jonsson 2000. <strong>Euroopa linnud<\/strong>. Eesti Ents\u00fcklopeediakirjastus, Tallinn.<br><strong>Kuula<\/strong> linnuh\u00e4\u00e4li http:\/\/www.loodusheli.ee\/.<br><strong>Nutirakendus \u201eEesti linnud\u201c <\/strong>(<strong><a title=\"\" href=\"https:\/\/apps.apple.com\/ee\/app\/eesti-linnud\/id1017318734\" target=\"_blank\" data-url=\"https:\/\/apps.apple.com\/ee\/app\/eesti-linnud\/id1017318734\" rel=\"noopener\">iOS<\/a>, <a title=\"\" href=\"https:\/\/play.google.com\/store\/apps\/details?id=ee.eoy.key.mobile.eestilinnud&amp;hl=en\" target=\"_blank\" data-url=\"https:\/\/play.google.com\/store\/apps\/details?id=ee.eoy.key.mobile.eestilinnud&amp;hl=en\" rel=\"noopener\">Android<\/a><\/strong>).<\/span><\/span>\n<\/div>\n<div>\n\t<span style=\"font-size:15px\"><span style=\"font-family:Arial,Helvetica,sans-serif\">Soovitusi leiad ka<strong> <a title=\"\" href=\"https:\/\/www.eoy.ee\/ET\/16\/28\/juhendid\/\" target=\"_blank\" data-url=\"https:\/\/www.eoy.ee\/ET\/16\/28\/juhendid\/\" rel=\"noopener\">Eesti Ornitoloogia\u00fchingu veebilehelt<\/a><\/strong>.<\/span><\/span>\n<\/div>\n<div>\n\t\u00a0\n<\/div>\n<h3>\n\t<span style=\"font-size:15px\"><span style=\"font-family:Arial,Helvetica,sans-serif\"><strong>PUTUKAD<\/strong><\/span><\/span><br>\n<\/h3>\n<p>\n\t<span style=\"font-size:15px\"><span style=\"font-family:Arial,Helvetica,sans-serif\">Erkki \u00d5unap, Urmas Tartes 2014. <strong>Eesti p\u00e4evaliblikad<\/strong>. Varrak, Tallinn.<br>Mati Martin 2013. <strong><a title=\"\" href=\"https:\/\/cdn.barn.ee\/keskkonnaamet.ee\/public\/galleries\/dragonlife\/Eesti_kiilide_maaraja_web_opt.pdf\" target=\"_blank\" data-url=\"https:\/\/cdn.barn.ee\/keskkonnaamet.ee\/public\/galleries\/dragonlife\/Eesti_kiilide_maaraja_web_opt.pdf\" rel=\"noopener\">Eesti kiilide m\u00e4\u00e4raja<\/a><\/strong>. Keskkonnaamet, Tallinn.<br>Michael Chinery 2005. <strong>Euroopa putukad<\/strong>. Eesti Ents\u00fcklopeediakirjastus, Tallinn.<br>George C. McGavin 2005. <strong>Putukad ja \u00e4mblikud: k\u00e4siraamat<\/strong>. Varrak, Tallinn.<br>Ermer Merivee, Hans Remm 1976. <strong>Mardikate m\u00e4\u00e4raja<\/strong>. Valgus, Tallinn.<br>Jaan Viidalepp, Hans Remm 1996. <strong>Eesti liblikate m\u00e4\u00e4raja<\/strong>. Valgus, Tallinn.<br>Kuula putukate h\u00e4\u00e4li <a title=\"\" href=\"http:\/\/www.loodusheli.ee\/.\" target=\"_blank\" data-url=\"http:\/\/www.loodusheli.ee\/.\" rel=\"noopener\"><strong>www.loodusheli.ee<\/strong>.<\/a><br>Internetis <strong><a title=\"\" href=\"http:\/\/liblikad.loodus.ee\/\" target=\"_blank\" data-url=\"http:\/\/liblikad.loodus.ee\/\" rel=\"noopener\">liblikad.loodus.ee<\/a><\/strong>.<\/span><\/span>\n<\/p>\n<h3>\n\t<span style=\"font-size:15px\"><span style=\"font-family:Arial,Helvetica,sans-serif\"><strong>IMETAJAD<\/strong><\/span><\/span><br>\n<\/h3>\n<p>\n\t<span style=\"font-size:15px\"><span style=\"font-family:Arial,Helvetica,sans-serif\">Jaanus Remm jt 2017. <strong><a title=\"\" href=\"http:\/\/dspace.ut.ee\/handle\/10062\/45978\" target=\"_blank\" data-url=\"http:\/\/dspace.ut.ee\/handle\/10062\/45978\" rel=\"noopener\">Eesti imetajad: liikide tundma\u00f5ppimise teejuht<\/a><\/strong>. Tartu \u00dclikooli \u00f6koloogia ja maateaduste instituut, Tartu.<br>David W. MacDonald, Priscilla Barrett 2002. <strong>Euroopa imetajad<\/strong>. Eesti Ents\u00fcklopeediakirjastus, Tallinn.<br>Kuula <strong><a title=\"\" href=\"http:\/\/www.loodusheli.ee\/\" target=\"_blank\" data-url=\"http:\/\/www.loodusheli.ee\/\" rel=\"noopener\">www.loodusheli.ee<\/a><\/strong>.<br>J\u00e4lgede m\u00e4\u00e4ramise <strong>nutirakendus <a title=\"\" href=\"https:\/\/apps.apple.com\/ee\/app\/kes-k-c3-a4is\/id492565774\" target=\"_blank\" data-url=\"https:\/\/apps.apple.com\/ee\/app\/kes-k-c3-a4is\/id492565774\" rel=\"noopener\">\u201cKes k\u00e4is?\u201d<\/a><\/strong>.<\/span><\/span>\n<\/p>\n<h3>\n\t<span style=\"font-size:15px\"><span style=\"font-family:Arial,Helvetica,sans-serif\"><strong>KALAD<\/strong><\/span><\/span><br>\n<\/h3>\n<p>\n\t<span style=\"font-size:15px\"><span style=\"font-family:Arial,Helvetica,sans-serif\">Tiit Hunt 2015. <strong>V\u00e4ike kalaraamat: Eesti 40 tuntud ja v\u00e4hem tuntud kala<\/strong>. Hea Lugu, Tallinn.<br>Tiit Hunt 2012. <strong>Eesti kalad<\/strong>. Varrak, Tallinn.<br>Peter J. Miller, Michael J. Loates 2006. <strong>Euroopa kalad<\/strong>. Eesti Ents\u00fcklopeediakirjastus, Tallinn.<br>Ervin Pihu, Aleksei Turovski 2001. <strong>Eesti mageveekalad<\/strong>. Tallinn.<br><strong>Nutirakendus \u201eEesti kalad\u201c <\/strong>(<strong><a title=\"\" href=\"https:\/\/play.google.com\/store\/apps\/details?id=ee.kalateave.mobile.eestikalad&amp;hl=en\" target=\"_blank\" data-url=\"https:\/\/play.google.com\/store\/apps\/details?id=ee.kalateave.mobile.eestikalad&amp;hl=en\" rel=\"noopener\">Android<\/a>, <a title=\"\" href=\"https:\/\/apps.apple.com\/ee\/app\/eesti-kalad\/id957157105\" target=\"_blank\" data-url=\"https:\/\/apps.apple.com\/ee\/app\/eesti-kalad\/id957157105\" rel=\"noopener\">iOS<\/a><\/strong>).<\/span><\/span>\n<\/p>\n<h3>\n\t<span style=\"font-size:15px\"><span style=\"font-family:Arial,Helvetica,sans-serif\"><strong>KAHEPAIKSED JA ROOMAJAD<\/strong><\/span><\/span><br>\n<\/h3>\n<p>\n\t<span style=\"font-size:15px\"><span style=\"font-family:Arial,Helvetica,sans-serif\">Lars Christian Arados jt 2010. <a title=\"\" href=\"\/loodusfestival\/ec.europa.eu\/environment\/life\/project\/Projects\/index.cfm?fuseaction=home.showFile&amp;rep=file&amp;fil=DRAGONLIFE_Book_eesti_kahepaiksete.pdf\" target=\"_blank\" data-url=\"\/loodusfestival\/ec.europa.eu\/environment\/life\/project\/Projects\/index.cfm?fuseaction=home.showFile&amp;rep=file&amp;fil=DRAGONLIFE_Book_eesti_kahepaiksete.pdf\" rel=\"noopener\">Eesti kahepaiksete v\u00e4lim\u00e4\u00e4raja<\/a>. Tallinn.<br>Edwin Nicholas Arnold 2004. <strong>Euroopa kahepaiksed ja roomajad<\/strong>. Eesti Ents\u00fcklopeediakirjastus, Tallinn.<br>Konnah\u00e4\u00e4led <strong><a title=\"\" href=\"http:\/\/www.loodusheli.ee\/\" target=\"_blank\" data-url=\"http:\/\/www.loodusheli.ee\/\" rel=\"noopener\">www.loodusheli.ee<\/a><\/strong>.<br>Internetis <strong><a title=\"\" href=\"http:\/\/roomajad.loodus.ee\/\" target=\"_blank\" data-url=\"http:\/\/roomajad.loodus.ee\/\" rel=\"noopener\">roomajad.loodus.ee<\/a><\/strong>.<br><strong>Nutirakendus \u201eEesti kahepaiksed\u201c <a title=\"\" href=\"https:\/\/apps.apple.com\/ee\/app\/eesti-kahepaiksed\/id432735888\" target=\"_blank\" data-url=\"https:\/\/apps.apple.com\/ee\/app\/eesti-kahepaiksed\/id432735888\" rel=\"noopener\">iOS<\/a><\/strong>.<\/span><\/span>\n<\/p>\n<h3>\n\t<span style=\"font-size:15px\"><span style=\"font-family:Arial,Helvetica,sans-serif\"><strong>SEENED<\/strong><\/span><\/span><br>\n<\/h3>\n<p>\n\t<span style=\"font-size:15px\"><span style=\"font-family:Arial,Helvetica,sans-serif\">Kuulo Kalamees, Vello Liiv 2007. <strong>100 Eesti s\u00f6\u00f6giseent. Seenestaja taskuraamat<\/strong>. Eesti Loodusfoto, Tartu.<br>Sulev J\u00e4rve 2006. <strong>Puuseened pargi- ja ilupuudel<\/strong>. Maalehe Raamat, Tallinn.<br>Kuulo Kalamees, Vello Liiv 2005. <strong>400 Eesti seent. Seenestaja taskuraamat<\/strong>. Eesti Loodusfoto, Tartu.<br>Internetis <strong><a title=\"\" href=\"http:\/\/seened.loodus.ee\/\" target=\"_blank\" data-url=\"http:\/\/seened.loodus.ee\/\" rel=\"noopener\">seened.loodus.ee<\/a><\/strong>.<\/span><\/span>\n<\/p>\n<h3>\n\t<span style=\"font-size:15px\"><span style=\"font-family:Arial,Helvetica,sans-serif\"><strong>SAMBLAD<\/strong><\/span><\/span><br>\n<\/h3>\n<p>\n\t<span style=\"font-size:15px\"><span style=\"font-family:Arial,Helvetica,sans-serif\">Aino Kalda jt 2004. <strong>V\u00e4ike sammalde ja samblike raamat<\/strong>. Avita, Tallinn.<br>Nele Ingerpuu, Kai Vellak 1998. <strong>Eesti sammalde m\u00e4\u00e4raja<\/strong>. Eesti Loodusfoto, Tartu.<br>Internetis <strong><a title=\"\" href=\"http:\/\/samblad.loodus.ee\/\" target=\"_blank\" data-url=\"http:\/\/samblad.loodus.ee\/\" rel=\"noopener\">samblad.loodus.ee<\/a><\/strong>.<\/span><\/span>\n<\/p>\n<h3>\n\t<span style=\"font-size:15px\"><span style=\"font-family:Arial,Helvetica,sans-serif\"><strong>SAMBLIKUD<\/strong><\/span><\/span><br>\n<\/h3>\n<p>\n\t<span style=\"font-size:15px\"><span style=\"font-family:Arial,Helvetica,sans-serif\">Tiina Randlane jt 2015. <strong>Eesti kividel kasvavad suursamblikud<\/strong>. Tartu \u00dclikooli kirjastus, Tartu.<br>Tiina Randlane jt 2011. <strong>Eesti puudel kasvavad suursamblikud<\/strong>. Tartu \u00dclikooli kirjastus, Tartu.<br>Tiina Randlane jt 2004. <strong>Eesti pisisamblikud<\/strong>. Tartu \u00dclikooli kirjastus, Tartu.<\/span><\/span>\n<\/p>\n<h3>\n\t<span style=\"font-size:15px\"><span style=\"font-family:Arial,Helvetica,sans-serif\"><strong>TEOD<\/strong><\/span><\/span><br>\n<\/h3>\n<p>\n\t<span style=\"font-size:15px\"><span style=\"font-family:Arial,Helvetica,sans-serif\">Piret Kiristaja jt 2014. <strong>Eesti kojaga maismaatigude m\u00e4\u00e4raja<\/strong>. Loodusajakiri, Tallinn.<br>Sama raamat <strong>nutirakendusena \u201cTeoaabits\u201d<\/strong> (<strong><a title=\"\" href=\"https:\/\/play.google.com\/store\/apps\/details?id=com.tuule.mikk.eestiteod&amp;hl=en\" target=\"_blank\" data-url=\"https:\/\/play.google.com\/store\/apps\/details?id=com.tuule.mikk.eestiteod&amp;hl=en\" rel=\"noopener\">Android<\/a><\/strong>).<\/span><\/span>\n<\/p>\n<p>\n\t<span style=\"font-size:15px\"><span style=\"font-family:Arial,Helvetica,sans-serif\"><strong>M\u00c4\u00c4RAMISABI FACEBOOKi GRUPPIDES<\/strong><\/span><\/span>\n<\/p>\n<ul>\n<li>\n\t\t<span style=\"font-size:15px\"><span style=\"font-family:Arial,Helvetica,sans-serif\"><font style=\"background-color:#ffffff\"><strong>Putukad\u2022Insects\u2022\u041da\u0441\u0435\u043a\u043e\u043c\u044b\u0435<\/strong> <\/font><a title=\"\" href=\"https:\/\/www.facebook.com\/groups\/713306232149280\/\" target=\"_blank\" data-url=\"https:\/\/www.facebook.com\/groups\/713306232149280\/\" rel=\"noopener\">https:\/\/www.facebook.com\/groups\/713306232149280\/<\/a><\/span><\/span>\n\t<\/li>\n<li>\n\t\t<span style=\"font-size:15px\"><span style=\"font-family:Arial,Helvetica,sans-serif\"><font style=\"background-color:#ffffff\"><strong>Eesti \u00e4mblikud<\/strong> <\/font><a title=\"\" href=\"https:\/\/www.facebook.com\/groups\/2mblikud\/\" target=\"_blank\" data-url=\"https:\/\/www.facebook.com\/groups\/2mblikud\/\" rel=\"noopener\">https:\/\/www.facebook.com\/groups\/2mblikud\/<\/a><\/span><\/span>\n\t<\/li>\n<li>\n\t\t<span style=\"font-size:15px\"><span style=\"font-family:Arial,Helvetica,sans-serif\"><font style=\"background-color:#ffffff\"><strong>Meie kimalased ja erakmesilased<\/strong> <\/font><a title=\"\" href=\"https:\/\/www.facebook.com\/groups\/kimalased\/\" target=\"_blank\" data-url=\"https:\/\/www.facebook.com\/groups\/kimalased\/\" rel=\"noopener\">https:\/\/www.facebook.com\/groups\/kimalased\/<\/a><\/span><\/span>\n\t<\/li>\n<li>\n\t\t<span style=\"font-size:15px\"><span style=\"font-family:Arial,Helvetica,sans-serif\"><font style=\"background-color:#ffffff\"><strong>V\u00e4ikesed elusolendid<\/strong> <\/font><a title=\"\" href=\"https:\/\/www.facebook.com\/groups\/419045178232025\/\" target=\"_blank\" data-url=\"https:\/\/www.facebook.com\/groups\/419045178232025\/\" rel=\"noopener\">https:\/\/www.facebook.com\/groups\/419045178232025\/<\/a><\/span><\/span>\n\t<\/li>\n<li>\n\t\t<span style=\"font-size:15px\"><span style=\"font-family:Arial,Helvetica,sans-serif\"><font style=\"background-color:#ffffff\"><strong>Ritsikad ja tirtsud<\/strong> <\/font><a title=\"\" href=\"https:\/\/www.facebook.com\/groups\/555316954651758\/\" target=\"_blank\" data-url=\"https:\/\/www.facebook.com\/groups\/555316954651758\/\" rel=\"noopener\">https:\/\/www.facebook.com\/groups\/555316954651758\/<\/a><\/span><\/span>\n\t<\/li>\n<li>\n\t\t<span style=\"font-size:15px\"><span style=\"font-family:Arial,Helvetica,sans-serif\"><font style=\"background-color:#ffffff\"><strong>Eesti liblikad \u2013 Butterflies and Moths of Estonia<\/strong> <\/font><a title=\"\" href=\"https:\/\/www.facebook.com\/groups\/909162912462589\/\" target=\"_blank\" data-url=\"https:\/\/www.facebook.com\/groups\/909162912462589\/\" rel=\"noopener\">https:\/\/www.facebook.com\/groups\/909162912462589\/<\/a><\/span><\/span>\n\t<\/li>\n<li>\n\t\t<span style=\"font-size:15px\"><span style=\"font-family:Arial,Helvetica,sans-serif\"><strong><font style=\"background-color:#ffffff\">Liblikad <\/font><\/strong><a title=\"\" href=\"https:\/\/www.facebook.com\/groups\/317309221735018\/\" target=\"_blank\" data-url=\"https:\/\/www.facebook.com\/groups\/317309221735018\/\" rel=\"noopener\">https:\/\/www.facebook.com\/groups\/317309221735018\/<\/a><\/span><\/span>\n\t<\/li>\n<li>\n\t\t<span style=\"font-size:15px\"><span style=\"font-family:Arial,Helvetica,sans-serif\"><font style=\"background-color:#ffffff\"><strong>Eesti Ornitoloogia\u00fching<\/strong> <\/font><a title=\"\" href=\"https:\/\/www.facebook.com\/groups\/ornitoloogia\/\" target=\"_blank\" data-url=\"https:\/\/www.facebook.com\/groups\/ornitoloogia\/\" rel=\"noopener\">https:\/\/www.facebook.com\/groups\/ornitoloogia\/<\/a><\/span><\/span>\n\t<\/li>\n<li>\n\t\t<span style=\"font-size:15px\"><span style=\"font-family:Arial,Helvetica,sans-serif\"><font style=\"background-color:#ffffff\"><strong>Eestimaa seened<\/strong> <\/font><a title=\"\" href=\"https:\/\/www.facebook.com\/groups\/319719481520116\/\" target=\"_blank\" data-url=\"https:\/\/www.facebook.com\/groups\/319719481520116\/\" rel=\"noopener\">https:\/\/www.facebook.com\/groups\/319719481520116\/<\/a><\/span><\/span>\n\t<\/li>\n<li>\n\t\t<span style=\"font-size:15px\"><span style=\"font-family:Arial,Helvetica,sans-serif\"><font style=\"background-color:#ffffff\"><strong>Eestimaa Floora<\/strong> <\/font><a title=\"\" href=\"https:\/\/www.facebook.com\/groups\/573899026035103\/\" target=\"_blank\" data-url=\"https:\/\/www.facebook.com\/groups\/573899026035103\/\" rel=\"noopener\">https:\/\/www.facebook.com\/groups\/573899026035103\/<\/a><\/span><\/span>\n\t<\/li>\n<li>\n\t\t<span style=\"font-size:15px\"><span style=\"font-family:Arial,Helvetica,sans-serif\"><font style=\"background-color:#ffffff\"><strong>Eesti looduslikud orhideed; grupp \u201cK\u00e4rbes\u00f5is\u201d<\/strong> <\/font><a title=\"\" href=\"https:\/\/www.facebook.com\/groups\/430196563806829\/\" target=\"_blank\" data-url=\"https:\/\/www.facebook.com\/groups\/430196563806829\/\" rel=\"noopener\">https:\/\/www.facebook.com\/groups\/430196563806829\/<\/a><\/span><\/span>\n\t<\/li>\n<li>\n\t\t<span style=\"font-size:15px\"><span style=\"font-family:Arial,Helvetica,sans-serif\"><font style=\"background-color:#ffffff\"><strong>Samblas\u00f5brad<\/strong> <\/font><a title=\"\" href=\"https:\/\/www.facebook.com\/groups\/1744279845901440\/\" target=\"_blank\" data-url=\"https:\/\/www.facebook.com\/groups\/1744279845901440\/\" rel=\"noopener\">https:\/\/www.facebook.com\/groups\/1744279845901440\/<\/a><\/span><\/span>\n\t<\/li>\n<\/ul>\n<p>\n\t\u00a0\n<\/p>\n<p>\n\t\u00a0<\/p>\n","protected":false},"excerpt":{"rendered":"<p>Loodusvaatluste maratoni osaleja juhend. (pdf, sisaldab vaatluste tegemise soovitusi) Ajakirja Eesti Loodus juuni 2019 loodusvaatluste teemaline number. Laadi alla. TAIMED Toomas Kukk 2013. Eesti taimede kukeaabits. Varrak, Tallinn.Heljo Krall jt 2010. Eesti taimede m\u00e4\u00e4raja. Eesti Loodusfoto, Tartu.Seppo Vuokko, Jorma Peiponen &#8230;<\/p>\n","protected":false},"author":54,"featured_media":0,"parent":0,"menu_order":0,"comment_status":"closed","ping_status":"closed","template":"","meta":{"_acf_changed":false,"inline_featured_image":false,"footnotes":""},"class_list":["post-84","page","type-page","status-publish","hentry"],"acf":[],"_links":{"self":[{"href":"https:\/\/sisu.ut.ee\/loodusfestival\/wp-json\/wp\/v2\/pages\/84","targetHints":{"allow":["GET"]}}],"collection":[{"href":"https:\/\/sisu.ut.ee\/loodusfestival\/wp-json\/wp\/v2\/pages"}],"about":[{"href":"https:\/\/sisu.ut.ee\/loodusfestival\/wp-json\/wp\/v2\/types\/page"}],"author":[{"embeddable":true,"href":"https:\/\/sisu.ut.ee\/loodusfestival\/wp-json\/wp\/v2\/users\/54"}],"replies":[{"embeddable":true,"href":"https:\/\/sisu.ut.ee\/loodusfestival\/wp-json\/wp\/v2\/comments?post=84"}],"version-history":[{"count":1,"href":"https:\/\/sisu.ut.ee\/loodusfestival\/wp-json\/wp\/v2\/pages\/84\/revisions"}],"predecessor-version":[{"id":622,"href":"https:\/\/sisu.ut.ee\/loodusfestival\/wp-json\/wp\/v2\/pages\/84\/revisions\/622"}],"wp:attachment":[{"href":"https:\/\/sisu.ut.ee\/loodusfestival\/wp-json\/wp\/v2\/media?parent=84"}],"curies":[{"name":"wp","href":"https:\/\/api.w.org\/{rel}","templated":true}]}}