{"id":80,"date":"2024-04-04T00:29:05","date_gmt":"2024-04-03T21:29:05","guid":{"rendered":"https:\/\/sisu.ut.ee\/loodusfestival\/lvm2018\/"},"modified":"2024-04-16T00:40:45","modified_gmt":"2024-04-15T21:40:45","slug":"lvm2018","status":"publish","type":"page","link":"https:\/\/sisu.ut.ee\/loodusfestival\/lvm2018\/","title":{"rendered":"Loodusvaatluste maraton 2018"},"content":{"rendered":"<p><img loading=\"lazy\" decoding=\"async\" width=\"966\" height=\"180\" src=\"\/wp-content\/uploads\/sites\/123\/loodusvaatlustemaraton.jpg\"><\/p>\n\n\n\n<p><span style=\"font-size: 16px;\"><span style=\"font-family: Arial,Helvetica,sans-serif;\">15.\u201316. juunil 2018 toimus \u00fcle-eestiline loodusvaatluste maraton, mille k\u00e4igus registreeriti ligikaudu 2300 loodusvaatlust ning avaldati <a title=\"\" data-url=\"https:\/\/elurikkus.ee\/projects\/loodusvaatluste-maraton-2018\" href=\"https:\/\/elurikkus.ee\/projects\/loodusvaatluste-maraton-2018\" target=\"_blank\" rel=\"noopener\">eElurikkuse portaalis<\/a>.<br>Maratoni vaatlusalad paiknesid 16 piirkonnas \u00fcle Eesti, lisaks tehti maratoni raames ka individuaalvaatlusi v\u00e4ljaspool kindlaksm\u00e4\u00e4ratud vaatlusalasid. Aktiivseid vaatlejaid oli 65, vaatluspunktide tegevustes kokku (linnuretked, \u00f6\u00f6p\u00fc\u00fck jms) osales veidi \u00fcle kahesaja inimese.<\/span><\/span><\/p>\n\n\n\n<p>Vaadeldi 862 liiki, neist:<br>taimi: 406<br>putukaid: 213<br>linde: 143<br>imetajaid: 20<br>limuseid: 16<br>kahepaikseid: 5<br>kalu: 4<br>roomajaid: 3<br>v\u00e4hilaadseid: 2<br>muid liike (seeni, samblikke, usse jt): 51<br>59 vaatlust j\u00e4i liigini m\u00e4\u00e4ramata.<\/p>\n\n\n\n<p>Vaatluste k\u00e4igus laaditi \u00fcles 393 fotot, lisaks veel muid multimeediafaile.<br>K\u00f5ik vaatlused ning fotod on leitavad <a title=\"\" href=\"https:\/\/elurikkus.ee\/projects\/loodusvaatluste-maraton-2018\" target=\"_blank\" rel=\"noopener\" data-url=\"https:\/\/elurikkus.ee\/projects\/loodusvaatluste-maraton-2018\">siit<\/a>.<\/p>\n\n\n\n<p>K\u00f5ige ajakohasem vaadeldud liikide nimekiri on n\u00e4htav <a title=\"\" href=\"https:\/\/elurikkus.ee\/generic-hub\/occurrences\/search?q=text%3Amaraton&amp;sort=first_loaded_date&amp;dir=desc&amp;fq=dataset_name%3A%22%C3%9Cle-eestiline+loodusvaatluste+maraton%22&amp;lang=et#charts\" target=\"_blank\" rel=\"noopener\" data-url=\"https:\/\/elurikkus.ee\/generic-hub\/occurrences\/search?q=text%3Amaraton&amp;sort=first_loaded_date&amp;dir=desc&amp;fq=dataset_name%3A%22%C3%9Cle-eestiline+loodusvaatluste+maraton%22&amp;lang=et#charts\">siin<\/a>.<\/p>\n\n\n\n<p><span style=\"font-size: 16px;\"><span style=\"font-family: Arial,Helvetica,sans-serif;\">\u00a0<\/span><\/span><br><span style=\"font-size: 16px;\"><span style=\"font-family: Arial,Helvetica,sans-serif;\">Korraldajad t\u00e4navad k\u00f5iki vaatluspunktide koordinaatoreid, vaatlejaid, m\u00e4\u00e4rangutel aidanud eksperte, vaatluste moderaatoreid ning loodushuvilisi, kes osalesid \u00f5pperetkedel.<br>Maratoni korraldasid Eesti Looduseuurijate Selts ning Tartu \u00dclikooli loodusmuuseum ja botaanikaaed.<\/span><\/span><\/p>\n\n\n\n<figure class=\"wp-block-image\"><img loading=\"lazy\" decoding=\"async\" width=\"400\" height=\"176\" src=\"https:\/\/sisu.ut.ee\/wp-content\/uploads\/sites\/123\/lilla_2018.png\" alt=\"k\" class=\"wp-image-173\" title=\"lilla_2018.png\" srcset=\"https:\/\/sisu.ut.ee\/wp-content\/uploads\/sites\/123\/lilla_2018.png 400w, https:\/\/sisu.ut.ee\/wp-content\/uploads\/sites\/123\/lilla_2018-300x132.png 300w\" sizes=\"auto, (max-width: 400px) 100vw, 400px\"><\/figure>\n\n\n\n<p><\/p>\n\n\n\n<p><span style=\"font-size: 16px;\"><span style=\"font-family: Arial,Helvetica,sans-serif;\">2018. aasta l\u00f5pus tunnustas Eesti Teadusagentuur loodusvaatluste maratoni riikliku teaduse populariseerija tiitliga uue algatuse kategoorias.<\/span><\/span><\/p>\n\n\n\n<p><strong><span style=\"font-size: 16px;\"><span style=\"font-family: Arial,Helvetica,sans-serif;\">2019. aasta loodusvaatluste maratoni kohta loe edasi <a title=\"\" href=\"http:\/\/loodusfestival.ee\/lvm\" data-url=\"http:\/\/loodusfestival.ee\/lvm\">siit<\/a>.<\/span><\/span><\/strong><\/p>\n\n\n\n<div class=\"wp-block-group attached-files-group is-layout-constrained wp-block-group-is-layout-constrained\">\n<div class=\"wp-block-file\"><a id=\"wp-block-file--media-5064e59d-956d-4f48-a46c-6127e52ddf43\" href=\"https:\/\/sisu.ut.ee\/wp-content\/uploads\/sites\/123\/juhend_osalejale.pdf\" target=\"_blank\" rel=\"noreferrer noopener\">juhend_osalejale.pdf<\/a><\/div>\n<\/div>\n","protected":false},"excerpt":{"rendered":"<p>15.\u201316. juunil 2018 toimus \u00fcle-eestiline loodusvaatluste maraton, mille k\u00e4igus registreeriti ligikaudu 2300 loodusvaatlust ning avaldati eElurikkuse portaalis.Maratoni vaatlusalad paiknesid 16 piirkonnas \u00fcle Eesti, lisaks tehti maratoni raames ka individuaalvaatlusi v\u00e4ljaspool kindlaksm\u00e4\u00e4ratud vaatlusalasid. Aktiivseid vaatlejaid oli 65, vaatluspunktide tegevustes kokku (linnuretked, &#8230;<\/p>\n","protected":false},"author":54,"featured_media":0,"parent":0,"menu_order":0,"comment_status":"closed","ping_status":"closed","template":"","meta":{"_acf_changed":false,"inline_featured_image":false,"footnotes":""},"class_list":["post-80","page","type-page","status-publish","hentry"],"acf":[],"_links":{"self":[{"href":"https:\/\/sisu.ut.ee\/loodusfestival\/wp-json\/wp\/v2\/pages\/80","targetHints":{"allow":["GET"]}}],"collection":[{"href":"https:\/\/sisu.ut.ee\/loodusfestival\/wp-json\/wp\/v2\/pages"}],"about":[{"href":"https:\/\/sisu.ut.ee\/loodusfestival\/wp-json\/wp\/v2\/types\/page"}],"author":[{"embeddable":true,"href":"https:\/\/sisu.ut.ee\/loodusfestival\/wp-json\/wp\/v2\/users\/54"}],"replies":[{"embeddable":true,"href":"https:\/\/sisu.ut.ee\/loodusfestival\/wp-json\/wp\/v2\/comments?post=80"}],"version-history":[{"count":3,"href":"https:\/\/sisu.ut.ee\/loodusfestival\/wp-json\/wp\/v2\/pages\/80\/revisions"}],"predecessor-version":[{"id":846,"href":"https:\/\/sisu.ut.ee\/loodusfestival\/wp-json\/wp\/v2\/pages\/80\/revisions\/846"}],"wp:attachment":[{"href":"https:\/\/sisu.ut.ee\/loodusfestival\/wp-json\/wp\/v2\/media?parent=80"}],"curies":[{"name":"wp","href":"https:\/\/api.w.org\/{rel}","templated":true}]}}