{"id":79,"date":"2024-04-04T00:29:05","date_gmt":"2024-04-03T21:29:05","guid":{"rendered":"https:\/\/sisu.ut.ee\/loodusfestival\/loodusfestival-2022\/"},"modified":"2024-04-04T00:36:15","modified_gmt":"2024-04-03T21:36:15","slug":"loodusfestival-2022","status":"publish","type":"page","link":"https:\/\/sisu.ut.ee\/loodusfestival\/loodusfestival-2022\/","title":{"rendered":"Loodusfestival 2022"},"content":{"rendered":"<p>\n\t<img loading=\"lazy\" decoding=\"async\" width=\"1535\" height=\"354\" class=\"alignnone wp-image-206\" src=\"https:\/\/sisu.ut.ee\/wp-content\/uploads\/sites\/123\/lf_1535x354_2.png\" title=\"lf_1535x354_2.png\" alt=\"Loodusfestival 2022\" srcset=\"https:\/\/sisu.ut.ee\/wp-content\/uploads\/sites\/123\/lf_1535x354_2.png 1535w, https:\/\/sisu.ut.ee\/wp-content\/uploads\/sites\/123\/lf_1535x354_2-300x69.png 300w, https:\/\/sisu.ut.ee\/wp-content\/uploads\/sites\/123\/lf_1535x354_2-1024x236.png 1024w, https:\/\/sisu.ut.ee\/wp-content\/uploads\/sites\/123\/lf_1535x354_2-768x177.png 768w\" sizes=\"auto, (max-width: 1535px) 100vw, 1535px\">\n<\/p>\n<p>\n\t2022. aasta festivali\u00a0keskendus\u00a0meid \u00fcmbritsevatele justkui m\u00e4rkamatutele naabritele, kes elavad inimese loodud keskkonnas: parkides, aedades, r\u00f5dudel, ka toas.\u00a0Festivalil avastasime\u00a0elurikkust enda \u00fcmber, uurisime, kuidas kaasnaabreid hoida ja v\u00e4\u00e4rtustada,\u00a0toimus\u00a0traditsiooniline fotokonkurss\u00a0ning loodusvaatluste maraton, lisaks palju\u00a0p\u00f5nevaid s\u00fcndmuseid \u00fcle Eesti.\n<\/p>\n<p>\n\t***\n<\/p>\n<p>\n\t<span style=\"font-size:20px\"><span style=\"color:#008000\"><b>Kaheksas Loodusfestival keskendub Sinu naabritele toas ja \u00f5ues<\/b><\/span><\/span>\n<\/p>\n<p>\n\t<b>Loodusfestival toimub sel aastal 10.\u201315. juunil. Kuue p\u00e4eva jooksul keskendutakse elurikkuse tundma\u00f5ppimisele meid \u00fcmbritsevas keskkonnas.<\/b>\n<\/p>\n<p>\n\tLoodusfestival kutsub v\u00e4\u00e4rtustama linnalooduse kui elukeskkonna mitmekesisust, m\u00e4rkama loodust linnas ning edendama elurikkust soosivaid k\u00e4itumisharjumusi. K\u00e4esoleva aasta festival keskendub meid \u00fcmbritsevatele justkui m\u00e4rkamatutele naabritele, kes elavad inimese loodud keskkonnas: parkides, aedades, r\u00f5dudel, ka toas. Festivalil avastame elurikkust enda \u00fcmber ja uurime, kuidas kaasnaabreid hoida ja v\u00e4\u00e4rtustada. Traditsiooniliselt toimuvad Loodusfestivaliga k\u00e4sik\u00e4es linnalooduse fotokonkurss \u201eMetsik linn\u201c ja loodusvaatluste maraton, lisaks palju harivaid ja looduskeskseid s\u00fcndmuseid \u00fcle Eesti.\u00a0\n<\/p>\n<p>\n\tEelmise aasta festivali kava kujunes rikkalikuks, sest kaaskorraldajatel oli v\u00f5imalus enda s\u00fcndmusi l\u00e4bi viia nii oma organisatsiooni ruumides kui ka k\u00f5ikjal vabas \u00f5hus. \u201eKui eelmisel aastal oli festivali kavas palju erinevaid t\u00f6\u00f6tube, seminare ja loenguid, siis ka sel aastal j\u00e4tkame sarnaselt \u2013 festivali kavva planeerime erinevaid s\u00fcndmusi k\u00f5ikidele huvilistele,\u201d s\u00f5nas Loodusfestivali projektijuht Kaarin Hein. Esialgset teavet osalemise ja planeeritavate s\u00fcndmuste kohta oodatakse festivali kaaskorraldajatelt hiljemalt\u00a0<b>31. m\u00e4rtsiks<\/b>.\u00a0\n<\/p>\n<p>\n\tLoodusfestivali\u00a0<b>linnalooduse fotokonkurss \u201eMetsik linn\u201c<\/b>\u00a0toimub\u00a0<b>28. m\u00e4rtsist 18. maini<\/b>. Korraldajad kutsuvad linnaoodust m\u00e4rkama l\u00e4bi kaamerasilma: fotokonkurss \u201eMetsik linn\u201c keskendub just linnalooduse ja linnakeskkonna omavahelistele suhetele.\u00a0\n<\/p>\n<p>\n\tTraditsiooniline\u00a0<b>loodusvaatluste maraton<\/b>\u00a0t\u00e4histab sel aastal juubelit. Viies maraton toimub\u00a0<b>11.\u201312. juunil<\/b>. Taaskord on \u00fcle Eesti paiknevates avalikes vaatluspunktides k\u00f5igil huvilistel v\u00f5imalik osa v\u00f5tta maratonist ja teha loodusvaatlusi ka koos juhendajatega. K\u00f5ik maratoni k\u00e4igus tehtavad vaatlused sisestatakse eElurikkuse andmeportaali, kus need on avalikult kuvatult k\u00f5igile k\u00e4ttesaadavad. Vaatlusalade registreerimine avatakse\u00a0<b>21. m\u00e4rtsil<\/b>\u00a0eElurikkuse andmeportaalis Loodusvaatluste maratoni\u00a0<a data-url=\"https:\/\/elurikkus.ee\/lvm\" href=\"https:\/\/elurikkus.ee\/lvm\" target=\"_blank\" title=\"\" rel=\"noopener\">kodulehel<\/a>.\u00a0\n<\/p>\n<p>\n\tLoodusfestivali korraldavad\u00a0<b>Tartu \u00dclikooli loodusmuuseum ja botaanikaaed<\/b>\u00a0koost\u00f6\u00f6s partneritega. Loodusfestival sai alguse 2015. aastal Tartu loodusn\u00e4dalaga. Aasta hiljem kasvas ettev\u00f5tmine suuremaks ja nimetati \u00fcmber Tartu loodusfestivaliks. 2018. aastast, laienedes \u00fcle Eesti, tegutseb festival Loodusfestivali nime all. Loodusfestival kuulub Euroopa kultuuripealinn Tartu 2024 programmi, kus kannab nime Elluj\u00e4\u00e4mise Kunstide Linnaloodusfestival.\u00a0<\/p>\n","protected":false},"excerpt":{"rendered":"<p>2022. aasta festivali\u00a0keskendus\u00a0meid \u00fcmbritsevatele justkui m\u00e4rkamatutele naabritele, kes elavad inimese loodud keskkonnas: parkides, aedades, r\u00f5dudel, ka toas.\u00a0Festivalil avastasime\u00a0elurikkust enda \u00fcmber, uurisime, kuidas kaasnaabreid hoida ja v\u00e4\u00e4rtustada,\u00a0toimus\u00a0traditsiooniline fotokonkurss\u00a0ning loodusvaatluste maraton, lisaks palju\u00a0p\u00f5nevaid s\u00fcndmuseid \u00fcle Eesti. *** Kaheksas Loodusfestival keskendub Sinu naabritele &#8230;<\/p>\n","protected":false},"author":54,"featured_media":0,"parent":0,"menu_order":0,"comment_status":"closed","ping_status":"closed","template":"","meta":{"_acf_changed":false,"inline_featured_image":false,"footnotes":""},"class_list":["post-79","page","type-page","status-publish","hentry"],"acf":[],"_links":{"self":[{"href":"https:\/\/sisu.ut.ee\/loodusfestival\/wp-json\/wp\/v2\/pages\/79","targetHints":{"allow":["GET"]}}],"collection":[{"href":"https:\/\/sisu.ut.ee\/loodusfestival\/wp-json\/wp\/v2\/pages"}],"about":[{"href":"https:\/\/sisu.ut.ee\/loodusfestival\/wp-json\/wp\/v2\/types\/page"}],"author":[{"embeddable":true,"href":"https:\/\/sisu.ut.ee\/loodusfestival\/wp-json\/wp\/v2\/users\/54"}],"replies":[{"embeddable":true,"href":"https:\/\/sisu.ut.ee\/loodusfestival\/wp-json\/wp\/v2\/comments?post=79"}],"version-history":[{"count":1,"href":"https:\/\/sisu.ut.ee\/loodusfestival\/wp-json\/wp\/v2\/pages\/79\/revisions"}],"predecessor-version":[{"id":627,"href":"https:\/\/sisu.ut.ee\/loodusfestival\/wp-json\/wp\/v2\/pages\/79\/revisions\/627"}],"wp:attachment":[{"href":"https:\/\/sisu.ut.ee\/loodusfestival\/wp-json\/wp\/v2\/media?parent=79"}],"curies":[{"name":"wp","href":"https:\/\/api.w.org\/{rel}","templated":true}]}}