{"id":78,"date":"2024-04-04T00:29:05","date_gmt":"2024-04-03T21:29:05","guid":{"rendered":"https:\/\/sisu.ut.ee\/loodusfestival\/niidukastid\/"},"modified":"2024-04-04T00:36:15","modified_gmt":"2024-04-03T21:36:15","slug":"niidukastid","status":"publish","type":"page","link":"https:\/\/sisu.ut.ee\/loodusfestival\/niidukastid\/","title":{"rendered":"Niidukastid Tartus"},"content":{"rendered":"<div>\n\t<span style=\"font-size:16px\"><span style=\"font-family:Arial,Helvetica,sans-serif\"><strong>Niidukastid on n\u00fc\u00fcdsest Tartu \u00dclikooli botaanikaaia promenaadil.<\/strong><\/span><\/span>\n<\/div>\n<div>\n\t\u00a0\n<\/div>\n<div>\n\t<span style=\"font-size:16px\"><span style=\"font-family:Arial,Helvetica,sans-serif\">Sel aastal oleme Tartusse v\u00e4lja pannud kuus audiovisuaalselt niidukasti. Kastid aitavad paremini t\u00e4hele panna loodust linnas ja\u00a0pakuvad m\u00f5tteainet liigirikkuse h\u00e4vinemise teemal. V\u00e4hem kasulikud pole ka\u00a0uued\u00a0teadmised\u00a0ja saadud r\u00f5\u00f5m eri koosluste avastamisest.\u00a0<\/span><\/span>\n<\/div>\n<div>\n\t\u00a0\n<\/div>\n<div>\n\t<img loading=\"lazy\" decoding=\"async\" width=\"2560\" height=\"1447\" class=\"alignnone wp-image-205\" src=\"https:\/\/sisu.ut.ee\/wp-content\/uploads\/sites\/123\/img_6768-scaled.jpg\" title=\"img_6768.jpg\" alt=\"img_6768.jpg\" srcset=\"https:\/\/sisu.ut.ee\/wp-content\/uploads\/sites\/123\/img_6768-scaled.jpg 2560w, https:\/\/sisu.ut.ee\/wp-content\/uploads\/sites\/123\/img_6768-300x170.jpg 300w, https:\/\/sisu.ut.ee\/wp-content\/uploads\/sites\/123\/img_6768-1024x579.jpg 1024w, https:\/\/sisu.ut.ee\/wp-content\/uploads\/sites\/123\/img_6768-768x434.jpg 768w, https:\/\/sisu.ut.ee\/wp-content\/uploads\/sites\/123\/img_6768-1536x868.jpg 1536w, https:\/\/sisu.ut.ee\/wp-content\/uploads\/sites\/123\/img_6768-2048x1158.jpg 2048w, https:\/\/sisu.ut.ee\/wp-content\/uploads\/sites\/123\/img_6768-1920x1085.jpg 1920w\" sizes=\"auto, (max-width: 2560px) 100vw, 2560px\">\n<\/div>\n<div>\n\t\u00a0\n<\/div>\n<div>\n\t<span style=\"font-size:16px\"><span style=\"font-family:Arial,Helvetica,sans-serif\">Igas kastis kasvab eri t\u00fc\u00fcpi kooslus: m\u00e4rg lamminiit, kuiv p\u00e4risaruniit, n\u00f5mmemets, niiske p\u00e4risaruniit, paljanduva paeplaadi kasvukohat\u00fc\u00fcp ja s\u00fcrjamets.\u00a0Iga niidukastiga k\u00e4ib kaasas ka hariv video liigirikkusest ja linnaloodusest. Nende videodega saab tutvust teha ka siinsamas.<\/span><\/span>\n<\/div>\n<div>\n\t\u00a0\n<\/div>\n<div>\n\t<span style=\"font-size:16px\"><span style=\"font-family:Arial,Helvetica,sans-serif\">Kastidega on v\u00f5imalik tutvust teha Tartu kesklinnas. Kastid asuvad Kvartali ees, Uueturu v\u00e4ljakul (Kaubamaja ees), Tartu kesklinna pargi juures, K\u00fc\u00fcni t\u00e4nava Raekoja platsi poolses osas, Kaarsilla alguses ja \u00dclej\u00f5e platsil.<\/span><\/span>\n<\/div>\n<div>\n\t\u00a0\n<\/div>\n<div>\n\t<span style=\"font-size:16px\"><span style=\"font-family:Arial,Helvetica,sans-serif\"><div class=\"ratio ratio-16x9 mb-3\"><div class=\"video-placeholder-wrapper video-placeholder-wrapper--16x9\">\n\t\t\t    <div class=\"video-placeholder d-flex justify-content-center align-items-center\">\n\t\t\t        <div class=\"overlay text-white p-2 w-100 text-center d-block justify-content-center align-items-center\">\n\t\t\t            <div>Kolmandate osapoolte sisu n\u00e4gemiseks palun n\u00f5ustu k\u00fcpsistega.<\/div>\n\t\t\t            <button class=\"btn btn-secondary btn-sm mt-1 consent-change\">Muuda n\u00f5usolekut<\/button>\n\t\t\t        <\/div>\n\t\t\t    <\/div>\n\t\t\t<\/div>\n<\/div><\/span><\/span>\n<\/div>\n<div>\n\t\u00a0\n<\/div>\n<div>\n\t<span style=\"font-size:16px\"><span style=\"font-family:Arial,Helvetica,sans-serif\"><div class=\"ratio ratio-16x9 mb-3\"><div class=\"video-placeholder-wrapper video-placeholder-wrapper--16x9\">\n\t\t\t    <div class=\"video-placeholder d-flex justify-content-center align-items-center\">\n\t\t\t        <div class=\"overlay text-white p-2 w-100 text-center d-block justify-content-center align-items-center\">\n\t\t\t            <div>Kolmandate osapoolte sisu n\u00e4gemiseks palun n\u00f5ustu k\u00fcpsistega.<\/div>\n\t\t\t            <button class=\"btn btn-secondary btn-sm mt-1 consent-change\">Muuda n\u00f5usolekut<\/button>\n\t\t\t        <\/div>\n\t\t\t    <\/div>\n\t\t\t<\/div>\n<\/div><\/span><\/span>\n<\/div>\n<div>\n\t\u00a0\n<\/div>\n<div>\n\t<span style=\"font-size:16px\"><span style=\"font-family:Arial,Helvetica,sans-serif\"><div class=\"ratio ratio-16x9 mb-3\"><div class=\"video-placeholder-wrapper video-placeholder-wrapper--16x9\">\n\t\t\t    <div class=\"video-placeholder d-flex justify-content-center align-items-center\">\n\t\t\t        <div class=\"overlay text-white p-2 w-100 text-center d-block justify-content-center align-items-center\">\n\t\t\t            <div>Kolmandate osapoolte sisu n\u00e4gemiseks palun n\u00f5ustu k\u00fcpsistega.<\/div>\n\t\t\t            <button class=\"btn btn-secondary btn-sm mt-1 consent-change\">Muuda n\u00f5usolekut<\/button>\n\t\t\t        <\/div>\n\t\t\t    <\/div>\n\t\t\t<\/div>\n<\/div><\/span><\/span>\n<\/div>\n<div>\n\t\u00a0\n<\/div>\n<div>\n\t<span style=\"font-size:16px\"><span style=\"font-family:Arial,Helvetica,sans-serif\"><div class=\"ratio ratio-16x9 mb-3\"><div class=\"video-placeholder-wrapper video-placeholder-wrapper--16x9\">\n\t\t\t    <div class=\"video-placeholder d-flex justify-content-center align-items-center\">\n\t\t\t        <div class=\"overlay text-white p-2 w-100 text-center d-block justify-content-center align-items-center\">\n\t\t\t            <div>Kolmandate osapoolte sisu n\u00e4gemiseks palun n\u00f5ustu k\u00fcpsistega.<\/div>\n\t\t\t            <button class=\"btn btn-secondary btn-sm mt-1 consent-change\">Muuda n\u00f5usolekut<\/button>\n\t\t\t        <\/div>\n\t\t\t    <\/div>\n\t\t\t<\/div>\n<\/div><\/span><\/span>\n<\/div>\n<div>\n\t\u00a0\n<\/div>\n<div>\n\t<span style=\"font-size:16px\"><span style=\"font-family:Arial,Helvetica,sans-serif\"><div class=\"ratio ratio-16x9 mb-3\"><div class=\"video-placeholder-wrapper video-placeholder-wrapper--16x9\">\n\t\t\t    <div class=\"video-placeholder d-flex justify-content-center align-items-center\">\n\t\t\t        <div class=\"overlay text-white p-2 w-100 text-center d-block justify-content-center align-items-center\">\n\t\t\t            <div>Kolmandate osapoolte sisu n\u00e4gemiseks palun n\u00f5ustu k\u00fcpsistega.<\/div>\n\t\t\t            <button class=\"btn btn-secondary btn-sm mt-1 consent-change\">Muuda n\u00f5usolekut<\/button>\n\t\t\t        <\/div>\n\t\t\t    <\/div>\n\t\t\t<\/div>\n<\/div><\/span><\/span>\n<\/div>\n<div>\n\t\u00a0\n<\/div>\n<div>\n\t<span style=\"font-size:16px\"><span style=\"font-family:Arial,Helvetica,sans-serif\"><div class=\"ratio ratio-16x9 mb-3\"><div class=\"video-placeholder-wrapper video-placeholder-wrapper--16x9\">\n\t\t\t    <div class=\"video-placeholder d-flex justify-content-center align-items-center\">\n\t\t\t        <div class=\"overlay text-white p-2 w-100 text-center d-block justify-content-center align-items-center\">\n\t\t\t            <div>Kolmandate osapoolte sisu n\u00e4gemiseks palun n\u00f5ustu k\u00fcpsistega.<\/div>\n\t\t\t            <button class=\"btn btn-secondary btn-sm mt-1 consent-change\">Muuda n\u00f5usolekut<\/button>\n\t\t\t        <\/div>\n\t\t\t    <\/div>\n\t\t\t<\/div>\n<\/div><\/span><\/span>\n<\/div>\n<div>\n\t\u00a0\n<\/div>\n<div>\n\t<span style=\"font-size:16px\"><span style=\"font-family:Arial,Helvetica,sans-serif\">Kastide projekteerimine\u00a0ja teostus\u00a0Tajuruum O\u00dc.\u00a0Projekti rahastavad Tartu linn ning Tartu \u00dclikooli loodusmuuseum ja botaanikaaed.<\/span><\/span>\n<\/div>\n","protected":false},"excerpt":{"rendered":"<p>Niidukastid on n\u00fc\u00fcdsest Tartu \u00dclikooli botaanikaaia promenaadil. \u00a0 Sel aastal oleme Tartusse v\u00e4lja pannud kuus audiovisuaalselt niidukasti. Kastid aitavad paremini t\u00e4hele panna loodust linnas ja\u00a0pakuvad m\u00f5tteainet liigirikkuse h\u00e4vinemise teemal. V\u00e4hem kasulikud pole ka\u00a0uued\u00a0teadmised\u00a0ja saadud r\u00f5\u00f5m eri koosluste avastamisest.\u00a0 \u00a0 \u00a0 &#8230;<\/p>\n","protected":false},"author":54,"featured_media":0,"parent":0,"menu_order":0,"comment_status":"closed","ping_status":"closed","template":"","meta":{"_acf_changed":false,"inline_featured_image":false,"footnotes":""},"class_list":["post-78","page","type-page","status-publish","hentry"],"acf":[],"_links":{"self":[{"href":"https:\/\/sisu.ut.ee\/loodusfestival\/wp-json\/wp\/v2\/pages\/78","targetHints":{"allow":["GET"]}}],"collection":[{"href":"https:\/\/sisu.ut.ee\/loodusfestival\/wp-json\/wp\/v2\/pages"}],"about":[{"href":"https:\/\/sisu.ut.ee\/loodusfestival\/wp-json\/wp\/v2\/types\/page"}],"author":[{"embeddable":true,"href":"https:\/\/sisu.ut.ee\/loodusfestival\/wp-json\/wp\/v2\/users\/54"}],"replies":[{"embeddable":true,"href":"https:\/\/sisu.ut.ee\/loodusfestival\/wp-json\/wp\/v2\/comments?post=78"}],"version-history":[{"count":1,"href":"https:\/\/sisu.ut.ee\/loodusfestival\/wp-json\/wp\/v2\/pages\/78\/revisions"}],"predecessor-version":[{"id":628,"href":"https:\/\/sisu.ut.ee\/loodusfestival\/wp-json\/wp\/v2\/pages\/78\/revisions\/628"}],"wp:attachment":[{"href":"https:\/\/sisu.ut.ee\/loodusfestival\/wp-json\/wp\/v2\/media?parent=78"}],"curies":[{"name":"wp","href":"https:\/\/api.w.org\/{rel}","templated":true}]}}