{"id":77,"date":"2024-04-04T00:29:05","date_gmt":"2024-04-03T21:29:05","guid":{"rendered":"https:\/\/sisu.ut.ee\/loodusfestival\/loodusvaatluste-maraton-202020\/"},"modified":"2024-04-04T00:36:15","modified_gmt":"2024-04-03T21:36:15","slug":"loodusvaatluste-maraton-202020","status":"publish","type":"page","link":"https:\/\/sisu.ut.ee\/loodusfestival\/loodusvaatluste-maraton-202020\/","title":{"rendered":"Loodusvaatluste maraton 2020"},"content":{"rendered":"<p>\n\t<strong><img loading=\"lazy\" decoding=\"async\" alt=\"\" height=\"328\" src=\"https:\/\/sisu.ut.ee\/wp-content\/uploads\/sites\/123\/loodusvaatluste_maraton_kodulehele_700x292.png\" width=\"786\"><\/strong>\n<\/p>\n<p dir=\"ltr\" id=\"docs-internal-guid-3d9ae48c-7fff-1a20-fe15-7a3d597dbeba\">\n\t<strong>Kolmas \u00fcle-eestiline loodusvaatluste maraton toimus\u00a06.\u20137. juunil 2020. 24 tunni jooksul tegid loodushuvilised \u00fcle 4600 loodusvaatluse, mis on n\u00e4htavad\u00a0<a data-url=\"https:\/\/elurikkus.ee\/projects\/loodusvaatluste-maraton-2020\" href=\"https:\/\/elurikkus.ee\/projects\/loodusvaatluste-maraton-2020\" target=\"_blank\" title=\"\" rel=\"noopener\">Elurikkuse andmeportaalis<\/a>.\u00a0<\/strong>\n<\/p>\n<p dir=\"ltr\">\n\tMaratoni eeskuju on rahvusvaheline vaatlusformaat BioBlitz: kindlas paigas ja ajavahemikul tuvastatakse nii palju looma-, taime- ja seeneliike kui v\u00f5imalik.\u00a0\n<\/p>\n<p dir=\"ltr\">\n\t<strong><a data-url=\"https:\/\/youtu.be\/1Q_iE4pfflU?t=1\" href=\"https:\/\/youtu.be\/1Q_iE4pfflU?t=1\" target=\"_blank\" title=\"\" rel=\"noopener\">Vaata Loodusvaatluste maratoni \u00f5ppevideot.\u00a0<\/a><\/strong>\n<\/p>\n<p dir=\"ltr\">\n\t***\n<\/p>\n<p>\n\t<strong>6.\u20137. juunil 2020 toimus kolmas \u00fcle-eestiline loodusvaatluste maraton. 24 tunni jooksul tegid loodushuvilised \u00fcle 4600 loodusvaatluse, mis on n\u00e4htavad\u00a0<a data-url=\"https:\/\/elurikkus.ee\/projects\/loodusvaatluste-maraton-2020\" href=\"https:\/\/elurikkus.ee\/projects\/loodusvaatluste-maraton-2020\" target=\"_blank\" title=\"\" rel=\"noopener\">Elurikkuse andmeportaalis<\/a>.\u00a0J\u00e4rgmine Loodusvaatluste maraton toimub juunis 2021!<\/strong>\n<\/p>\n<p>\n\tEnim liike,\u00a0<strong>396\u00a0taksonit<\/strong>, kogusid Villu Soon ja Jelle Devalez Raadi looduskaitsealal Tartus. See on \u00fchtlasi vaatlusmaratoni ajaloos \u00fchelt alalt leitud\u00a0<strong>liikide rekord<\/strong>. Neile j\u00e4rgnesid 284 liigiga Raplamaal Kuusiku aleviku loodushuvilised. Senine erinevate liikide rekord, 382 liiki, p\u00fcsis 2018. aastast Kuusiku vaatlejate k\u00e4es. \u00dcle 200 liigi m\u00e4rgati veel Vaibla (271 liiki) ja Vastseliina (252 liiki) vaatlusaladel. \u00dcle viiesaja vaatluse tehti neljas maakonnas:\u00a0L\u00e4\u00e4ne-Viru-, Rapla-, Tartu- ja Viljandimaal.\n<\/p>\n<p>\n\tTaimevaatlusi kogunes ligi 2500 ja linde \u00fcle 950 (2019. a taimevaatlusi 1800, linnuvaatlusi 735). Putukaid vaadeldi 806 korral. Teisi r\u00fchmi vaadeldi juba oluliselt v\u00e4hem, kuigi tegelikult v\u00f5ib tegemist olla looduses sagedasti kohatavate organismir\u00fchmadega, nagu n\u00e4iteks teod, keda vaadeldi ainult 38 korda v\u00f5i imetajad, keda vaadeldi 57 korda. \u00a0\n<\/p>\n<p>\n\tLoodusvaatlustega alustajad kui ka juba kogenud vaatlejad armastavad enim taimi ja linde vaadelda. Neid liigir\u00fchmi on ka k\u00f5ige lihtsam vaadelda. Taimed ei jookse eest \u00e4ra ja linnud reedavad end \u00fcsna h\u00e4\u00e4lekalt. Enim vaadeldud taimeliigid olid\u00a0<strong>k\u00fclmamailane<\/strong>\u00a0(34 vaatlust),\u00a0<strong>naat<\/strong>\u00a0(33),\u00a0<strong>k\u00f5rven\u00f5ges<\/strong>\u00a0(31),\u00a0<strong>metsmaasikas<\/strong>\u00a0(27) ja\u00a0<strong>harilik maikelluke<\/strong>\u00a0(26). Enim vaadeldud linnuliigid:\u00a0<strong>metsvint<\/strong>\u00a0(38),\u00a0<strong>mustr\u00e4stas<\/strong>\u00a0(32),\u00a0<strong>v\u00e4ike-lehelind ehk silksolk<\/strong>\u00a0(30),\u00a0<strong>rasvatihane<\/strong>\u00a0(25). N\u00e4hti ka \u00f6\u00f6linde \u2013 kahel korral\u00a0<strong>kodukakku<\/strong>. Kuna oli ka v\u00e4ga sobiv aeg\u00a0<strong>\u00f6\u00f6bik<\/strong>ulaulu kuulmiseks, siis seda liiki kohati 24 korral. Imetajatest n\u00e4hti tuntud liike nagu\u00a0<strong>metskits, saarmas, metsnugis, kobras ja mink.<\/strong>\n<\/p>\n<p>\n\tPutukaliigid olid \u00fcsna \u00fchtlaselt jaotunud ja palju oli liike, keda n\u00e4hti vaid 2 v\u00f5i 3 korda. Siiski torkasid m\u00f5ned liigid rohkem silma, n\u00e4iteks\u00a0<strong>triiplutikat<\/strong>\u00a0n\u00e4hti 12 korral \u2013 ilmselt t\u00e4nu oma punase-mustatriibulisele v\u00e4limusele ongi ta kergemini tabatav ja ka p\u00f5nev liik. Teistest liikidest n\u00e4hti sagedamini veel\u00a0<strong>marjalutikat, p\u00f5ldkimalast, s\u00fcdat\u00e4hn-pehmekoort, v\u00f5rkvaksikut ja sadulliidrikku<\/strong>. Kuna putukaliigid v\u00f5ivad olla aktiivsed \u00fcsna l\u00fchikesel ajavahemikul, siis ilmselt m\u00f5ni n\u00e4dal varem v\u00f5i hiljem oleks saanud teistsugused tulemused. \u00d6\u00f6liblika vaatlejate saak j\u00e4i sel korral \u00fcsna kesiseks. Valgustatud linasid p\u00fcstitati nii Eesti l\u00f5una- kui p\u00f5hjaosas, aga valge \u00f6\u00f6ga oli keeruline neid sinna maanduma panna.\u00a0\n<\/p>\n<p>\n\tSel aastal oli m\u00f5ni asi teisti, kui eelnevatel maratonidel. Viljandimaal Vaiblas ja V\u00f5rumaal Vastseliinas said paljud linnud endale ka r\u00f5ngad jala \u00fcmber, et ornitoloogid saaksid rohkem infot nende liikumise kohta.\u00a0Et looduse vaatlemisest saaksid osa ka need, kes ise loodusesse ei j\u00f5udnud, siis tehti vaatlusaladelt ka otsel\u00fclitusi, mida sai internetis j\u00e4lgida. Videosilla vahendusel said inimesed rohkem teada V\u00f5rumaa P\u00e4hni ja Vastseliina ning Tallinna Lasnam\u00e4e panga vaatlusaladel toimuvast.\u00a0\n<\/p>\n<p>\n\tVaatlusmaratoni korraldasid 2020. aastal Tartu \u00dclikooli loodusmuuseum ja botaanikaaed, kaaskorraldajad olid portaal Linnuvaatleja, mitmed loodusharidust edendavad asutused ja vabatahtlikud \u00fcle Eesti. Auhindadega toetasid Matsalu loodusfilmide festival, ajakiri Eesti Loodus, Eesti Loodusmuuseum, Tallinna Botaanikaaed, RMK Elistvere loomapark, Pernova Loodusmaja, Sagadi Looduskool.\u00a0\n<\/p>\n<p>\n\tSuur t\u00e4nu k\u00f5ikidele toetajatele, vaatlusalade koordinaatoritele, liigiekspertidele ja vaatlejatele!\u00a0\n<\/p>\n<p>\n\t2019. aasta maratoni\u00a0<a data-url=\"http:\/\/loodusfestival.ee\/lvm2019\" href=\"http:\/\/loodusfestival.ee\/lvm2019\" target=\"_blank\" title=\"\" rel=\"noopener\">tulemused<\/a>.\u00a0<br>2018. aasta maratoni\u00a0<a data-url=\"http:\/\/loodusfestival.ee\/lvm2018\" href=\"http:\/\/loodusfestival.ee\/lvm2018\" target=\"_blank\" title=\"\" rel=\"noopener\">tulemused<\/a>.\u00a0\n<\/p>\n<p>\n\t<strong><a data-url=\"\/loodusfestival\/www.facebook.com\/LoodusvaatlusteMaraton\" href=\"\/loodusfestival\/www.facebook.com\/LoodusvaatlusteMaraton\" target=\"_blank\" title=\"\" rel=\"noopener\">www.facebook.com\/LoodusvaatlusteMaraton<\/a><br><a data-url=\"\/loodusfestival\/www.instagram.com\/loodusvaatluste.maraton\" href=\"\/loodusfestival\/www.instagram.com\/loodusvaatluste.maraton\" target=\"_blank\" title=\"\" rel=\"noopener\">www.instagram.com\/loodusvaatluste.maraton<\/a><\/strong><br>#LoodusvaaltusteMaraton<br>\u00a0<br>Lisainfo:<br>Veljo Runnel<br>520 6108<br>veljo.runnel@ut.ee<\/p>\n","protected":false},"excerpt":{"rendered":"<p>Kolmas \u00fcle-eestiline loodusvaatluste maraton toimus\u00a06.\u20137. juunil 2020. 24 tunni jooksul tegid loodushuvilised \u00fcle 4600 loodusvaatluse, mis on n\u00e4htavad\u00a0Elurikkuse andmeportaalis.\u00a0 Maratoni eeskuju on rahvusvaheline vaatlusformaat BioBlitz: kindlas paigas ja ajavahemikul tuvastatakse nii palju looma-, taime- ja seeneliike kui v\u00f5imalik.\u00a0 Vaata Loodusvaatluste &#8230;<\/p>\n","protected":false},"author":54,"featured_media":0,"parent":0,"menu_order":0,"comment_status":"closed","ping_status":"closed","template":"","meta":{"_acf_changed":false,"inline_featured_image":false,"footnotes":""},"class_list":["post-77","page","type-page","status-publish","hentry"],"acf":[],"_links":{"self":[{"href":"https:\/\/sisu.ut.ee\/loodusfestival\/wp-json\/wp\/v2\/pages\/77","targetHints":{"allow":["GET"]}}],"collection":[{"href":"https:\/\/sisu.ut.ee\/loodusfestival\/wp-json\/wp\/v2\/pages"}],"about":[{"href":"https:\/\/sisu.ut.ee\/loodusfestival\/wp-json\/wp\/v2\/types\/page"}],"author":[{"embeddable":true,"href":"https:\/\/sisu.ut.ee\/loodusfestival\/wp-json\/wp\/v2\/users\/54"}],"replies":[{"embeddable":true,"href":"https:\/\/sisu.ut.ee\/loodusfestival\/wp-json\/wp\/v2\/comments?post=77"}],"version-history":[{"count":1,"href":"https:\/\/sisu.ut.ee\/loodusfestival\/wp-json\/wp\/v2\/pages\/77\/revisions"}],"predecessor-version":[{"id":629,"href":"https:\/\/sisu.ut.ee\/loodusfestival\/wp-json\/wp\/v2\/pages\/77\/revisions\/629"}],"wp:attachment":[{"href":"https:\/\/sisu.ut.ee\/loodusfestival\/wp-json\/wp\/v2\/media?parent=77"}],"curies":[{"name":"wp","href":"https:\/\/api.w.org\/{rel}","templated":true}]}}