{"id":75,"date":"2024-04-04T00:29:05","date_gmt":"2024-04-03T21:29:05","guid":{"rendered":"https:\/\/sisu.ut.ee\/loodusfestival\/fotokonkurss-metsik-linn-2\/"},"modified":"2024-04-04T00:36:15","modified_gmt":"2024-04-03T21:36:15","slug":"fotokonkurss-metsik-linn-2","status":"publish","type":"page","link":"https:\/\/sisu.ut.ee\/loodusfestival\/fotokonkurss-metsik-linn-2\/","title":{"rendered":"Fotokonkurss &#8220;Metsik linn&#8221;"},"content":{"rendered":"<p>\n\t<img loading=\"lazy\" decoding=\"async\" alt=\" \" data-file_info=\"%7B%22fid%22:%2245467%22,%22view_mode%22:%22default%22,%22type%22:%22media%22%7D\" height=\"351\" src=\"https:\/\/sisu.ut.ee\/wp-content\/uploads\/sites\/123\/ml_reklaam2020_lf_620x300.png\" title=\" T\u00e4navuse fotokonkursi reklaamplakatil on kasutatud eelmise aasta v\u00f5idut\u00f6\u00f6d. Foto autor on Tanel Kindsigo.\" width=\"819\">\n<\/p>\n<p>\n\t<br><b>Loodusfestivali<\/b><b>\u00a0<\/b><b>ainulaadse linnalooduse\u00a0<\/b><b>fotokonkurs<\/b><b>i<\/b><b>\u00a0<\/b><b>\u201eMetsik linn\u201c<\/b><b>\u00a0<\/b><b>v\u00f5itis sel aastal M\u00e4rt Puust t\u00f6\u00f6ga \u201eKohanemine\u201c. Laste ja noorte kategoorias valiti parimaks Liselle Paltsi foto \u201eVaata, kuhu astud!\u201c.<\/b>\n<\/p>\n<p>\n\tLoodusfestivali fotokonkurss \u201eMetsik linn\u201c kutsub inimesi linnaloodusele rohkem t\u00e4helepanu p\u00f6\u00f6rama ja j\u00e4\u00e4dvustama hetki l\u00e4bi kaamerasilma. Sel aastal laekus konkursile 171 t\u00f6\u00f6d, millest 47 olid laste ja noorte tehtud fotod. Fotokonkursile sai t\u00f6id esitada 1.04\u201320.05.2020.\n<\/p>\n<p>\n\tKonkursile saadetud t\u00f6id hindas \u017e\u00fcrii, kuhu kuulusid professionaalsed fotograafid ja oma ala eksperdid. K\u00f5ik \u017e\u00fcrii liikmed t\u00f5id hindamisel esile keerulise dilemma \u2013 leida fotodel tasakaal linna ja looduse vahel ja samas hinnata vormistust ja kvaliteeti. \u201eEks k\u00f5ige t\u00fc\u00fcpilisem k\u00fcsimus on alati see, kas pildil on m\u00f5lemad asjad lugu r\u00e4\u00e4kimas \u2013 linn ja loodus. Ka linnas saab teha m\u00f5ne looma- v\u00f5i linnuportree nii, et linna ennast pildile enam ei j\u00e4\u00e4. Kuid selgem lugu ilmub pildile ikka siis, kui need asjad on kombineerituna,\u201c r\u00e4\u00e4kis bioloog ja loodusfotograaf\u00a0<b>Urmas Tartes<\/b>.\n<\/p>\n<p>\n\t<b>Piret Eensoo<\/b>\u00a0t\u00f5i v\u00e4lja, et sel aastal oli tase m\u00f5nev\u00f5rra tugevam kui varem. \u201eEnamasti oli m\u00f5eldud ka pildiallkirjale, mis tervikut luues m\u00f5nel juhul minult ka parema hinde t\u00f5i. Mulle meeldis humoorikas l\u00e4henemine, mida on n\u00e4ha ka auhinnatud t\u00f6\u00f6de hulgas, aga selliseid pilte oli veelgi. Oli ka neid pilte, mis olid igati vahvad hetked looduses, aga kus minu jaoks pisut puudulikuks j\u00e4i seos linnaga, isegi kui pilt v\u00f5is olla tehtud keset suurt linna,\u201c lisas Eensoo.\n<\/p>\n<p>\n\tSellel aastal esinelikusse tulnud auhinnatud t\u00f6\u00f6d olid v\u00f5rdselt v\u00e4ga tugevad konkurendid. V\u00f5idut\u00f6\u00f6 \u201eKohanemine\u201c sai \u017e\u00fcriilt \u00fchiselt k\u00f5rgeid punkte. \u201eIdeaalne tabamus ja otse teemasse ning seda k\u00f5ike mitte k\u00f5ige kergemate olude juures nagu h\u00e4marduv valgus,\u201c seletas \u017e\u00fcrii liige\u00a0<b>Kaisa Keizars-Aron<\/b>, kes t\u00f5i v\u00e4lja v\u00f5idufoto tugevad k\u00fcljed ja lisas, et konkursi v\u00f5itis k\u00f5ige tugevam t\u00f6\u00f6.\n<\/p>\n<p>\n\t<img loading=\"lazy\" decoding=\"async\" alt=\"V\u00f5idut\u00f6\u00f6 \u201eKohanemine\u201c. Autor M\u00e4rt Puust.\" data-file_info=\"%7B%22fid%22:%2252399%22,%22view_mode%22:%22default%22,%22type%22:%22media%22%7D\" height=\"2268\" src=\"https:\/\/sisu.ut.ee\/wp-content\/uploads\/sites\/123\/mart_puust_kohanemine.jpg\" title=\"V\u00f5idut\u00f6\u00f6 \u201eKohanemine\u201c. Autor M\u00e4rt Puust.\" width=\"4032\">\n<\/p>\n<p>\n\tV\u00f5idufoto autor\u00a0<b>M\u00e4rt Puust<\/b>\u00a0meenutas m\u00f6\u00f6dunud aasta esimesel advendil kohtumist p\u00f5dravasikaga ja \u00fctles, et j\u00e4\u00e4dvustas hetke nutitelefoniga: \u201eN\u00e4gime teda juba kaugelt ja leppisime abikaasaga kokku, et tema j\u00e4\u00e4b koeraga ja ma katsun l\u00e4hemale p\u00e4\u00e4seda. Vaikselt see \u00f5nnestuski ja ta ei kohkunud sugugi, vaid j\u00e4tkas rohu nosimist ning aeg-ajalt vaatas ka minu poole ja p\u00fc\u00fcdis l\u00f5hnasid. Lisaks piltidele sai ka paar videoklippi temast \u00fcles v\u00f5etud. Vahendiks seekord nutitelefon Samsung S10 mini. Kahjuks oli see ka viimane kord, kui teda seal kohtasime. Loodame v\u00e4ga, et ta leidis endale m\u00f5ne rahulikuma elupaiga\u201c.\n<\/p>\n<p>\n\tLaste ja noorte kategoorias hinnati parimaks\u00a0<b>Liselle Paltsi<\/b>\u00a0t\u00f6\u00f6 \u201eVaata, kuhu astud!\u201c. \u201eSee t\u00f6\u00f6 paistis kohe silma,\u201c s\u00f5nas\u00a0<b>Kerttu Taggo<\/b>. Samuti Piret Eensoo kommenteeris, et v\u00f5itnud foto \u00fcllatab vaatajat: \u201eSisuliselt ei olegi ju pildil justkui midagi, aga samas on k\u00f5ik olemas \u2013 nii loodus kui linn ja see on vahvalt vormistatud\u201c. \u017d\u00fcrii liige Kaisa Keizars-Aron julgustas noort fotograafi, kellel on k\u00f5ik eeldused olemas, alaga edasi tegelema. Liselle Paltsi teine t\u00f6\u00f6 \u201eKoduaias\u201c saavutas konkursil kolmanda koha.\n<\/p>\n<p>\n\tFotokonkursi v\u00f5idufotosid saab juunis ja juulis n\u00e4ha virtuaalselt Tartu \u00dclikooli loodusmuuseumi Facebooki lehel ja Instagrami kontol. Samuti avaneb v\u00f5imalus parimate t\u00f6\u00f6dega tutvuda Loodusfestivalil, mis toimub sel aastal augustikuus. Esineliku v\u00f5idut\u00f6\u00f6d laste ja noorte ning \u00fcldarvestuse kategoorias saavad p\u00e4rjatud auhindadega, mille on v\u00e4lja pannud PhotoPoint, Salibar, Petrone Print, Viru Folk, Cotton ning Tartu \u00dclikooli loodusmuuseum ja botaanikaaed.\n<\/p>\n<p>\n\t<b>Linnalooduse fotokonkurss \u201eMetsik linn\u201c kuulub Loodusfestivali programmi<\/b>, mis sel aastal toimub erandkorras p\u00f5his\u00fcndmustega\u00a0<b>6.<\/b><b>\u2012<\/b><strong>8<\/strong><b>. augustil<\/b>. Loodusfestivali korraldab Tartu \u00dclikooli loodusmuuseum ja botaanikaaed.\n<\/p>\n<p>\n\tFotosid hinnati\u00a0kahes vanuser\u00fchmas: lapsed ja noored (kuni 15-aastased, k.a) ning \u00fcldarvestus, kus osav\u00f5tjate vanus ei ole piiratud.\u00a0Esitatud fotosid hindas\u00a0kuueliikmeline \u017e\u00fcrii, kuhu sel aastal kuulusid\u00a0<strong>Piret Eensoo<\/strong>,\u00a0<strong>Rene Jakobson<\/strong>,\u00a0<strong>Kaisa Keizars-Aron<\/strong>,\u00a0<strong>Ingmar Muusikus<\/strong>,\u00a0<strong>Kerttu Taggo<\/strong>\u00a0ja\u00a0<strong>Urmas Tartes<\/strong>.<br>\u00a0\n<\/p>\n<p>\n\t<a data-url=\"http:\/\/veeb.ut.ee\/photo-contest\/contests\/linnalooduse-fotokonkurss-metsik-linn-2020-ueldarvestus\" href=\"http:\/\/veeb.ut.ee\/photo-contest\/contests\/linnalooduse-fotokonkurss-metsik-linn-2020-ueldarvestus\" target=\"_blank\" title=\"\" rel=\"noopener\"><strong>V\u00f5idut\u00f6\u00f6d \u00fcldkategoorias:<\/strong><\/a><br>1. koht \u2013 M\u00e4rt Puust \u201eKohanemine\u201c<br>2. koht \u2013 Mikhail Kapychka \u201eMiljonid liblikad\u201c<br>3. koht \u2013 Annika Ratt \u201eMa hoian lippu k\u00f5rgel!\u201c<br>4. koht \u2013 Meelis Riisenberg \u201eVabandage, kes teist on viimane?\u201c\n<\/p>\n<p>\n\t<strong><a data-url=\"http:\/\/veeb.ut.ee\/photo-contest\/contests\/linnalooduse-fotokonkurss-metsik-linn-2020-lapsed-ja-noored\" href=\"http:\/\/veeb.ut.ee\/photo-contest\/contests\/linnalooduse-fotokonkurss-metsik-linn-2020-lapsed-ja-noored\" target=\"_blank\" title=\"\" rel=\"noopener\">V\u00f5idut\u00f6\u00f6d laste ja noorte kategoorias:<\/a><\/strong><br>1. koht \u2013 Liselle Palts \u201eVaata, kuhu astud!\u201c<br>2. koht \u2013 Joosep Ailiste \u201eUue elu algus\u201c<br>3. koht \u2013 Liselle Palts \u201eKoduaias\u201c<br>4. koht \u2013 Annika R\u00e4\u00e4bis \u201eEesti Energia inspektor\u201c<br>\u00a0\n<\/p>\n<p>\n\t<b>Palju \u00f5nne v\u00f5itjatele ja suur t\u00e4nu k\u00f5igile osav\u00f5tjatele!<\/b>\n<\/p>\n<p>\n\t<strong>V\u00f5idut\u00f6id saad sirvida fotokonkursi lehel\u00a0<a data-url=\"https:\/\/metsiklinn.ut.ee\/photo-contest\/contests\" href=\"https:\/\/metsiklinn.ut.ee\/photo-contest\/contests\" target=\"_blank\" title=\"\" rel=\"noopener\">SIIN<\/a>!<br>Vaata ka videogaleriid\u00a0<a href=\"https:\/\/www.facebook.com\/natmuseum\/videos\/611162562851766\/?eid=ARCLANAcrVoOMchTrkOLyXhFCSQswyx8qUHjnOHlEY0PtloENER2xLSNUFZ_aKI3RjK-oQrJ7DAV4eqH\">Facebooki lehel<\/a>.<\/strong>\n<\/p>\n<p>\n\t<strong>AUHINDADESSE PANUSTASID:\u00a0<a data-url=\"https:\/\/www.photopoint.ee\" href=\"https:\/\/www.photopoint.ee\" target=\"_blank\" title=\"\" rel=\"noopener\">PhotoPoint<\/a>,\u00a0<a data-url=\"https:\/\/www.salibar.ee\" href=\"https:\/\/www.salibar.ee\" target=\"_blank\" title=\"\" rel=\"noopener\">Salibar<\/a>,\u00a0<a data-url=\"https:\/\/petroneprint.ee\" href=\"https:\/\/petroneprint.ee\" target=\"_blank\" title=\"\" rel=\"noopener\">Petrone Print<\/a>,\u00a0<a data-url=\"https:\/\/www.virufolk.ee\" href=\"https:\/\/www.virufolk.ee\" target=\"_blank\" title=\"\" rel=\"noopener\">Viru Folk<\/a>\u00a0ja\u00a0<a data-url=\"https:\/\/www.facebook.com\/eecotton\/\" href=\"https:\/\/www.facebook.com\/eecotton\/\" target=\"_blank\" title=\"\" rel=\"noopener\">Cotton<\/a>.<\/strong>\n<\/p>\n<p>\n\t\u00a0\n<\/p>\n<p>\n\t<img loading=\"lazy\" decoding=\"async\" alt=\"Auhindadesse panustajad\" data-file_info=\"%7B%22fid%22:%2246015%22,%22view_mode%22:%22default%22,%22type%22:%22media%22%7D\" height=\"109\" src=\"https:\/\/sisu.ut.ee\/wp-content\/uploads\/sites\/123\/logod_loodusfoto_auhinnad.png\" title=\"\" width=\"737\">\n<\/p>\n<p>\n\t\u00a0\n<\/p>\n<p>\n\t<strong>PhotoPoint<\/strong>\u00a0pani \u00fcldarvestuse peav\u00f5itjale v\u00e4lja vabalt valitud foto- ja\/v\u00f5i videotehnika tasuta laenutamise v\u00f5imaluse (nimekiri:\u00a0<a href=\"http:\/\/www.photopoint.ee\/rent\">www.photopoint.ee\/rent<\/a>) kuni 1 n\u00e4dalaks. Esikolmikusse tulnud laste ja noorte v\u00f5idut\u00f6\u00f6d p\u00e4rjatakse kinkekaartidega, millega saab Eesti suurimast fotograafia-alasest \u00f5pikeskkonnast\u00a0<a href=\"http:\/\/www.fotokursus.ee\/\">www.fotokursus.ee<\/a>\u00a0vabalt valida \u00fche tasuta fotokursuse (v.a sooduskomplektid ja kinkekaardid.). Kas pole mitte fantastiline?\n<\/p>\n<p>\n\t<strong>Tr\u00fckifirma Salibar<\/strong>\u00a0lubas esikoha v\u00f5idut\u00f6\u00f6d nii \u00fcld- kui ka laste ja noorte arvestuses suures formaadis v\u00e4lja tr\u00fckkida. Milline tore j\u00e4\u00e4dvustus seinale!\n<\/p>\n<p>\n\t<strong>Kirjastus Petrone Print<\/strong>\u00a0pistis iga v\u00f5itja kingikotti \u00fche\u00a0raamatu, et suvel rannas lesides v\u00f5i looduses uidates puhkehetkedel igavus peale ei t\u00fckiks.\n<\/p>\n<p>\n\t<strong>Cotton<\/strong>\u00a0kingib igale v\u00f5itjale m\u00f5nusa m\u00fctsi, et looduses k\u00f5rvad soojas oleks v\u00f5i rannas p\u00e4ikesepistet ei saaks.\n<\/p>\n<p>\n\t<strong>Viru Folk<\/strong>\u00a0annab v\u00f5imaluse osa saada suvisest heatujulisest muusikafestivalist K\u00e4smus, kus sel aastal saab Norra viiside j\u00e4rgi jalga keerutada.<\/p>\n","protected":false},"excerpt":{"rendered":"<p>Loodusfestivali\u00a0ainulaadse linnalooduse\u00a0fotokonkursi\u00a0\u201eMetsik linn\u201c\u00a0v\u00f5itis sel aastal M\u00e4rt Puust t\u00f6\u00f6ga \u201eKohanemine\u201c. Laste ja noorte kategoorias valiti parimaks Liselle Paltsi foto \u201eVaata, kuhu astud!\u201c. Loodusfestivali fotokonkurss \u201eMetsik linn\u201c kutsub inimesi linnaloodusele rohkem t\u00e4helepanu p\u00f6\u00f6rama ja j\u00e4\u00e4dvustama hetki l\u00e4bi kaamerasilma. Sel aastal laekus konkursile &#8230;<\/p>\n","protected":false},"author":54,"featured_media":0,"parent":0,"menu_order":0,"comment_status":"closed","ping_status":"closed","template":"","meta":{"_acf_changed":false,"inline_featured_image":false,"footnotes":""},"class_list":["post-75","page","type-page","status-publish","hentry"],"acf":[],"_links":{"self":[{"href":"https:\/\/sisu.ut.ee\/loodusfestival\/wp-json\/wp\/v2\/pages\/75","targetHints":{"allow":["GET"]}}],"collection":[{"href":"https:\/\/sisu.ut.ee\/loodusfestival\/wp-json\/wp\/v2\/pages"}],"about":[{"href":"https:\/\/sisu.ut.ee\/loodusfestival\/wp-json\/wp\/v2\/types\/page"}],"author":[{"embeddable":true,"href":"https:\/\/sisu.ut.ee\/loodusfestival\/wp-json\/wp\/v2\/users\/54"}],"replies":[{"embeddable":true,"href":"https:\/\/sisu.ut.ee\/loodusfestival\/wp-json\/wp\/v2\/comments?post=75"}],"version-history":[{"count":1,"href":"https:\/\/sisu.ut.ee\/loodusfestival\/wp-json\/wp\/v2\/pages\/75\/revisions"}],"predecessor-version":[{"id":631,"href":"https:\/\/sisu.ut.ee\/loodusfestival\/wp-json\/wp\/v2\/pages\/75\/revisions\/631"}],"wp:attachment":[{"href":"https:\/\/sisu.ut.ee\/loodusfestival\/wp-json\/wp\/v2\/media?parent=75"}],"curies":[{"name":"wp","href":"https:\/\/api.w.org\/{rel}","templated":true}]}}