{"id":74,"date":"2024-04-04T00:29:05","date_gmt":"2024-04-03T21:29:05","guid":{"rendered":"https:\/\/sisu.ut.ee\/loodusfestival\/festivali-kava\/"},"modified":"2024-04-04T00:36:15","modified_gmt":"2024-04-03T21:36:15","slug":"festivali-kava","status":"publish","type":"page","link":"https:\/\/sisu.ut.ee\/loodusfestival\/festivali-kava\/","title":{"rendered":"Festivali kava 06.\u201308.08.2020"},"content":{"rendered":"<p>\n\t<img loading=\"lazy\" decoding=\"async\" width=\"1160\" height=\"1494\" class=\"alignnone wp-image-203\" src=\"https:\/\/sisu.ut.ee\/wp-content\/uploads\/sites\/123\/kava2020.png\" title=\"kava2020.png\" alt=\"kava2020\" srcset=\"https:\/\/sisu.ut.ee\/wp-content\/uploads\/sites\/123\/kava2020.png 1160w, https:\/\/sisu.ut.ee\/wp-content\/uploads\/sites\/123\/kava2020-233x300.png 233w, https:\/\/sisu.ut.ee\/wp-content\/uploads\/sites\/123\/kava2020-795x1024.png 795w, https:\/\/sisu.ut.ee\/wp-content\/uploads\/sites\/123\/kava2020-768x989.png 768w\" sizes=\"auto, (max-width: 1160px) 100vw, 1160px\">\n<\/p>\n<p>\n\t<strong>Neljap\u00e4ev, 6. august\u00a0<\/strong>\n<\/p>\n<p>\n\t<strong>TARTU<\/strong>\u00a0<br><strong>7.00\u20138.00<\/strong>\u00a0linnuhommik Toomem\u00e4el. Eesti Ornitoloogia\u00fching\u00a0<br><strong>11.00\u201312.00<\/strong>\u00a0kuraatorituur Urmas Dreseni ja Katrin Savom\u00e4giga n\u00e4itusel \u201cValge mandri kutse \u2013 Admiral Bellingshauseni mereretk\u201d Tartu \u00dclikooli loodusmuuseumis. Osalemine muuseumipiletiga\u00a0<br><strong>14.00\u201316.00<\/strong>\u00a0arutelufoorum \u201cLoodus linnas v\u00f5i linn looduses?\u201d Tartu \u00dclikooli botaanikaaias. Vestlusringis osalevad Ott Maidre, Aveliina Helm, Maie Kiisel, Inga Kiudorff.<br><strong>16.00\u201317.00<\/strong>\u00a0ekskursioon putuktolmeldajatest Tartu \u00dclikooli botaanikaaias. Juhendavad Villu Soon ja Margit Hirv.<br><strong>17.00\u201321.00\u00a0<\/strong>Matsalu Loodusfilmide Festivali programm Tartu Loodusmajas.\u00a0<em>Filmi\u00f5htutel osalemine on tasuta, kuid huvilistel palume\u00a0end eelregistreerida<\/em><em>!<\/em>\n<\/p>\n<p dir=\"ltr\" style=\"margin-left: 40px\">\n\t<span style=\"font-size:11px\"><strong>17.00 Kassi Amsterdam<\/strong>\u00a0\/\u00a0<em>Catwalk (Wild Amsterdam)<\/em>, \u202fHolland \u2013 86 min<br>\u017d\u00fcrii eriauhind Matsalu loodusfilmide festivalil.\u00a0Filmij\u00e4rgset vestlust veab ja k\u00fcsimustele vastab linnu\u00f6koloog Marko M\u00e4gi.\u00a0<a data-url=\"https:\/\/www.youtube.com\/watch?v=a7s8wGkqtHQ\" href=\"https:\/\/www.youtube.com\/watch?v=a7s8wGkqtHQ\" target=\"_blank\" title=\"\" rel=\"noopener\">Vaata tutvustavat treilerit!<\/a>\u00a0<\/span>\n<\/p>\n<p dir=\"ltr\" style=\"margin-left: 40px\">\n\t<span style=\"font-size:11px\"><strong>19.00 Seks, valed ja liblikad<\/strong>\u00a0\/\u00a0<em>Sex, Lies and Butterflies,\u00a0<\/em>\u202fAustria \u2013 50 min<br>Parima montaa\u017e auhind Matsalu loodusfilmide festivalil.\u00a0Filmij\u00e4rgset vestlust veab ja k\u00fcsimustele vastab bioloog ja loodusfotograaf Urmas Tartes.\u00a0<a data-url=\"https:\/\/www.youtube.com\/watch?v=3Cz4-0fldbc\" href=\"https:\/\/www.youtube.com\/watch?v=3Cz4-0fldbc\" target=\"_blank\" title=\"\" rel=\"noopener\">Vaata tutvustavat treilerit!<\/a><\/span>\n<\/p>\n<p dir=\"ltr\" style=\"margin-left: 40px\">\n\t<span style=\"font-size:11px\"><strong>20.30 Bioko kadunud kuningad<\/strong>\u00a0\/<strong>\u00a0<\/strong><em>Lost Kings of Bioko<\/em>,\u00a0\u202fSaksamaa \u2013 56 min<br>\u017d\u00fcrii \u00e4ram\u00e4rkimine Matsalu loodusfilmide festivalil.\u00a0Filmij\u00e4rgset vestlust veab ja k\u00fcsimustele vastab bioloog ja loodusfotograaf Urmas Tartes.\u00a0<a data-url=\"https:\/\/www.youtube.com\/watch?v=kP-Y9vZmd74\" href=\"https:\/\/www.youtube.com\/watch?v=kP-Y9vZmd74\" target=\"_blank\" title=\"\" rel=\"noopener\">Vaata tutvustavat treilerit!<\/a><\/span>\n<\/p>\n<p dir=\"ltr\">\n\t<strong>18.30\u201320.00<\/strong>\u00a0rollim\u00e4ng \u201cAasta ilma p\u00e4ikeseta\u201d Tartu Loodusmajas. MT\u00dc Peipsi Koost\u00f6\u00f6 Keskus, Eesti Roheline Liikumine.\u00a0<em>Eelregistreerimisega!<\/em><br><strong>22.00\u201323.30<\/strong>\u00a0nahkhiireretk Emaj\u00f5el, algus Sisevete Saatkonnas. MT\u00dc J\u00f5e- ja J\u00e4rvehuntide Akadeemia\u00a0\n<\/p>\n<p>\n\t<strong>TALLINN<\/strong>\u00a0<br><strong>12.00\u201313.30<\/strong>\u00a0sissejuhatus samblike maailma. Jalutusk\u00e4ik Tallinna botaanikaaias Liis Marmori juhendamisel\u00a0\n<\/p>\n<p>\n\t___\n<\/p>\n<p>\n\t<strong>Reede, 7. august\u00a0<\/strong>\n<\/p>\n<p>\n\t<strong>TARTU<\/strong>\u00a0<br><strong>14.00\u201317.00<\/strong>\u00a0jalgrattamatk \u201cElurikas Tartu\u201d. Tartu \u00dcli\u00f5pilaste Looduskaitsering, Eestimaa Looduse Fond\u00a0<br><strong>17.00\u201321.00<\/strong>\u00a0Matsalu Loodusfilmide Festivali programm Tartu Loodusmajas.\u00a0<em>Filmi\u00f5htutel osalemine on tasuta, kuid huvilistel palume\u00a0end eelregistreerida!<\/em>\n<\/p>\n<p style=\"margin-left: 40px\">\n\t<span style=\"font-size:11px\"><strong>17.00 Vesineid<\/strong>\u00a0\/\u00a0<em>Maiden of the lake<\/em>, Soome \u2013 74 min\u00a0<br>\u017d\u00fcrii eriauhind Matsalu loodusfilmide festivalil.\u00a0Filmij\u00e4rgset vestlust veab ja k\u00fcsimustele vastab ornitoloog Leho Luiguj\u00f5e.\u00a0<a data-url=\"https:\/\/www.youtube.com\/watch?v=TaueHdORJvs\" href=\"https:\/\/www.youtube.com\/watch?v=TaueHdORJvs\" target=\"_blank\" title=\"\" rel=\"noopener\">Vaata tutvustavat treilerit!<\/a><\/span>\n<\/p>\n<p dir=\"ltr\" style=\"margin-left: 40px\">\n\t<span style=\"font-size:11px\"><strong>18.30 Luikede kadumise saladus\u00a0<\/strong>\/\u00a0<em>Swans: Mystery of the Missing<\/em>, \u202fSuurbritannia \u2013\u00a060\u00a0min\u00a0<br>Keskkonnaamet ja Matsalu rahvuspargi eriauhind Matsalu loodusfilmide festivalil.\u00a0Filmij\u00e4rgset vestlust veab ja k\u00fcsimustele vastab ornitoloog, v\u00e4ikeluikede uurija ja filmi konsultant Leho Luiguj\u00f5e.<\/span>\n<\/p>\n<p dir=\"ltr\" style=\"margin-left: 40px\">\n\t<span style=\"font-size:11px\"><strong>20.00\u00a0 67\u00ba 49\u2019 32\u2019\u2019 P\u00f5hi<\/strong>\u00a0\/\u00a0<em>67\u00ba 49\u2019 32\u2019\u2019\u00a0North<\/em>,\u202f T\u00fcrgi \u2013 56 min\u00a0<br>\u017d\u00fcrii \u00e4ram\u00e4rkimine Matsalu loodusfilmide festivalil.\u00a0Filmij\u00e4rgset vestlust veab ja k\u00fcsimustele vastab loodusfilmide re\u017eiss\u00f6\u00f6r Remek Meel.\u00a0<a data-url=\"https:\/\/www.youtube.com\/watch?v=YijtbqS7wms\" href=\"https:\/\/www.youtube.com\/watch?v=YijtbqS7wms\" target=\"_blank\" title=\"\" rel=\"noopener\">Vaata tutvustavat treilerit!<\/a><\/span>\n<\/p>\n<p dir=\"ltr\">\n\t<strong>19.00\u201320.00<\/strong>\u00a0\u00d6\u00f6\u00fclikooli avalik salvestus \u201cDigitaalselt loodusesse?\u201d Emaj\u00f5e Lodjakojas.<em>\u00a0Kohtade piirarv on\u00a0t\u00e4itunud! S\u00fcndmusel palume osaleda vaid eelregistreerunutel.<\/em>\n<\/p>\n<p>\n\t<strong>TALLINN<\/strong>\u00a0<br><strong>6.30\u20138.30<\/strong>\u00a0varahommikused ekskursioonid Tallinna Loomaaias.\u00a0<em>Grupid on t\u00e4itunud!<\/em><br><strong>12.00\u201313.30<\/strong>\u00a0ekskursioon looduslikust taimestikust Tallinna botaanikaaias Urmas Laansoo ja T\u00f5nu R\u00e4hni juhendamisel\u00a0\n<\/p>\n<p>\n\t___\n<\/p>\n<p>\n\t<strong>Laup\u00e4ev, 8. august\u00a0<\/strong>\n<\/p>\n<p>\n\t<strong>TARTU<\/strong>\u00a0<br><strong>12.00\u201316.00<\/strong>\u00a0Linnalooduse p\u00e4ev Keskpargis\u00a0\n<\/p>\n<p>\n\tLOODUSFESTIVALI LINNALOODUSE P\u00c4EVA KAVA<br>8. august kell 12:00\u201316:00\n<\/p>\n<ul>\n<li>\n\t\t12:00 Avas\u00f5nad \u2013 abilinnapea Gea Kangilaski ja Loodusfestivali projektijuht Veljo Runnel\n\t<\/li>\n<li>\n\t\t13:00\u201313:15 Tartu maheaed. Avo Rosenvald: nikatiga niitmisest ja vikatiga \u00fcmberk\u00e4imisest\n\t<\/li>\n<li>\n\t\t13:15\u201313:25 Tartu maheaed. Mika Ker\u00e4nen: algaja maheaedniku kogemusi\n\t<\/li>\n<li>\n\t\t13:30\u201314:00 Linnalooduse fotokonkursi \u201cMetsik linn\u201d esikohtade autasustamine ja galerii avamine\n\t<\/li>\n<li>\n\t\t14:00\u201314:30 Abeli m\u00e4lum\u00e4ng\n\t<\/li>\n<\/ul>\n<p>\n\tT\u00f6\u00f6toad:\n<\/p>\n<ul>\n<li>\n\t\t12.30\u201314.00 Tartu Maheaed \u201cTee endale s\u00f6\u00f6davate \u2019juustega\u2019 taimepotike\u201d\n\t<\/li>\n<li>\n\t\t14.30\u201315.30 Tartu Maheaed \u201cKasvata ise\u00a0\u00e4mbrikartuleid\u201d\n\t<\/li>\n<li>\n\t\t15:00\u201316:00 ESC t\u00f6\u00f6tuba \u201cLooduslike v\u00e4rvide valmistamine\u201d\n\t<\/li>\n<\/ul>\n<p>\n\tTerve p\u00e4eva jooksul erinevad tegevused ja v\u00e4ljapanekud telkides:\u00a0<br>Tartu \u00dclikool (loodusmuuseum ja botaanikaaed, Tartu observatoorium, \u00d6koloogia ja maateaduste instituudi botaanika osakond,\u202fEestimaa Looduse Fond ja Natura 2000, Eesti Ornitoloogia\u00fching, European Solidarity Corps Collaboration Project, Keskkonnaamet, Loodusajakiri, O\u00dc \u00d5\u00c4, Peipsi Koost\u00f6\u00f6 Keskus, Tartu 2024, Tartu Maa\u00fclikool, Tartu Maheaed\u00a0\n<\/p>\n<p>\n\tP\u00e4eva juhib Marko M\u00e4gi\n<\/p>\n<p>\n\t<strong>17.00\u201319.00<\/strong>\u00a0<a data-url=\"https:\/\/sisu.ut.ee\/loodusfestival\/linnuj\u00e4mm\" href=\"https:\/\/sisu.ut.ee\/loodusfestival\/linnuj%C3%A4mm\" target=\"_blank\" title=\"\" rel=\"noopener\">Linnuj\u00e4mm Tartu \u00dclikooli botaanikaaias\u00a0<\/a><br>Esinevad muusikud-heliloojad Andres Roots, Ekke V\u00e4strik, Maimu J\u00f5geda, Malle Maltis ja\u00a0Marta-Liisa Talvet, luuleridu seavad poeedid Berit Petolai, Hanneleele Kaldmaa, H\u00e4nil\u00e4ne, Maarja P\u00e4rtna, Mathura ja Timo Maran.<\/p>\n<p><strong>TALLINN<\/strong>\u00a0<br><strong>12.00\u201313.30<\/strong>\u00a0ekskursioon looduslikust taimestik Tallinna botaanikaaias Urmas Laansoo ja T\u00f5nu R\u00e4hni juhendamisel\u00a0<br><strong>15.00\u201316.00<\/strong>\u00a0ekskursioon Tallinna loomaaia mesilasse. <em>Eelregistreerimisega!<\/em><br><strong>18.00\u201318:45\u00a0<\/strong>Loomaj\u00e4mm Tallinna loomaaias. Improvisatsiooniteater Impeerium.<br><strong>19.00\u201321:00\u00a0<\/strong>Hilis\u00f5htused ekskursioonid.\u00a0<em>Eelregistreerimisega!<\/em>\n<\/p>\n<p>\n\t___\n<\/p>\n<p>\n\t<strong>N\u00e4itused:<\/strong>\u00a0\u201dKuues laine\u201d Tartu Loodusmajas, \u201cValge mandri kutse \u2013 Admiral Bellingshauseni mereretk\u201d Tartu \u00dclikooli loodusmuuseumis, linnalooduse fotokonkursi \u201cMetsik linn\u201d parimad t\u00f6\u00f6d ja foton\u00e4itus putuktolmeldajatest Tartu \u00dclikooli botaanikaaias, \u201cMaailm seljakotis. 100 aastat loodusteaduslikke ekspeditsioone\u201d Sagadi m\u00f5isas, \u201cElurikas Emaj\u00f5gi\u201d Tallinna Loomaaias, \u201cHirmus kallis maap\u00f5u\u201d Eesti Kaevandusmuuseumis\n<\/p>\n<p>\n\t\u00a0\n<\/p>\n<p>\n\t<img loading=\"lazy\" decoding=\"async\" width=\"1200\" height=\"200\" class=\"alignnone wp-image-202\" src=\"https:\/\/sisu.ut.ee\/wp-content\/uploads\/sites\/123\/lf_linnabanner_2020.png\" title=\"lf_linnabanner_2020.png\" alt=\"Loodusfestival 2020\" srcset=\"https:\/\/sisu.ut.ee\/wp-content\/uploads\/sites\/123\/lf_linnabanner_2020.png 1200w, https:\/\/sisu.ut.ee\/wp-content\/uploads\/sites\/123\/lf_linnabanner_2020-300x50.png 300w, https:\/\/sisu.ut.ee\/wp-content\/uploads\/sites\/123\/lf_linnabanner_2020-1024x171.png 1024w, https:\/\/sisu.ut.ee\/wp-content\/uploads\/sites\/123\/lf_linnabanner_2020-768x128.png 768w\" sizes=\"auto, (max-width: 1200px) 100vw, 1200px\"><\/p>\n","protected":false},"excerpt":{"rendered":"<p>Neljap\u00e4ev, 6. august\u00a0 TARTU\u00a07.00\u20138.00\u00a0linnuhommik Toomem\u00e4el. Eesti Ornitoloogia\u00fching\u00a011.00\u201312.00\u00a0kuraatorituur Urmas Dreseni ja Katrin Savom\u00e4giga n\u00e4itusel \u201cValge mandri kutse \u2013 Admiral Bellingshauseni mereretk\u201d Tartu \u00dclikooli loodusmuuseumis. Osalemine muuseumipiletiga\u00a014.00\u201316.00\u00a0arutelufoorum \u201cLoodus linnas v\u00f5i linn looduses?\u201d Tartu \u00dclikooli botaanikaaias. Vestlusringis osalevad Ott Maidre, Aveliina Helm, Maie &#8230;<\/p>\n","protected":false},"author":54,"featured_media":0,"parent":0,"menu_order":0,"comment_status":"closed","ping_status":"closed","template":"","meta":{"_acf_changed":false,"inline_featured_image":false,"footnotes":""},"class_list":["post-74","page","type-page","status-publish","hentry"],"acf":[],"_links":{"self":[{"href":"https:\/\/sisu.ut.ee\/loodusfestival\/wp-json\/wp\/v2\/pages\/74","targetHints":{"allow":["GET"]}}],"collection":[{"href":"https:\/\/sisu.ut.ee\/loodusfestival\/wp-json\/wp\/v2\/pages"}],"about":[{"href":"https:\/\/sisu.ut.ee\/loodusfestival\/wp-json\/wp\/v2\/types\/page"}],"author":[{"embeddable":true,"href":"https:\/\/sisu.ut.ee\/loodusfestival\/wp-json\/wp\/v2\/users\/54"}],"replies":[{"embeddable":true,"href":"https:\/\/sisu.ut.ee\/loodusfestival\/wp-json\/wp\/v2\/comments?post=74"}],"version-history":[{"count":1,"href":"https:\/\/sisu.ut.ee\/loodusfestival\/wp-json\/wp\/v2\/pages\/74\/revisions"}],"predecessor-version":[{"id":632,"href":"https:\/\/sisu.ut.ee\/loodusfestival\/wp-json\/wp\/v2\/pages\/74\/revisions\/632"}],"wp:attachment":[{"href":"https:\/\/sisu.ut.ee\/loodusfestival\/wp-json\/wp\/v2\/media?parent=74"}],"curies":[{"name":"wp","href":"https:\/\/api.w.org\/{rel}","templated":true}]}}