{"id":73,"date":"2024-04-04T00:29:05","date_gmt":"2024-04-03T21:29:05","guid":{"rendered":"https:\/\/sisu.ut.ee\/loodusfestival\/loodusfestival-2020\/"},"modified":"2024-04-16T00:34:37","modified_gmt":"2024-04-15T21:34:37","slug":"loodusfestival-2020","status":"publish","type":"page","link":"https:\/\/sisu.ut.ee\/loodusfestival\/loodusfestival-2020\/","title":{"rendered":"Loodusfestival 2020"},"content":{"rendered":"<figure class=\"wp-block-image is-resized\"><img loading=\"lazy\" decoding=\"async\" width=\"619\" height=\"349\" src=\"https:\/\/sisu.ut.ee\/wp-content\/uploads\/sites\/123\/veebibanner600x349_3_rgb.png\" alt=\"Loodusfestival 2020\" class=\"wp-image-200\" style=\"width:1126px;height:auto\" title=\"veebibanner600x349_3_rgb.png\" srcset=\"https:\/\/sisu.ut.ee\/wp-content\/uploads\/sites\/123\/veebibanner600x349_3_rgb.png 619w, https:\/\/sisu.ut.ee\/wp-content\/uploads\/sites\/123\/veebibanner600x349_3_rgb-300x169.png 300w\" sizes=\"auto, (max-width: 619px) 100vw, 619px\"><\/figure>\n\n\n\n<div style=\"height:30px\" aria-hidden=\"true\" class=\"wp-block-spacer\"><\/div>\n\n\n\n<p><strong>Loodusfestival 2020 kutsus k\u00f5iki digitaalselt loodusesse<\/strong><\/p>\n\n\n\n<p>\u00dcha enam kasutavad inimesed looduses liikudes ja selle avastamiseks digitaalseid seadmeid. Telefoniga info talletamine ei ole enam ammu uudiseks, fotoaparaatidest ja diktofonidest r\u00e4\u00e4kimata. Matkaradade ja puhkamise v\u00f5imaluste kohta teabe saamiseks, enese positsioneerimiseks aga ka meid \u00fcmbritseva kohta andmete ja muu info saamiseks kasutame samuti igap\u00e4evaselt k\u00e4ep\u00e4raseid digilahendusi. Digiv\u00f5imalustest inspireerituna on ka 2020. aasta Loodusfestivali teemaks \u201eDigitaalselt loodusesse\u201c.<\/p>\n\n\n\n<p>Digiloodus pakub palju enamat ning ei ole pelgalt ekraanilt vastu vaatav loom, taim v\u00f5i seen andmebaasis. Nutirakendused loovad t\u00e4iesti uusi v\u00f5imalusi elus- ja eluta looduse uurimiseks, tundma \u00f5ppimiseks ja s\u00e4ilitamiseks v\u00f5i ka taaselustamiseks. Digiloodusega avame looduse seni peidetud tahud. Loodusfestival kutsub k\u00f5iki digitaalselt loodusesse.<\/p>\n\n\n\n<p>Loodusfestival \u201eDigitaalselt loodusesse\u201c toimus 6.\u20138.\u00a0augustil 2020. Seoses Covid-19 leviku ja Eestis kehtinud eriolukorra t\u00f5ttu otsustas festivali korraldusmeeskond esialgselt juunisse planeeritud festivali avaliku programmi ja linnalooduse p\u00e4eva edasi l\u00fckata.<\/p>\n","protected":false},"excerpt":{"rendered":"<p>Loodusfestival 2020 kutsus k\u00f5iki digitaalselt loodusesse \u00dcha enam kasutavad inimesed looduses liikudes ja selle avastamiseks digitaalseid seadmeid. Telefoniga info talletamine ei ole enam ammu uudiseks, fotoaparaatidest ja diktofonidest r\u00e4\u00e4kimata. Matkaradade ja puhkamise v\u00f5imaluste kohta teabe saamiseks, enese positsioneerimiseks aga ka &#8230;<\/p>\n","protected":false},"author":54,"featured_media":0,"parent":0,"menu_order":0,"comment_status":"closed","ping_status":"closed","template":"","meta":{"_acf_changed":false,"inline_featured_image":false,"footnotes":""},"class_list":["post-73","page","type-page","status-publish","hentry"],"acf":[],"_links":{"self":[{"href":"https:\/\/sisu.ut.ee\/loodusfestival\/wp-json\/wp\/v2\/pages\/73","targetHints":{"allow":["GET"]}}],"collection":[{"href":"https:\/\/sisu.ut.ee\/loodusfestival\/wp-json\/wp\/v2\/pages"}],"about":[{"href":"https:\/\/sisu.ut.ee\/loodusfestival\/wp-json\/wp\/v2\/types\/page"}],"author":[{"embeddable":true,"href":"https:\/\/sisu.ut.ee\/loodusfestival\/wp-json\/wp\/v2\/users\/54"}],"replies":[{"embeddable":true,"href":"https:\/\/sisu.ut.ee\/loodusfestival\/wp-json\/wp\/v2\/comments?post=73"}],"version-history":[{"count":3,"href":"https:\/\/sisu.ut.ee\/loodusfestival\/wp-json\/wp\/v2\/pages\/73\/revisions"}],"predecessor-version":[{"id":839,"href":"https:\/\/sisu.ut.ee\/loodusfestival\/wp-json\/wp\/v2\/pages\/73\/revisions\/839"}],"wp:attachment":[{"href":"https:\/\/sisu.ut.ee\/loodusfestival\/wp-json\/wp\/v2\/media?parent=73"}],"curies":[{"name":"wp","href":"https:\/\/api.w.org\/{rel}","templated":true}]}}