{"id":72,"date":"2024-04-04T00:29:05","date_gmt":"2024-04-03T21:29:05","guid":{"rendered":"https:\/\/sisu.ut.ee\/loodusfestival\/legulus\/"},"modified":"2024-04-04T00:36:15","modified_gmt":"2024-04-03T21:36:15","slug":"legulus","status":"publish","type":"page","link":"https:\/\/sisu.ut.ee\/loodusfestival\/legulus\/","title":{"rendered":"Legulus"},"content":{"rendered":"<div>\n\t<span style=\"font-family:Arial,Helvetica,sans-serif\"><span style=\"font-size:16px\"><strong>LEGULUS<\/strong> on loodusvaatluste sisestamise abivahend, mida saab kasutada nii arvutis kui ka nutiseadmes. Legulus on Loodusvaatluste maratoni soovituslik vaatlusvahend. <\/span><\/span>\n<\/div>\n<div>\n\t\u00a0\n<\/div>\n<div>\n\t<span style=\"font-family:Arial,Helvetica,sans-serif\"><span style=\"font-size:16px\">K\u00f5ik sisestatud ja liigiekspertide poolt kinnitatud vaatlused j\u00f5uavad <\/span><\/span><a title=\"\" href=\"https:\/\/elurikkus.ee\/projects\/loodusvaatluste-maraton-2020\" target=\"_blank\" data-url=\"https:\/\/elurikkus.ee\/projects\/loodusvaatluste-maraton-2020\" rel=\"noopener\">eElurikkuse andmeportaali<\/a><span style=\"font-family:Arial,Helvetica,sans-serif\"><span style=\"font-size:16px\">. <\/span><\/span>\n<\/div>\n<div>\n\t<br><span style=\"font-family:Arial,Helvetica,sans-serif\"><span style=\"font-size:16px\">Legulus avaneb k\u00f5igis veebilehitsejates, kui tippida aadressireale <strong>legulus.tools<\/strong>.<br>Toetatud veebilehitsejad on:<br>Arvuti \u2013 uusimad Chrome, Firefox ja Safari.<br>Android \u2013 uusimad Chrome ja Firefox.<br>iOS \u2013 Safari 10.0 ja uuemad versioonid. <\/span><\/span>\n<\/div>\n<hr>\n<div>\n\t<span style=\"font-family:Arial,Helvetica,sans-serif\"><span style=\"font-size:16px\"><strong>Vaata videojuhendeid<\/strong>, kuidas Legulust kasutada v\u00f5i j\u00e4rgi allpool kirjeldatud samme. K\u00fcsimuste tekkimisel v\u00f5ta \u00fchendust Loodusvaatluste maratoni korraldajatega.<\/span><\/span>\n<\/div>\n<div>\n\t<span style=\"font-family:Arial,Helvetica,sans-serif\"><span style=\"font-size:16px\"><strong><a title=\"\" href=\"https:\/\/www.youtube.com\/watch?v=4P4hX_XEsFY&amp;list=PLFKStVEMVBGvgqbsaJEmDeno_imy-_bq3&amp;index=2\" target=\"_blank\" data-url=\"https:\/\/www.youtube.com\/watch?v=4P4hX_XEsFY&amp;list=PLFKStVEMVBGvgqbsaJEmDeno_imy-_bq3&amp;index=2\" rel=\"noopener\">Pikk videojuhend<\/a><\/strong> (8:50)<\/span><\/span>\n<\/div>\n<div>\n\t<span style=\"font-family:Arial,Helvetica,sans-serif\"><span style=\"font-size:16px\"><strong><a title=\"\" href=\"https:\/\/www.youtube.com\/watch?v=jZeklVBYiTc\" target=\"_blank\" data-url=\"https:\/\/www.youtube.com\/watch?v=jZeklVBYiTc\" rel=\"noopener\">L\u00fchijuhend<\/a><\/strong> (3:04)<\/span><\/span>\n<\/div>\n<div>\n\t<br><span style=\"font-family:Arial,Helvetica,sans-serif\"><span style=\"font-size:16px\"><strong>Leguluse kasutajanime loomine, seadete muutmine<\/strong><br>1. Loo endale PlutoF kasutaja kas <a title=\"\" href=\"https:\/\/legulus.tools\/#\/\" target=\"_blank\" data-url=\"https:\/\/legulus.tools\/#\/\" rel=\"noopener\">legulus.tools<\/a> v\u00f5i <a title=\"\" href=\"https:\/\/plutof.ut.ee\/#\/register\" target=\"_blank\" data-url=\"https:\/\/plutof.ut.ee\/#\/register\" rel=\"noopener\">PlutoFi lehel<\/a>, kinnita e-postile saabunud kasutaja aktiveerimise kiri.<br>2. Kirjuta veebilehitseja aadressireale legulus.tools ja logi enda kasutajaga sisse.<br>3. Muuda seaded:<br>\u2013 Luba projekti valimine, siis on v\u00f5imalik vaatlused loodusvaatluste maratoni raames sisestada. \u201cVaikimisi projekti\u201d reale kirjuta \u00dcle-eestiline loodusvaatluste maraton 2020, siis salvestuvad k\u00f5ik vaatlused vaikimisi selle projekti alt.<br>\u2013 Luba vaatlejate \/ kogujate valikut. Vajalik, kui teete vaatluseid mitmekesi.<br>\u2013 Luba tavanimede sisestamist, vali ainult kohalikud Eesti liigid.<br>\u2013 L\u00fclita v\u00e4lja: \u201cpiira taksoni valik tasemeni\u201d. N\u00fc\u00fcd saad sisestada ka vaatlusi, mida liigini m\u00e4\u00e4rata ei oska. Foto- v\u00f5i helisalvestuse olemasolul m\u00e4\u00e4ravad liigi andmeportaali eElurikkus eksperdid.<br>\u2013 L\u00fclita v\u00e4lja: proovi ja eksemplari valik, sest neid ei ole loodusvaatluste maratoni ajal tarvis.<\/span><\/span>\n<\/div>\n<div>\n\t\u00a0\n<\/div>\n<div>\n\t<span style=\"font-family:Arial,Helvetica,sans-serif\"><span style=\"font-size:16px\"><strong>Vaatluse lisamine<\/strong><br>1. Asukoht: asukoha m\u00e4\u00e4ramist lubavas telefonis ilmub automaatselt. Asukohta saab valida v\u00f5i t\u00e4psustada ka kaardil.<\/span><\/span>\n<\/div>\n<div>\n\t<span style=\"font-family:Arial,Helvetica,sans-serif\"><span style=\"font-size:16px\">2. Kuup\u00e4ev ja kellaaeg ilmub automaatselt. Kui sisestad vaatlusi hiljem, siis muuda vastavalt kuup\u00e4eva ja kellaaega.<br>3. Projekt: \u00dcle-eestiline loodusvaatluste maraton 2020.<br>4. Takson: kirjuta liigi nimi v\u00f5i kui liigini ise m\u00e4\u00e4rata ei oska, siis k\u00f5rgema taksoni nimi (nagu n\u00e4iteks linnud v\u00f5i mardikalised).<br>5. Lisa vaatlusele ka foto (kui on).<br>6. Salvesta vaatlus ja saada see pilvekujulisele nupule vajutades \u00e4ra. Saadetud vaatlus pole enam loendis n\u00e4htav.\u00a0<\/span><\/span>\n<\/div>\n<div>\n\t\u00a0\n<\/div>\n<div>\n\t<span style=\"font-family:Arial,Helvetica,sans-serif\"><span style=\"font-size:16px\"><strong>NB! <\/strong>Kui teed vaatlusi suurema seltskonnaga v\u00f5i juhendad vaatlusretke, palume vaatlejatena \u00fcles loetleda k\u00f5ik inimesed, kellel on PlutoF kasutajanimi. Palume v\u00f5imalusel v\u00e4ltida olukorda, kus sama liigivaatluse sisestavad k\u00f5ik vaatlusseltskonna inimesed eraldi.\u00a0 <\/span><\/span>\n<\/div>\n<div>\n\t\u00a0\n<\/div>\n<div>\n\t<span style=\"font-family:Arial,Helvetica,sans-serif\"><span style=\"font-size:16px\">Kui oled oma <strong>parooli unustanud<\/strong>, siis selle saab taastada <strong><a title=\"\" href=\"https:\/\/plutof.ut.ee\/#\/login\" target=\"_blank\" data-url=\"https:\/\/plutof.ut.ee\/#\/login\" rel=\"noopener\">PlutoFi kodulehel<\/a><\/strong>.\u00a0 <\/span><\/span>\n<\/div>\n<p>\n\t<span style=\"font-family:Arial,Helvetica,sans-serif\"><span style=\"font-size:16px\">Kui Leguluse kasutamisel esineb t\u00f5rkeid, siis kirjutage<strong> <a href=\"mailto:support@plutof.ut.ee\">support@plutof.ut.ee<\/a><\/strong>. Lisage kirjale ka ekraanikuva.\u00a0<\/span><\/span>\n<\/p>\n<p>\n\t<span style=\"font-family:Arial,Helvetica,sans-serif\"><span style=\"font-size:16px\">Maratoni ajal 6.-7. juunil, saab vaatluste sisestamise t\u00f5rgete korral abi:\u00a0<\/span><\/span>\n<\/p>\n<p>\n\t<span style=\"font-size:15px\"><span style=\"font-family:Arial,Helvetica,sans-serif\">Veljo Runnel\u00a0<\/span>5206108<\/span>\n<\/p>\n<p>\n\t<span style=\"font-size:15px\"><span style=\"font-family:Arial,Helvetica,sans-serif\">Allan Zirk\u00a0<\/span>56647442<\/span>\n<\/p>\n<p>\n\t\u00a0<\/p>\n","protected":false},"excerpt":{"rendered":"<p>LEGULUS on loodusvaatluste sisestamise abivahend, mida saab kasutada nii arvutis kui ka nutiseadmes. Legulus on Loodusvaatluste maratoni soovituslik vaatlusvahend. \u00a0 K\u00f5ik sisestatud ja liigiekspertide poolt kinnitatud vaatlused j\u00f5uavad eElurikkuse andmeportaali. Legulus avaneb k\u00f5igis veebilehitsejates, kui tippida aadressireale legulus.tools.Toetatud veebilehitsejad on:Arvuti &#8230;<\/p>\n","protected":false},"author":54,"featured_media":0,"parent":0,"menu_order":0,"comment_status":"closed","ping_status":"closed","template":"","meta":{"_acf_changed":false,"inline_featured_image":false,"footnotes":""},"class_list":["post-72","page","type-page","status-publish","hentry"],"acf":[],"_links":{"self":[{"href":"https:\/\/sisu.ut.ee\/loodusfestival\/wp-json\/wp\/v2\/pages\/72","targetHints":{"allow":["GET"]}}],"collection":[{"href":"https:\/\/sisu.ut.ee\/loodusfestival\/wp-json\/wp\/v2\/pages"}],"about":[{"href":"https:\/\/sisu.ut.ee\/loodusfestival\/wp-json\/wp\/v2\/types\/page"}],"author":[{"embeddable":true,"href":"https:\/\/sisu.ut.ee\/loodusfestival\/wp-json\/wp\/v2\/users\/54"}],"replies":[{"embeddable":true,"href":"https:\/\/sisu.ut.ee\/loodusfestival\/wp-json\/wp\/v2\/comments?post=72"}],"version-history":[{"count":1,"href":"https:\/\/sisu.ut.ee\/loodusfestival\/wp-json\/wp\/v2\/pages\/72\/revisions"}],"predecessor-version":[{"id":634,"href":"https:\/\/sisu.ut.ee\/loodusfestival\/wp-json\/wp\/v2\/pages\/72\/revisions\/634"}],"wp:attachment":[{"href":"https:\/\/sisu.ut.ee\/loodusfestival\/wp-json\/wp\/v2\/media?parent=72"}],"curies":[{"name":"wp","href":"https:\/\/api.w.org\/{rel}","templated":true}]}}