{"id":69,"date":"2024-04-04T00:29:05","date_gmt":"2024-04-03T21:29:05","guid":{"rendered":"https:\/\/sisu.ut.ee\/loodusfestival\/tartu\/"},"modified":"2024-04-04T00:36:15","modified_gmt":"2024-04-03T21:36:15","slug":"tartu","status":"publish","type":"page","link":"https:\/\/sisu.ut.ee\/loodusfestival\/tartu\/","title":{"rendered":"Loodusfestival Tartus"},"content":{"rendered":"<div>\n\t<span style=\"font-size:16px\"><span style=\"font-family:Arial,Helvetica,sans-serif\"><img loading=\"lazy\" decoding=\"async\" width=\"1665\" height=\"303\" class=\"alignnone wp-image-197\" src=\"https:\/\/sisu.ut.ee\/wp-content\/uploads\/sites\/123\/lf2019_13juuni_eelprogramm.png\" title=\"lf2019_13juuni_eelprogramm.png\" alt=\"lf2019_13juuni_eelprogramm.png\" srcset=\"https:\/\/sisu.ut.ee\/wp-content\/uploads\/sites\/123\/lf2019_13juuni_eelprogramm.png 1665w, https:\/\/sisu.ut.ee\/wp-content\/uploads\/sites\/123\/lf2019_13juuni_eelprogramm-300x55.png 300w, https:\/\/sisu.ut.ee\/wp-content\/uploads\/sites\/123\/lf2019_13juuni_eelprogramm-1024x186.png 1024w, https:\/\/sisu.ut.ee\/wp-content\/uploads\/sites\/123\/lf2019_13juuni_eelprogramm-768x140.png 768w, https:\/\/sisu.ut.ee\/wp-content\/uploads\/sites\/123\/lf2019_13juuni_eelprogramm-1536x280.png 1536w\" sizes=\"auto, (max-width: 1665px) 100vw, 1665px\"><strong>07.00\u201308.00 Linnulauluhommik\u00a0<\/strong>Toomem\u00e4el<\/span><\/span>\n<\/div>\n<div>\n\t<span style=\"font-size:16px\"><span style=\"font-family:Arial,Helvetica,sans-serif\">Hommikusel jalutusk\u00e4igul Toomem\u00e4el kuulame ja \u00f5pime tundma linnulaulu. Kes k\u00f5lab nagu ooperilaulja? Kes miksib osavalt eri stiile? Kes laulavad duetti? Juhendab ornitoloog Margus Ots. Oodatud on igas vanuses huvilised. Riietu vastavalt ilmale.\u00a0Tasuta. Korraldab Eesti Ornitoloogia\u00fching.<\/span><\/span>\n<\/div>\n<div>\n\t<span style=\"font-size:16px\"><span style=\"font-family:Arial,Helvetica,sans-serif\">Algus Inglisillal, v\u00f5imalusel kaasa binokkel.<\/span><\/span>\n<\/div>\n<div>\n\t\u00a0\n<\/div>\n<div>\n\t<span style=\"font-size:16px\"><span style=\"font-family:Arial,Helvetica,sans-serif\"><strong>22.30\u201300.00 Looduslodja nahkhiireretk\u00a0<\/strong>Sisevete saatkonnast<\/span><\/span>\n<\/div>\n<div>\n\t<span style=\"font-size:16px\"><span style=\"font-family:Arial,Helvetica,sans-serif\">Kas teadsid, kes Eesti imetajatest on inimese l\u00e4him sugulane? Nahkhiir loomulikult! Neil m\u00e4rkamatutel naabritel on v\u00e4ga p\u00f5nevad elukombed. Seilamegi Emaj\u00f5el, kuulame spetsiaalse h\u00e4\u00e4ledetektori abil j\u00f5e kohal toituvate nahkhiirte h\u00e4\u00e4li, m\u00e4\u00e4rame selle abil liike ning kuulame asjatundjate selgitusi eri liikide elukommete kohta. Lodjalael saab istuda lambanahkadel ning r\u00fc\u00fcbata kuuma teed! Looduslodja retki toetab KIK.<\/span><\/span>\n<\/div>\n<div>\n\t<span style=\"font-size:16px\"><span style=\"font-family:Arial,Helvetica,sans-serif\">T\u00e4ispilet 9 \u20ac, (\u00fcli)\u00f5pilased 6 \u20ac. Eelm\u00fc\u00fck\u00a0<a href=\"http:\/\/www.lodi.ee\/\">lodi.ee<\/a><\/span><\/span>\n<\/div>\n<div>\n\t\u00a0\n<\/div>\n<div>\n\t<span style=\"font-size:16px\"><span style=\"font-family:Arial,Helvetica,sans-serif\"><img loading=\"lazy\" decoding=\"async\" width=\"1665\" height=\"303\" class=\"alignnone wp-image-198\" src=\"https:\/\/sisu.ut.ee\/wp-content\/uploads\/sites\/123\/lf2019_14juuni.png\" title=\"lf2019_14juuni.png\" alt=\"lf2019_14juuni.png\" srcset=\"https:\/\/sisu.ut.ee\/wp-content\/uploads\/sites\/123\/lf2019_14juuni.png 1665w, https:\/\/sisu.ut.ee\/wp-content\/uploads\/sites\/123\/lf2019_14juuni-300x55.png 300w, https:\/\/sisu.ut.ee\/wp-content\/uploads\/sites\/123\/lf2019_14juuni-1024x186.png 1024w, https:\/\/sisu.ut.ee\/wp-content\/uploads\/sites\/123\/lf2019_14juuni-768x140.png 768w, https:\/\/sisu.ut.ee\/wp-content\/uploads\/sites\/123\/lf2019_14juuni-1536x280.png 1536w\" sizes=\"auto, (max-width: 1665px) 100vw, 1665px\"><\/span><\/span>\n<\/div>\n<div>\n\t<span style=\"font-size:16px\"><span style=\"font-family:Arial,Helvetica,sans-serif\"><strong>12.00\u201313.30 Rollim\u00e4ngu l\u00e4biviimise kiirkoolitus \u201cOhhoo, rollim\u00e4ng!\u201c\u00a0<\/strong>Tartu loodusmajas, Lille 10<\/span><\/span>\n<\/div>\n<div dir=\"ltr\">\n\t<span style=\"font-size:16px\"><span style=\"font-family:Arial,Helvetica,sans-serif\">Tutvustatakse LARP m\u00e4ngu (Live Action RolePlay Game) p\u00f5him\u00f5tteid \u00fcldiselt, r\u00e4\u00e4gitakse nende korraldamisest ja kasutamisest \u00f5ppemeetodina.<\/span><\/span>\n<\/div>\n<div dir=\"ltr\">\n\t<span style=\"font-size:16px\"><span style=\"font-family:Arial,Helvetica,sans-serif\">Tasuta. Registreerimine\u00a0<a href=\"http:\/\/www.ctc.ee\/\">ctc.ee<\/a><\/span><\/span>\n<\/div>\n<div dir=\"ltr\">\n\t\u00a0\n<\/div>\n<div dir=\"ltr\">\n\t<span style=\"font-size:16px\"><span style=\"font-family:Arial,Helvetica,sans-serif\"><strong>13.00\u201315.00 Vaatlusretk: taimed ja putukad Supilinnas<\/strong><\/span><\/span>\n<\/div>\n<div dir=\"ltr\">\n\t<span style=\"font-size:16px\"><span style=\"font-family:Arial,Helvetica,sans-serif\">Retk algab Tartu \u00dclikooli botaanikaaia peav\u00e4ravast.\u00a0Juhendavad Margit Hirv ja Veljo Runnel.<\/span><\/span>\n<\/div>\n<div dir=\"ltr\">\n\t<span style=\"font-size:16px\"><span style=\"font-family:Arial,Helvetica,sans-serif\">Vaatlusretk toimub loodusvaatluste maratoni Supilinna vaatluspunkti alal.<\/span><\/span>\n<\/div>\n<div dir=\"ltr\">\n\t\u00a0\n<\/div>\n<div dir=\"ltr\">\n<div>\n\t\t<span style=\"font-size:16px\"><span style=\"font-family:Arial,Helvetica,sans-serif\"><strong>13.00\u201316.30<\/strong>\u00a0<strong>Avatud juhendamine liikide m\u00e4\u00e4ramiseks <\/strong>T\u00e4htvere dendropargis<\/span><\/span>\n\t<\/div>\n<div>\n\t\t<span style=\"font-size:16px\"><span style=\"font-family:Arial,Helvetica,sans-serif\">Vaatlus toimub loodusvaatluste maratoni T\u00e4htvere dendropargi vaatluspunkti alal.<\/span><\/span>\n\t<\/div>\n<\/div>\n<div>\n\t\u00a0\n<\/div>\n<div>\n\t<span style=\"font-size:16px\"><span style=\"font-family:Arial,Helvetica,sans-serif\"><strong>14.00\u201317.00 Keskkonna- ja m\u00fctoloogiateemalise rollim\u00e4ngu \u201eMis seal toimub?\u201c m\u00e4ngimine\u00a0<\/strong>Tartu loodusmajas, Lille 10<\/span><\/span>\n<\/div>\n<div>\n\t<span style=\"font-size:16px\"><span style=\"font-family:Arial,Helvetica,sans-serif\">LARP m\u00e4ngus simuleeritakse maavarade kaevandamise m\u00f5ju elanikele ning selle \u00fcmber k\u00e4ivat avalikku diskussiooni. M\u00e4ngule j\u00e4rgneb kestlike arengueesm\u00e4rkide tutvustus ja arutletakse milliseid samme saame t\u00e4na teha kestlikuma maailma heaks.\u00a0Ilusa ilma korral \u00f5ues.<\/span><\/span>\n<\/div>\n<div>\n\t<span style=\"font-size:16px\"><span style=\"font-family:Arial,Helvetica,sans-serif\">Tasuta. Registreerimine\u00a0<a href=\"http:\/\/www.ctc.ee\/\">ctc.ee<\/a><\/span><\/span>\n<\/div>\n<div>\n\t\u00a0\n<\/div>\n<div>\n<div>\n\t\t<span style=\"font-size:16px\"><span style=\"font-family:Arial,Helvetica,sans-serif\"><strong>15.00<\/strong>\u00a0<strong>Vaatlusretk\u00a0<\/strong>T\u00e4htvere dendropargis<\/span><\/span>\n\t<\/div>\n<div>\n\t\t<span style=\"font-size:16px\"><span style=\"font-family:Arial,Helvetica,sans-serif\">Retke juhendab Thea Kull. Vaatlusretk toimub loodusvaatluste maratoni T\u00e4htvere dendropargi vaatluspunkti alal.<\/span><\/span>\n\t<\/div>\n<div>\n\t\t\u00a0\n\t<\/div>\n<div>\n<div>\n\t\t\t<span style=\"font-size:16px\"><span style=\"font-family:Arial,Helvetica,sans-serif\"><strong>18.00\u00a0Loodusteemaline m\u00e4lum\u00e4ng\u00a0<\/strong>Tartu loodusmajas, Lille 10<\/span><\/span>\n\t\t<\/div>\n<div>\n\t\t\t<span style=\"font-size:16px\"><span style=\"font-family:Arial,Helvetica,sans-serif\">Tasuta. Kuni 5-liikmelised v\u00f5istkonnad.\u00a0Korraldab\u00a0Tartu \u00dcli\u00f5pilaste Looduskaitsering.<\/span><\/span>\n\t\t<\/div>\n<\/div>\n<\/div>\n<div>\n\t\u00a0\n<\/div>\n<div>\n\t<span style=\"font-size:16px\"><span style=\"font-family:Arial,Helvetica,sans-serif\"><strong>19.00 \u00d6\u00f6\u00fclikooli avalik salvestus\u00a0<\/strong>Tartu \u00dclikooli botaanikaaia seminariruumis<\/span><\/span>\n<\/div>\n<div>\n\t<span style=\"font-size:16px\"><span style=\"font-family:Arial,Helvetica,sans-serif\">\u00d6\u00f6\u00fclikooli salvestus teemal\u00a0\u201cP\u00e4randatud rikkus\u201d.\u00a0Tasuta. R\u00e4\u00e4givad Aveliina Helm ja Kalevi Kull.<\/span><\/span>\n<\/div>\n<div>\n\t<span style=\"font-size:16px\"><span style=\"font-family:Arial,Helvetica,sans-serif\">NB! Esialgne toimumisaeg oli kell 18. \u00d5ige on kell 19! Palume vabandust.<\/span><\/span>\n<\/div>\n<div>\n\t\u00a0\n<\/div>\n<div>\n\t<span style=\"font-size:16px\"><span style=\"font-family:Arial,Helvetica,sans-serif\"><strong>20.00\u201322.00 Loodusfestivali kanuumatk<\/strong><\/span><\/span>\n<\/div>\n<div>\n\t<span style=\"font-size:16px\"><span style=\"font-family:Arial,Helvetica,sans-serif\">M\u00f5nus \u00f5htune kanuus\u00f5it Emaj\u00f5el, kulgeme rahulikus tempos ning keskendume linnal\u00e4hedase looduse j\u00e4lgimisele (erilist t\u00e4helepanu p\u00f6\u00f6rame Tartu l\u00e4histel elutsevatele kobrastele). Meil on stabiilsed laia p\u00f5hjaga matkakanuud, mis naljalt \u00fcmber ei l\u00e4he, pealegi on Emaj\u00f5gi rahuliku vooluga, k\u00e4restikke v\u00f5i muid takistusi meie teele ei j\u00e4\u00e4.\u00a0Vali ilmale sobiv riietus ja arvesta, et kanda tuleb ka p\u00e4\u00e4stevesti.<\/span><\/span>\n<\/div>\n<div>\n\t<span style=\"font-size:16px\"><span style=\"font-family:Arial,Helvetica,sans-serif\">Pilet 15 \u20ac, alla 12-aastane koos\u00a0kahe t\u00e4iskasvanuga tasuta. Broneerimine\u00a0<a>info@joematkad.ee\u00a0<\/a>v\u00f5i +372 5569 6970. Algus Ranna tee 3, Tartu<\/span><\/span>\n<\/div>\n<div>\n\t\u00a0\n<\/div>\n<div>\n\t<span style=\"font-size:16px\"><span style=\"font-family:Arial,Helvetica,sans-serif\"><img loading=\"lazy\" decoding=\"async\" width=\"1665\" height=\"303\" class=\"alignnone wp-image-199\" src=\"https:\/\/sisu.ut.ee\/wp-content\/uploads\/sites\/123\/lf2019_15juuni.png\" title=\"lf2019_15juuni.png\" alt=\"lf2019_15juuni.png\" srcset=\"https:\/\/sisu.ut.ee\/wp-content\/uploads\/sites\/123\/lf2019_15juuni.png 1665w, https:\/\/sisu.ut.ee\/wp-content\/uploads\/sites\/123\/lf2019_15juuni-300x55.png 300w, https:\/\/sisu.ut.ee\/wp-content\/uploads\/sites\/123\/lf2019_15juuni-1024x186.png 1024w, https:\/\/sisu.ut.ee\/wp-content\/uploads\/sites\/123\/lf2019_15juuni-768x140.png 768w, https:\/\/sisu.ut.ee\/wp-content\/uploads\/sites\/123\/lf2019_15juuni-1536x280.png 1536w\" sizes=\"auto, (max-width: 1665px) 100vw, 1665px\"><\/span><\/span>\n<\/div>\n<div>\n<div dir=\"ltr\">\n\t\t<span style=\"font-size:16px\"><span style=\"font-family:Arial,Helvetica,sans-serif\"><strong>08.00\u201310.00 Vaatlusretk: linnud\u00a0ja putukad Supilinnas<\/strong><\/span><\/span>\n\t<\/div>\n<div dir=\"ltr\">\n\t\t<span style=\"font-size:16px\"><span style=\"font-family:Arial,Helvetica,sans-serif\">Retk algab Tartu \u00dclikooli botaanikaaia peav\u00e4ravast.\u00a0Juhendab Veljo Runnel.<\/span><\/span>\n\t<\/div>\n<div dir=\"ltr\">\n\t\t<span style=\"font-size:16px\"><span style=\"font-family:Arial,Helvetica,sans-serif\">Vaatlusretk toimub loodusvaatluste maratoni Supilinna vaatluspunkti alal.<\/span><\/span>\n\t<\/div>\n<div dir=\"ltr\">\n\t\t\u00a0\n\t<\/div>\n<\/div>\n<div>\n\t<span style=\"font-size:16px\"><span style=\"font-family:Arial,Helvetica,sans-serif\"><strong>12.00\u201316.00 Linnalooduse p\u00e4ev\u00a0<\/strong>Tartu kesklinna pargis,\u00a0Poe ja K\u00fc\u00fcni t\u00e4nava nurgal<\/span><\/span>\n<\/div>\n<div>\n\t<span style=\"font-size:16px\"><span style=\"font-family:Arial,Helvetica,sans-serif\">Toimuvad m\u00e4ngud ja \u00f5pitoad. Osalevad: T\u00dc loodusmuuseum ja botaanikaaed, T\u00dc observatoorium, Keskkonnaamet, Tartu loodusmaja, T\u00dc zooloogia osakond, Tartu Linnaraamatukogu Seemneraamatukogu, Eesti Arboristide \u00dching, Armastusest Inspireerituna, J\u00e4\u00e4aja Keskus, R\u00e4pina Aianduskool, Step UP pood, SPARK Makerlab, T\u00dc botaanika osakond, MT\u00dc Loodusajakiri, Tartu 2024.<\/span><\/span>\n<\/div>\n<div>\n\t\u00a0\n<\/div>\n<div>\n\t<span style=\"font-size:16px\"><span style=\"font-family:Arial,Helvetica,sans-serif\"><strong>12.00\u201315.00 Juhendatud kanuuretk Alam-Pedja looduskaitsealal<\/strong><\/span><\/span>\n<\/div>\n<div>\n\t<span style=\"font-size:16px\"><span style=\"font-family:Arial,Helvetica,sans-serif\">Pilguheit Alam-Pedja looduskaitsealale j\u00f5e pealt. Kanuuretke juhib loodusfotograafiaga tegelenud Jakob Oetjen, kes on siinsetel aladel \u00fcles kasvanud. Sobib nii lastele kui ka t\u00e4iskasvanutele. Osalejate arv max 9 inimest.<\/span><\/span>\n<\/div>\n<div>\n\t<span style=\"font-size:16px\"><span style=\"font-family:Arial,Helvetica,sans-serif\">Annetuspilet vees\u00f5idukite hoolduse toetuseks. Eelregistreerimine\u00a0<a href=\"http:\/\/bit.ly\/kanuuretk\">bit.ly\/kanuuretk<\/a>. Kogunemine Palup\u00f5hja looduskooli parklas<\/span><\/span>\n<\/div>\n<div>\n\t\u00a0\n<\/div>\n<div>\n\t<span style=\"font-size:16px\"><span style=\"font-family:Arial,Helvetica,sans-serif\"><strong>15.30 Inimene. Loodus. Retk Palup\u00f5hja radadel<\/strong><\/span><\/span>\n<\/div>\n<div>\n\t<span style=\"font-size:16px\"><span style=\"font-family:Arial,Helvetica,sans-serif\">Retkejuht Pille Tammur.\u00a0<\/span><\/span>\n<\/div>\n<div>\n\t<span style=\"font-size:16px\"><span style=\"font-family:Arial,Helvetica,sans-serif\">Annetuspilet looduskooli toetuseks. Eelregistreerimine\u00a0<a href=\"http:\/\/bit.ly\/loodusretk\">bit.ly\/loodusretk<\/a>. Kogunemine Palup\u00f5hja looduskooli parklas<\/span><\/span>\n<\/div>\n<div dir=\"ltr\">\n\t\u00a0\n<\/div>\n<div dir=\"ltr\">\n\t<span style=\"font-size:16px\"><span style=\"font-family:Arial,Helvetica,sans-serif\">Korraldajatel on \u00f5igus teha programmis\u00a0muudatusi<\/span><\/span>\n<\/div>\n<div dir=\"ltr\">\n\t<span style=\"font-size:16px\"><span style=\"font-family:Arial,Helvetica,sans-serif\">* \u00d6\u00f6\u00fclikooli avatud salvestus toimub kell 19, mitte kell 18. Palume vabandust!<\/span><\/span>\n<\/div>\n<div dir=\"ltr\">\n\t<span style=\"font-size:16px\"><span style=\"font-family:Arial,Helvetica,sans-serif\">* \u00d5pituba \u201cLinnade sinialad\u201d j\u00e4\u00e4b \u00e4ra!<\/span><\/span>\n<\/div>\n","protected":false},"excerpt":{"rendered":"<p>07.00\u201308.00 Linnulauluhommik\u00a0Toomem\u00e4el Hommikusel jalutusk\u00e4igul Toomem\u00e4el kuulame ja \u00f5pime tundma linnulaulu. Kes k\u00f5lab nagu ooperilaulja? Kes miksib osavalt eri stiile? Kes laulavad duetti? Juhendab ornitoloog Margus Ots. Oodatud on igas vanuses huvilised. Riietu vastavalt ilmale.\u00a0Tasuta. Korraldab Eesti Ornitoloogia\u00fching. Algus Inglisillal, v\u00f5imalusel &#8230;<\/p>\n","protected":false},"author":54,"featured_media":0,"parent":0,"menu_order":0,"comment_status":"closed","ping_status":"closed","template":"","meta":{"_acf_changed":false,"inline_featured_image":false,"footnotes":""},"class_list":["post-69","page","type-page","status-publish","hentry"],"acf":[],"_links":{"self":[{"href":"https:\/\/sisu.ut.ee\/loodusfestival\/wp-json\/wp\/v2\/pages\/69","targetHints":{"allow":["GET"]}}],"collection":[{"href":"https:\/\/sisu.ut.ee\/loodusfestival\/wp-json\/wp\/v2\/pages"}],"about":[{"href":"https:\/\/sisu.ut.ee\/loodusfestival\/wp-json\/wp\/v2\/types\/page"}],"author":[{"embeddable":true,"href":"https:\/\/sisu.ut.ee\/loodusfestival\/wp-json\/wp\/v2\/users\/54"}],"replies":[{"embeddable":true,"href":"https:\/\/sisu.ut.ee\/loodusfestival\/wp-json\/wp\/v2\/comments?post=69"}],"version-history":[{"count":1,"href":"https:\/\/sisu.ut.ee\/loodusfestival\/wp-json\/wp\/v2\/pages\/69\/revisions"}],"predecessor-version":[{"id":637,"href":"https:\/\/sisu.ut.ee\/loodusfestival\/wp-json\/wp\/v2\/pages\/69\/revisions\/637"}],"wp:attachment":[{"href":"https:\/\/sisu.ut.ee\/loodusfestival\/wp-json\/wp\/v2\/media?parent=69"}],"curies":[{"name":"wp","href":"https:\/\/api.w.org\/{rel}","templated":true}]}}