{"id":67,"date":"2024-04-04T00:29:04","date_gmt":"2024-04-03T21:29:04","guid":{"rendered":"https:\/\/sisu.ut.ee\/loodusfestival\/linnujamm-2021\/"},"modified":"2024-04-04T00:36:15","modified_gmt":"2024-04-03T21:36:15","slug":"linnujamm-2021","status":"publish","type":"page","link":"https:\/\/sisu.ut.ee\/loodusfestival\/linnujamm-2021\/","title":{"rendered":"Linnuj\u00e4mm 2021"},"content":{"rendered":"<p>\n\t<img loading=\"lazy\" decoding=\"async\" alt=\"Linnuj\u00e4mm 2021\" data-file_info=\"%7B%22fid%22:%2259408%22,%22view_mode%22:%22default%22,%22type%22:%22media%22%7D\" height=\"404\" src=\"https:\/\/sisu.ut.ee\/wp-content\/uploads\/sites\/123\/linnujamm_universaal.jpeg\" title=\"\" width=\"828\">\n<\/p>\n<p>\n\t\u00a0\n<\/p>\n<p>\n\t<b>Loodusfestival kutsub Linnuj\u00e4mmile \u2013\u00a0<\/b><b>p\u00fchap\u00e4eval, 13. juunil kell 18 saavad Tartu \u00dclikooli botaanikaaia alpinaariumilaval kokku linnud, helikunstnikud ja s\u00f5nasepad, et panna pidulik punkt seitsmendale Loodusfestivalile.<\/b>\n<\/p>\n<p>\n\tSelle n\u00e4dala jooksul, 7.\u201313. juuni, toimub Loodusfestival. Festival kutsub v\u00e4\u00e4rtustama linnalooduse kui elukeskkonna mitmekesisust, m\u00e4rkama loodust linnas ning edendama j\u00e4tkusuutlikke tarbimis- ja k\u00e4itumisharjumisi. Selle aasta festival keskendub koost\u00f6\u00f6le looduses \u2013 selleks on festivali programmi koondatud 70 erinevat s\u00fcndmust \u00fcle Eesti. Piduliku punkti paneb festivalile kontsert Linnuj\u00e4mm.\n<\/p>\n<p>\n\tLinnuj\u00e4mm innustab t\u00e4helepanu p\u00f6\u00f6rama lindudele ja linnaloodusele. Ajalooliselt on looduse v\u00e4\u00e4rtustamine k\u00e4inud k\u00e4sik\u00e4es p\u00e4rimuskultuuriga \u2013 kirjanikud ja muusikud on lindudest, nende olekust ja eluviisist rohkelt inspiratsiooni ammutanud. Ka t\u00e4nap\u00e4eval on oluline sillata loodushoidu ja looduse mitmekesisuse v\u00e4\u00e4rtustamist kaasaegsete kunstivormide, stiilide ja loomepraktikatega. Linnuj\u00e4mmile tulevad kokku muusikud ja luuletajad, kes loovad Eestis elava linnuliigi laulust inspireerituna oma muusikalise n\u00e4gemuse v\u00f5i poeetilise s\u00f5nateose, mis t\u00f5lgendab v\u00f5i t\u00f5ukub m\u00f5nel muul viisil ette antud linnulaulu salvestusest.\n<\/p>\n<p>\n\tLindudest j\u00e4mmivad\u00a0<b>suitsup\u00e4\u00e4suke<\/b>,\u00a0<b>ronk<\/b>,\u00a0<b>teder<\/b>,\u00a0<b>kuldnokk<\/b>\u00a0ja\u00a0<b>p\u00f5ldl\u00f5oke<\/b>, kellega koos musitseerivad muusikud\u00a0<b>Kulno Malva<\/b>,\u00a0<b>Maarja Soomre<\/b>,\u00a0<b>Leanne Barbo<\/b>,\u00a0<b>Martin Kuusk<\/b>,\u00a0<b>S\u00e4nni Noormets<\/b>\u00a0ja\u00a0<b>Pille-Rite Rei koos Andre Maakeriga<\/b>. Luuleridu seavad poeedid\u00a0<b>Aliis Aalmann<\/b>,\u00a0<b>Adam Cullen<\/b>,\u00a0<b>Krista Ojasaar<\/b>\u00a0ja\u00a0<b>Kristel Algvere<\/b>. Linnuj\u00e4mmi juhib bioloog ja loodush\u00e4\u00e4lte salvestaja\u00a0<b>Veljo Runnel<\/b>.\n<\/p>\n<p>\n\tHaara kaasa piknikutekk ja tule naudi \u00f5dusat \u00f5htut Tartu \u00dclikooli botaanikaaias\u00a0<b>13. juunil kell 18. S\u00fcndmus on tasuta. Linnuj\u00e4mm kantakse otse\u00fclekandena \u00fcle ka Tartu \u00dclikooli loodusmuuseumi Youtube\u00a0<a href=\"https:\/\/youtu.be\/w_NSUBdbslo\">kanalil<\/a>.<\/b>\n<\/p>\n<p>\n\tLinnuj\u00e4mmi korraldab\u00a0<b>Tartu \u00dclikooli loodusmuuseum ja botaanikaaed<\/b>\u00a0koost\u00f6\u00f6s\u00a0<b>Kirjanike Liidu Tartu osakonnaga<\/b>. Linnuj\u00e4mmi toetab\u00a0<b>Tartu linn<\/b>. Artistide ja pealtvaatajate turvalisust tagab\u00a0<b>Viking Security<\/b>.\n<\/p>\n<p>\n\t<b>Lisainfo:<\/b><br>Loodusfestival<br><a href=\"mailto:loodusfestival@ut.ee\">loodusfestival@ut.ee<\/a><br><a href=\"http:\/\/www.loodusfestival.ee\/\">www.loodusfestival.ee<\/a>\n<\/p>\n<p>\n\t<img loading=\"lazy\" decoding=\"async\" alt=\"Linnuj\u00e4mm\" data-file_info=\"%7B%22fid%22:%2262948%22,%22view_mode%22:%22default%22,%22type%22:%22media%22%7D\" height=\"621\" src=\"https:\/\/sisu.ut.ee\/wp-content\/uploads\/sites\/123\/img_6586.jpg\" title=\"\" width=\"828\"><br><em>Foto: Silvia Luik<\/em><\/p>\n","protected":false},"excerpt":{"rendered":"<p>\u00a0 Loodusfestival kutsub Linnuj\u00e4mmile \u2013\u00a0p\u00fchap\u00e4eval, 13. juunil kell 18 saavad Tartu \u00dclikooli botaanikaaia alpinaariumilaval kokku linnud, helikunstnikud ja s\u00f5nasepad, et panna pidulik punkt seitsmendale Loodusfestivalile. Selle n\u00e4dala jooksul, 7.\u201313. juuni, toimub Loodusfestival. Festival kutsub v\u00e4\u00e4rtustama linnalooduse kui elukeskkonna mitmekesisust, m\u00e4rkama &#8230;<\/p>\n","protected":false},"author":54,"featured_media":0,"parent":0,"menu_order":0,"comment_status":"closed","ping_status":"closed","template":"","meta":{"_acf_changed":false,"inline_featured_image":false,"footnotes":""},"class_list":["post-67","page","type-page","status-publish","hentry"],"acf":[],"_links":{"self":[{"href":"https:\/\/sisu.ut.ee\/loodusfestival\/wp-json\/wp\/v2\/pages\/67","targetHints":{"allow":["GET"]}}],"collection":[{"href":"https:\/\/sisu.ut.ee\/loodusfestival\/wp-json\/wp\/v2\/pages"}],"about":[{"href":"https:\/\/sisu.ut.ee\/loodusfestival\/wp-json\/wp\/v2\/types\/page"}],"author":[{"embeddable":true,"href":"https:\/\/sisu.ut.ee\/loodusfestival\/wp-json\/wp\/v2\/users\/54"}],"replies":[{"embeddable":true,"href":"https:\/\/sisu.ut.ee\/loodusfestival\/wp-json\/wp\/v2\/comments?post=67"}],"version-history":[{"count":1,"href":"https:\/\/sisu.ut.ee\/loodusfestival\/wp-json\/wp\/v2\/pages\/67\/revisions"}],"predecessor-version":[{"id":639,"href":"https:\/\/sisu.ut.ee\/loodusfestival\/wp-json\/wp\/v2\/pages\/67\/revisions\/639"}],"wp:attachment":[{"href":"https:\/\/sisu.ut.ee\/loodusfestival\/wp-json\/wp\/v2\/media?parent=67"}],"curies":[{"name":"wp","href":"https:\/\/api.w.org\/{rel}","templated":true}]}}