{"id":66,"date":"2024-04-04T00:29:04","date_gmt":"2024-04-03T21:29:04","guid":{"rendered":"https:\/\/sisu.ut.ee\/loodusfestival\/loodusvaatluste-maraton-2021\/"},"modified":"2024-04-04T00:36:15","modified_gmt":"2024-04-03T21:36:15","slug":"loodusvaatluste-maraton-2021","status":"publish","type":"page","link":"https:\/\/sisu.ut.ee\/loodusfestival\/loodusvaatluste-maraton-2021\/","title":{"rendered":"Loodusvaatluste maraton 2021"},"content":{"rendered":"<p>\n\t<img loading=\"lazy\" decoding=\"async\" alt=\"Loodusvaatluste maraton 2021\" data-file_info=\"%7B%22fid%22:%2260558%22,%22view_mode%22:%22default%22,%22type%22:%22media%22%7D\" height=\"466\" src=\"https:\/\/sisu.ut.ee\/wp-content\/uploads\/sites\/123\/loodusvaatluste_maraton_2021.png\" title=\"\" width=\"827\">\n<\/p>\n<p style=\"text-align: center\">\n\t<span style=\"font-size:16px\"><strong>2021. aasta loodusvaatluste maratonil tehti \u00fcle 7500 loodusvaatluse ja leiti uus liik Eestis<\/strong><\/span>\n<\/p>\n<p>\n\t<b>Loodusfestivali programmi kuulunud\u00a0loodusvaatluste maratonil tehti 12.\u201313. juunil 24 tunni jooksul \u00fcle 7500\u00a0loodusvaatluse, vaadeldi \u00fcle 2000 liigi ning leiti Eestis uus liik. See on neljandat korda toimunud harrastusteaduse s\u00fcndmuse vaatluste rekord.\u00a0<\/b>\n<\/p>\n<p>\n\tVaatlusi tehti 41 alal \u00fcle Eesti, millest vabatahtlikud loodushuvilised enne s\u00fcndmust teada andsid. \u201cSel aastal oli rekordiline maraton \u2013 v\u00f5rreldes eelmiste kordadega oli oluliselt rohkem nii vaatlusi, vaatlusalasid, vaatlejaid kui ka maratonil registreeritud liike. Lisaks avastati esmakordselt vaatlusmaratoni ajaloos Eestis uus liik \u2013 muulukal elav pahklest\u00a0<a href=\"https:\/\/drive.google.com\/file\/d\/1H31AYO3eCQvf3mGtIaX1fiBJ4Vy5Wqi3\/view\" title=\"https:\/\/drive.google.com\/file\/d\/1H31AYO3eCQvf3mGtIaX1fiBJ4Vy5Wqi3\/view\"><i>Fragariocoptes setiger<\/i><\/a>,\u201d \u00fctles maratoni eestvedaja, Tartu \u00dclikooli loodusmuuseumi ja botaanikaaia harrastusteaduse peaekspert\u00a0<b>Veljo Runnel<\/b>. Uue liigi leidis Maarika M\u00e4nnil Raplamaalt S\u00f5tke vaatlusalalt. Kokku sisestas vaatlusi 208 inimest, loodusretkedest ja muudest maratoniga seotud tegevustest sai osa ligi 600 inimest.\u00a0\n<\/p>\n<p>\n\tVaatlusandmetest moodustub iga ala elurikkuse kohta liiginimekiri, seet\u00f5ttu oli oluline m\u00e4rgata v\u00f5imalikult palju eluslooduse liike. Enim liike leiti J\u00e4rvamaalt M\u00e4gede vaatlusalalt \u2013 577 taksonit on n\u00fc\u00fcdsest \u00fchel maratonialal kirja pandud liikide rekord. Maratonil peetakse ka individuaalset arvestust \u2013 seekord kuulus esikoht 437 taksoniga Priit Zingelile, kes osales maratonil Valgamaal Riidajas.\n<\/p>\n<p>\n\tKuna taimed vaatlejate eest \u00e4ra ei jookse, oli taimevaatlusi k\u00f5ige rohkem, \u00fcle 4000. Nagu ikka, olid vaatlejate lemmikute seas ka linnud ja putukad. \u201cEsmakordselt leidsime vaatlustulemustest teateid algloomade kohta ning tavalisest rohkem oli ka seente ja samblike vaatlusi. K\u00f5ige rohkem vaadeldud taimeliik oli harilik tamm ning loomaliik metsvint,\u201d \u00fctles Veljo Runnel.\u00a0\n<\/p>\n<p>\n\tLoodusvaatluste maratoni k\u00e4igus tehti mitmelt vaatlusalalt videol\u00fclitusi, mille kaudu said inimesed looduse vaatlemisest ja vaatlusalade erip\u00e4rast rohkem teada. Salvestused on j\u00e4relvaadatavad s\u00fcndmuse Facebooki lehel.\n<\/p>\n<p>\n\tNeljandat aastat \u00fcle Eesti toimunud\u00a0loodusvaatluste maratoni eesm\u00e4rgiks on juhtida inimeste t\u00e4helepanu \u00fcmbritsevale elurikkusele ja kutsuda \u00fcles neid sellest teada andma. K\u00f5ik sisestatud vaatlused on n\u00e4htavad\u00a0<a href=\"https:\/\/elurikkus.ee\/lvm\/2021\" title=\"https:\/\/elurikkus.ee\/lvm\/2021\">Elurikkuse andmeportaalis<\/a>, mida kasutavad oma t\u00f6\u00f6s nii loodusteadlased kui ka -kaitsjad.\u00a0Loodusvaatluste maraton oli osa\u00a0<a href=\"http:\/\/loodusfestival.ee\/\" title=\"http:\/\/loodusfestival.ee\/\">Loodusfestivali<\/a>\u00a0programmist, mida korraldab iga aasta Tartu \u00dclikooli loodusmuuseum ja botaanikaaed koost\u00f6\u00f6s\u00a0<a href=\"https:\/\/linnuvaatleja.ee\/\" title=\"https:\/\/linnuvaatleja.ee\/\">Linnuvaatleja<\/a>\u00a0ja paljude partneritega.<br>\u00a0\n<\/p>\n<p>\n\t<b>Lisateave:<\/b><br>Veljo Runnel<br>Loodusvaatluste maratoni 2021 korraldaja<br>T\u00dc loodusmuuseum ja botaanikaaed<br><a href=\"mailto:veljo.runnel@ut.ee\">veljo.runnel@ut.ee<\/a><br>520 6108\n<\/p>\n<p>\n\t<br>***\u00a0\n<\/p>\n<p>\n\t<strong>Loodusvaatluste maraton toimub 12.\u201313. juunil 2021<\/strong>\n<\/p>\n<p>\n\t<strong>Loodusvaatluste maratoni koduleht on kolinud aadressile\u00a0<a data-url=\"https:\/\/elurikkus.ee\/lvm\" href=\"https:\/\/elurikkus.ee\/lvm\" target=\"_blank\" title=\"\" rel=\"noopener\">https:\/\/elurikkus.ee\/lvm<\/a>.\u00a0<\/strong>\n<\/p>\n<p>\n\t<strong>Vaatlusalade registreerimine 25. m\u00e4rts \u2013 4. juuni\u00a0<\/strong><strong><a data-url=\"https:\/\/elurikkus.ee\/lvm?fbclid=IwAR0V49e3vtvZ0-fGKOS0RBDKXTJdqgBzddvl81ovxhvEc-kOpRCx05f42DI\" href=\"https:\/\/elurikkus.ee\/lvm?fbclid=IwAR0V49e3vtvZ0-fGKOS0RBDKXTJdqgBzddvl81ovxhvEc-kOpRCx05f42DI\" target=\"_blank\" title=\"\" rel=\"noopener\">uuel kodulehel<\/a><\/strong><strong>!<\/strong>\n<\/p>\n<p dir=\"ltr\">\n\tMaratoni eeskuju on rahvusvaheline vaatlusformaat\u00a0<strong>BioBlitz<\/strong>: kindlas paigas ja ajavahemikul tuvastatakse nii palju looma-, taime- ja seeneliike kui v\u00f5imalik.\u00a0\n<\/p>\n<p dir=\"ltr\">\n\t<img loading=\"lazy\" decoding=\"async\" alt=\"Loodusvaatluste maraton\" data-file_info=\"%7B%22fid%22:50304,%22view_mode%22:%22default%22,%22type%22:%22media%22%7D\" height=\"94\" src=\"https:\/\/sisu.ut.ee\/wp-content\/uploads\/sites\/123\/2_lvmaraton_v2rviline_kirjata_valge_taust.png\" title=\"\" width=\"130\">\n<\/p>\n<ul>\n<li>\n\t\t<strong><a data-url=\"https:\/\/youtu.be\/1Q_iE4pfflU?t=1\" href=\"https:\/\/youtu.be\/1Q_iE4pfflU?t=1\" target=\"_blank\" title=\"\" rel=\"noopener\">Vaata Loodusvaatluste maratoni \u00f5ppevideot.<\/a>\u00a0Osale 22.04\u00a0<\/strong>veebiseminaril\u00a0<strong>\u201eIga\u00fche loodusvaatlused\u201c<\/strong>:<strong>\u00a0<\/strong>vaata lisainfot Tartu \u00dclikooli loodusmuuseumi kodulehelt\u00a0<strong><a data-url=\"https:\/\/www.natmuseum.ut.ee\/et\/content\/veebiseminar-\u201eiga\u00fche-loodusvaatlused\u201c-22%C2%A0aprillil\" href=\"https:\/\/www.natmuseum.ut.ee\/et\/content\/veebiseminar-%E2%80%9Eiga%C3%BChe-loodusvaatlused%E2%80%9C-22%C2%A0aprillil\" target=\"_blank\" title=\"\" rel=\"noopener\">SIIN<\/a><\/strong>.\n\t<\/li>\n<li>\n\t\tLoe t\u00e4psemat \u00fclevaadet<strong>\u00a0<a data-url=\"http:\/\/loodusfestival.ee\/loodusvaatluste-maraton-2020\" href=\"http:\/\/loodusfestival.ee\/loodusvaatluste-maraton-2020\" target=\"_blank\" title=\"\" rel=\"noopener\">Loodusvaatluste maratoni 2020. aasta tulemustest<\/a>.<\/strong>\u00a0\n\t<\/li>\n<li>\n\t\t<a data-url=\"https:\/\/www.facebook.com\/LoodusvaatlusteMaraton\/\" href=\"https:\/\/www.facebook.com\/LoodusvaatlusteMaraton\/\" target=\"_blank\" title=\"\" rel=\"noopener\">Loodusvaatluste maraton Facebookis<\/a>\n\t<\/li>\n<li>\n\t\t<a data-url=\"https:\/\/www.instagram.com\/loodusvaatluste.maraton\/\" href=\"https:\/\/www.instagram.com\/loodusvaatluste.maraton\/\" target=\"_blank\" title=\"\" rel=\"noopener\">Loodusvaatluste maraton Instagramis<\/a>\n\t<\/li>\n<li>\n\t\t<strong>#LoodusvaatlusteMaraton<\/strong>\n\t<\/li>\n<\/ul>\n<p>\n\t<\/p><div class=\"accordion mb-3\">\n        <div class=\"accordion-item accordion-item--white\">\n        <h2 class=\"accordion-header\" id=\"accordion-69da4f656f16f-heading\">\n            <button class=\"accordion-button collapsed\" type=\"button\" data-bs-toggle=\"collapse\" data-bs-target=\"#accordion-69da4f656f16f-collapse\" aria-expanded=\"true\" aria-controls=\"accordion-69da4f656f16f-collapse\">Mis on Loodusvaatluste maraton?<\/button>\n        <\/h2>\n        <div id=\"accordion-69da4f656f16f-collapse\" class=\"accordion-collapse collapse\" aria-labelledby=\"accordion-69da4f656f16f-heading\">\n            <div class=\"accordion-body\">Loodusvaatluste maraton on s\u00fcndmus, mille k\u00e4igus panevad inimesed eelnevalt registreeritud vaatlusaladel 24 tunni jooksul kirja nii palju kohatud liike kui v\u00f5imalik. Vaatlused sisestatakse andmeportaali, kus need on avalikult k\u00f5igile k\u00e4ttesaadavad (v.a I kaitsekategooria liigid).<\/div>\n        <\/div>\n        <\/div>\n    <\/div>\n\n<p>\n\t<\/p><div class=\"accordion mb-3\">\n        <div class=\"accordion-item accordion-item--white\">\n        <h2 class=\"accordion-header\" id=\"accordion-69da4f656f175-heading\">\n            <button class=\"accordion-button collapsed\" type=\"button\" data-bs-toggle=\"collapse\" data-bs-target=\"#accordion-69da4f656f175-collapse\" aria-expanded=\"true\" aria-controls=\"accordion-69da4f656f175-collapse\">Toimunud Loodusvaatluste maratonid<\/button>\n        <\/h2>\n        <div id=\"accordion-69da4f656f175-collapse\" class=\"accordion-collapse collapse\" aria-labelledby=\"accordion-69da4f656f175-heading\">\n            <div class=\"accordion-body\">\n\n<p>\n\t2020: 41 vaatlusala, 4600 vaatlust, maratoni s\u00fcndmustel osales \u00fcle 250 inimese.\u00a0\n<\/p>\n<p>\n\t2019: 30 vaatlusala, 4100 vaatlust, maratoni s\u00fcndmustel osales \u00fcle 500 inimese.\n<\/p>\n<p>\n\t2018: 16 vaatlusala, 2300 vaatlust, maratoni s\u00fcndmustel osales \u00fcle 200 inimese.\n<\/p>\n<p>\n\t<\/p><\/div>\n        <\/div>\n        <\/div>\n    <\/div>\n\n<p dir=\"ltr\">\n\t<\/p><div class=\"accordion mb-3\">\n        <div class=\"accordion-item accordion-item--white\">\n        <h2 class=\"accordion-header\" id=\"accordion-69da4f656f177-heading\">\n            <button class=\"accordion-button collapsed\" type=\"button\" data-bs-toggle=\"collapse\" data-bs-target=\"#accordion-69da4f656f177-collapse\" aria-expanded=\"true\" aria-controls=\"accordion-69da4f656f177-collapse\">Korraldajad<\/button>\n        <\/h2>\n        <div id=\"accordion-69da4f656f177-collapse\" class=\"accordion-collapse collapse\" aria-labelledby=\"accordion-69da4f656f177-heading\">\n            <div class=\"accordion-body\">Loodusvaatluste maratoni korraldavad Tartu \u00dclikooli loodusmuuseum ja botaanikaaed, kaaskorraldajad portaal Linnuvaatleja, mitmed loodusharidust edendavad asutused ja vabatahtlikud \u00fcle Eesti. <\/div>\n        <\/div>\n        <\/div>\n    <\/div>\n\n<p dir=\"ltr\">\n\t<\/p><div class=\"accordion mb-3\">\n        <div class=\"accordion-item accordion-item--white\">\n        <h2 class=\"accordion-header\" id=\"accordion-69da4f656f179-heading\">\n            <button class=\"accordion-button collapsed\" type=\"button\" data-bs-toggle=\"collapse\" data-bs-target=\"#accordion-69da4f656f179-collapse\" aria-expanded=\"true\" aria-controls=\"accordion-69da4f656f179-collapse\">Tunnustused<\/button>\n        <\/h2>\n        <div id=\"accordion-69da4f656f179-collapse\" class=\"accordion-collapse collapse\" aria-labelledby=\"accordion-69da4f656f179-heading\">\n            <div class=\"accordion-body\">Loodusvaatluste maraton on p\u00e4rjatud Eesti Teadusagentuuri teaduse populariseemise auhinnaga 2018 kui parim uus algatus. \u00dcle-eestiline ettev\u00f5tmine sai tunnustuse ka Keskkonnaministeeriumi aasta keskkonnateo konkursil 2019. aasta alguses. <\/div>\n        <\/div>\n        <\/div>\n    <\/div>\n\n<p>\n\t<\/p><div class=\"accordion mb-3\">\n        <div class=\"accordion-item accordion-item--white\">\n        <h2 class=\"accordion-header\" id=\"accordion-69da4f656f17a-heading\">\n            <button class=\"accordion-button collapsed\" type=\"button\" data-bs-toggle=\"collapse\" data-bs-target=\"#accordion-69da4f656f17a-collapse\" aria-expanded=\"true\" aria-controls=\"accordion-69da4f656f17a-collapse\">Kontakt<\/button>\n        <\/h2>\n        <div id=\"accordion-69da4f656f17a-collapse\" class=\"accordion-collapse collapse\" aria-labelledby=\"accordion-69da4f656f17a-heading\">\n            <div class=\"accordion-body\">Veljo Runnel<br>Projektijuht<br>veljo.runnel@ut.ee<br>520 6108<\/div>\n        <\/div>\n        <\/div>\n    <\/div>\n\n<p>\n\t<img loading=\"lazy\" decoding=\"async\" alt=\"loodusvaatlused21\" data-file_info=\"%7B%22fid%22:%2260939%22,%22view_mode%22:%22default%22,%22type%22:%22media%22%7D\" height=\"354\" src=\"https:\/\/sisu.ut.ee\/wp-content\/uploads\/sites\/123\/lvm_3.png\" title=\"\" width=\"1536\"><\/p>\n","protected":false},"excerpt":{"rendered":"<p>2021. aasta loodusvaatluste maratonil tehti \u00fcle 7500 loodusvaatluse ja leiti uus liik Eestis Loodusfestivali programmi kuulunud\u00a0loodusvaatluste maratonil tehti 12.\u201313. juunil 24 tunni jooksul \u00fcle 7500\u00a0loodusvaatluse, vaadeldi \u00fcle 2000 liigi ning leiti Eestis uus liik. See on neljandat korda toimunud harrastusteaduse &#8230;<\/p>\n","protected":false},"author":54,"featured_media":0,"parent":0,"menu_order":0,"comment_status":"closed","ping_status":"closed","template":"","meta":{"_acf_changed":false,"inline_featured_image":false,"footnotes":""},"class_list":["post-66","page","type-page","status-publish","hentry"],"acf":[],"_links":{"self":[{"href":"https:\/\/sisu.ut.ee\/loodusfestival\/wp-json\/wp\/v2\/pages\/66","targetHints":{"allow":["GET"]}}],"collection":[{"href":"https:\/\/sisu.ut.ee\/loodusfestival\/wp-json\/wp\/v2\/pages"}],"about":[{"href":"https:\/\/sisu.ut.ee\/loodusfestival\/wp-json\/wp\/v2\/types\/page"}],"author":[{"embeddable":true,"href":"https:\/\/sisu.ut.ee\/loodusfestival\/wp-json\/wp\/v2\/users\/54"}],"replies":[{"embeddable":true,"href":"https:\/\/sisu.ut.ee\/loodusfestival\/wp-json\/wp\/v2\/comments?post=66"}],"version-history":[{"count":1,"href":"https:\/\/sisu.ut.ee\/loodusfestival\/wp-json\/wp\/v2\/pages\/66\/revisions"}],"predecessor-version":[{"id":640,"href":"https:\/\/sisu.ut.ee\/loodusfestival\/wp-json\/wp\/v2\/pages\/66\/revisions\/640"}],"wp:attachment":[{"href":"https:\/\/sisu.ut.ee\/loodusfestival\/wp-json\/wp\/v2\/media?parent=66"}],"curies":[{"name":"wp","href":"https:\/\/api.w.org\/{rel}","templated":true}]}}