{"id":64,"date":"2024-04-04T00:29:04","date_gmt":"2024-04-03T21:29:04","guid":{"rendered":"https:\/\/sisu.ut.ee\/loodusfestival\/fotokonkurss-metsik-linn\/"},"modified":"2024-04-04T00:36:16","modified_gmt":"2024-04-03T21:36:16","slug":"fotokonkurss-metsik-linn","status":"publish","type":"page","link":"https:\/\/sisu.ut.ee\/loodusfestival\/fotokonkurss-metsik-linn\/","title":{"rendered":"Fotokonkurss \u201eMetsik linn\u201c 2021"},"content":{"rendered":"<p>\n\t<img loading=\"lazy\" decoding=\"async\" alt=\"M\u00e4rka metsikut linna!\" data-file_info=\"%7B%22fid%22:%2260911%22,%22view_mode%22:%22default%22,%22type%22:%22media%22%7D\" height=\"401\" src=\"https:\/\/sisu.ut.ee\/wp-content\/uploads\/sites\/123\/ml_2021_620x300_3.png\" title=\"T\u00e4navuse fotokonkursi plakatil on kasutatud eelmisel aastal 20 parima t\u00f6\u00f6 hulka valitud foto \u201eOravapoju akna taga\u201c, mille autor on Mai-Liis Malm.\" width=\"829\">\n<\/p>\n<p>\n\t<b>M\u00e4rka metsikut linna ja esita oma t\u00f6\u00f6d konkursile 01.04\u201316.05<\/b>\n<\/p>\n<p>\n\t<b>Loodusfestivaliga k\u00e4sik\u00e4es toimuv fotokonkurss \u201eMetsik linn\u201c tuleb taas. T\u00e4navu seitsmendat korda toimuva festivali fookuses on koost\u00f6\u00f6 looduses.\u00a0Esita oma t\u00f6\u00f6d konkursile 1. aprillist kuni 16. maini.<\/b>\n<\/p>\n<p>\n\tFotokonkurss \u201eMetsik linn\u201c kutsub m\u00e4rkama loodust ja esitama fotosid konkursile. See on ainus omasugune fotokonkurss Eestis, mis keskendub just linnalooduse ja linnakeskkonna omavahelistele suhetele. Fotokonkursiga innustame inimesi linnaloodusele rohkem t\u00e4helepanu p\u00f6\u00f6rama \u2013 mis oleks huvitavam, kui teha seda l\u00e4bi kaamerasilma!\n<\/p>\n<p>\n\tFotokonkursile saab t\u00f6id esitada\u00a0<b>1. aprillist kuni 16. maini<\/b>. Fotosid hinnatakse kahes vanuser\u00fchmas: lapsed ja noored (kuni 15-aastased, k.a) ning \u00fcldarvestus, kus osav\u00f5tjate vanus ei ole piiratud. Konkursile esitatud t\u00f6id hindab kuueliikmeline \u017e\u00fcrii, kuhu kuuluvad\u00a0<strong>Piret Eensoo<\/strong>,\u00a0<strong>Rene Jakobson<\/strong>,\u00a0<strong>Kaisa Keizars-Aron<\/strong>,\u00a0<strong>Ingmar Muusikus<\/strong>,\u00a0<strong>Kerttu Taggo<\/strong>\u00a0ja\u00a0<strong>Urmas Tartes<\/strong>.\u00a0V\u00f5itjad kuulutatakse v\u00e4lja Loodusfestivali viimasel p\u00e4eval, 13. juunil enne Linnuj\u00e4mmi\u00a0s\u00fcndmust\u00a0Tartu \u00dclikooli botaanikaaias, kuhu j\u00e4\u00e4b suve l\u00f5puni uudistamiseks \u00fcles 20 parima t\u00f6\u00f6 galerii.\n<\/p>\n<p>\n\tFotokonkurss \u201eMetsik linn\u201d on osa Loodusfestivali programmist, mis sel aastal toimub 7.\u201313. juuni 2021. T\u00e4navuse fotokonkursi plakatil on kasutatud eelmisel aastal 20 parima t\u00f6\u00f6 hulka valitud foto \u201eOravapoju akna taga\u201c, mille autor on Mai-Liis Malm.\n<\/p>\n<p>\n\tLeia s\u00fcndmus ka\u00a0<a data-url=\"https:\/\/fb.me\/e\/43o5U9rzX\" href=\"https:\/\/fb.me\/e\/43o5U9rzX\" target=\"_blank\" title=\"\" rel=\"noopener\">Facebookis<\/a>!\n<\/p>\n<p>\n\t<strong>Lisainfo:<\/strong><br>Loodusfestival<br>loodusfestival@ut.ee\n<\/p>\n<p>\n\t\u00a0\n<\/p>\n<p>\n\t<img loading=\"lazy\" decoding=\"async\" alt=\"fk_b\u00e4nner\" data-file_info=\"%7B%22fid%22:%2260912%22,%22view_mode%22:%22default%22,%22type%22:%22media%22%7D\" height=\"354\" src=\"https:\/\/sisu.ut.ee\/wp-content\/uploads\/sites\/123\/ml_3_1.png\" title=\"\" width=\"1535\">\n<\/p>\n<p>\n\t<span style=\"font-size:16px\"><strong>Linnalooduse fotokonkursi \u201eMetsik linn\u201c kingikotist leiad v\u00e4\u00e4rt auhindu<\/strong><\/span>\n<\/p>\n<p>\n\t<strong>Auhinnad on v\u00e4lja pannud Photopoint, reklaamib\u00fcroo Salibar, Tallinna loomaaed, Fotografiska, T\u00e4nap\u00e4ev, fotoajakiri POSITIIV, Petrone Print, Viru Folk, teater Vanemuine ning Tartu \u00dclikooli loodusmuuseum ja botaanikaaed.<\/strong><\/p>\n<p><strong><a href=\"https:\/\/www.photopoint.ee\/\">PhotoPoint<\/a>\u00a0<\/strong>paneb \u00fcldarvestuse peav\u00f5itjale v\u00e4lja vabalt valitud foto- ja\/v\u00f5i videotehnika tasuta laenutamise v\u00f5imaluse kuni 1 n\u00e4dalaks (<a href=\"https:\/\/metsiklinn.ut.ee\/photo-contest\/www.photopoint.ee\/rent\">nimekiri<\/a>). Esikolmikusse tulnud laste ja noorte v\u00f5idut\u00f6\u00f6d p\u00e4rjatakse kinkekaartidega, millega saab Eesti suurimast fotograafia-alasest \u00f5pikeskkonnast\u00a0<a data-url=\"https:\/\/www.fotokursus.ee\" href=\"https:\/\/www.fotokursus.ee\" target=\"_blank\" title=\"\" rel=\"noopener\">www.fotokursus.ee<\/a>\u00a0vabalt valida \u00fche tasuta fotokursuse (v.a sooduskomplektid ja kinkekaardid).\n<\/p>\n<p>\n\t<strong><a href=\"https:\/\/www.salibar.ee\/\">Reklaamib\u00fcroo Salibar<\/a>\u00a0<\/strong>tr\u00fckib esikoha v\u00f5idut\u00f6\u00f6d nii \u00fcld- kui ka laste ja noorte arvestuses v\u00e4lja suures formaadis, mille saab seinale riputada.\n<\/p>\n<p>\n\t<strong>ERIAUHIND!\u00a0<a href=\"https:\/\/tallinnzoo.ee\/\">Tallinna loomaaed<\/a><\/strong>\u00a0paneb v\u00e4lja eriauhinna ja ootab\u00a0laste ja noorte ning \u00fcldarvestuse kategoorias loomaaia lemmiku foto autorit\u00a0oma pere v\u00f5i s\u00f5pradega loomaaeda aega veetma. Kingikotist leiab 5 piletit ja loomaaia meene.\n<\/p>\n<p>\n\t<strong><a href=\"https:\/\/www.fotografiska.com\/\">Fotografiska<\/a><\/strong>\u00a0on avatud m\u00f5tteviisiga kohtumispaik, kus saavad kokku maailmatasemel fotokunst, aus ja maitsev toit ning muusika. Fotografiska on Stockholmi juurtega rahvusvaheliselt tunnustatud fotokunstikeskus Tallinnas, kuhu oodatakse k\u00fclla linnalooduse fotokonkursi \u201eMetsik linn\u201c m\u00f5lema kategooria esikolmiku v\u00f5itjaid.\n<\/p>\n<p>\n\tKirjastus\u00a0<strong><a href=\"https:\/\/tnp.ee\/\">T\u00e4nap\u00e4ev<\/a><\/strong>\u00a0kingib nii laste ja noorte kui ka \u00fcldarvestuse esikolmikule v\u00e4\u00e4rt kirjandust looduse teemal.\n<\/p>\n<p>\n\t<strong><a href=\"https:\/\/www.positiiv.ee\/\">Fotoajakiri POSITIIV<\/a>\u00a0<\/strong>p\u00e4rjab k\u00f5ik esikolmikusse tulnud t\u00f6\u00f6de autorid ajakirja aasta tellimusega. Positiiv ilmub 4 korda aastas: m\u00e4rtsis, juunis, septembris ja detsembris. Ajakirjale on sisu andnud tunnustatud fotograafid, kunstnikud ja lugude autorid.\n<\/p>\n<p>\n\tKirjastus\u00a0<strong><a href=\"https:\/\/petroneprint.ee\/\">Petrone Print<\/a><\/strong>\u00a0annab igale v\u00f5itjale raamatu, mida lugedes seikled looduses.\n<\/p>\n<p>\n\tSuvine heatujuline muusikafestival\u00a0<strong><a href=\"https:\/\/www.virufolk.ee\/\">Viru Folk<\/a><\/strong>\u00a0ootab jalga keerutama ja sel aastal nautima ida-slaavi rahvaste kultuuri, sealhulgas muusikat, filmikunsti ja maitsvat s\u00f6\u00f6ki. Viru Folk toimub augusti teisel n\u00e4dalavahetusel 6.\u20138. augustil K\u00e4smus.\n<\/p>\n<p>\n\t<strong><a href=\"https:\/\/www.vanemuine.ee\/\">Teater Vanemuine<\/a><\/strong>\u00a0annab v\u00f5imaluse kahele k\u00fclastada noortelavastust \u201eMitte midagi\u201c, mis on kavas uuel hooajal, ning lavastusi \u201eTants l\u00e4bi aegade\u201c ja \u201eAppi, ooper!\u201c.\n<\/p>\n<p>\n\t<strong>Tartu \u00dclikooli\u00a0<a href=\"https:\/\/www.natmuseum.ut.ee\/\">loodusmuuseum<\/a>\u00a0ja\u00a0<a href=\"https:\/\/www.botaanikaaed.ut.ee\/\">botaanikaaed<\/a><\/strong>\u00a0annab esikoha v\u00f5itjatele \u00f5iguse aasta aja jooksul piiramatult k\u00fclastada T\u00dc loodusmuuseumit ja botaanikaaia kasvuhooneid.\n<\/p>\n<p>\n\t<em>Linnalooduse fotokonkursi korraldajad soovivad k\u00f5igile osalejatele konkursil palju edu! \ud83d\ude42<\/em>\n<\/p>\n<p>\n\t\u00a0\n<\/p>\n<p>\n\t<img loading=\"lazy\" decoding=\"async\" alt=\"toetajad\" data-file_info=\"%7B%22fid%22:%2262064%22,%22view_mode%22:%22default%22,%22type%22:%22media%22%7D\" height=\"1042\" src=\"https:\/\/sisu.ut.ee\/wp-content\/uploads\/sites\/123\/metsiklinn_toetajad.png\" title=\"\" width=\"1537\">\n<\/p>\n<p>\n\t\u00a0\n<\/p>\n<p>\n\t\u00a0\n<\/p>\n<p>\n\t***\u00a0\n<\/p>\n<p>\n\t<b>Selgunud on linnalooduse fotokonkursi \u201eMetsik linn\u201c v\u00f5itjad<\/b>\n<\/p>\n<p>\n\t<b>Loodusfestivali linnalooduse fotokonkursi \u201eMetsik linn\u201c v\u00f5itis t\u00e4navu Allar Leo t\u00f6\u00f6ga \u201e21. sajandi rebane elab \u00fches Tallinna kallimas rajoonis katusekorteris\u201c. Laste ja noorte kategoorias valiti parimaks Grete Johanna Korbi foto \u201eMetsik h\u00fcpe\u201c. M\u00f5lemad t\u00f6\u00f6d p\u00e4rjati ka Tallinna Loomaaia eriauhinnaga.<\/b>\n<\/p>\n<p>\n\tLoodusfestivali traditsiooniline linnalooduse fotokonkurss \u201eMetsik linn\u201c kutsub inimesi linnaloodusele rohkem t\u00e4helepanu p\u00f6\u00f6rama ja j\u00e4\u00e4dvustama hetki l\u00e4bi kaamerasilma. Sel aastal laekus konkursile 247 t\u00f6\u00f6d, mis oli 76 foto v\u00f5rra enam kui eelmisel aastal \u2013 sellest 64 pilti olid laste ja noorte tehtud. Fotokonkursile sai t\u00f6id esitada 1. aprillist kuni 16. maini.\n<\/p>\n<p>\n\tKonkursile saadetud t\u00f6id hindas \u017e\u00fcrii, kuhu kuulusid professionaalsed fotograafid ja oma ala eksperdid. K\u00f5ik \u017e\u00fcriiliikmed t\u00f5id hindamisel esile keerulise dilemma \u2013 leida fotodel tasakaal linna ja looduse vahel ja samas hinnata vormistust, kvaliteeti ja tehnilisi oskusi. Ette tuli ka t\u00f6id, kus \u017e\u00fcriiliikmed oleks tahtnud kadreerimise ja pildi l\u00f5ikamise kallal norida. \u201eEks k\u00f5ige t\u00fc\u00fcpilisem k\u00fcsimus on alati see, kas pildil on m\u00f5lemad asjad lugu r\u00e4\u00e4kimas \u2013 linn ja loodus. Ka linnas saab teha m\u00f5ne looma- v\u00f5i linnuportree nii, et linna ennast pildile enam ei j\u00e4\u00e4. Kuid selgem lugu ilmub pildile ikka siis, kui need asjad on kombineerituna,\u201c r\u00e4\u00e4kis bioloog ja loodusfotograaf\u00a0<b>Urmas Tartes<\/b>.\n<\/p>\n<p>\n\t\u017d\u00fcrii liikmete s\u00f5nul olid fotod t\u00e4navu mitmekesisemad \u2013 eelmise aasta v\u00f5idut\u00f6\u00f6 oli paljusid kaadreid inspireerinud. Esindatud olid fotod loomadest ja lindudest linnakeskkonnas. Fotograaf\u00a0<b>Kaisa Keizars-Aron\u00a0<\/b>t\u00f5des: \u201eVaikelu v\u00e4\u00e4rikaid tabamusi oli samuti, n\u00e4iteks k\u00f6ndistatud puuhiiglane pr\u00fcgikastide k\u00f5rval. Lisaks olid seekord digitaalsele materjalile ka analoogtehnikale salvestatud hetki. Pealkirja andmine polnud ka lihtsamete killast \u00fclesanne \u2013 v\u00e4hesed sobisid valatult, enamusel j\u00e4i midagi vajaka, n\u00e4iteks kirjavead pealkirjades ei ole vastuv\u00f5etav\u201c.\n<\/p>\n<p>\n\t<img loading=\"lazy\" decoding=\"async\" alt=\"v\u00f5idut\u00f6\u00f6 1\" data-file_info=\"%7B%22fid%22:%2263043%22,%22view_mode%22:%22default%22,%22type%22:%22media%22%7D\" height=\"380\" src=\"https:\/\/sisu.ut.ee\/wp-content\/uploads\/sites\/123\/uld1koht_allar_leo_21.sajandi_rebane_elab_uhes_tallinna_kallimas_rajoonis_katusekorteris.jpg\" title=\"\" width=\"591\">\n<\/p>\n<p>\n\tV\u00f5idut\u00f6\u00f6 autor\u00a0<b>Allar Leo<\/b>\u00a0meenutas foto saamise lugu: \u201eAasta jagu ketras see m\u00f5te peas, kuni \u00fchel p\u00e4eval kuulsin, et keegi m\u00e4rkas taas rebast Patarei merekindluse juures \u2013 l\u00e4ksin kohe kohale. Jalutasin \u00fcmber kindluse, uurisin \u00fclevalt ja alt, kuni m\u00e4rkasin rebast katusel: ta lihtsalt istus seal, vaatas rahulikult aknast v\u00e4lja ja nautis t\u00e4iel rinnal p\u00e4ikeseloojangut. Esimesed pildid tegin tavakaameraga, aga n\u00e4hes tema julgust, v\u00f5tsin v\u00e4lja drooni. Rebane lubas end lahkesti pildistada. Minust j\u00e4i ta katusele p\u00e4ikeseloojangut edasi nautima. Hiljem \u00f5htul kuulsin, et rebast olla n\u00e4htud Noblessneris\u00a0<i>take away<\/i>\u00a0toidu j\u00e4rel k\u00e4imas, kui nii v\u00f5ib \u00f6elda toidu n\u00e4ppamise kohta\u201c.\n<\/p>\n<p>\n\t<img loading=\"lazy\" decoding=\"async\" alt=\"v\u00f5idut\u00f6\u00f6 2\" data-file_info=\"%7B%22fid%22:%2263044%22,%22view_mode%22:%22default%22,%22type%22:%22media%22%7D\" height=\"390\" src=\"https:\/\/sisu.ut.ee\/wp-content\/uploads\/sites\/123\/ln_1.koht_grete_johanna_korb_metsik_hupe.jpg\" title=\"\" width=\"587\">\n<\/p>\n<p>\n\tLaste ja noorte kategoorias v\u00f5itnud t\u00f6\u00f6 \u201eMetsik h\u00fcpe\u201c j\u00e4\u00e4dvustati Tallinna l\u00e4hedal. Autor\u00a0<b>Grete Johanna Korb\u00a0<\/b>meenutas foto tegemise hetke: \u201eUitasin kodut\u00e4navatel, jalutasin parajasti koprajahilt koju. Kopraid mul ei \u00f5nnestunud kohata, ent n\u00e4gin nende teravaks n\u00e4ritud pliiatseid. Kuulsin vareste kisa, mis kostis minu pea kohal \u2013 olin \u00fcli\u00f5nnelik, kui avastasin, et see on nugis, kes teeb kui orav metsikuid h\u00fcppeid puult puule ja keda varesed r\u00fcndavad. Eriti \u00f5nnelik olin, kui avastasin, et mul \u00f5nnestus tabada nugis sel hetkel kui ta sooritas \u00fchte metsikut h\u00fcpet \u00fchelt puult teisele\u201c.\n<\/p>\n<p>\n\tLinnalooduse fotokonkursi \u201eMetsik linn\u201c 25 parima t\u00f6\u00f6 galeriiga saab tutvuda Tartu \u00dclikooli botaanikaaias, mis avati Loodusfestivali viimasel p\u00e4eval enne Linnuj\u00e4mmi s\u00fcndmust. Galerii j\u00e4\u00e4b uudistamiseks \u00fcles kuni suve l\u00f5puni. Samuti tutvustatakse parimaid t\u00f6id suve jooksul Tartu \u00dclikooli loodusmuuseumi ja botaanikaaia Facebooki ja Instagrami kontodel. Esikolmiku v\u00f5idut\u00f6\u00f6d nii \u00fcldarvestuse kui ka laste ja noorte kategoorias p\u00e4rjatakse auhindadega, mille on v\u00e4lja pannud Photopoint, reklaamib\u00fcroo Salibar, Tallinna loomaaed, Fotografiska, T\u00e4nap\u00e4ev, fotoajakiri POSITIIV, Petrone Print, Viru Folk, teater Vanemuine ning Tartu \u00dclikooli loodusmuuseum ja botaanikaaed.\n<\/p>\n<p>\n\tLinnalooduse fotokonkurss \u201eMetsik linn\u201c kuulub Loodusfestivali programmi, mis sel aastal toimus 7.\u201213. juuni \u00fcle Eesti ja veebis. Loodusfestivali korraldab Tartu \u00dclikooli loodusmuuseum ja botaanikaaed koost\u00f6\u00f6s partneritega.\n<\/p>\n<p>\n\tFotosid hinnati kahes vanuser\u00fchmas: lapsed ja noored (kuni 15-aastased, k.a) ning \u00fcldarvestus, kus osav\u00f5tjate vanus ei ole piiratud. Esitatud fotosid hindas kuueliikmeline \u017e\u00fcrii, kuhu sel aastal kuulusid\u00a0<b>Piret Eensoo<\/b>,\u00a0<b>Rene Jakobson<\/b>,\u00a0<b>Kaisa Keizars-Aron<\/b>,\u00a0<b>Ingmar Muusikus<\/b>,\u00a0<b>Kerttu Taggo<\/b>\u00a0ja\u00a0<b>Urmas Tartes<\/b>.\n<\/p>\n<p>\n\t<strong><a data-url=\"https:\/\/metsiklinn.ut.ee\/photo-contest\/contests\/linnalooduse-fotokonkurss-metsik-linn-2021-ueldarvestus\" href=\"https:\/\/metsiklinn.ut.ee\/photo-contest\/contests\/linnalooduse-fotokonkurss-metsik-linn-2021-ueldarvestus\" target=\"_blank\" title=\"\" rel=\"noopener\">V\u00f5idut\u00f6\u00f6d \u00fcldkategoorias:<\/a><\/strong>\n<\/p>\n<p>\n\t1. koht ja Tallinna Loomaaia lemmik \u2013 Allar Leo \u201e21. sajandi rebane elab \u00fches Tallinna kallimas rajoonis katusekorteris\u201c\n<\/p>\n<p>\n\t2. koht \u2013 Silja Paavle \u201eSuur t\u00fckk ajab suu l\u00f5hki?\u201c\n<\/p>\n<p>\n\t3. koht \u2013 Jan Vutt \u201eNoored rebased\u201c\n<\/p>\n<p>\n\t<strong><a data-url=\"https:\/\/metsiklinn.ut.ee\/photo-contest\/contests\/linnalooduse-fotokonkurss-metsik-linn-2021-lapsed-ja-noored\" href=\"https:\/\/metsiklinn.ut.ee\/photo-contest\/contests\/linnalooduse-fotokonkurss-metsik-linn-2021-lapsed-ja-noored\" target=\"_blank\" title=\"\" rel=\"noopener\">V\u00f5idut\u00f6\u00f6d laste ja noorte kategoorias:<\/a><\/strong>\n<\/p>\n<p>\n\t1. koht ja Tallinna Loomaaia lemmik \u2013 Grete Johanna Korb \u201eMetsik h\u00fcpe\u201c\n<\/p>\n<p>\n\t2. koht \u2013 Liisa Leidre \u201eRong p\u00e4ikeseloojangul\u201c\n<\/p>\n<p>\n\t3. koht \u2013 Loore Lehemets \u201eLinn j\u00f5e taga\u201c\n<\/p>\n<p>\n\t<b>Palju \u00f5nne v\u00f5itjatele ja suur t\u00e4nu k\u00f5igile osav\u00f5tjatele ning auhindadesse panustajatele!<\/b>\n<\/p>\n<p>\n\tLisainfo:<br><b>Loodusfestival<\/b><br>loodusfestival@ut.ee<br>www.loodusfestival.ee<\/p>\n","protected":false},"excerpt":{"rendered":"<p>M\u00e4rka metsikut linna ja esita oma t\u00f6\u00f6d konkursile 01.04\u201316.05 Loodusfestivaliga k\u00e4sik\u00e4es toimuv fotokonkurss \u201eMetsik linn\u201c tuleb taas. T\u00e4navu seitsmendat korda toimuva festivali fookuses on koost\u00f6\u00f6 looduses.\u00a0Esita oma t\u00f6\u00f6d konkursile 1. aprillist kuni 16. maini. Fotokonkurss \u201eMetsik linn\u201c kutsub m\u00e4rkama loodust &#8230;<\/p>\n","protected":false},"author":54,"featured_media":0,"parent":0,"menu_order":0,"comment_status":"closed","ping_status":"closed","template":"","meta":{"_acf_changed":false,"inline_featured_image":false,"footnotes":""},"class_list":["post-64","page","type-page","status-publish","hentry"],"acf":[],"_links":{"self":[{"href":"https:\/\/sisu.ut.ee\/loodusfestival\/wp-json\/wp\/v2\/pages\/64","targetHints":{"allow":["GET"]}}],"collection":[{"href":"https:\/\/sisu.ut.ee\/loodusfestival\/wp-json\/wp\/v2\/pages"}],"about":[{"href":"https:\/\/sisu.ut.ee\/loodusfestival\/wp-json\/wp\/v2\/types\/page"}],"author":[{"embeddable":true,"href":"https:\/\/sisu.ut.ee\/loodusfestival\/wp-json\/wp\/v2\/users\/54"}],"replies":[{"embeddable":true,"href":"https:\/\/sisu.ut.ee\/loodusfestival\/wp-json\/wp\/v2\/comments?post=64"}],"version-history":[{"count":1,"href":"https:\/\/sisu.ut.ee\/loodusfestival\/wp-json\/wp\/v2\/pages\/64\/revisions"}],"predecessor-version":[{"id":642,"href":"https:\/\/sisu.ut.ee\/loodusfestival\/wp-json\/wp\/v2\/pages\/64\/revisions\/642"}],"wp:attachment":[{"href":"https:\/\/sisu.ut.ee\/loodusfestival\/wp-json\/wp\/v2\/media?parent=64"}],"curies":[{"name":"wp","href":"https:\/\/api.w.org\/{rel}","templated":true}]}}