{"id":62,"date":"2024-04-04T00:29:04","date_gmt":"2024-04-03T21:29:04","guid":{"rendered":"https:\/\/sisu.ut.ee\/loodusfestival\/loodusfestival-2021\/"},"modified":"2024-04-16T00:29:33","modified_gmt":"2024-04-15T21:29:33","slug":"loodusfestival-2021","status":"publish","type":"page","link":"https:\/\/sisu.ut.ee\/loodusfestival\/loodusfestival-2021\/","title":{"rendered":"Loodusfestival 2021"},"content":{"rendered":"<p><img loading=\"lazy\" decoding=\"async\" class=\"alignnone wp-image-192\" title=\"lf_21_2.png\" src=\"https:\/\/sisu.ut.ee\/wp-content\/uploads\/sites\/123\/lf_21_2.png\" alt=\"lf_21_2.png\" width=\"1134\" height=\"638\" srcset=\"https:\/\/sisu.ut.ee\/wp-content\/uploads\/sites\/123\/lf_21_2.png 960w, https:\/\/sisu.ut.ee\/wp-content\/uploads\/sites\/123\/lf_21_2-300x169.png 300w, https:\/\/sisu.ut.ee\/wp-content\/uploads\/sites\/123\/lf_21_2-768x432.png 768w\" sizes=\"auto, (max-width: 1134px) 100vw, 1134px\"><\/p>\n<p><span style=\"font-size: 16px;\"><strong>Seitsmes Loodusfestival toimus\u00a07.\u201313. juuni\u00a02021!<\/strong><\/span><\/p>\n<p><strong>Festival toimus\u00a07.\u201313. juuni\u00a02021 \u00fcle Eesti. Festival kutsub v\u00e4\u00e4rtustama linnalooduse kui elukeskkonna mitmekesisust, m\u00e4rkama loodust linnas ning\u00a0edendama j\u00e4tkusuutlikke tarbimis- ja k\u00e4itumisharjumisi. 2021. aasta festival keskendus\u00a0koost\u00f6\u00f6le looduses.<\/strong><\/p>\n<p>Festivali programm 2021. aastal koosneb paljudest eriilmelistest s\u00fcndmustest. Uue muudatusena ei korraldata enam linnalooduse p\u00e4eva Tartu kesklinna pargis, vaid festivali kavva lisandub rohkem erinevaid t\u00f6\u00f6tube, seminare v\u00f5i loenguid Tartu \u00dclikooli loodusmuuseumis ja botaanikaaias ning Loodusfestivalil osalevate partnerite juures. Uuri festivali programmi allpool v\u00f5i\u00a0<a title=\"\" href=\"http:\/\/loodusfestival.ee\/loodusfestivali-programm\" target=\"_blank\" rel=\"noopener\">siin<\/a>.<\/p>\n<p>Festivaliga k\u00e4sik\u00e4es\u00a0toimuv\u00a0<strong><a title=\"\" href=\"http:\/\/loodusfestival.ee\/fotokonkurss-metsik-linn-1\" target=\"_blank\" rel=\"noopener\">linnalooduse\u00a0fotokonkurss\u00a0\u201eMetsik linn\u201c<\/a>\u00a0<\/strong>kutsub m\u00e4rkama loodust ja esitama fotosid konkursile. See on ainus omasugune fotokonkurss Eestis, mis keskendub just linnalooduse ja linnakeskkonna omavahelistele suhetele.\u00a0Fotokonkursile sai\u00a0t\u00f6id esitada\u00a0<b>1. aprillist kuni 16. maini<\/b>. V\u00f5itjad kuulutati\u00a0v\u00e4lja Loodusfestivali viimasel p\u00e4eval, 13. juunil enne\u00a0<strong><a title=\"\" href=\"http:\/\/loodusfestival.ee\/linnuj%C3%A4mm\" target=\"_blank\" rel=\"noopener\">Linnuj\u00e4mmi<\/a><\/strong>\u00a0s\u00fcndmust\u00a0Tartu \u00dclikooli botaanikaaias, kuhu suve l\u00f5puni on uudistamiseks \u00fcleval\u00a025\u00a0parima t\u00f6\u00f6 galerii.<\/p>\n<p>Loodusfestivali kavas on ka traditsiooniks saanud \u00fcle-eestiline\u00a0<strong><a title=\"\" href=\"http:\/\/loodusfestival.ee\/lvm\" target=\"_blank\" rel=\"noopener\">Loodusvaatluste maraton<\/a><\/strong>, mis sellel korral leidis\u00a0aset\u00a0<strong>12.\u201313. juunil.<\/strong>\u00a0Avalikud vaatlusalad paiknesid\u00a0taaskord \u00fcle Eesti, kus k\u00f5igil huvilistel oli\u00a0v\u00f5imalik osa v\u00f5tta ja loodusvaatlusega tutvust teha juhendajate kaasabil. Maratoni k\u00e4igus tehtud\u00a0vaatlused\u00a0sisestatakse\u00a0<a href=\"https:\/\/elurikkus.ee\/projects\/loodusvaatluste-maraton-2019\" target=\"_blank\" rel=\"noopener\">Elurikkuse andmeportaali<\/a>, kus need on avalikult k\u00f5igile k\u00e4ttesaadavad.<\/p>\n<p>Loodusfestivali korraldavad\u00a0<strong>Tartu \u00dclikooli loodusmuuseum ja botaanikaaed<\/strong>\u00a0koost\u00f6\u00f6s partneritega. Loodusfestival on Euroopa kultuuripealinn Tartu 2024 programmi kandidaat. Loodusfestival sai alguse 2015. aastal\u00a0Tartu loodusn\u00e4dalaga. Aasta hiljem kasvas ettev\u00f5tmine suuremaks ja nimetati \u00fcmber Tartu loodusfestivaliks. 2018. aastast on festivali tegevused aset leidnud ka v\u00e4ljaspool Tartut ja seep\u00e4rast kannab s\u00fcndmus nime\u00a0<strong>Loodusfestival.<\/strong><\/p>\n<p style=\"text-align: right;\"><img loading=\"lazy\" decoding=\"async\" width=\"2000\" height=\"500\" class=\"alignnone wp-image-191\" title=\"tartu2024_ekl_logo_must_est_a.png\" src=\"https:\/\/sisu.ut.ee\/wp-content\/uploads\/sites\/123\/tartu2024_ekl_logo_must_est_a.png\" alt=\"tartu 2024\" srcset=\"https:\/\/sisu.ut.ee\/wp-content\/uploads\/sites\/123\/tartu2024_ekl_logo_must_est_a.png 2000w, https:\/\/sisu.ut.ee\/wp-content\/uploads\/sites\/123\/tartu2024_ekl_logo_must_est_a-300x75.png 300w, https:\/\/sisu.ut.ee\/wp-content\/uploads\/sites\/123\/tartu2024_ekl_logo_must_est_a-1024x256.png 1024w, https:\/\/sisu.ut.ee\/wp-content\/uploads\/sites\/123\/tartu2024_ekl_logo_must_est_a-768x192.png 768w, https:\/\/sisu.ut.ee\/wp-content\/uploads\/sites\/123\/tartu2024_ekl_logo_must_est_a-1536x384.png 1536w, https:\/\/sisu.ut.ee\/wp-content\/uploads\/sites\/123\/tartu2024_ekl_logo_must_est_a-1920x480.png 1920w\" sizes=\"auto, (max-width: 2000px) 100vw, 2000px\"><\/p>\n","protected":false},"excerpt":{"rendered":"<p>Seitsmes Loodusfestival toimus\u00a07.\u201313. juuni\u00a02021! Festival toimus\u00a07.\u201313. juuni\u00a02021 \u00fcle Eesti. Festival kutsub v\u00e4\u00e4rtustama linnalooduse kui elukeskkonna mitmekesisust, m\u00e4rkama loodust linnas ning\u00a0edendama j\u00e4tkusuutlikke tarbimis- ja k\u00e4itumisharjumisi. 2021. aasta festival keskendus\u00a0koost\u00f6\u00f6le looduses. Festivali programm 2021. aastal koosneb paljudest eriilmelistest s\u00fcndmustest. Uue muudatusena ei &#8230;<\/p>\n","protected":false},"author":54,"featured_media":0,"parent":0,"menu_order":0,"comment_status":"closed","ping_status":"closed","template":"","meta":{"_acf_changed":false,"inline_featured_image":false,"footnotes":""},"class_list":["post-62","page","type-page","status-publish","hentry"],"acf":[],"_links":{"self":[{"href":"https:\/\/sisu.ut.ee\/loodusfestival\/wp-json\/wp\/v2\/pages\/62","targetHints":{"allow":["GET"]}}],"collection":[{"href":"https:\/\/sisu.ut.ee\/loodusfestival\/wp-json\/wp\/v2\/pages"}],"about":[{"href":"https:\/\/sisu.ut.ee\/loodusfestival\/wp-json\/wp\/v2\/types\/page"}],"author":[{"embeddable":true,"href":"https:\/\/sisu.ut.ee\/loodusfestival\/wp-json\/wp\/v2\/users\/54"}],"replies":[{"embeddable":true,"href":"https:\/\/sisu.ut.ee\/loodusfestival\/wp-json\/wp\/v2\/comments?post=62"}],"version-history":[{"count":3,"href":"https:\/\/sisu.ut.ee\/loodusfestival\/wp-json\/wp\/v2\/pages\/62\/revisions"}],"predecessor-version":[{"id":836,"href":"https:\/\/sisu.ut.ee\/loodusfestival\/wp-json\/wp\/v2\/pages\/62\/revisions\/836"}],"wp:attachment":[{"href":"https:\/\/sisu.ut.ee\/loodusfestival\/wp-json\/wp\/v2\/media?parent=62"}],"curies":[{"name":"wp","href":"https:\/\/api.w.org\/{rel}","templated":true}]}}