{"id":59,"date":"2024-04-04T00:29:04","date_gmt":"2024-04-03T21:29:04","guid":{"rendered":"https:\/\/sisu.ut.ee\/loodusfestival\/lvmkkk\/"},"modified":"2024-04-04T00:36:16","modified_gmt":"2024-04-03T21:36:16","slug":"lvmkkk","status":"publish","type":"page","link":"https:\/\/sisu.ut.ee\/loodusfestival\/lvmkkk\/","title":{"rendered":"Korduma kippuvad k\u00fcsimused"},"content":{"rendered":"<p dir=\"ltr\">\n\t\u00a0\n<\/p>\n<div>\n\t<span style=\"font-size:15px\"><span style=\"font-family:Arial,Helvetica,sans-serif\">K\u00fcsimused ja vastused on jagatud j\u00e4rgnevatesse teemadesse:<\/span><\/span>\n<\/div>\n<div>\n\t<span style=\"font-size:15px\"><span style=\"font-family:Arial,Helvetica,sans-serif\">vaatlusala,<\/span><\/span>\n<\/div>\n<div>\n\t<span style=\"font-size:15px\"><span style=\"font-family:Arial,Helvetica,sans-serif\">vaatlemine,<\/span><\/span>\n<\/div>\n<div>\n\t<span style=\"font-size:15px\"><span style=\"font-family:Arial,Helvetica,sans-serif\">vaatluste sisestamine.\u00a0<\/span><\/span>\n<\/div>\n<p dir=\"ltr\">\n\t\u00a0\n<\/p>\n<h2 dir=\"ltr\">\n\t<span style=\"font-size:15px\"><span style=\"font-family:Arial,Helvetica,sans-serif\"><strong>VAATLUSALA<\/strong><\/span><\/span><br>\n<\/h2>\n<p>\n\t<span style=\"font-size:15px\"><span style=\"font-family:Arial,Helvetica,sans-serif\"><font style=\"background-color:#ffffff\"><strong>Kuidas vaatlusala valida?<\/strong><br>Soovitame ala m\u00e4rkimisel juhinduda maastikus leiduvatest piiridest nagu teed, oja, kraav, metsaserv jm. Need teevad looduses vaatlusala \u00fcles leidmise ja seal liikumise lihtsamaks. Alale v\u00f5ib j\u00e4\u00e4da ka mitmeid erinevat t\u00fc\u00fcpi elukohti \u2013 mets, niit, j\u00f5gi jne, siis on v\u00f5imalik rohkem erinevaid liike kohata.<\/font><\/span><\/span>\n<\/p>\n<div>\n\t<span style=\"font-size:15px\"><span style=\"font-family:Arial,Helvetica,sans-serif\"><font style=\"background-color:#ffffff\">Kui tegemist on eramaaga, tuleb omanikuga eelnevalt l\u00e4bi r\u00e4\u00e4kida, kas ta lubab enda maal loodusvaaltusi teha. Loodusvaatluste maraton kasutab BioBlitzi formaati, mis n\u00e4eb ette, et vaatlusala on hiljem ka andmebaasis n\u00e4ha.<\/font><\/span><\/span>\n<\/div>\n<div>\n\t\u00a0\n<\/div>\n<div>\n\t<span style=\"font-size:15px\"><span style=\"font-family:Arial,Helvetica,sans-serif\"><font style=\"background-color:#ffffff\"><strong>Kui suur peab vaatlusala olema?<\/strong><br>Vaatlusala minimaalne ega maksimaalne suurus ei ole piiritletud. Oluline on ala piiritlemisel meeles pidada, et arvesse l\u00e4hevad ainult eelregistreeritud alal tehtud vaatlused. Mida rohkem erinevat t\u00fc\u00fcpi elukohti (veekogu, niit, mets jne) alale j\u00e4\u00e4b, seda rohkem erinevaid liike on v\u00f5imalik kohata. <\/font><\/span><\/span>\n<\/div>\n<div>\n\t\u00a0\n<\/div>\n<div>\n\t<span style=\"font-size:15px\"><span style=\"font-family:Arial,Helvetica,sans-serif\"><font style=\"background-color:#ffffff\">Kui teen vaatlusi koduaias, kas pean ikkagi vaatlusala enne registreerima?<br>Kui soovite, et vaatlused l\u00e4heksid Loodusvaatluste maratoni arvestuses kirja, siis peate oma vaatlusalast korraldajatele eelnevalt teada andma. <\/font><\/span><\/span>\n<\/div>\n<div>\n\t\u00a0\n<\/div>\n<div>\n<div>\n\t\t<span style=\"font-size:15px\"><span style=\"font-family:Arial,Helvetica,sans-serif\"><font style=\"background-color:#ffffff\"><strong>Miks on vaatlusaladel erinevad kategooriad?<\/strong><br>Vaatlusalade nimed Kuldkingad, H\u00f5behaigrud, Vask\u00f6\u00f6lased ja Eremiitp\u00f5rnikad t\u00e4histavad erinevaid v\u00f5imalikke tegevusi, mis vaatlusalal toimuvad. N\u00e4iteks Kuldkingade ja H\u00f5behaigrute vaatlusalal tagab korraldaja, et vaatlusi aitab l\u00e4bi viia ka \u00fcks erialaekspert, Vask\u00f6\u00f6laste ja Eremiitp\u00f5rnikate vaatlusaladel erialaspetsialistidega programmi ei ole. Vaatlusala kategooria ei t\u00e4henda, et punktis peaks vaatlema nimes sisalduvat liiki. Loodusvaatluste maratoni eesm\u00e4rk on igal vaatlusalal registreerida v\u00f5imalikult palju erinevaid liike.<\/font><\/span><\/span>\n\t<\/div>\n<div>\n\t\t\u00a0\n\t<\/div>\n<div>\n\t\t<span style=\"font-size:15px\"><span style=\"font-family:Arial,Helvetica,sans-serif\"><font style=\"background-color:#ffffff\"><strong>Kes v\u00f5ivad vaatlusmaratoni korraldada?<\/strong><br>Vaatlusmaratoni v\u00f5ib korraldada iga loodushuviline. Oluline on m\u00e4\u00e4rata vaatlusala vastutav isik, kes aitab leida sobiva vaatluspiirkonna, annab korraldajatele vaatlusala kohta infot ja teab, kuidas vaatlustulemusi edastada.<\/font><\/span><\/span>\n\t<\/div>\n<\/div>\n<p dir=\"ltr\">\n\t\u00a0\n<\/p>\n<h2 dir=\"ltr\">\n\t<span style=\"font-size:15px\"><span style=\"font-family:Arial,Helvetica,sans-serif\"><strong>VAATLEMINE<\/strong><\/span><\/span><br>\n<\/h2>\n<div>\n\t<span style=\"font-size:15px\"><span style=\"font-family:Arial,Helvetica,sans-serif\"><font style=\"background-color:#ffffff\"><strong>Kuidas vaatlusmaratonist osa v\u00f5tta?<\/strong><br>Leia endale registreeritud vaatlusalade seast meelep\u00e4rane avalik vaatlusala, tutvu osalemistingimustega. Eelnevalt on soovitav l\u00e4bi lugeda <\/font><strong><a title=\"\" href=\"https:\/\/www.dropbox.com\/s\/o5rjf21rztffjpn\/LVM_juhend%20osalejale_veeb_2019.pdf?dl=0\" target=\"_blank\" data-url=\"https:\/\/www.dropbox.com\/s\/o5rjf21rztffjpn\/LVM_juhend%20osalejale_veeb_2019.pdf?dl=0\" rel=\"noopener\">vaatlusel osaleja juhend<\/a><\/strong><font style=\"background-color:#ffffff\">. <\/font><\/span><\/span>\n<\/div>\n<div>\n\t\u00a0\n<\/div>\n<div>\n\t<span style=\"font-size:15px\"><span style=\"font-family:Arial,Helvetica,sans-serif\"><font style=\"background-color:#ffffff\"><strong>Kuidas vaatlusalal vaatlemist korraldada?<\/strong><br>Vaatlustegevuse l\u00e4bi viimise vorm s\u00f5ltub sellest, millise vaatlusv\u00f5imaluste kategooriaga on maratoniala. Allpool on kirjeldatud m\u00f5ned v\u00f5imalused, kuidas maratonialal t\u00f6\u00f6d korraldada.<\/font><\/span><\/span>\n<\/div>\n<div>\n\t\u00a0\n<\/div>\n<div>\n\t<span style=\"font-size:15px\"><span style=\"font-family:Arial,Helvetica,sans-serif\"><font style=\"background-color:#ffffff\">a) V\u00f5imalik on seada \u00fcles statsionaarne staap ja v\u00f5tta vastu inimesi, kes enda vaatlusnimekirjade ning fotodega (nutitelefon, nutitahvel, digikaamera vms) vaatlusalal on vaatlusi teinud. Koos vaatlusjuhtide ja\/v\u00f5i ekspertidega saab liigid tuvastada ja andmebaasi talletada.<\/font><\/span><\/span>\n<\/div>\n<div>\n\t<span style=\"font-size:15px\"><span style=\"font-family:Arial,Helvetica,sans-serif\"><font style=\"background-color:#ffffff\">b) Kui vaatlusjuhte ja eksperte jagub, v\u00f5ib kindlatel aegadel korraldada vaatlusretki, n\u00e4iteks iga t\u00e4istund, iga paari tunni j\u00e4rel v\u00f5i muu enda valitud r\u00fctmi j\u00e4rgi. Nii on ka vaatlusjuhtidel huvitavam ning vaatlejatel on v\u00f5imalus m\u00e4rgata elusloodust, mis neil omap\u00e4i v\u00f5ib-olla m\u00e4rkamata j\u00e4\u00e4ks. Loomulikult v\u00f5ib ka ise m\u00f5elda m\u00f5ne huvitava lahenduse.<\/font><\/span><\/span>\n<\/div>\n<div>\n\t\u00a0\n<\/div>\n<div>\n\t<span style=\"font-size:15px\"><span style=\"font-family:Arial,Helvetica,sans-serif\"><font style=\"background-color:#ffffff\">Grupiga vaatlema minnes v\u00f5ib vaatlused \u00fcles kirjutada vaatlusjuht v\u00f5i k\u00fclalisekspert. Nii j\u00e4\u00e4b \u00e4ra andmete duplitseerimine, kui n\u00e4iteks \u00fcht linnuvaatlust mitu inimest korraga \u00fcles m\u00e4rgivad. V\u00f5ib ka jagada, et iga\u00fcks saab m\u00f5ne vaatluse kirja panna v\u00f5i jagada kirjutajad \u00e4ra vastavalt elustikugruppidele (linnud, putukad, kahepaiksed jne).<\/font><\/span><\/span>\n<\/div>\n<div>\n\t\u00a0\n<\/div>\n<div>\n\t<span style=\"font-size:15px\"><span style=\"font-family:Arial,Helvetica,sans-serif\"><font style=\"background-color:#ffffff\"><strong>Kas vaatlusalal peab vaatlema terve \u00f6\u00f6p\u00e4eva, 24 tunni jooksul?<\/strong><br>Iga osaleja saab ise otsustada, millal t\u00e4pselt vaatlusi teha. Oluline on, et vaatlused j\u00e4\u00e4ksid maratoni toimumise aja (24 tunni) sisse. V\u00f5ib n\u00e4iteks p\u00e4eval ja\/v\u00f5i \u00f5htul tegutseda, \u00f6\u00f6sel puhata ning n\u00e4iteks hommikul ja ennel\u00f5unal uuesti vaadelda. Kui huvi ja v\u00f5imalusi on rohkem, v\u00f5ib loomulikult ka kogu 24 tunni jooksul tegutseda.<\/font><\/span><\/span>\n<\/div>\n<div>\n\t\u00a0\n<\/div>\n<div>\n\t<span style=\"font-size:15px\"><span style=\"font-family:Arial,Helvetica,sans-serif\"><font style=\"background-color:#ffffff\"><strong>Keda ja kuidas vaadelda?<\/strong><br>Loodusvaatluste maraton kasutab rahvusvahelist vaatlusformaati <\/font><strong><a title=\"\" href=\"https:\/\/en.wikipedia.org\/wiki\/BioBlitz\" target=\"_blank\" data-url=\"https:\/\/en.wikipedia.org\/wiki\/BioBlitz\" rel=\"noopener\">BioBlitz<\/a><\/strong><font style=\"background-color:#ffffff\">. BioBlitz t\u00e4hendab, et kindlas paigas tuvastatakse kindlal ajavahemikul nii palju looma-, taime- ja seeneliike kui v\u00f5imalik. Vaatlemisel on oluline \u00fcles m\u00e4rkida liik, koht ja kuup\u00e4ev. Lisaks on hea, kui m\u00e4rgatud liigist on tehtud ka foto v\u00f5i video.<\/font><\/span><\/span>\n<\/div>\n<div>\n\t<br><span style=\"font-size:15px\"><span style=\"font-family:Arial,Helvetica,sans-serif\"><font style=\"background-color:#ffffff\">Loodusvaatluste maratonil \u00fchtegi taime ega looma kaasa ei v\u00f5eta ega surmata. K\u00f5ik t\u00f5endid kogutakse fotode, video- ja helisalvestustena. T\u00f5endite kogumiseks saab kasutada kaameraga mobiiltelefoni, nutiseadet v\u00f5i paberit-pliiatsit ja fotoaparaati.<\/font><\/span><\/span>\n<\/div>\n<div>\n\t<br><span style=\"font-size:15px\"><span style=\"font-family:Arial,Helvetica,sans-serif\"><font style=\"background-color:#ffffff\">Paljusid liike on v\u00f5imalik vaadelda ilma binokli v\u00f5i luubita ja ei eelda spetsiaalse varustuse omamist. Enne vaatlemist tutvu ka <\/font><strong><a title=\"\" href=\"https:\/\/www.dropbox.com\/s\/o5rjf21rztffjpn\/LVM_juhend%20osalejale_veeb_2019.pdf?dl=0\" target=\"_blank\" data-url=\"https:\/\/www.dropbox.com\/s\/o5rjf21rztffjpn\/LVM_juhend%20osalejale_veeb_2019.pdf?dl=0\" rel=\"noopener\">vaatleja juhendiga<\/a><font style=\"background-color:#ffffff\">. <\/font><\/strong><\/span><\/span>\n<\/div>\n<div>\n\t\u00a0\n<\/div>\n<div>\n\t<span style=\"font-size:15px\"><span style=\"font-family:Arial,Helvetica,sans-serif\"><font style=\"background-color:#ffffff\"><strong>Kas vaatlema peab k\u00f5iki elustikugruppe (loomad, linnud, taimed, putukad jne)?<\/strong><br>Oluline on teha maratoni toimumise ajal v\u00f5imalikult palju vaatlusi. V\u00f5ib piirduda ainult taimede v\u00f5i lindude vaatlemisega, kuid v\u00e4ga p\u00f5nev on avastada enda jaoks ka uusi putuka- ja samblaliike, kahepaikseid, kalasid jt.<\/font><\/span><\/span>\n<\/div>\n<div>\n\t\u00a0\n<\/div>\n<div>\n\t<span style=\"font-size:15px\"><span style=\"font-family:Arial,Helvetica,sans-serif\"><font style=\"background-color:#ffffff\"><strong>Kas k\u00f5ige tavalisemaid liike v\u00f5ib ka vaadelda?<\/strong><br>Jah, v\u00f5ib ikka. T\u00e4na laialt levinud liigid v\u00f5ivad aja m\u00f6\u00f6dudes haruldaseks muutuda. Lisaks on \u00fches kohas laialt levinud liik m\u00f5nes teises kohas v\u00e4ga haruldane. Tavalisemad liigid v\u00f5iks kirja panna ka seet\u00f5ttu, et mida rohkem erinevaid liike vaatlusalal kirja pannakse, seda parem, kuna maratoni formaat n\u00e4eb ette, et kindlas paigas ja ajavahemikul tuvastatakse nii palju looma-, taime- ja seeneliike, kui on v\u00f5imalik ja j\u00f5ukohane. K\u00f5ik vaatlused on oodatud. <\/font><\/span><\/span>\n<\/div>\n<div>\n\t\u00a0\n<\/div>\n<div>\n\t<span style=\"font-size:15px\"><span style=\"font-family:Arial,Helvetica,sans-serif\"><font style=\"background-color:#ffffff\"><strong>Kas v\u00f5ib teatada ka liikidest, keda ei oska m\u00e4\u00e4rata? Saata nendest foto v\u00f5i videosalvestus?<\/strong><br>V\u00f5ib saata ka vaatlusi, mis on m\u00e4\u00e4ratud ainult organismir\u00fchma nimetusega (seened, taimed, linnud jne). Sellisel juhul palume vaatlusele kindlasti lisada foto, video- v\u00f5i helisalvestus.<\/font><\/span><\/span>\n<\/div>\n<div>\n\t\u00a0\n<\/div>\n<div>\n\t<span style=\"font-size:15px\"><span style=\"font-family:Arial,Helvetica,sans-serif\"><font style=\"background-color:#ffffff\"><strong>Kas liigi n\u00e4gemine on oluline v\u00f5i piisab ka tegevusj\u00e4lgede (nt ekskremendid, j\u00e4ljed) n\u00e4gemisest?<\/strong><br>Piisab ka tegevusj\u00e4lgede n\u00e4gemisest. Vaatluse sisestamisel peaks tegevusj\u00e4lgede foto ka lisama. <\/font><\/span><\/span>\n<\/div>\n<div>\n\t\u00a0\n<\/div>\n<div>\n\t<span style=\"font-size:15px\"><span style=\"font-family:Arial,Helvetica,sans-serif\"><font style=\"background-color:#ffffff\"><strong>Kas fotol peavad koordinaadid k\u00fcljes olema?<\/strong><br>Kui v\u00f5imalik, siis on soovituslik kaameral GPS ja mobiilne andmeside sisse l\u00fclitada. <\/font><\/span><\/span>\n<\/div>\n<div>\n\t\u00a0\n<\/div>\n<div>\n\t<span style=\"font-size:15px\"><span style=\"font-family:Arial,Helvetica,sans-serif\"><font style=\"background-color:#ffffff\"><strong>Avalikul vaatlusalal v\u00f5ivad inimesed sama taime v\u00f5i m\u00f5ne muu liigi vaatlusest mitu korda teada anda. Kas see on lubatud?<\/strong><br>See on k\u00f5ikide vaatlusplatvormide puhul paratamatu, et hiljem pole v\u00f5imalik kindlaks teha, kas k\u00f5ik vaatlesid t\u00e4pselt sama objekti. <\/font><\/span><\/span>\n<\/div>\n<div>\n\t\u00a0\n<\/div>\n<div>\n\t<span style=\"font-size:15px\"><span style=\"font-family:Arial,Helvetica,sans-serif\"><font style=\"background-color:#ffffff\"><strong>Kui kaua saab maratoni k\u00e4igus tehtud vaatlustest teada anda?<\/strong><br>Vaatlusmaratoni k\u00e4igus tehtud vaatlusi ootame p\u00e4rast maratoni l\u00f5ppemist veel 7 p\u00e4eva. <\/font><\/span><\/span>\n<\/div>\n<div>\n\t\u00a0\n<\/div>\n<h2 dir=\"ltr\">\n\t<span style=\"font-size:15px\"><span style=\"font-family:Arial,Helvetica,sans-serif\"><strong>VAATLUSTE SISESTAMINE<\/strong><\/span><\/span><br>\n<\/h2>\n<div>\n\t<span style=\"font-size:15px\"><span style=\"font-family:Arial,Helvetica,sans-serif\"><font style=\"background-color:#ffffff\"><strong>Kuidas vaatlustest teada anda?<\/strong><br>K\u00f5ige lihtsam on vaatlusi sisestada veebip\u00f5hise t\u00f6\u00f6riista <\/font><strong><a title=\"\" href=\"http:\/\/loodusfestival.ee\/legulus\" target=\"_blank\" data-url=\"http:\/\/loodusfestival.ee\/legulus\" rel=\"noopener\">Legulus abil<\/a><\/strong><font style=\"background-color:#ffffff\"> (tr\u00fcki brauseri aadressireale legulus.tools). Kui sa pole varem Legulust v\u00f5i rahvusvahelist elurikkuse t\u00f6\u00f6lauda PlutoF kasutanud, siis saad Leguluses teha endale kasutajanime ja seej\u00e4rel vaatlusandmed sisestada. K\u00fcsimuste tekkimisel kirjuta <strong>support@plutof.ee<\/strong>.<\/font><\/span><\/span>\n<\/div>\n<div>\n\t\u00a0\n<\/div>\n<div>\n\t<span style=\"font-size:15px\"><span style=\"font-family:Arial,Helvetica,sans-serif\"><font style=\"background-color:#ffffff\"><strong>Kes saavad vaatlusi sisestada?<\/strong><br>K\u00f5ik PlutoF platvormi kasutajad. PlutoF = Legulus = Loodusheli (k\u00f5igis sama kasutaja). Kui kasutad m\u00f5nda nendest, siis ei ole vaja uut kasutajanime registreerida. Vaatluste sisestaja saab ka kaasvaatlejaid lisada eeldusel, et kaasvaatlejad on PlutoFi registreeritud kasutajad. <\/font><\/span><\/span>\n<\/div>\n<div>\n\t\u00a0\n<\/div>\n<div>\n\t<span style=\"font-size:15px\"><span style=\"font-family:Arial,Helvetica,sans-serif\"><font style=\"background-color:#ffffff\"><strong>Kus sisestatud vaatlusi n\u00e4ha saab?<\/strong><br>Uued sisestatud andmed tulevad e-Elurikkuse andmeportaalis n\u00e4htavaks iga tunni j\u00e4rel, mis v\u00f5imaldab neid peaaegu reaalajas j\u00e4lgida nii \u00fcldiselt kui ka ainult Loodusvaatluste maratoni kontekstis. N\u00e4htavad on iga vaatlusala vaatlusandmed. <\/font><\/span><\/span>\n<\/div>\n<div>\n\t\u00a0\n<\/div>\n<div>\n\t<span style=\"font-size:15px\"><span style=\"font-family:Arial,Helvetica,sans-serif\"><font style=\"background-color:#ffffff\"><strong>Kuidas tehtud vaatlust parandada saab?<\/strong><br>Vaatluste sisestaja saab k\u00f5iki vaatlusi ka hiljem parandada ja t\u00e4iendada, kasutades PlutoF t\u00f6\u00f6lauda aadressil <\/font><strong><a title=\"\" href=\"https:\/\/plutof.ut.ee\/\" target=\"_blank\" data-url=\"https:\/\/plutof.ut.ee\/\" rel=\"noopener\">plutof.ee<\/a><\/strong><font style=\"background-color:#ffffff\">.<\/font><\/span><\/span>\n<\/div>\n<div>\n\t\u00a0\n<\/div>\n<div>\n\t<span style=\"font-size:15px\"><span style=\"font-family:Arial,Helvetica,sans-serif\"><font style=\"background-color:#ffffff\"><strong>Kas Leguluse t\u00f6\u00f6riistaga v\u00f5ib ka muul ajal vaatlusi sisestada?<\/strong><br>Jah, Legulus on loodusvaatluste sisestamise t\u00f6\u00f6riist, mida v\u00f5ib kasutada kogu aeg. K\u00f5ik Legulusega tehtud vaatlused, mis vastavad korrektse loodusvaatluse n\u00f5uetele, j\u00f5uavad Elurikkuse andmeportaali. Oluline on j\u00e4lgida, et maratoni v\u00e4lisel ajal ei sisestaks vaatlusi Loodusvaatluste maratoni projekti alt. <\/font><\/span><\/span>\n<\/div>\n<div>\n\t\u00a0\n<\/div>\n<div>\n\t<span style=\"font-size:15px\"><span style=\"font-family:Arial,Helvetica,sans-serif\"><font style=\"background-color:#ffffff\"><strong>Mis on PlutoF?<\/strong><br>PlutoF on Tartu \u00dclikooli loodusmuuseumi ja botaanikaaia poolt loodud ja arendatav elurikkuse andmehalduse platvorm. Selle abil saavad kasutajad luua ja hallata oma andmebaase, mis sisaldavad infot vaatluste, kollektsioonide eksemplaride, kirjanduse jm kohta. <\/font><\/span><\/span>\n<\/div>\n<div>\n\t\u00a0\n<\/div>\n<div>\n\t<span style=\"font-size:15px\"><span style=\"font-family:Arial,Helvetica,sans-serif\"><font style=\"background-color:#ffffff\"><strong>Mis on Legulus?<\/strong><br>Legulus on PlutoF-i t\u00f6\u00f6laua \u00fclimalt lihtsustatud alternatiiv. PlutoF ja Legulus on justkui \u00fche ja sama infos\u00fcsteemi \u201cuksed\u201d. Leguluse abil saab vaatluste ja kollektsiooni eksemplaride andmeid sisestada, kuid mitte muuta. Legulus t\u00f6\u00f6tab internetibrauseri p\u00f5hiliselt, eraldi rakendust selle kasutamiseks installima ei pea. Kuna PlutoF ja Legulus t\u00f6\u00f6tavad sama infos\u00fcsteemi peal, saab m\u00f5lemat kasutada \u00fche ja sama kasutajatunnusega. Kui oled juba PlutoFi kasutaja, saad sama tunnusega kasutada Legulust ja vastupidi. <\/font><\/span><\/span>\n<\/div>\n<div>\n\t<span style=\"font-size:15px\"><span style=\"font-family:Arial,Helvetica,sans-serif\"><font style=\"background-color:#ffffff\">T\u00e4psema juhendi Leguluse kasutamise kohta leiad <\/font><strong><a title=\"\" href=\"http:\/\/loodusfestival.ee\/legulus\" target=\"_blank\" data-url=\"http:\/\/loodusfestival.ee\/legulus\" rel=\"noopener\">siit<\/a><\/strong><font style=\"background-color:#ffffff\">.<\/font><\/span><\/span>\n<\/div>\n<div>\n\t\u00a0\n<\/div>\n<div>\n\t<span style=\"font-size:15px\"><span style=\"font-family:Arial,Helvetica,sans-serif\"><font style=\"background-color:#ffffff\"><strong>Mis on e-Elurikkus?<\/strong><br>eElurikkus on Eesti elurikkuse ehk bioloogilise mitmekesisuse andmeportaal. Selle kaudu tehakse k\u00f5igile soovijatele k\u00e4ttesaadavaks Eesti liikide leiud, sh. teaduskogudes ja biopankades talletatud eksemplarid ning proovid, DNA p\u00f5hised ja inimese poolt tehtud liikide vaatlused, uurimist\u00f6\u00f6de andmed ning muu liikidega seotud info. eElurikkuse andmeressursi moodustavad avaandmetena k\u00e4ttesaadavad andmebaasid. Valdavalt on tegemist andmebaasidega mida hallatakse platvormil PlutoF (<\/font><a title=\"\" href=\"https:\/\/plutof.ut.ee\/\" target=\"_blank\" data-url=\"https:\/\/plutof.ut.ee\/\" rel=\"noopener\">plutof.ee<\/a><font style=\"background-color:#ffffff\">) aga n\u00e4iteks ka Keskkonnaministeeriumi EELIS vaatluste andmebaas. Nende andmebaaside omanikeks on teadlased, harrastusuurijad, riiklikud ja teadusasutused.<\/font><\/span><\/span>\n<\/div>\n<div>\n\t\u00a0\n<\/div>\n<p>\n\t<span style=\"font-size:15px\"><span style=\"font-family:Arial,Helvetica,sans-serif\"><strong>Kui sa enda k\u00fcsimusele vastust ei leidnud, siis edasta oma k\u00fcsimus loodusvaatluste.maraton@gmail.com.<\/strong><\/span><\/span>\n<\/p>\n<p>\n\t\u00a0<\/p>\n","protected":false},"excerpt":{"rendered":"<p>\u00a0 K\u00fcsimused ja vastused on jagatud j\u00e4rgnevatesse teemadesse: vaatlusala, vaatlemine, vaatluste sisestamine.\u00a0 \u00a0 VAATLUSALA Kuidas vaatlusala valida?Soovitame ala m\u00e4rkimisel juhinduda maastikus leiduvatest piiridest nagu teed, oja, kraav, metsaserv jm. Need teevad looduses vaatlusala \u00fcles leidmise ja seal liikumise lihtsamaks. Alale &#8230;<\/p>\n","protected":false},"author":54,"featured_media":0,"parent":0,"menu_order":0,"comment_status":"closed","ping_status":"closed","template":"","meta":{"_acf_changed":false,"inline_featured_image":false,"footnotes":""},"class_list":["post-59","page","type-page","status-publish","hentry"],"acf":[],"_links":{"self":[{"href":"https:\/\/sisu.ut.ee\/loodusfestival\/wp-json\/wp\/v2\/pages\/59","targetHints":{"allow":["GET"]}}],"collection":[{"href":"https:\/\/sisu.ut.ee\/loodusfestival\/wp-json\/wp\/v2\/pages"}],"about":[{"href":"https:\/\/sisu.ut.ee\/loodusfestival\/wp-json\/wp\/v2\/types\/page"}],"author":[{"embeddable":true,"href":"https:\/\/sisu.ut.ee\/loodusfestival\/wp-json\/wp\/v2\/users\/54"}],"replies":[{"embeddable":true,"href":"https:\/\/sisu.ut.ee\/loodusfestival\/wp-json\/wp\/v2\/comments?post=59"}],"version-history":[{"count":1,"href":"https:\/\/sisu.ut.ee\/loodusfestival\/wp-json\/wp\/v2\/pages\/59\/revisions"}],"predecessor-version":[{"id":647,"href":"https:\/\/sisu.ut.ee\/loodusfestival\/wp-json\/wp\/v2\/pages\/59\/revisions\/647"}],"wp:attachment":[{"href":"https:\/\/sisu.ut.ee\/loodusfestival\/wp-json\/wp\/v2\/media?parent=59"}],"curies":[{"name":"wp","href":"https:\/\/api.w.org\/{rel}","templated":true}]}}