{"id":58,"date":"2024-04-04T00:29:04","date_gmt":"2024-04-03T21:29:04","guid":{"rendered":"https:\/\/sisu.ut.ee\/loodusfestival\/loodusvaatluste-maraton-2023\/"},"modified":"2024-04-04T00:36:16","modified_gmt":"2024-04-03T21:36:16","slug":"loodusvaatluste-maraton-2023","status":"publish","type":"page","link":"https:\/\/sisu.ut.ee\/loodusfestival\/loodusvaatluste-maraton-2023\/","title":{"rendered":"Loodusvaatluste maraton 2023"},"content":{"rendered":"<p>\r\n\t\u00a0\r\n<\/p>\r\n\r\n<div>\r\n\t<p style=\"text-align: center\">\r\n\t\t<strong><span style=\"font-size:16px\">Kohtume\u00a0Loodusfestivalil ja loodusvaatluste maratonil<\/span><\/strong>\r\n\t<\/p>\r\n\r\n\t<p style=\"text-align: center\">\r\n\t\t<strong><span style=\"font-size:16px\">Loodusvaatluste maraton toimub 10.\u201311. juunil.<\/span><\/strong>\r\n\t<\/p>\r\n\r\n\t<p dir=\"ltr\" style=\"line-height:1.38;margin-top:0pt;margin-bottom:0pt\">\r\n\t\t\u00a0\r\n\t<\/p>\r\n\r\n\t<p dir=\"ltr\" style=\"line-height:1.38;margin-top:0pt;margin-bottom:0pt\">\r\n\t\t\u00a0\r\n\t<\/p>\r\n\r\n\t<p dir=\"ltr\" style=\"line-height: 1.38;margin-top: 0pt;margin-bottom: 0pt;text-align: right\">\r\n\t\t<img loading=\"lazy\" decoding=\"async\" width=\"719\" height=\"646\" class=\"alignnone wp-image-178\" style=\"float: left\" src=\"https:\/\/sisu.ut.ee\/wp-content\/uploads\/sites\/123\/2_lvmaraton_v2rviline_kirjata_valge_taust.png\" title=\"2_lvmaraton_v2rviline_kirjata_valge_taust.png\" alt=\"Loodusvaatluste maraton\" srcset=\"https:\/\/sisu.ut.ee\/wp-content\/uploads\/sites\/123\/2_lvmaraton_v2rviline_kirjata_valge_taust.png 719w, https:\/\/sisu.ut.ee\/wp-content\/uploads\/sites\/123\/2_lvmaraton_v2rviline_kirjata_valge_taust-300x270.png 300w\" sizes=\"auto, (max-width: 719px) 100vw, 719px\">\r\n\t<\/p>\r\n\r\n\t<ul>\r\n\t\t<li style=\"line-height: 1.38;margin-top: 0pt;margin-bottom: 0pt\">\r\n\t\t\tVAATLUSALADE REGISTREERIMINE ELURIKKUSE KODULEHEL \u2013\u00a0<strong><a href=\"https:\/\/elurikkus.ee\/lvm\">elurikkus.ee\/lvm<\/a><\/strong>\r\n\t\t<\/li>\r\n\t\t<li style=\"line-height: 1.38;margin-top: 0pt;margin-bottom: 0pt\">\r\n\t\t\tOsale <strong>27. aprill\u00a02023\u00a0<\/strong>seminaril \u201eLoodusvaatluste maratoni infop\u00e4ev\u201c, mida viib l\u00e4bi Veljo Runnel.\r\n\t\t<\/li>\r\n\t\t<li style=\"line-height:1.38;margin-top:0pt;margin-bottom:0pt\">\r\n\t\t\tLoe t\u00e4psemat \u00fclevaadet<strong> <\/strong><a data-url=\"http:\/\/loodusfestival.ee\/loodusvaatluste-maraton-2020\" href=\"http:\/\/loodusfestival.ee\/loodusvaatluste-maraton-2020\" target=\"_blank\" title=\"\" rel=\"noopener\">Loodusvaatluste maratoni 2020. aasta tulemustest<\/a>.\u00a0\r\n\t\t<\/li>\r\n\t\t<li style=\"line-height:1.38;margin-top:0pt;margin-bottom:0pt\">\r\n\t\t\tLoe t\u00e4psemat \u00fclevaadet <strong><a data-url=\"https:\/\/elurikkus.ee\/lvm\/uudised\/loodusvaatluste-maratonil-tehti-ule-7500-loodusvaatluse-ja-leiti-uus-liik-eestis\" href=\"https:\/\/elurikkus.ee\/lvm\/uudised\/loodusvaatluste-maratonil-tehti-ule-7500-loodusvaatluse-ja-leiti-uus-liik-eestis\" target=\"_blank\" title=\"\" rel=\"noopener\">Loodusvaatluste maratoni 2021. aasta tulemustest<\/a><\/strong>.\r\n\t\t<\/li>\r\n\t\t<li style=\"line-height:1.38;margin-top:0pt;margin-bottom:0pt\">\r\n\t\t\tLoodusvaatluste maraton\u00a0<a data-url=\"https:\/\/elurikkus.ee\/lvm\" href=\"https:\/\/elurikkus.ee\/lvm\" target=\"_blank\" title=\"\" rel=\"noopener\">eElurikkuse veebilehel<\/a>\r\n\t\t<\/li>\r\n\t\t<li style=\"line-height:1.38;margin-top:0pt;margin-bottom:0pt\">\r\n\t\t\t<a data-url=\"https:\/\/www.facebook.com\/LoodusvaatlusteMaraton\/\" href=\"https:\/\/www.facebook.com\/LoodusvaatlusteMaraton\/\" target=\"_blank\" title=\"\" rel=\"noopener\">Loodusvaatluste maraton Facebookis<\/a>\r\n\t\t<\/li>\r\n\t\t<li style=\"line-height:1.38;margin-top:0pt;margin-bottom:0pt\">\r\n\t\t\t<a data-url=\"https:\/\/www.instagram.com\/loodusvaatluste.maraton\/\" href=\"https:\/\/www.instagram.com\/loodusvaatluste.maraton\/\" target=\"_blank\" title=\"\" rel=\"noopener\">Loodusvaatluste maraton Instagramis<\/a>\r\n\t\t<\/li>\r\n\t\t<li style=\"line-height:1.38;margin-top:0pt;margin-bottom:0pt\">\r\n\t\t\t<strong>#LoodusvaatlusteMaraton<\/strong>\r\n\t\t<\/li>\r\n\t<\/ul>\r\n\r\n\t<p style=\"line-height:1.38;margin-top:0pt;margin-bottom:0pt\">\r\n\t\t\u00a0\r\n\t<\/p>\r\n\r\n\t<p style=\"line-height:1.38;margin-top:0pt;margin-bottom:0pt\">\r\n\t\t<img loading=\"lazy\" decoding=\"async\" width=\"2110\" height=\"1488\" class=\"alignnone wp-image-185\" src=\"https:\/\/sisu.ut.ee\/wp-content\/uploads\/sites\/123\/lvm2023.png\" title=\"lvm2023.png\" alt=\"Loodusvaatluste maraton 2023 info\" srcset=\"https:\/\/sisu.ut.ee\/wp-content\/uploads\/sites\/123\/lvm2023.png 2110w, https:\/\/sisu.ut.ee\/wp-content\/uploads\/sites\/123\/lvm2023-300x212.png 300w, https:\/\/sisu.ut.ee\/wp-content\/uploads\/sites\/123\/lvm2023-1024x722.png 1024w, https:\/\/sisu.ut.ee\/wp-content\/uploads\/sites\/123\/lvm2023-768x542.png 768w, https:\/\/sisu.ut.ee\/wp-content\/uploads\/sites\/123\/lvm2023-1536x1083.png 1536w, https:\/\/sisu.ut.ee\/wp-content\/uploads\/sites\/123\/lvm2023-2048x1444.png 2048w, https:\/\/sisu.ut.ee\/wp-content\/uploads\/sites\/123\/lvm2023-1920x1354.png 1920w\" sizes=\"auto, (max-width: 2110px) 100vw, 2110px\">\r\n\t<\/p>\r\n\r\n\t<p dir=\"ltr\" style=\"line-height: 1.38;margin-top: 0pt;margin-bottom: 0pt;text-align: right\">\r\n\t\t\u00a0\r\n\t<\/p>\r\n\r\n\t<p>\r\n\t\t<span><div class=\"accordion mb-3\">\n        <div class=\"accordion-item accordion-item--white\">\n        <h2 class=\"accordion-header\" id=\"accordion-69d612afc4e9e-heading\">\n            <button class=\"accordion-button collapsed\" type=\"button\" data-bs-toggle=\"collapse\" data-bs-target=\"#accordion-69d612afc4e9e-collapse\" aria-expanded=\"true\" aria-controls=\"accordion-69d612afc4e9e-collapse\"><b>Loodusfestival kutsub loodusvaatluste maratoni aladest teada andma<\/b><span><\/span><\/button>\n        <\/h2>\n        <div id=\"accordion-69d612afc4e9e-collapse\" class=\"accordion-collapse collapse\" aria-labelledby=\"accordion-69d612afc4e9e-heading\">\n            <div class=\"accordion-body\">\r\n\t\r\n\r\n\t<p class=\"LO-normal\" style=\"text-align:justify\">\r\n\t\t<b><span lang=\"ET\"><span style=\"line-height:115%\"><span style=\",serif\">Kuues \u00fcle-eestiline loodusvaatluste maraton toimub 10.\u201311. juunini. K\u00f5ik huvilised on oodatud 1. juuniks vaatluspaikadest teada andma.<\/span><\/span><\/span><\/b>\r\n\t<\/p>\r\n\r\n\t<p class=\"LO-normal\" style=\"text-align:justify\">\r\n\t\t<span lang=\"ET\"><span style=\"line-height:115%\"><span style=\",serif\">Loodusvaatluste maraton on p\u00f5nevusest pakatav, seikluslik \u00f6\u00f6p\u00e4ev looduses. See on <i>BioBlitz<\/i> formaadil p\u00f5hinev harrastusteaduse s\u00fcndmus, mille k\u00e4igus tuvastatakse kindlal alal kindla ajavahemiku jooksul nii palju eluslooduse liike, kui v\u00f5imalik. Loodusvaatluste maratonil osalemine aitab osalejal kodukoha loodust paremini tundma \u00f5ppida ning looduskaitsjate ja teadlaste t\u00f6\u00f6 jaoks andmeid koguda.<\/span><\/span><\/span>\r\n\t<\/p>\r\n\r\n\t<p style=\"text-align:justify\">\r\n\t\t<span style=\"line-height:115%\"><span style=\",serif\">Maratonil osalemiseks tuleb vaatlusala registreerida hiljemalt <\/span><span lang=\"ET\" style=\",serif\">1. juuni<\/span><span style=\",serif\">ks. <\/span><span lang=\"ET\" style=\",serif\">Vaatlusala v\u00f5ib olla avalik, <\/span><span style=\",serif\">kus<\/span><span lang=\"ET\" style=\",serif\"> k\u00f5ik huvilised saa<\/span><span style=\",serif\">vad<\/span><span lang=\"ET\" style=\",serif\"> osaleda, aga sobib ka eramaa, et pereringis loodust avastada. M\u00f5lemal juhul on oluline vaatlusalast korraldajatele teada anda, et tehtud vaatlused hiljem <a href=\"https:\/\/elurikkus.ee\/\">eElurikkuse andmeportaali<\/a> j\u00f5uaksid.<\/span> <span style=\",serif\">\u201e<\/span><span lang=\"ET\" style=\",serif\">Vaatlusala registreerimine annab v\u00f5imaluse selle paiga elurikkust l\u00e4hemalt tundma \u00f5ppida, aga tekitab ka v\u00e4ikese v\u00f5istlus\u00e4revuse<\/span><span style=\",serif\">, <\/span><span lang=\"ET\" style=\",serif\">milliselt vaatlusalalt k\u00f5ige rohkem liike leitakse,<\/span><span style=\",serif\">\u201c<\/span><span lang=\"ET\" style=\",serif\"> r\u00e4\u00e4kis maratoni eestvedaja, Tartu \u00dclikooli loodusmuuseumi ja botaanikaaia harrastusteaduse peaekspert <strong>Veljo Runnel<\/strong>. <\/span><\/span>\r\n\t<\/p>\r\n\r\n\t<p style=\"text-align:justify\">\r\n\t\t<span style=\"line-height:115%\"><span lang=\"ET\" style=\",serif\">Vaatlusalade registreerimist ja maratoni l\u00e4biviimist tutvustatakse l\u00e4hemalt k\u00f5igile looduhuvilistele neljap\u00e4eval, 27. aprillil tasuta seminaril \u201eLoodusvaatluste maratoni infop\u00e4ev\u201c. Infop\u00e4eva teave on leitav hiljemalt aprilli alguses nii festivali kui ka loodusmuuseumi ja botaanikaaia kodulehel. \u201e<\/span><span style=\",serif\">Kuna selle aasta Loodusfestival keskendub aedade elurikkusele, siis loodame ka, et maratoni vaatlusaladena registreeritakse rohkem eraaedu<\/span><span lang=\"ET\" style=\",serif\">,\u201c lisas Runnel.<\/span><\/span>\r\n\t<\/p>\r\n\r\n\t<p style=\"text-align:justify\">\r\n\t\t<span style=\"line-height:115%\"><span lang=\"ET\" style=\",serif\">Loodusvaatluste maraton on osa Loodusfestivalist, mis sel aastal keskendub viie p\u00e4eva jooksul aedade ilu ja elurikkusele. \u201eLoodan, et festivali teemavalik aitab esile t\u00f5sta iga\u00fche aia erilisust. Pole t\u00e4htis, kui suur on aed, sest aia v\u00e4\u00e4rtus v\u00f5ib peituda hoopis muus: aed v\u00f5ib olla meie toitja v\u00f5i silmailu pakkuja, aga ka looduse hoidmise koht,\u201c selgitas festivali projektijuht <strong>Kaarin Hein<\/strong>.<\/span><\/span>\r\n\t<\/p>\r\n\r\n\t<p class=\"LO-normal\" style=\"text-align:justify\">\r\n\t\t<span lang=\"ET\"><span style=\"line-height:115%\"><span style=\",serif\">2022. aastal oli erinevates Eesti paikades 42 vaatlusala, kus tehti \u00fcle 7000 loodusvaatluse, maratoniga seotud s\u00fcndmustel osales \u00fcle 360 inimese. Aastal 2018 p\u00e4rjati vaatlusmaraton Eesti Teadusagentuuri teaduse populariseerimise auhinnaga uue algatuse kategoorias. \u00dcle-eestiline ettev\u00f5tmine sai 2019. aasta alguses tunnustuse ka Keskkonnaministeeriumi aasta keskkonnateo konkursil.<\/span><\/span><\/span>\r\n\t<\/p>\r\n\r\n\t<p class=\"LO-normal\" style=\"text-align:justify\">\r\n\t\t<span lang=\"ET\"><span style=\"line-height:115%\"><span style=\",serif\">Loodusfestivali ja loodusvaatluste maratoni peakorraldaja on Tartu \u00dclikooli loodusmuuseum ja botaanikaaed, kaaskorraldaja Linnuvaatleja. Loodusvaatluste maraton on osa \u00fcheksandat aastat toimuva Loodusfestivali programmist.<\/span><\/span><\/span><br>\u00a0\r\n\t<\/p>\r\n\r\n\t<p>\r\n\t\tLoodusvaatluste maratoni koduleht, alade registreerimine: <a href=\"https:\/\/elurikkus.ee\/lvm\">elurikkus.ee\/lvm<\/a><br>Loodusvaatluste maraton Facebookis: <a href=\"http:\/\/www.facebook.com\/LoodusvaatlusteMaraton\">www.facebook.com\/LoodusvaatlusteMaraton<\/a><br>Loodusfestival Facebookis: <a href=\"https:\/\/www.facebook.com\/loodusfestival\/\">https:\/\/www.facebook.com\/loodusfestival\/<\/a><span><\/span><\/p><\/div>\n        <\/div>\n        <\/div>\n    <\/div><\/span>\r\n\t<\/p>\r\n\r\n\t<p>\r\n\t\t<\/p><div class=\"accordion mb-3\">\n        <div class=\"accordion-item accordion-item--white\">\n        <h2 class=\"accordion-header\" id=\"accordion-69d612afc4eb1-heading\">\n            <button class=\"accordion-button collapsed\" type=\"button\" data-bs-toggle=\"collapse\" data-bs-target=\"#accordion-69d612afc4eb1-collapse\" aria-expanded=\"true\" aria-controls=\"accordion-69d612afc4eb1-collapse\"><b>V\u00f5ta Loodusvaatluste maratonist osa<\/b><\/button>\n        <\/h2>\n        <div id=\"accordion-69d612afc4eb1-collapse\" class=\"accordion-collapse collapse\" aria-labelledby=\"accordion-69d612afc4eb1-heading\">\n            <div class=\"accordion-body\">\r\n\t\r\n\r\n\t<p>\r\n\t\t<b>Lisateave:<\/b><br>Veljo Runnel<br>Tartu \u00dclikooli loodusmuuseumi ja botaanikaaia harrastusteaduse ekspert<br>veljo.runnel@ut.ee<br>+372 5206108<br><span><\/span><\/p><\/div>\n        <\/div>\n        <\/div>\n    <\/div>\r\n\t\r\n\r\n\t<p>\r\n\t\t<span style=\"font-size:15px\"><div class=\"accordion mb-3\">\n        <div class=\"accordion-item accordion-item--white\">\n        <h2 class=\"accordion-header\" id=\"accordion-69d612afc4eb5-heading\">\n            <button class=\"accordion-button collapsed\" type=\"button\" data-bs-toggle=\"collapse\" data-bs-target=\"#accordion-69d612afc4eb5-collapse\" aria-expanded=\"true\" aria-controls=\"accordion-69d612afc4eb5-collapse\">Mis on Loodusvaatluste maraton?<\/button>\n        <\/h2>\n        <div id=\"accordion-69d612afc4eb5-collapse\" class=\"accordion-collapse collapse\" aria-labelledby=\"accordion-69d612afc4eb5-heading\">\n            <div class=\"accordion-body\">Loodusvaatluste maraton on s\u00fcndmus, mille k\u00e4igus panevad inimesed eelnevalt registreeritud vaatlusaladel 24 tunni jooksul kirja nii palju kohatud liike kui v\u00f5imalik. Vaatlused sisestatakse andmeportaali, kus need on avalikult k\u00f5igile k\u00e4ttesaadavad (v.a I kaitsekategooria liigid).<\/div>\n        <\/div>\n        <\/div>\n    <\/div><\/span>\r\n\t<\/p>\r\n<\/div>\r\n\r\n<p>\r\n\t<\/p><div class=\"accordion mb-3\">\n        <div class=\"accordion-item accordion-item--white\">\n        <h2 class=\"accordion-header\" id=\"accordion-69d612afc4eb9-heading\">\n            <button class=\"accordion-button collapsed\" type=\"button\" data-bs-toggle=\"collapse\" data-bs-target=\"#accordion-69d612afc4eb9-collapse\" aria-expanded=\"true\" aria-controls=\"accordion-69d612afc4eb9-collapse\">Toimunud Loodusvaatluste maratonid<\/button>\n        <\/h2>\n        <div id=\"accordion-69d612afc4eb9-collapse\" class=\"accordion-collapse collapse\" aria-labelledby=\"accordion-69d612afc4eb9-heading\">\n            <div class=\"accordion-body\"><br>2022:\u00a042 vaatlusala,\u00a07180\u00a0loodusvaatlust, leiti \u00fcks uus liik Eestile (seenes\u00e4\u00e4se liik\u00a0<em>Mycomya denmax<\/em>), maratoni s\u00fcndmustel osales \u00fcle 360 inimese.<br><br>2021: 41 vaatlusala, 208 vaatluste sisestajat, 7642\u00a0vaatlust, leiti \u00fcks uus liik Eestile (pahklest\u00a0<em>Fragariocoptes setiger<\/em>), maratoni s\u00fcndmustel osales 600 inimest.<br><br>2020: 41 vaatlusala, 4600 vaatlust, maratoni s\u00fcndmustel osales \u00fcle 250 inimese.\u00a0<br>2019: 30 vaatlusala, 4100 vaatlust, maratoni s\u00fcndmustel osales \u00fcle 500 inimese.<br>2018: 16 vaatlusala, 2300 vaatlust, maratoni s\u00fcndmustel osales \u00fcle 200 inimese.<br><\/div>\n        <\/div>\n        <\/div>\n    <\/div>\r\n\r\n\r\n<p dir=\"ltr\" style=\"arial,helvetica,sans-serif;14px;font-style:normal;font-variant:normal;font-weight:400;letter-spacing:normal;line-height:1.38;margin-bottom:0pt;margin-top:0pt;text-align:left;text-decoration:none;text-indent:0px;text-transform:none\">\r\n\t<\/p><div class=\"accordion mb-3\">\n        <div class=\"accordion-item accordion-item--white\">\n        <h2 class=\"accordion-header\" id=\"accordion-69d612afc4ebc-heading\">\n            <button class=\"accordion-button collapsed\" type=\"button\" data-bs-toggle=\"collapse\" data-bs-target=\"#accordion-69d612afc4ebc-collapse\" aria-expanded=\"true\" aria-controls=\"accordion-69d612afc4ebc-collapse\">Korraldajad<\/button>\n        <\/h2>\n        <div id=\"accordion-69d612afc4ebc-collapse\" class=\"accordion-collapse collapse\" aria-labelledby=\"accordion-69d612afc4ebc-heading\">\n            <div class=\"accordion-body\">Loodusvaatluste maratoni korraldavad Tartu \u00dclikooli loodusmuuseum ja botaanikaaed, kaaskorraldajad portaal Linnuvaatleja, mitmed loodusharidust edendavad asutused ja vabatahtlikud \u00fcle Eesti. <\/div>\n        <\/div>\n        <\/div>\n    <\/div>\r\n\r\n\r\n<p dir=\"ltr\" style=\"arial,helvetica,sans-serif;14px;font-style:normal;font-variant:normal;font-weight:400;letter-spacing:normal;line-height:1.38;margin-bottom:0pt;margin-top:0pt;text-align:left;text-decoration:none;text-indent:0px;text-transform:none\">\r\n\t<\/p><div class=\"accordion mb-3\">\n        <div class=\"accordion-item accordion-item--white\">\n        <h2 class=\"accordion-header\" id=\"accordion-69d612afc4ebf-heading\">\n            <button class=\"accordion-button collapsed\" type=\"button\" data-bs-toggle=\"collapse\" data-bs-target=\"#accordion-69d612afc4ebf-collapse\" aria-expanded=\"true\" aria-controls=\"accordion-69d612afc4ebf-collapse\">Tunnustused<\/button>\n        <\/h2>\n        <div id=\"accordion-69d612afc4ebf-collapse\" class=\"accordion-collapse collapse\" aria-labelledby=\"accordion-69d612afc4ebf-heading\">\n            <div class=\"accordion-body\">Loodusvaatluste maraton on p\u00e4rjatud Eesti Teadusagentuuri teaduse populariseemise auhinnaga 2018 kui parim uus algatus. \u00dcle-eestiline ettev\u00f5tmine sai tunnustuse ka Keskkonnaministeeriumi aasta keskkonnateo konkursil 2019. aasta alguses. <\/div>\n        <\/div>\n        <\/div>\n    <\/div>\r\n\r\n\r\n<p>\r\n\t<\/p><div class=\"accordion mb-3\">\n        <div class=\"accordion-item accordion-item--white\">\n        <h2 class=\"accordion-header\" id=\"accordion-69d612afc4ec1-heading\">\n            <button class=\"accordion-button collapsed\" type=\"button\" data-bs-toggle=\"collapse\" data-bs-target=\"#accordion-69d612afc4ec1-collapse\" aria-expanded=\"true\" aria-controls=\"accordion-69d612afc4ec1-collapse\">Kontakt<\/button>\n        <\/h2>\n        <div id=\"accordion-69d612afc4ec1-collapse\" class=\"accordion-collapse collapse\" aria-labelledby=\"accordion-69d612afc4ec1-heading\">\n            <div class=\"accordion-body\">Veljo Runnel<br>Projektijuht<br>veljo.runnel@ut.ee<br>520 6108<\/div>\n        <\/div>\n        <\/div>\n    <\/div>\r\n\r\n\r\n<div>\r\n\t<img loading=\"lazy\" decoding=\"async\" width=\"2114\" height=\"1490\" class=\"alignnone wp-image-186\" src=\"https:\/\/sisu.ut.ee\/wp-content\/uploads\/sites\/123\/lvm2023_2.png\" title=\"lvm2023_2.png\" alt=\"Loodusvaatluste maraton 2022\" srcset=\"https:\/\/sisu.ut.ee\/wp-content\/uploads\/sites\/123\/lvm2023_2.png 2114w, https:\/\/sisu.ut.ee\/wp-content\/uploads\/sites\/123\/lvm2023_2-300x211.png 300w, https:\/\/sisu.ut.ee\/wp-content\/uploads\/sites\/123\/lvm2023_2-1024x722.png 1024w, https:\/\/sisu.ut.ee\/wp-content\/uploads\/sites\/123\/lvm2023_2-768x541.png 768w, https:\/\/sisu.ut.ee\/wp-content\/uploads\/sites\/123\/lvm2023_2-1536x1083.png 1536w, https:\/\/sisu.ut.ee\/wp-content\/uploads\/sites\/123\/lvm2023_2-2048x1443.png 2048w, https:\/\/sisu.ut.ee\/wp-content\/uploads\/sites\/123\/lvm2023_2-1920x1353.png 1920w\" sizes=\"auto, (max-width: 2114px) 100vw, 2114px\">\r\n<\/div>\r\n<br><figure class=\"wp-block-gallery has-nested-images columns-3 is-cropped wp-block-gallery-1 is-layout-flex wp-block-gallery-is-layout-flex\"><figure class=\"wp-block-image size-large\"><a href=\"https:\/\/sisu.ut.ee\/wp-content\/uploads\/sites\/123\/imag0090.jpg\"><img decoding=\"async\" data-id=\"176\" src=\"https:\/\/sisu.ut.ee\/wp-content\/uploads\/sites\/123\/imag0090.jpg\" alt=\"\" class=\"wp-ima&gt;&lt;\/figcaption&gt;&lt;\/figure&gt;&lt;\/figure&gt;\"><\/a><\/figure><\/figure>","protected":false},"excerpt":{"rendered":"<p>\u00a0 Kohtume\u00a0Loodusfestivalil ja loodusvaatluste maratonil Loodusvaatluste maraton toimub 10.\u201311. juunil. \u00a0 \u00a0 VAATLUSALADE REGISTREERIMINE ELURIKKUSE KODULEHEL \u2013\u00a0elurikkus.ee\/lvm Osale 27. aprill\u00a02023\u00a0seminaril \u201eLoodusvaatluste maratoni infop\u00e4ev\u201c, mida viib l\u00e4bi Veljo Runnel. Loe t\u00e4psemat \u00fclevaadet Loodusvaatluste maratoni 2020. aasta tulemustest.\u00a0 Loe t\u00e4psemat \u00fclevaadet Loodusvaatluste &#8230;<\/p>\n","protected":false},"author":54,"featured_media":0,"parent":0,"menu_order":0,"comment_status":"closed","ping_status":"closed","template":"","meta":{"_acf_changed":false,"inline_featured_image":false,"footnotes":""},"class_list":["post-58","page","type-page","status-publish","hentry"],"acf":[],"_links":{"self":[{"href":"https:\/\/sisu.ut.ee\/loodusfestival\/wp-json\/wp\/v2\/pages\/58","targetHints":{"allow":["GET"]}}],"collection":[{"href":"https:\/\/sisu.ut.ee\/loodusfestival\/wp-json\/wp\/v2\/pages"}],"about":[{"href":"https:\/\/sisu.ut.ee\/loodusfestival\/wp-json\/wp\/v2\/types\/page"}],"author":[{"embeddable":true,"href":"https:\/\/sisu.ut.ee\/loodusfestival\/wp-json\/wp\/v2\/users\/54"}],"replies":[{"embeddable":true,"href":"https:\/\/sisu.ut.ee\/loodusfestival\/wp-json\/wp\/v2\/comments?post=58"}],"version-history":[{"count":2,"href":"https:\/\/sisu.ut.ee\/loodusfestival\/wp-json\/wp\/v2\/pages\/58\/revisions"}],"predecessor-version":[{"id":706,"href":"https:\/\/sisu.ut.ee\/loodusfestival\/wp-json\/wp\/v2\/pages\/58\/revisions\/706"}],"wp:attachment":[{"href":"https:\/\/sisu.ut.ee\/loodusfestival\/wp-json\/wp\/v2\/media?parent=58"}],"curies":[{"name":"wp","href":"https:\/\/api.w.org\/{rel}","templated":true}]}}