{"id":55,"date":"2024-04-04T00:29:04","date_gmt":"2024-04-03T21:29:04","guid":{"rendered":"https:\/\/sisu.ut.ee\/loodusfestival\/programm\/"},"modified":"2024-05-07T11:22:19","modified_gmt":"2024-05-07T08:22:19","slug":"programm","status":"publish","type":"page","link":"https:\/\/sisu.ut.ee\/loodusfestival\/programm\/","title":{"rendered":"Festivali programm"},"content":{"rendered":"<p><span style=\"font-size: 18px;\"><strong><span style=\"color: #008000;\">LOODUS\/LOOVUS\/FESTIVAL 5.\u201315. juunini Tartus ja \u00fcle Eesti<\/span><\/strong><\/span><\/p>\n\n\n\n<p>Loodusloovusfestival kutsub m\u00e4rkama elurikkust meie \u00fcmber, s\u00fcvenema looduse ja kultuuri seostesse ning nautima loodusest inspireeritud loomingut. Leiame koos \u00fcles looduse ja loovuse kokkupuutepunktid ning jagame erinevate s\u00fcndmuste ja tegevuste kaudu nii teavet kui elamusi. \u00dcmbritseva looduse ja elurikkuse m\u00e4rkamine on oluliseks l\u00e4htekohaks loovusele ja hea algus keskkonnateemadesse s\u00fcvenemisel.<\/p>\n\n\n\n<p>K\u00fcmnes festival kuulub Euroopa Kultuuripealinn Tartu 2024 p\u00f5hiprogrammi. Loodusloovusfestivali korraldab Tartu \u00dclikooli loodusmuuseum ja botaanikaaed koost\u00f6\u00f6s partneritega \u00fcle Eesti.<\/p>\n\n\n\n<div class=\"wp-block-buttons is-layout-flex wp-block-buttons-is-layout-flex\">\n<div class=\"wp-block-button\"><a class=\"wp-block-button__link wp-element-button\" href=\"https:\/\/sisu.ut.ee\/loodusfestival\/syndmused\/\" target=\"_blank\" rel=\"noreferrer noopener\">Uuri festivali kava<\/a><\/div>\n<\/div>\n\n\n\n<p><\/p>\n","protected":false},"excerpt":{"rendered":"<p>LOODUS\/LOOVUS\/FESTIVAL 5.\u201315. juunini Tartus ja \u00fcle Eesti Loodusloovusfestival kutsub m\u00e4rkama elurikkust meie \u00fcmber, s\u00fcvenema looduse ja kultuuri seostesse ning nautima loodusest inspireeritud loomingut. Leiame koos \u00fcles looduse ja loovuse kokkupuutepunktid ning jagame erinevate s\u00fcndmuste ja tegevuste kaudu nii teavet kui &#8230;<\/p>\n","protected":false},"author":54,"featured_media":0,"parent":0,"menu_order":0,"comment_status":"closed","ping_status":"closed","template":"","meta":{"_acf_changed":false,"inline_featured_image":false,"footnotes":""},"class_list":["post-55","page","type-page","status-publish","hentry"],"acf":[],"_links":{"self":[{"href":"https:\/\/sisu.ut.ee\/loodusfestival\/wp-json\/wp\/v2\/pages\/55","targetHints":{"allow":["GET"]}}],"collection":[{"href":"https:\/\/sisu.ut.ee\/loodusfestival\/wp-json\/wp\/v2\/pages"}],"about":[{"href":"https:\/\/sisu.ut.ee\/loodusfestival\/wp-json\/wp\/v2\/types\/page"}],"author":[{"embeddable":true,"href":"https:\/\/sisu.ut.ee\/loodusfestival\/wp-json\/wp\/v2\/users\/54"}],"replies":[{"embeddable":true,"href":"https:\/\/sisu.ut.ee\/loodusfestival\/wp-json\/wp\/v2\/comments?post=55"}],"version-history":[{"count":10,"href":"https:\/\/sisu.ut.ee\/loodusfestival\/wp-json\/wp\/v2\/pages\/55\/revisions"}],"predecessor-version":[{"id":1167,"href":"https:\/\/sisu.ut.ee\/loodusfestival\/wp-json\/wp\/v2\/pages\/55\/revisions\/1167"}],"wp:attachment":[{"href":"https:\/\/sisu.ut.ee\/loodusfestival\/wp-json\/wp\/v2\/media?parent=55"}],"curies":[{"name":"wp","href":"https:\/\/api.w.org\/{rel}","templated":true}]}}