{"id":52,"date":"2024-04-04T00:29:03","date_gmt":"2024-04-03T21:29:03","guid":{"rendered":"https:\/\/sisu.ut.ee\/loodusfestival\/konverents-valjasuremise-jaljed\/"},"modified":"2024-04-16T01:00:35","modified_gmt":"2024-04-15T22:00:35","slug":"konverents-valjasuremise-jaljed","status":"publish","type":"page","link":"https:\/\/sisu.ut.ee\/loodusfestival\/konverents-valjasuremise-jaljed\/","title":{"rendered":"Konverents \u201eV\u00e4ljasuremise j\u00e4ljed\u201c"},"content":{"rendered":"<div style=\"height:30px\" aria-hidden=\"true\" class=\"wp-block-spacer\"><\/div>\n\n\n\n<div class=\"wp-block-media-text has-media-on-the-right is-stacked-on-mobile\" style=\"grid-template-columns:auto 44%\"><div class=\"wp-block-media-text__content\">\n<p>Konverents\u00a0\u201eV\u00e4ljasuremise j\u00e4ljed: liigikadu, solastalgia ja taastumise semiootika\u201c toimub Elluj\u00e4\u00e4mise Kunstide Loodusloovusfestivali esimestel p\u00e4evadel 5.\u20137. juunini Oecologicumis. Samuti toimub konverentsi p\u00e4evadel avalik lisaprogramm Elektriteatris.<\/p>\n<\/div><figure class=\"wp-block-media-text__media\"><img loading=\"lazy\" decoding=\"async\" width=\"1024\" height=\"1024\" src=\"https:\/\/sisu.ut.ee\/wp-content\/uploads\/sites\/123\/Konverents_1080x1080-1-1024x1024.png\" alt=\"\" class=\"wp-image-742 size-full\" srcset=\"https:\/\/sisu.ut.ee\/wp-content\/uploads\/sites\/123\/Konverents_1080x1080-1-1024x1024.png 1024w, https:\/\/sisu.ut.ee\/wp-content\/uploads\/sites\/123\/Konverents_1080x1080-1-300x300.png 300w, https:\/\/sisu.ut.ee\/wp-content\/uploads\/sites\/123\/Konverents_1080x1080-1-150x150.png 150w, https:\/\/sisu.ut.ee\/wp-content\/uploads\/sites\/123\/Konverents_1080x1080-1-768x768.png 768w, https:\/\/sisu.ut.ee\/wp-content\/uploads\/sites\/123\/Konverents_1080x1080-1.png 1080w\" sizes=\"auto, (max-width: 1024px) 100vw, 1024px\"><\/figure><\/div>\n\n\n\n<div style=\"height:45px\" aria-hidden=\"true\" class=\"wp-block-spacer\"><\/div>\n\n\n\n<p>Kuues massiline liikide v\u00e4ljasuremine on \u00fcks meie aja suurimaid \u00f6koloogilisi ohte. Konverents p\u00f6\u00f6rab t\u00e4helepanu v\u00e4ljasuremise kultuurilistele, subjektiivsetele ja semiootilistele tahkudele. Subjektiivne l\u00e4henemine v\u00e4ljasuremisele v\u00f5ib t\u00f5statada k\u00fcsimuse, kuidas me kogeme v\u00e4ljasuremist \u00fchises elumaailmas v\u00f5i semiosf\u00e4\u00e4ris. Samal ajal tundub, et kunstilised uuringud avavad uusi perspektiive kultuurilise loovuse ja keskkonna h\u00e4\u00e4bumise \u00fchendamisel.\u202fV\u00e4ljasuremine v\u00e4hendab ka biokultuurilist mitmekesisust ja \u00f6kokultuuride vastupanuv\u00f5imet. K\u00e4sitleme v\u00e4ljasuremist kui looduskultuuride ja kultuurilis-\u00f6koloogiliste s\u00fcsteemide lagunemist.<\/p>\n\n\n\n<p>See vaatenurk t\u00f5statab k\u00fcsimusi kultuuriliste strateegiate kohta, mis on t\u00f5husad v\u00e4ljasuremisega kohanemisel, ohustatud liikide toetamisel ja traumast \u00fclesaamisel:<\/p>\n\n\n\n<ul class=\"wp-block-list\">\n<li>Kuidas tajutakse v\u00e4ljasuremist subjektiivselt, nii v\u00e4ljasurevate liikide kui ka selle tunnistajaks olevate inimeste poolt?<\/li>\n\n\n\n<li>Milliseid kultuuritekstid aitavad t\u00f5sta teadlikkust v\u00e4ljasuremisest?<\/li>\n\n\n\n<li>Millised praktilised vahendid on meil olemas, et luua looduskultuuris pelgupaiku ja p\u00fchapaiku ning toetada meie \u00fchist habrast maailma?<\/li>\n<\/ul>\n\n\n\n<p>Uuri l\u00e4hemalt Tartu \u00dclikooli semiootika osakonna bio-, zoo- ja \u00f6kosemiootika t\u00f6\u00f6r\u00fchma <a href=\"https:\/\/www.ecosem.ut.ee\/valjasuremise-jaljed-konverents\/\" target=\"_blank\" rel=\"noreferrer noopener\">kodulehelt<\/a>.<\/p>\n\n\n\n<p>Konverents on osa Tartu \u00dclikooli loodusmuuseumi ja botaanikaaia ning partnerite poolt korraldatava Loodusloovusfestivali programmist. Festival kuulub Euroopa kultuuripealinna Tartu 2024 programmi.<\/p>\n\n\n\n<p><em>Konverentsi korraldab Tartu \u00dclikooli semiootika osakond koost\u00f6\u00f6s EU Cost Action projektiga \u201eCA20134 \u2013 Traces as Research Agenda for Climate Change, Technology Studies, and Social Justice (TRACTS)\u201c ja P\u00f5hjamaade-Balti transdissiplinaarse loovuurimuse v\u00f5rgustikuga. Konverentsi rahastab Eesti Teadusagentuuri grant PRG1504 \u201eOhustatud liikide t\u00e4hendused kultuuris: \u00f6koloogia, semiootiline modelleerimine ja retseptsioon\u201c.<\/em><\/p>\n","protected":false},"excerpt":{"rendered":"<p>Konverents\u00a0\u201eV\u00e4ljasuremise j\u00e4ljed: liigikadu, solastalgia ja taastumise semiootika\u201c toimub Elluj\u00e4\u00e4mise Kunstide Loodusloovusfestivali esimestel p\u00e4evadel 5.\u20137. juunini Oecologicumis. Samuti toimub konverentsi p\u00e4evadel avalik lisaprogramm Elektriteatris. Kuues massiline liikide v\u00e4ljasuremine on \u00fcks meie aja suurimaid \u00f6koloogilisi ohte. Konverents p\u00f6\u00f6rab t\u00e4helepanu v\u00e4ljasuremise kultuurilistele, subjektiivsetele &#8230;<\/p>\n","protected":false},"author":54,"featured_media":0,"parent":0,"menu_order":0,"comment_status":"closed","ping_status":"closed","template":"","meta":{"_acf_changed":false,"inline_featured_image":false,"footnotes":""},"class_list":["post-52","page","type-page","status-publish","hentry"],"acf":[],"_links":{"self":[{"href":"https:\/\/sisu.ut.ee\/loodusfestival\/wp-json\/wp\/v2\/pages\/52","targetHints":{"allow":["GET"]}}],"collection":[{"href":"https:\/\/sisu.ut.ee\/loodusfestival\/wp-json\/wp\/v2\/pages"}],"about":[{"href":"https:\/\/sisu.ut.ee\/loodusfestival\/wp-json\/wp\/v2\/types\/page"}],"author":[{"embeddable":true,"href":"https:\/\/sisu.ut.ee\/loodusfestival\/wp-json\/wp\/v2\/users\/54"}],"replies":[{"embeddable":true,"href":"https:\/\/sisu.ut.ee\/loodusfestival\/wp-json\/wp\/v2\/comments?post=52"}],"version-history":[{"count":9,"href":"https:\/\/sisu.ut.ee\/loodusfestival\/wp-json\/wp\/v2\/pages\/52\/revisions"}],"predecessor-version":[{"id":861,"href":"https:\/\/sisu.ut.ee\/loodusfestival\/wp-json\/wp\/v2\/pages\/52\/revisions\/861"}],"wp:attachment":[{"href":"https:\/\/sisu.ut.ee\/loodusfestival\/wp-json\/wp\/v2\/media?parent=52"}],"curies":[{"name":"wp","href":"https:\/\/api.w.org\/{rel}","templated":true}]}}