{"id":51,"date":"2024-04-04T00:29:03","date_gmt":"2024-04-03T21:29:03","guid":{"rendered":"https:\/\/sisu.ut.ee\/loodusfestival\/linnujamm-2023\/"},"modified":"2024-04-04T00:36:16","modified_gmt":"2024-04-03T21:36:16","slug":"linnujamm-2023","status":"publish","type":"page","link":"https:\/\/sisu.ut.ee\/loodusfestival\/linnujamm-2023\/","title":{"rendered":"Linnuj\u00e4mm 2023"},"content":{"rendered":"<p style=\"text-align: center\">\n\t<img loading=\"lazy\" decoding=\"async\" width=\"1200\" height=\"630\" class=\"alignnone wp-image-150\" style=\"float: left\" src=\"https:\/\/sisu.ut.ee\/wp-content\/uploads\/sites\/123\/lj_1200x630.png\" title=\"lj_1200x630.png\" alt=\"\u00fcritused Tartus - Loodusfestival\" srcset=\"https:\/\/sisu.ut.ee\/wp-content\/uploads\/sites\/123\/lj_1200x630.png 1200w, https:\/\/sisu.ut.ee\/wp-content\/uploads\/sites\/123\/lj_1200x630-300x158.png 300w, https:\/\/sisu.ut.ee\/wp-content\/uploads\/sites\/123\/lj_1200x630-1024x538.png 1024w, https:\/\/sisu.ut.ee\/wp-content\/uploads\/sites\/123\/lj_1200x630-768x403.png 768w\" sizes=\"auto, (max-width: 1200px) 100vw, 1200px\">\n<\/p>\n<p style=\"text-align: center\">\n\t\u00a0\n<\/p>\n<p style=\"text-align: center\">\n\t\u00a0\n<\/p>\n<p style=\"text-align: center\">\n\t<u><span style=\"font-size:20px\"><strong><a data-url=\"https:\/\/uttv.ee\/naita?id=34529\" href=\"https:\/\/uttv.ee\/naita?id=34529\" target=\"_blank\" title=\"\" rel=\"noopener\"><span style=\"color:#009933\">VAATA LINNUJ\u00c4MMI SALVETUST!<\/span><\/a><\/strong><\/span><\/u>\n<\/p>\n<p style=\"text-align: center\">\n\t<strong>Loodusfestival kutsub Linnuj\u00e4mmile \u2013 reedel, 9. juunil kell 18 saavad Tartus Lodjakojas kokku linnud, helikunstnikud ja s\u00f5nasepad, et p\u00f6\u00f6rata t\u00e4helepanu linnaloodusele.\u00a0<\/strong>\n<\/p>\n<p style=\"text-align: center\">\n\tNeljandat korda toimuval Linnuj\u00e4mmil esitavad muusikud ning luuletajad lindudest inspiratsiooni saanud loomingut, olgu selleks linnulaulu t\u00f5lgendus s\u00f5nades v\u00f5i muusikas, linnuga seotud rahvap\u00e4rimusest saadud impulss v\u00f5i isiklik elamus.\u00a0\n<\/p>\n<p style=\"text-align: center\">\n\tLinnuj\u00e4mm innustab t\u00e4helepanu p\u00f6\u00f6rama lindudele ja linnaloodusele. Ajalooliselt on looduse v\u00e4\u00e4rtustamine k\u00e4inud k\u00e4sik\u00e4es p\u00e4rimuskultuuriga \u2013 kirjanikud ja muusikud on lindudest, nende olekust ja eluviisist rohkelt inspiratsiooni ammutanud. Ka t\u00e4nap\u00e4eval on oluline sillata loodushoidu ja looduse mitmekesisuse v\u00e4\u00e4rtustamist kaasaegsete kunstivormide, stiilide ja loomepraktikatega.\u00a0\u00a0\n<\/p>\n<p style=\"text-align: center\">\n\tLinnuj\u00e4mmile tulevad kokku muusikud ja luuletajad, kes loovad Eestis elava linnuliigi laulust inspireerituna oma muusikalise n\u00e4gemuse v\u00f5i poeetilise s\u00f5nateose, mis t\u00f5lgendab v\u00f5i t\u00f5ukub m\u00f5nel muul viisil ette antud linnulaulu salvestusest. Sel aastal on t\u00f5lgendatavateks linnuliikideks valitud tikutaja, rasvatihane, laululuik, leevike, paskn\u00e4\u00e4r ja aasta lind aul.\u00a0\n<\/p>\n<p style=\"text-align: center\">\n\tSellel aastal osalevad muusikud Kitty Florentine, LI:V, Meisterjaan ja kirjanikud Doris Kareva, Aare Pilv, Veronika Kivisilla, Janika L\u00e4\u00e4nemets, Mirjam Parve.\u00a0\n<\/p>\n<p style=\"text-align: center\">\n\tHaara kaasa piknikutekk ja tule naudi \u00f5dusat \u00f5htut Tartus, Lodjakoja paadikuuri vaba\u00f5husaalis 9. juunil kell 18. S\u00fcndmus on tasuta.\u00a0\n<\/p>\n<p style=\"text-align: center\">\n\tLinnuj\u00e4mm on osa Loodusfestivali programmist. Loodusfestival toimub sel korral 7.\u201311. juunini. 2023. aasta Loodusfestivaliga p\u00f6\u00f6ratakse t\u00e4helepanu nii avalikele kui ka eraaedadele ja neis peituvatele aaretele, eelk\u00f5ige looduslikule elurikkusele.\u00a0\n<\/p>\n<p style=\"text-align: center\">\n\tLinnuj\u00e4mmi korraldab Tartu \u00dclikooli loodusmuuseum ja botaanikaaed. Linnuj\u00e4mmi toetavad <a data-url=\"\/loodusfestival\/tartu.ee\" href=\"\/loodusfestival\/tartu.ee\" target=\"_blank\" title=\"\" rel=\"noopener\">Tartu linn<\/a>, <a href=\"https:\/\/www.kulka.ee\/et\" rel=\"noreferrer noopener\" target=\"_blank\">Eesti Kultuurkapital<\/a> ja <a href=\"https:\/\/kik.ee\/et\" rel=\"noreferrer noopener\" target=\"_blank\">Keskkonnainvesteeringute Keskus<\/a>. Artistide ja pealtvaatajate turvalisust tagab <a href=\"https:\/\/vikingsecurity.ee\/\" rel=\"noreferrer noopener\" target=\"_blank\">Viking Security<\/a>.\u00a0\n<\/p>\n<p style=\"margin: 0cm;text-align: center\">\n\t<strong><a data-url=\"https:\/\/elurikkus.ee\/observations\/linnujamm-2023\" href=\"https:\/\/elurikkus.ee\/observations\/linnujamm-2023\" target=\"_blank\" title=\"\" rel=\"noopener\">Tutvu Linnuj\u00e4mmi lindudega l\u00e4hemalt siin!<\/a><\/strong>\n<\/p>\n<p style=\"margin: 0cm;text-align: center\">\n\t\u00a0\n<\/p>\n<p style=\"margin: 0cm;text-align: center\">\n\t<span><span style=\"sans-serif\"><b>Lisateave:<\/b><\/span><\/span>\n<\/p>\n<p style=\"margin: 0cm;text-align: center\">\n\t<span><span style=\"sans-serif\">Loodusfestival<\/span><\/span>\n<\/p>\n<p style=\"margin: 0cm;text-align: center\">\n\t<span><span style=\"sans-serif\">loodusfestival@ut.ee<\/span><\/span>\n<\/p>\n<p style=\"margin: 0cm;text-align: center\">\n\t<span><span style=\"sans-serif\">www.loodusfestival.ee<\/span><\/span>\n<\/p>\n<p style=\"margin: 0cm;text-align: center\">\n\t\u00a0\n<\/p>\n<p>\n\t<img loading=\"lazy\" decoding=\"async\" width=\"2560\" height=\"1920\" class=\"alignnone wp-image-149\" src=\"https:\/\/sisu.ut.ee\/wp-content\/uploads\/sites\/123\/img_6586-scaled.jpg\" title=\"img_6586.jpg\" alt=\"Linnuj\u00e4mm\" srcset=\"https:\/\/sisu.ut.ee\/wp-content\/uploads\/sites\/123\/img_6586-scaled.jpg 2560w, https:\/\/sisu.ut.ee\/wp-content\/uploads\/sites\/123\/img_6586-300x225.jpg 300w, https:\/\/sisu.ut.ee\/wp-content\/uploads\/sites\/123\/img_6586-1024x768.jpg 1024w, https:\/\/sisu.ut.ee\/wp-content\/uploads\/sites\/123\/img_6586-768x576.jpg 768w, https:\/\/sisu.ut.ee\/wp-content\/uploads\/sites\/123\/img_6586-1536x1152.jpg 1536w, https:\/\/sisu.ut.ee\/wp-content\/uploads\/sites\/123\/img_6586-2048x1536.jpg 2048w, https:\/\/sisu.ut.ee\/wp-content\/uploads\/sites\/123\/img_6586-1920x1440.jpg 1920w\" sizes=\"auto, (max-width: 2560px) 100vw, 2560px\"><br><em>Foto: Silvia Luik<\/em><\/p>\n","protected":false},"excerpt":{"rendered":"<p>\u00a0 \u00a0 VAATA LINNUJ\u00c4MMI SALVETUST! Loodusfestival kutsub Linnuj\u00e4mmile \u2013 reedel, 9. juunil kell 18 saavad Tartus Lodjakojas kokku linnud, helikunstnikud ja s\u00f5nasepad, et p\u00f6\u00f6rata t\u00e4helepanu linnaloodusele.\u00a0 Neljandat korda toimuval Linnuj\u00e4mmil esitavad muusikud ning luuletajad lindudest inspiratsiooni saanud loomingut, olgu selleks &#8230;<\/p>\n","protected":false},"author":54,"featured_media":0,"parent":0,"menu_order":0,"comment_status":"closed","ping_status":"closed","template":"","meta":{"_acf_changed":false,"inline_featured_image":false,"footnotes":""},"class_list":["post-51","page","type-page","status-publish","hentry"],"acf":[],"_links":{"self":[{"href":"https:\/\/sisu.ut.ee\/loodusfestival\/wp-json\/wp\/v2\/pages\/51","targetHints":{"allow":["GET"]}}],"collection":[{"href":"https:\/\/sisu.ut.ee\/loodusfestival\/wp-json\/wp\/v2\/pages"}],"about":[{"href":"https:\/\/sisu.ut.ee\/loodusfestival\/wp-json\/wp\/v2\/types\/page"}],"author":[{"embeddable":true,"href":"https:\/\/sisu.ut.ee\/loodusfestival\/wp-json\/wp\/v2\/users\/54"}],"replies":[{"embeddable":true,"href":"https:\/\/sisu.ut.ee\/loodusfestival\/wp-json\/wp\/v2\/comments?post=51"}],"version-history":[{"count":1,"href":"https:\/\/sisu.ut.ee\/loodusfestival\/wp-json\/wp\/v2\/pages\/51\/revisions"}],"predecessor-version":[{"id":655,"href":"https:\/\/sisu.ut.ee\/loodusfestival\/wp-json\/wp\/v2\/pages\/51\/revisions\/655"}],"wp:attachment":[{"href":"https:\/\/sisu.ut.ee\/loodusfestival\/wp-json\/wp\/v2\/media?parent=51"}],"curies":[{"name":"wp","href":"https:\/\/api.w.org\/{rel}","templated":true}]}}