{"id":50,"date":"2024-04-04T00:29:03","date_gmt":"2024-04-03T21:29:03","guid":{"rendered":"https:\/\/sisu.ut.ee\/loodusfestival\/programm-2019-0-2919\/"},"modified":"2024-04-04T00:36:16","modified_gmt":"2024-04-03T21:36:16","slug":"programm-2019-0-2919","status":"publish","type":"page","link":"https:\/\/sisu.ut.ee\/loodusfestival\/programm-2019-0-2919\/","title":{"rendered":"Programm 2019"},"content":{"rendered":"<div dir=\"ltr\">\n\t<span style=\"font-family:Arial,Helvetica,sans-serif\"><span style=\"font-size:16px\">Vaata t\u00e4psemalt:<\/span><\/span>\n<\/div>\n<div dir=\"ltr\">\n\t<span style=\"font-family:Arial,Helvetica,sans-serif\"><span style=\"font-size:16px\"><a data-url=\"http:\/\/loodusfestival.ee\/programm\/tartu\" href=\"http:\/\/loodusfestival.ee\/programm\/tartu\" title=\"\">Loodusfestival Tartus<\/a><\/span><\/span>\n<\/div>\n<div dir=\"ltr\">\n\t<span style=\"font-family:Arial,Helvetica,sans-serif\"><span style=\"font-size:16px\"><a data-url=\"http:\/\/loodusfestival.ee\/programm\/tallinn\" href=\"http:\/\/loodusfestival.ee\/programm\/tallinn\" title=\"\">Loodusfestival Tallinnas<\/a><\/span><\/span>\n<\/div>\n<div dir=\"ltr\">\n\t<span style=\"font-family:Arial,Helvetica,sans-serif\"><span style=\"font-size:16px\"><a data-url=\"http:\/\/loodusfestival.ee\/vaatluspunktid\" href=\"http:\/\/loodusfestival.ee\/vaatluspunktid\" title=\"\">Loodusvaatluste maraton \u00fcle Eesti<\/a><\/span><\/span>\n<\/div>\n<div dir=\"ltr\">\n\t\u00a0\n<\/div>\n<div dir=\"ltr\">\n\t<span style=\"font-family:Arial,Helvetica,sans-serif\"><span style=\"font-size:16px\">Tartus tasub t\u00e4helepanu p\u00f6\u00f6rata ka <a data-url=\"http:\/\/loodusfestival.ee\/niidukastid\/\" href=\"http:\/\/loodusfestival.ee\/niidukastid\/\" title=\"\">niidukastidele<\/a>.<\/span><\/span>\n<\/div>\n<div dir=\"ltr\">\n\t\u00a0\n<\/div>\n<div dir=\"ltr\">\n\t<span style=\"font-family:Arial,Helvetica,sans-serif\"><span style=\"font-size:16px\">* Korraldajatel on \u00f5igus teha programmis\u00a0muudatusi<\/span><\/span>\n<\/div>\n","protected":false},"excerpt":{"rendered":"<p>Vaata t\u00e4psemalt: Loodusfestival Tartus Loodusfestival Tallinnas Loodusvaatluste maraton \u00fcle Eesti \u00a0 Tartus tasub t\u00e4helepanu p\u00f6\u00f6rata ka niidukastidele. \u00a0 * Korraldajatel on \u00f5igus teha programmis\u00a0muudatusi<\/p>\n","protected":false},"author":54,"featured_media":0,"parent":0,"menu_order":0,"comment_status":"closed","ping_status":"closed","template":"","meta":{"_acf_changed":false,"inline_featured_image":false,"footnotes":""},"class_list":["post-50","page","type-page","status-publish","hentry"],"acf":[],"_links":{"self":[{"href":"https:\/\/sisu.ut.ee\/loodusfestival\/wp-json\/wp\/v2\/pages\/50","targetHints":{"allow":["GET"]}}],"collection":[{"href":"https:\/\/sisu.ut.ee\/loodusfestival\/wp-json\/wp\/v2\/pages"}],"about":[{"href":"https:\/\/sisu.ut.ee\/loodusfestival\/wp-json\/wp\/v2\/types\/page"}],"author":[{"embeddable":true,"href":"https:\/\/sisu.ut.ee\/loodusfestival\/wp-json\/wp\/v2\/users\/54"}],"replies":[{"embeddable":true,"href":"https:\/\/sisu.ut.ee\/loodusfestival\/wp-json\/wp\/v2\/comments?post=50"}],"version-history":[{"count":1,"href":"https:\/\/sisu.ut.ee\/loodusfestival\/wp-json\/wp\/v2\/pages\/50\/revisions"}],"predecessor-version":[{"id":656,"href":"https:\/\/sisu.ut.ee\/loodusfestival\/wp-json\/wp\/v2\/pages\/50\/revisions\/656"}],"wp:attachment":[{"href":"https:\/\/sisu.ut.ee\/loodusfestival\/wp-json\/wp\/v2\/media?parent=50"}],"curies":[{"name":"wp","href":"https:\/\/api.w.org\/{rel}","templated":true}]}}