{"id":49,"date":"2024-04-04T00:29:03","date_gmt":"2024-04-03T21:29:03","guid":{"rendered":"https:\/\/sisu.ut.ee\/loodusfestival\/emajoe-sund\/"},"modified":"2024-04-16T01:24:48","modified_gmt":"2024-04-15T22:24:48","slug":"emajoe-sund","status":"publish","type":"page","link":"https:\/\/sisu.ut.ee\/loodusfestival\/emajoe-sund\/","title":{"rendered":"M\u00fctopoeetiline oratoorium \u201eEmajo\u0303e su\u0308nd\u201c"},"content":{"rendered":"<div style=\"height:30px\" aria-hidden=\"true\" class=\"wp-block-spacer\"><\/div>\n\n\n\n<div class=\"wp-block-media-text has-media-on-the-right is-stacked-on-mobile\" style=\"grid-template-columns:auto 41%\"><div class=\"wp-block-media-text__content\">\n<p>M\u00fctopoeetiline oratoorium \u201eEmajo\u0303e su\u0308nd\u201c on multimeediateos, milles p\u00f5imuvad\u00a0loodus- ja inimha\u0308a\u0308led kaasaegse muusika, loodusfilmi, animatsiooni ja lavalise liikumisega.<\/p>\n\n\n\n<p>Uudisteose peategelaseks on Emaj\u00f5gi, L\u00f5una-Eesti olulisimaid s\u00fcmboleid ja maam\u00e4rke, ning temaga seotud p\u00e4rimused ja ajalugu.<\/p>\n\n\n\n<div class=\"wp-block-buttons is-layout-flex wp-block-buttons-is-layout-flex\">\n<div class=\"wp-block-button\"><a class=\"wp-block-button__link wp-element-button\" href=\"https:\/\/www.piletilevi.ee\/est\/piletid\/muusika\/mart-matis-lille-mutopoeetiline-oratoorium-emajoe-sund-90314\/\" target=\"_blank\" rel=\"noreferrer noopener\">Osta piletid Piletilevist<\/a><\/div>\n<\/div>\n<\/div><figure class=\"wp-block-media-text__media\"><img loading=\"lazy\" decoding=\"async\" width=\"1024\" height=\"1024\" src=\"https:\/\/sisu.ut.ee\/wp-content\/uploads\/sites\/123\/EJS_2_1080x1080-1024x1024.png\" alt=\"\" class=\"wp-image-736 size-full\" srcset=\"https:\/\/sisu.ut.ee\/wp-content\/uploads\/sites\/123\/EJS_2_1080x1080-1024x1024.png 1024w, https:\/\/sisu.ut.ee\/wp-content\/uploads\/sites\/123\/EJS_2_1080x1080-300x300.png 300w, https:\/\/sisu.ut.ee\/wp-content\/uploads\/sites\/123\/EJS_2_1080x1080-150x150.png 150w, https:\/\/sisu.ut.ee\/wp-content\/uploads\/sites\/123\/EJS_2_1080x1080-768x768.png 768w, https:\/\/sisu.ut.ee\/wp-content\/uploads\/sites\/123\/EJS_2_1080x1080.png 1080w\" sizes=\"auto, (max-width: 1024px) 100vw, 1024px\"><\/figure><\/div>\n\n\n\n<p><strong><a href=\"https:\/\/www.piletilevi.ee\/est\/piletid\/muusika\/mart-matis-lille-mutopoeetiline-oratoorium-emajoe-sund-90314\/\" target=\"_blank\" rel=\"noopener\"><\/a><\/strong><\/p>\n\n\n\n<div style=\"height:30px\" aria-hidden=\"true\" class=\"wp-block-spacer\"><\/div>\n\n\n\n<p>Loodava heliilma l\u00e4htekohaks on loodushelid, millele on salvestusel oma h\u00e4\u00e4le lisanud ERSO orkestrandid. Lavalises esituses lisanduvad erinevad elektroonilised instrumendid (Tammo Sumera), l\u00f6\u00f6kpillid (Vambola Krigul ja Anto \u00d5nnis), kannel (Anna-Liisa Eller), kammerkoor Collegium Musicale (dirigent Endrik \u00dcksv\u00e4rav) ja vokaalsolist Iris Oja.<\/p>\n\n\n\n<p>Lisaks lauljatele ja muusikutele on laval n\u00e4itleja Andres M\u00e4har ja neli tantsijat (koreograaf Ingmar J\u00f5ela), kelle esitatu toetab ja liigendab muusikalist ja visuaalset narratiivi. Tekstina on lisaks rahvaluulele kasutatud mitmete eesti luuletajate loomingut.<\/p>\n\n\n\n<div style=\"height:30px\" aria-hidden=\"true\" class=\"wp-block-spacer\"><\/div>\n\n\n\n<figure class=\"wp-block-pullquote\"><blockquote><p>Visuaalselt on \u201eEmaj\u00f5e s\u00fcnd\u201c mu\u0308topoeetiline r\u00e4nnak allikast suudmeni<\/p><\/blockquote><\/figure>\n\n\n\n<div style=\"height:30px\" aria-hidden=\"true\" class=\"wp-block-spacer\"><\/div>\n\n\n\n<p>Keskseks narratiiviks on loodusdokumentaal, mis j\u00e4lgib ja j\u00e4rgib Emaj\u00f5ge l\u00e4ttelt Pu\u0308haja\u0308rvest Peipsini ja \u00fchtaegu nii l\u00e4bi ajaloo, kui ka nelja aastaaja (operaator\/re\u017eiss\u00f6\u00f6r Remek Meel). Loodusfilmile lisanduvad animatsioonid Kaljo P\u00f5llu graafiliste lehtede ainetel kogumikest \u201eKaliv\u00e4gi\u201c ja \u201eKodalased\u201c (animatsioon Taavi Varm).<\/p>\n\n\n\n<p>Teose esitamiseks valmib Tartus Emaj\u00f5e-\u00e4\u00e4rse Lodjakoja laevaehitussaali unikaalne, j\u00f5ele avaneva vaatega etenduskeskkond. Etendused toimuvad 12.\u201314. juunini. Lavastus on \u00fches vaatuses ja kestab 90 minutit. Sissep\u00e4\u00e4s pool tundi enne algust. Pildistamine ja filmimine pole lubatud.<\/p>\n\n\n<div class=\"wide-accordion-block page-section page-section--wide\">\n\t\t<div class=\"container-fluid g-0\">\n\t\t\t\t\t\t\t<div class=\"wide-accordion-item\">\n\t\t\t\t\t<a class=\"wide-accordion-btn btn w-100 text-start\" data-bs-toggle=\"collapse\" href=\"#w-accordion-69d5b03151b3c-collapse-1\" role=\"button\" aria-expanded=\"false\" aria-controls=\"w-accordion-69d5b03151b3c-collapse-1\">\n\t\t\t\t\t\t<div class=\"row\">\n\t\t\t\t\t\t\t<div class=\"col-xl-6 offset-xl-3\">\n\t\t\t\t\t\t\t\t<h2 class=\"wide-accordion-btn__title h3 mb-0 text-white\">\n\t\t\t\t\t\t\t\t\tLAVASTUSE LOOJAD\n\t\t\t\t\t\t\t\t<\/h2>\n\t\t\t\t\t\t\t<\/div>\n\t\t\t\t\t\t<\/div>\n\t\t\t\t\t<\/a>\n\t\t\t\t\t<div class=\"collapse\" id=\"w-accordion-69d5b03151b3c-collapse-1\">\n\t\t\t\t\t\t<div class=\"card card-body px-2\">\n\t\t\t\t\t\t\t<div class=\"row\">\n\t\t\t\t\t\t\t\t<div class=\"col-xl-6 offset-xl-3 py-4\">\n\t\t\t\t\t\t\t\t\t<p><!-- wp:paragraph --><\/p>\n<p><strong>Muusika:<\/strong> M\u00e4rt-Matis Lill<br>\n<strong>Libreto:<\/strong> Valdur Mikita ja Margus Kasterpalu<br>\n<strong>Loodusdokumentaal:<\/strong> Remek Meel<br>\n<strong>Lava ja kost\u00fc\u00fcmid:<\/strong> Kristjan Suits<br>\n<strong>Video ja animatsioon:<\/strong> Taavi Varm<br>\n<strong>Valgus:<\/strong> Priidu Adlas<br>\n<strong>Liikumine: <\/strong>Ingmar J\u00f5ela<br>\n<strong>Lavastus:<\/strong> Margus Kasterpalu<\/p>\n<p><!-- \/wp:paragraph --> <!-- wp:paragraph --><\/p>\n<p>Laval on solistid Iris Oja, Andres M\u00e4har, Endrik \u00dcksv\u00e4rav, Anna-Liisa Eller, Vambola Krigul ja Anto \u00d5nnis ning kammerkoor Collegium Musicale.<\/p>\n<p><!-- \/wp:paragraph --><\/p>\n\n\t\t\t\t\t\t\t\t<\/div>\n\t\t\t\t\t\t\t<\/div>\n\t\t\t\t\t\t<\/div>\n\t\t\t\t\t<\/div>\n\t\t\t\t<\/div>\n\t\t\t\t\t<\/div>\n\t<\/div>\n\n\n\n<p>M\u00fctopoeetiline oratoorium \u201eEmaj\u00f5e s\u00fcnd\u201c on osa Elluj\u00e4\u00e4mise Kunstide Loodusloovusfestivalist, mis toimub 5.\u201315. juunini ja kuulub Euroopa Kultuuripealinn Tartu 2024 p\u00f5hiprogrammi. Festivali ja multimeedialavastuse etendusi korraldab Tartu \u00dclikooli loodusmuuseum ja botaanikaaed. S\u00fcndmust toetavad SA Tartu 2024, Eesti Kultuurkapital ja Kultuuriministeerium.<\/p>\n\n\n\n<p><em>Tegu on avaliku \u00fcritusega. Korraldaja v\u00f5ib \u00fcritusel teha pilte, videoid ja helisalvestisi ning jagada neid nii osalejatega kui ka avalikes meediakanalites.<\/em><\/p>\n\n\n\n<p>Lisateave:<br><strong>Elluj\u00e4\u00e4mise Kunstide Loodusloovusfestival<\/strong><br><a href=\"http:\/\/loodusfestival.ee\/\" target=\"_blank\" rel=\"noopener\">loodusfestival.ee<\/a><br>loodusfestival@ut.ee<\/p>\n","protected":false},"excerpt":{"rendered":"<p>Loodava heliilma l\u00e4htekohaks on loodushelid, millele on salvestusel oma h\u00e4\u00e4le lisanud ERSO orkestrandid. Lavalises esituses lisanduvad erinevad elektroonilised instrumendid (Tammo Sumera), l\u00f6\u00f6kpillid (Vambola Krigul ja Anto \u00d5nnis), kannel (Anna-Liisa Eller), kammerkoor Collegium Musicale (dirigent Endrik \u00dcksv\u00e4rav) ja vokaalsolist Iris Oja. &#8230;<\/p>\n","protected":false},"author":54,"featured_media":0,"parent":0,"menu_order":0,"comment_status":"closed","ping_status":"closed","template":"","meta":{"_acf_changed":false,"inline_featured_image":false,"footnotes":""},"class_list":["post-49","page","type-page","status-publish","hentry"],"acf":[],"_links":{"self":[{"href":"https:\/\/sisu.ut.ee\/loodusfestival\/wp-json\/wp\/v2\/pages\/49","targetHints":{"allow":["GET"]}}],"collection":[{"href":"https:\/\/sisu.ut.ee\/loodusfestival\/wp-json\/wp\/v2\/pages"}],"about":[{"href":"https:\/\/sisu.ut.ee\/loodusfestival\/wp-json\/wp\/v2\/types\/page"}],"author":[{"embeddable":true,"href":"https:\/\/sisu.ut.ee\/loodusfestival\/wp-json\/wp\/v2\/users\/54"}],"replies":[{"embeddable":true,"href":"https:\/\/sisu.ut.ee\/loodusfestival\/wp-json\/wp\/v2\/comments?post=49"}],"version-history":[{"count":8,"href":"https:\/\/sisu.ut.ee\/loodusfestival\/wp-json\/wp\/v2\/pages\/49\/revisions"}],"predecessor-version":[{"id":870,"href":"https:\/\/sisu.ut.ee\/loodusfestival\/wp-json\/wp\/v2\/pages\/49\/revisions\/870"}],"wp:attachment":[{"href":"https:\/\/sisu.ut.ee\/loodusfestival\/wp-json\/wp\/v2\/media?parent=49"}],"curies":[{"name":"wp","href":"https:\/\/api.w.org\/{rel}","templated":true}]}}