{"id":48,"date":"2024-04-04T00:29:03","date_gmt":"2024-04-03T21:29:03","guid":{"rendered":"https:\/\/sisu.ut.ee\/loodusfestival\/korraldajad\/"},"modified":"2024-04-04T00:36:16","modified_gmt":"2024-04-03T21:36:16","slug":"korraldajad","status":"publish","type":"page","link":"https:\/\/sisu.ut.ee\/loodusfestival\/korraldajad\/","title":{"rendered":"Korraldajad"},"content":{"rendered":"<p>\n\t<span style=\"font-size:16px\"><span style=\"font-family:Arial,Helvetica,sans-serif\">Loodusfestival toimub sel aastal viiendat korda. L\u00e4bi aastate on olnud Loodusfestivali peakorraldajaks Tartu \u00dclikooli loodusmuuseum ja botaaniaaed.<\/span><\/span>\n<\/p>\n<p>\n\t<span style=\"font-size:16px\"><span style=\"font-family:Arial,Helvetica,sans-serif\">Sel aastal korraldavad Loodusfestivali:<\/span><\/span>\n<\/p>\n<p>\n\t<img loading=\"lazy\" decoding=\"async\" width=\"1834\" height=\"2320\" class=\"alignnone wp-image-145\" src=\"https:\/\/sisu.ut.ee\/wp-content\/uploads\/sites\/123\/lf19_kaaskorraldajate_logod2.png\" title=\"lf19_kaaskorraldajate_logod2.png\" alt=\"lf19_kaaskorraldajate_logod2.png\" srcset=\"https:\/\/sisu.ut.ee\/wp-content\/uploads\/sites\/123\/lf19_kaaskorraldajate_logod2.png 1834w, https:\/\/sisu.ut.ee\/wp-content\/uploads\/sites\/123\/lf19_kaaskorraldajate_logod2-237x300.png 237w, https:\/\/sisu.ut.ee\/wp-content\/uploads\/sites\/123\/lf19_kaaskorraldajate_logod2-809x1024.png 809w, https:\/\/sisu.ut.ee\/wp-content\/uploads\/sites\/123\/lf19_kaaskorraldajate_logod2-768x972.png 768w, https:\/\/sisu.ut.ee\/wp-content\/uploads\/sites\/123\/lf19_kaaskorraldajate_logod2-1214x1536.png 1214w, https:\/\/sisu.ut.ee\/wp-content\/uploads\/sites\/123\/lf19_kaaskorraldajate_logod2-1619x2048.png 1619w\" sizes=\"auto, (max-width: 1834px) 100vw, 1834px\"><span style=\"font-size:16px\"><span style=\"font-family:Arial,Helvetica,sans-serif\">T\u00e4psemat infot vaata l\u00e4hemalt <strong><a data-url=\"http:\/\/loodusfestival.ee\/programm\" href=\"http:\/\/loodusfestival.ee\/programm\" title=\"\">Loodusfestival 2019 programmist<\/a><\/strong>.<\/span><\/span><\/p>\n","protected":false},"excerpt":{"rendered":"<p>Loodusfestival toimub sel aastal viiendat korda. L\u00e4bi aastate on olnud Loodusfestivali peakorraldajaks Tartu \u00dclikooli loodusmuuseum ja botaaniaaed. Sel aastal korraldavad Loodusfestivali: T\u00e4psemat infot vaata l\u00e4hemalt Loodusfestival 2019 programmist.<\/p>\n","protected":false},"author":54,"featured_media":0,"parent":0,"menu_order":0,"comment_status":"closed","ping_status":"closed","template":"","meta":{"_acf_changed":false,"inline_featured_image":false,"footnotes":""},"class_list":["post-48","page","type-page","status-publish","hentry"],"acf":[],"_links":{"self":[{"href":"https:\/\/sisu.ut.ee\/loodusfestival\/wp-json\/wp\/v2\/pages\/48","targetHints":{"allow":["GET"]}}],"collection":[{"href":"https:\/\/sisu.ut.ee\/loodusfestival\/wp-json\/wp\/v2\/pages"}],"about":[{"href":"https:\/\/sisu.ut.ee\/loodusfestival\/wp-json\/wp\/v2\/types\/page"}],"author":[{"embeddable":true,"href":"https:\/\/sisu.ut.ee\/loodusfestival\/wp-json\/wp\/v2\/users\/54"}],"replies":[{"embeddable":true,"href":"https:\/\/sisu.ut.ee\/loodusfestival\/wp-json\/wp\/v2\/comments?post=48"}],"version-history":[{"count":1,"href":"https:\/\/sisu.ut.ee\/loodusfestival\/wp-json\/wp\/v2\/pages\/48\/revisions"}],"predecessor-version":[{"id":658,"href":"https:\/\/sisu.ut.ee\/loodusfestival\/wp-json\/wp\/v2\/pages\/48\/revisions\/658"}],"wp:attachment":[{"href":"https:\/\/sisu.ut.ee\/loodusfestival\/wp-json\/wp\/v2\/media?parent=48"}],"curies":[{"name":"wp","href":"https:\/\/api.w.org\/{rel}","templated":true}]}}