{"id":39,"date":"2024-04-04T00:29:03","date_gmt":"2024-04-03T21:29:03","guid":{"rendered":"https:\/\/sisu.ut.ee\/loodusfestival\/metsiklinn2018\/"},"modified":"2024-04-04T00:36:17","modified_gmt":"2024-04-03T21:36:17","slug":"metsiklinn2018","status":"publish","type":"page","link":"https:\/\/sisu.ut.ee\/loodusfestival\/metsiklinn2018\/","title":{"rendered":"Fotokonkurss &#8220;METSIK LINN&#8221;"},"content":{"rendered":"<p>\n\t<span style=\"font-size: medium;font-family: helvetica\"><img loading=\"lazy\" decoding=\"async\" alt=\"\" height=\"401\" src=\"\/wp-content\/uploads\/sites\/123\/hakk4.png\" width=\"966\"><\/span>\n<\/p>\n<p>\n\t<span style=\"font-size: medium;font-family: helvetica\">T\u00f6\u00f6de esitamine konkursile on l\u00f5ppenud. <strong>Ait\u00e4h k\u00f5ikidele osalejatele!<\/strong>\u00a0<\/span>\n<\/p>\n<p>\n\t<span style=\"font-size: medium;font-family: helvetica\">Fotokonkursi \u017e\u00fcriisse kuulusid 2018. aastal Urmas Tartes,\u00a0Piret Eensoo,\u00a0Margot Sakson,\u00a0Ingmar Muusikus\u00a0ja\u00a0Rein Kuresoo.<\/span><\/p>\n<p>Fotokonkursi parimad:<\/p>\n<p><strong>\u00dcldarvestus<\/strong><\/p>\n<p>I koht<br>Marko Toomast<br>\u201cKaks kuningat\u00a0Kuressaares\u201d\n<\/p>\n<p>\n\t<span style=\"font-size: medium;font-family: helvetica\"><img loading=\"lazy\" decoding=\"async\" alt=\"\" height=\"1200\" src=\"\/wp-content\/uploads\/sites\/123\/uld_01_marko_toomast_kaks_kuningat.jpg\" width=\"1200\"><\/span>\n<\/p>\n<p>\n\t<span style=\"font-size: medium;font-family: helvetica\">II koht, Keskkonnaameti eripreemia, Seto Folgi eripreemia<br>Heiko Kruusi<br>\u201cTuristid\u201d<\/span>\n<\/p>\n<p>\n\t<span style=\"font-size: medium;font-family: helvetica\"><img loading=\"lazy\" decoding=\"async\" alt=\"\" height=\"741\" src=\"\/wp-content\/uploads\/sites\/123\/uld_02_heiko_kruusi_turistid2.jpg\" width=\"1200\"><\/span>\n<\/p>\n<p>\n\t<span style=\"font-size: medium;font-family: helvetica\">III koht<br>Evald Veldemann<br>\u201cVaade \u00fcle Emaj\u00f5e\u2026\u201d<\/span>\n<\/p>\n<p>\n\t<span style=\"font-size: medium;font-family: helvetica\"><img loading=\"lazy\" decoding=\"async\" alt=\"\" height=\"800\" src=\"\/wp-content\/uploads\/sites\/123\/uld_03_evald_veldemann_vaade_ule_emajoe.jpg\" width=\"1200\"><\/span>\n<\/p>\n<p>\n\t<span style=\"font-size: medium;font-family: helvetica\"><strong>Lapsed ja noored<\/strong><\/span><\/p>\n<p>I koht<br>Joosep Ailiste<br>\u201cPesup\u00e4ev\u201d\n<\/p>\n<p>\n\t<span style=\"font-size: medium;font-family: helvetica\"><img loading=\"lazy\" decoding=\"async\" alt=\"\" height=\"802\" src=\"\/wp-content\/uploads\/sites\/123\/lapsed-noored_01_joosep_ailiste_pesupaev.jpg\" width=\"1200\"><\/span>\n<\/p>\n<p>\n\t<span style=\"font-size: medium;font-family: helvetica\">II koht<br>Leana Jete Korb<br>\u201cKevadised m\u00e4ngud Kadrioru pargis\u201d<\/span>\n<\/p>\n<p>\n\t<span style=\"font-size: medium;font-family: helvetica\"><img loading=\"lazy\" decoding=\"async\" alt=\"\" height=\"800\" src=\"\/wp-content\/uploads\/sites\/123\/lapsed-noored_02_leana_jete_kevadised_mangud_kadrioru_pargis.jpg\" width=\"1200\"><\/span>\n<\/p>\n<p>\n\t<span style=\"font-size: medium;font-family: helvetica\">III koht<br>Leana Jete Korb<br>\u201cMetsik h\u00fcpe mittemetsistunud tiigi \u00e4\u00e4res Tallinna linnas\u201d<\/span>\n<\/p>\n<p>\n\t<span style=\"font-size: medium;font-family: helvetica\"><img loading=\"lazy\" decoding=\"async\" alt=\"\" height=\"1200\" src=\"\/wp-content\/uploads\/sites\/123\/lapsed-noored_03_leana_jete_metsik_hupe_0.jpg\" width=\"802\"><\/span>\n<\/p>\n<div>\n\t\u00a0\n<\/div>\n<div>\n\t<span style=\"font-size: medium;font-family: helvetica\"><strong>Keskkonnaameti eriauhinna <\/strong>v\u00f5itis\u00a0Leane Jete Korb t\u00f6\u00f6ga\u00a0\u201cMetsistunud raudtee\u201d.<\/span>\n<\/div>\n<div>\n\t<span style=\"font-size: medium;font-family: helvetica\">\u00a0<\/span>\n<\/div>\n<div>\n\t<em><span style=\"font-size: medium;font-family: helvetica\">Konkursi info:<\/span><\/em>\n<\/div>\n<div>\n\t<span style=\"font-size: medium;font-family: helvetica\">Fotokonkurss \u201cMetsik linn\u201d kutsub sind m\u00e4rkama ja pildistama linnaloodust.\u00a0Linnupojad paneelmaja r\u00f5dukastis, esimene roheline v\u00f5rse trepikivide vahel v\u00f5i kakupojad pargis m\u00f6\u00f6dujatele n\u00e4gusid tegemas \u2013 need on vaid m\u00f5ned n\u00e4ited linna metsikusest.<\/span>\n<\/div>\n<p>\n\t<span style=\"font-size: medium;font-family: helvetica\">Pole vahet, kas teed kl\u00f5psu nutiseadme v\u00f5i fotokaameraga. Kui oled j\u00e4\u00e4dvustanud midagi vahvat ja t\u00e4helepanuv\u00e4\u00e4rset, siis saada oma foto konkursile.\u00a0Julgustame sind p\u00f6\u00f6rama oma pilku ka sinna, kus midagi on valesti v\u00f5i inimene v\u00f5iks olla looduse suhtes hoolivam.\u00a0<\/span>\n<\/p>\n<p>\n\t<span style=\"background-color:transparent;helvetica;16px;font-style:normal;font-variant:normal;font-weight:400;letter-spacing:normal;text-align:left;text-decoration:none;text-indent:0px;text-transform:none\"><img loading=\"lazy\" decoding=\"async\" alt=\"\" height=\"800\" src=\"\/wp-content\/uploads\/sites\/123\/img_0086.jpg\" style=\"cursor:default\" width=\"1200\"><\/span>\n<\/p>\n<p>\n\t<span style=\"float:none;background-color:transparent;helvetica;16px;font-style:italic;font-variant:normal;font-weight:400;letter-spacing:normal;text-align:left;text-decoration:none;text-indent:0px;text-transform:none\">Foton\u00e4itus 13. juunil Tartu kesklinnas. (Foto: Elen Kontkar)<\/span><\/p>\n","protected":false},"excerpt":{"rendered":"<p>T\u00f6\u00f6de esitamine konkursile on l\u00f5ppenud. Ait\u00e4h k\u00f5ikidele osalejatele!\u00a0 Fotokonkursi \u017e\u00fcriisse kuulusid 2018. aastal Urmas Tartes,\u00a0Piret Eensoo,\u00a0Margot Sakson,\u00a0Ingmar Muusikus\u00a0ja\u00a0Rein Kuresoo. Fotokonkursi parimad: \u00dcldarvestus I kohtMarko Toomast\u201cKaks kuningat\u00a0Kuressaares\u201d II koht, Keskkonnaameti eripreemia, Seto Folgi eripreemiaHeiko Kruusi\u201cTuristid\u201d III kohtEvald Veldemann\u201cVaade \u00fcle Emaj\u00f5e\u2026\u201d Lapsed &#8230;<\/p>\n","protected":false},"author":54,"featured_media":0,"parent":0,"menu_order":0,"comment_status":"closed","ping_status":"closed","template":"","meta":{"_acf_changed":false,"inline_featured_image":false,"footnotes":""},"class_list":["post-39","page","type-page","status-publish","hentry"],"acf":[],"_links":{"self":[{"href":"https:\/\/sisu.ut.ee\/loodusfestival\/wp-json\/wp\/v2\/pages\/39","targetHints":{"allow":["GET"]}}],"collection":[{"href":"https:\/\/sisu.ut.ee\/loodusfestival\/wp-json\/wp\/v2\/pages"}],"about":[{"href":"https:\/\/sisu.ut.ee\/loodusfestival\/wp-json\/wp\/v2\/types\/page"}],"author":[{"embeddable":true,"href":"https:\/\/sisu.ut.ee\/loodusfestival\/wp-json\/wp\/v2\/users\/54"}],"replies":[{"embeddable":true,"href":"https:\/\/sisu.ut.ee\/loodusfestival\/wp-json\/wp\/v2\/comments?post=39"}],"version-history":[{"count":1,"href":"https:\/\/sisu.ut.ee\/loodusfestival\/wp-json\/wp\/v2\/pages\/39\/revisions"}],"predecessor-version":[{"id":667,"href":"https:\/\/sisu.ut.ee\/loodusfestival\/wp-json\/wp\/v2\/pages\/39\/revisions\/667"}],"wp:attachment":[{"href":"https:\/\/sisu.ut.ee\/loodusfestival\/wp-json\/wp\/v2\/media?parent=39"}],"curies":[{"name":"wp","href":"https:\/\/api.w.org\/{rel}","templated":true}]}}