{"id":37,"date":"2024-04-04T00:29:03","date_gmt":"2024-04-03T21:29:03","guid":{"rendered":"https:\/\/sisu.ut.ee\/loodusfestival\/tallinna-programm2018\/"},"modified":"2024-04-04T00:36:17","modified_gmt":"2024-04-03T21:36:17","slug":"tallinna-programm2018","status":"publish","type":"page","link":"https:\/\/sisu.ut.ee\/loodusfestival\/tallinna-programm2018\/","title":{"rendered":"Tallinna programm 2018"},"content":{"rendered":"<p>\n\t<img loading=\"lazy\" decoding=\"async\" height=\"214\" src=\"\/wp-content\/uploads\/sites\/123\/tln_kolmap.png\" width=\"1200\">\n<\/p>\n<ul>\n<li>\n<p>\n\t\t\t<span style=\"font-size: medium\"><strong>20.00\u201321.30<\/strong>\u00a0\u00d5htumatk \u201c\u00d6\u00f6 h\u00e4\u00e4led\u201d Paljassaare hoiualal (Pikakari ranna parklast)<\/span>\n\t\t<\/p>\n<\/li>\n<\/ul>\n<p>\n\t<span style=\"font-size: medium\">Tutvustame, milliseid h\u00e4\u00e4li v\u00f5ib \u00f6ises rannamaastikul kuulda ning millised loomad v\u00f5i linnud neid h\u00e4\u00e4li teevad. Paljassaare hoiualal valmis hiljuti projekti NATTOURS raames ka tundliku taimestiku kaitseks laudtee, millel osa matkast toimub. Samas asuv Pikakari rand on hinnatud \u00f6kom\u00e4rgisega Sinilipp.<\/span>\n<\/p>\n<p>\n\t<span style=\"font-size: medium\">Matk viib l\u00e4bi Meelis Uustal Tallinna Linnuklubist. Tasuta. Registreerumine: <a data-url=\"http:\/\/bit.ly\/13juuni\" href=\"http:\/\/bit.ly\/13juuni\" target=\"_blank\" title=\"\" rel=\"noopener\">bit.ly\/13juuni<\/a>\u00a0<strong>Grupp on t\u00e4is!<\/strong><\/span>\n<\/p>\n<p>\n\t<span style=\"font-size: medium\"><img loading=\"lazy\" decoding=\"async\" height=\"219\" src=\"\/wp-content\/uploads\/sites\/123\/neljaptln.png\" width=\"1200\"><\/span>\n<\/p>\n<ul>\n<li>\n\t\t<span style=\"font-size: medium\"><strong>12.00\u201313.00<\/strong> Retk botaanikaaia kasvuhoonetes\u00a0(Tallinna Botaanikaaed,\u00a0Kloostrimetsa tee 52)<\/span>\n\t<\/li>\n<\/ul>\n<p>\n\t<span style=\"font-size: medium\">Tutvustatakse vihmametsade, k\u00f5rbete ja l\u00e4histroopiliste alade taimi. Retke juhib Tiia Jaanus. \u00dcritus on tasuta.<\/span>\n<\/p>\n<p>\n\t\u00a0\n<\/p>\n<p>\n\t<span style=\"font-size: medium\"><img loading=\"lazy\" decoding=\"async\" height=\"222\" src=\"\/wp-content\/uploads\/sites\/123\/reedetln.png\" width=\"1200\"><\/span>\n<\/p>\n<ul>\n<li>\n\t\t<span style=\"font-size: medium\"><strong>06.30\u201307.30<\/strong>\u00a0Varahommikune loomavaatlus (Tallinna Loomaaia p\u00f5hjav\u00e4rav, Paldiski mnt 145)<\/span>\n\t<\/li>\n<\/ul>\n<p>\n\t<span style=\"font-size: medium\">Loomaaias ei ole loomad ainult puurides aedikutes, vaid elavad ka t\u00e4iesti vabalt meie \u00fcmber. Uudistame, kuidas alustavad oma p\u00e4eva nii loomaaialoomad kui vabalt elavad loomaaiaasukad. Pilet 2 \u20ac. Registreerumine alates 5. juunist:\u00a0<a data-url=\"http:\/\/bit.ly\/loomaaed\" href=\"http:\/\/bit.ly\/loomaaed\" target=\"_blank\" title=\"\" rel=\"noopener\">bit.ly\/loomaaed<\/a><\/span>\n<\/p>\n<ul>\n<li>\n<p>\n\t\t\t<span style=\"font-size: medium\"><strong>10.00\u201311.00<\/strong> \u201cKes elab tiigivees?\u201d (Tallinna Loomaaia l\u00e4\u00e4nev\u00e4rav, Ehitajate tee 150)<\/span>\n\t\t<\/p>\n<p>\n\t\t\t<span style=\"font-size: medium\">Tutvume tiigi vee elustikuga: tiigiasukate p\u00fc\u00fck, hoidmine\/transportimine ja liikide m\u00e4\u00e4ramine.\u00a0Pilet 2 eurot. Registreerumine alates 5. juunist:\u00a0<a data-url=\"http:\/\/bit.ly\/loomaaed\" href=\"http:\/\/bit.ly\/loomaaed\" target=\"_blank\" title=\"\" rel=\"noopener\">bit.ly\/loomaaed<\/a><\/span>\n\t\t<\/p>\n<\/li>\n<li>\n<p>\n\t\t\t<span style=\"font-size: medium\"><strong>10.00\u201311.00<\/strong> \u201cJ\u00e4\u00e4karu ja Arktika elustik\u201d (Tallinna Loomaaia p\u00f5hjav\u00e4rav, Paldiski mnt 145)<\/span>\n\t\t<\/p>\n<p>\n\t\t\t<span style=\"font-size: medium\">L\u00e4bi m\u00e4nguliste tegevuste \u00f5pime tundma j\u00e4\u00e4v\u00f6\u00f6ndi asukaid ja Arktikas valitsevaid elutingimusi. Mis aitab suurimal maismaakiskjal j\u00e4\u00e4v\u00f6\u00f6ndis ellu j\u00e4\u00e4da ning kuidas tulevad lumekakud toime karmides elutingimustes?\u00a0Pilet 2 eurot. Registreerumine alates 5. juunist:\u00a0<a data-url=\"http:\/\/bit.ly\/loomaaed\" href=\"http:\/\/bit.ly\/loomaaed\" target=\"_blank\" title=\"\" rel=\"noopener\">bit.ly\/loomaaed<\/a><\/span>\n\t\t<\/p>\n<\/li>\n<li>\n<p>\n\t\t\t<span style=\"font-size: medium\"><strong>12.00\u201313.00<\/strong> \u00d5pituba \u201eL\u00f5hnad, maitsed, v\u00e4rvid taimeriigis\u201c (Tallinna Botaanikaaed, Kloostrimetsa tee 52)<\/span>\n\t\t<\/p>\n<p>\n\t\t\t<span style=\"font-size: medium\">Botaanikaaia meelteaias \u00f5pime tundma l\u00f5hna-, maitse- ja v\u00e4rvitaimi, m\u00e4ngime l\u00f5hnam\u00e4ngu ning valmistame loodusfestivalist inspireeritud l\u00f5hnasegu. \u00d5pituba juhendab Krista Kaur. \u00dcritus on tasuta.<\/span>\n\t\t<\/p>\n<\/li>\n<li>\n<p>\n\t\t\t<span style=\"font-size: medium\"><strong>12.00\u201313.00<\/strong> \u201cLoomajoonistamine natuurist\u201d (Tallinna Loomaaia l\u00e4\u00e4nev\u00e4rav, Ehitajate tee 150)<\/span>\n\t\t<\/p>\n<p>\n\t\t\t<span style=\"font-size: medium\">Tule ja pane end proovile looma joonistamisel natuurist! Vajalikud vahendid, tooli ja kunstnikust juhendaja saad loomaaiast kaasa.\u00a0Pilet 2 eurot. Registreerumine alates 5. juunist:\u00a0<a data-url=\"http:\/\/bit.ly\/loomaaed\" href=\"http:\/\/bit.ly\/loomaaed\" target=\"_blank\" title=\"\" rel=\"noopener\">bit.ly\/loomaaed<\/a><\/span>\n\t\t<\/p>\n<\/li>\n<li>\n<p>\n\t\t\t<span style=\"font-size: medium\"><strong>16.00\u201317.30<\/strong> \u201cKes kus elab: loomad erinevates elukeskkondades\u201d (Tallinna Loomaaed)<\/span>\n\t\t<\/p>\n<p>\n\t\t\t<span style=\"font-size: medium\">Loomaaia metoodiku poolt juhitud ekskursioon: tutvutakse erinevates elukeskkondades elavate loomadega ja uuritakse, kuidas nad on kohastunud ellu j\u00e4\u00e4miseks.\u00a0Pilet 2 eurot. Registreerumine alates 5. juunist: <a data-url=\"http:\/\/bit.ly\/loomaaed\" href=\"http:\/\/bit.ly\/loomaaed\" target=\"_blank\" title=\"\" rel=\"noopener\">bit.ly\/loomaaed<\/a>\u00a0Kahes grupis, \u00fcks p\u00f5hja-, teine l\u00e4\u00e4nev\u00e4ravast.<\/span>\n\t\t<\/p>\n<\/li>\n<\/ul>\n<p>\n\t<span style=\"font-size: medium\"><img loading=\"lazy\" decoding=\"async\" height=\"219\" src=\"\/wp-content\/uploads\/sites\/123\/laup.png\" width=\"1200\"><\/span>\n<\/p>\n<ul>\n<li>\n\t\t<span style=\"font-size: medium\"><strong>12.00\u201313.00\u00a0<\/strong>Pargiretk\u00a0(Tallinna Botaanikaaed,\u00a0Kloostrimetsa tee 52)<\/span>\n\t<\/li>\n<\/ul>\n<p class=\"x_MsoNormal\">\n\t<span style=\"font-size: medium\">Pargiretkel jalutame Tallinna botaanikaaia 17 hektari suuruses Eesti liigirohkeimas dendraariumis. Teekonnal kohtume kevadiste p\u00f5\u00f5saste, puude ja liaanidega.<\/span>\n<\/p>\n<p class=\"x_MsoNormal\">\n\t<span style=\"font-size: medium\">Tutvustame puittaimede erip\u00e4ra, kasvun\u00f5udeid ja sobivust Eesti oludesse. Retke juhib Urmas Laansoo. \u00dcritus on tasuta.<\/span>\n<\/p>\n<ul>\n<li>\n\t\t<span style=\"font-size: medium\"><strong>Loodusvaatluste maraton<\/strong> (Tallinna N\u00f5mme Noortemaja loodusmaja ja\u00a0Tallinna loomaaed)<\/span>\n\t<\/li>\n<\/ul>\n<p>\n\t<span style=\"font-size: medium\">Loodusvaatluste maratoni (LVM) eeskujuks on rahvusvaheline vaatlusformaat <a href=\"https:\/\/en.wikipedia.org\/wiki\/BioBlitz\">BioBlitz<\/a>. BioBlitz t\u00e4hendab, et kindlas paigas tuvastatakse kindlal ajavahemikul nii palju looma-, taime- ja seeneliike kui v\u00f5imalik. Liike otsitakse harrastusvaatlejate ja -teadlaste abiga. \u00dcritus on tasuta.<\/span>\n<\/p>\n<p>\n\t<br><span style=\"font-size: medium\">Loodusvaatluste maraton toimub 15.\u201316. juunil paljudes kohtades \u00fcle Eesti. Vaata l\u00e4hemalt:\u00a0<a data-url=\"http:\/\/www.loodusfestival.ee\/LVM\" href=\"http:\/\/www.loodusfestival.ee\/LVM\" target=\"_blank\" title=\"\" rel=\"noopener\">loodusfestival.ee\/LVM<\/a><\/span>\n<\/p>\n<p>\n\t<span style=\"font-size: medium\">\u00a0<\/span>\n<\/p>\n<p>\n\t<span style=\"font-size: medium\">*\u00a0<span>Korraldajad j\u00e4tavad endale \u00f5iguse teha programmis muudatusi.<\/span><\/span><\/p>\n","protected":false},"excerpt":{"rendered":"<p>20.00\u201321.30\u00a0\u00d5htumatk \u201c\u00d6\u00f6 h\u00e4\u00e4led\u201d Paljassaare hoiualal (Pikakari ranna parklast) Tutvustame, milliseid h\u00e4\u00e4li v\u00f5ib \u00f6ises rannamaastikul kuulda ning millised loomad v\u00f5i linnud neid h\u00e4\u00e4li teevad. Paljassaare hoiualal valmis hiljuti projekti NATTOURS raames ka tundliku taimestiku kaitseks laudtee, millel osa matkast toimub. Samas &#8230;<\/p>\n","protected":false},"author":54,"featured_media":0,"parent":0,"menu_order":0,"comment_status":"closed","ping_status":"closed","template":"","meta":{"_acf_changed":false,"inline_featured_image":false,"footnotes":""},"class_list":["post-37","page","type-page","status-publish","hentry"],"acf":[],"_links":{"self":[{"href":"https:\/\/sisu.ut.ee\/loodusfestival\/wp-json\/wp\/v2\/pages\/37","targetHints":{"allow":["GET"]}}],"collection":[{"href":"https:\/\/sisu.ut.ee\/loodusfestival\/wp-json\/wp\/v2\/pages"}],"about":[{"href":"https:\/\/sisu.ut.ee\/loodusfestival\/wp-json\/wp\/v2\/types\/page"}],"author":[{"embeddable":true,"href":"https:\/\/sisu.ut.ee\/loodusfestival\/wp-json\/wp\/v2\/users\/54"}],"replies":[{"embeddable":true,"href":"https:\/\/sisu.ut.ee\/loodusfestival\/wp-json\/wp\/v2\/comments?post=37"}],"version-history":[{"count":1,"href":"https:\/\/sisu.ut.ee\/loodusfestival\/wp-json\/wp\/v2\/pages\/37\/revisions"}],"predecessor-version":[{"id":669,"href":"https:\/\/sisu.ut.ee\/loodusfestival\/wp-json\/wp\/v2\/pages\/37\/revisions\/669"}],"wp:attachment":[{"href":"https:\/\/sisu.ut.ee\/loodusfestival\/wp-json\/wp\/v2\/media?parent=37"}],"curies":[{"name":"wp","href":"https:\/\/api.w.org\/{rel}","templated":true}]}}