{"id":34,"date":"2024-04-04T00:29:02","date_gmt":"2024-04-03T21:29:02","guid":{"rendered":"https:\/\/sisu.ut.ee\/loodusfestival\/kontakt\/"},"modified":"2025-01-22T14:11:18","modified_gmt":"2025-01-22T12:11:18","slug":"kontakt","status":"publish","type":"page","link":"https:\/\/sisu.ut.ee\/loodusfestival\/kontakt\/","title":{"rendered":"Kontakt"},"content":{"rendered":"<p><span style=\"font-size: 16px;\"><strong>V\u00d5TA MEIEGA \u00dcHENDUST E-KIRJA TEEL loodusfestival@ut.ee<\/strong><\/span><\/p>\n\n\n\n<p><span style=\"color: #008000;\"><span style=\"font-size: 16px;\"><b>KORRALDUSMEESKOND<\/b><\/span><\/span><\/p>\n\n\n\n<p><span style=\"font-size: 16px;\"><b>Kaarin Hein\u00a0<\/b><\/span><br><span style=\"font-size: 15px;\">Loodusloovusfestivali projektijuht, loodusharidusliku programmi koordinaator<br>+372\u00a05693 2730<br>kaarin.hein@ut.ee<\/span><\/p>\n\n\n\n<p><span style=\"font-size: 16px;\"><strong>Margus Kasterpalu<\/strong><\/span><br><span style=\"font-size: 15px;\">Loodusloovusfestivali kuraator, loovusprogrammi koordinaator<br>margus.kasterpalu@ut.ee<\/span><\/p>\n\n\n\n<p><span style=\"font-size: 16px;\"><strong>Reet M\u00e4gi<\/strong><\/span><br><span style=\"font-size: 15px;\">Tartu \u00dclikooli loodusmuuseumi n\u00e4ituste ja loodushariduse osakonna juhataja,\u00a0Loodusloovusfestivali korraldaja<br>+372\u00a0504 0826<br>reet.magi@ut.ee<\/span><\/p>\n\n\n\n<p><strong>Madis Kasemaa<\/strong><br><span style=\"font-size: 15px;\">turundus- ja kommunikatsioonijuht<br>+372 5851 9328<br>madis.kasemaa@ut.ee<\/span><\/p>\n\n\n\n<p><span style=\"font-size: 16px;\"><strong>Carlotta P\u00f5dra<\/strong><\/span><br><span style=\"font-size: 15px;\">Linnuj\u00e4mmi koordinaator<br>+372 5699 3857<br>carlotta.podra@ut.ee<\/span><\/p>\n\n\n\n<p><strong><span style=\"font-size: 16px;\">Margit Hirv<\/span><\/strong><br><span style=\"font-size: 15px;\">Loodusvaatluste maratoni alade koordinaator, loodusvaatluste minimaratoni korraldus<br>+372 523 9736<br>margit.hirv@ut.ee<\/span><\/p>\n\n\n\n<p><span style=\"font-size: 16px;\"><strong>Margot Sakson<\/strong><\/span><br><span style=\"font-size: 15px;\">kunstnik-kujundaja<br>margot.sakson@ut.ee<\/span><\/p>\n\n\n\n<p><\/p>\n\n\n\n<p><span style=\"font-size: 16px;\"><span style=\"color: #008000;\"><b>KOMMUNIKATSIOONIJUHEND &amp; VISUAALID<\/b><\/span><\/span><\/p>\n\n\n\n<p><strong><a title=\"\" href=\"https:\/\/drive.google.com\/drive\/folders\/1DImOn0-NAAWAKVjf4EA690e5DesnU_cu?usp=sharing\" target=\"_blank\" rel=\"noopener\" data-url=\"https:\/\/drive.google.com\/drive\/folders\/1DImOn0-NAAWAKVjf4EA690e5DesnU_cu?usp=sharing\">Loodusfestivali \u00fcldvisuaalid<\/a><\/strong><\/p>\n\n\n\n<p><strong><a title=\"\" href=\"https:\/\/drive.google.com\/drive\/folders\/13MFqzfsTsk1ExPknK8sGZOXTIf151b2J?usp=sharing\" target=\"_blank\" rel=\"noopener\" data-url=\"https:\/\/drive.google.com\/drive\/folders\/13MFqzfsTsk1ExPknK8sGZOXTIf151b2J?usp=sharing\">Loodusvaatluste maratoni \u00fcldvisuaalid<\/a><\/strong><\/p>\n\n\n\n<p><strong><a href=\"https:\/\/sisu.ut.ee\/wp-content\/uploads\/sites\/123\/lf_kommunikatsioonijuhend_2023.pdf\" data-fid=\"76963\">Kommunikatsioonijuhend<\/a><\/strong><br>\u00a0<\/p>\n\n\n\n<p><span style=\"font-size: 16px;\"><span style=\"color: #008000;\"><strong>KESKKONNAHOIDLIKU S\u00dcNDMUSE KORRALDAMISE JUHISED<\/strong><\/span><\/span><br>Loodusfestival j\u00e4rgib Euroopa kultuuripealinn Tartu 2024 keskkonnahoidliku s\u00fcndmuse korraldamise p\u00f5him\u00f5tteid.<br>Palume kaaskorraldajatel s\u00fcndmuse korraldamise eel l\u00e4bi m\u00f5elda s\u00fcndmuse keskkonnam\u00f5ju ning v\u00f5imalused v\u00e4hendamaks\u00a0kahjulikke m\u00f5jusid keskkonnale, sealhulgas\u00a0vahetule toimumispaigale. Tutvuge <a title=\"\" href=\"https:\/\/drive.google.com\/drive\/u\/0\/folders\/1loSen7q3iWGphO7xLEz3PW8C7xY3kzgG\" target=\"_blank\" rel=\"noopener\" data-url=\"https:\/\/drive.google.com\/drive\/u\/0\/folders\/1loSen7q3iWGphO7xLEz3PW8C7xY3kzgG\">kontrollnimekirjadega<\/a>, kust leiate t\u00e4helepanupunkte\u00a0vastavalt s\u00fcndmuse iseloomule.<\/p>\n\n\n\n<p><strong><span style=\"color: #008000;\"><span style=\"font-size: 16px;\">J\u00c4\u00c4DVUSTASID S\u00dcNDMUSI LOODUSFESTIVALIL?<\/span> <\/span><\/strong><br><a title=\"\" href=\"https:\/\/drive.google.com\/drive\/folders\/1W-o4mi8VjJO2jxijLVPQ6goV_VOxiMvg\" target=\"_blank\" rel=\"noopener\" data-url=\"https:\/\/drive.google.com\/drive\/folders\/1W-o4mi8VjJO2jxijLVPQ6goV_VOxiMvg\">Lae oma foto \u00fcles<\/a> \u2013 piltide \u00fcles laadimisel oleme\u00a0t\u00e4nulikud, kui faili pealkiri\u00a0sisaldaks kohe ka vajalikku infot, muidu on p\u00e4rast v\u00e4ga keeruline tuvastada autoreid ja erinevaid s\u00fcndmusi \u2013 palun lisage\u00a0<b>faili nimesse kuup\u00e4ev, \u00fcrituse nimi ja foto autor<\/b>\u00a0(nt: 07.06_N\u00e4ituseAvamine_KatiKask).<\/p>\n","protected":false},"excerpt":{"rendered":"<p>V\u00d5TA MEIEGA \u00dcHENDUST E-KIRJA TEEL loodusfestival@ut.ee KORRALDUSMEESKOND Kaarin Hein\u00a0Loodusloovusfestivali projektijuht, loodusharidusliku programmi koordinaator+372\u00a05693 2730kaarin.hein@ut.ee Margus KasterpaluLoodusloovusfestivali kuraator, loovusprogrammi koordinaatormargus.kasterpalu@ut.ee Reet M\u00e4giTartu \u00dclikooli loodusmuuseumi n\u00e4ituste ja loodushariduse osakonna juhataja,\u00a0Loodusloovusfestivali korraldaja+372\u00a0504 0826reet.magi@ut.ee Madis Kasemaaturundus- ja kommunikatsioonijuht+372 5851 9328madis.kasemaa@ut.ee Carlotta P\u00f5draLinnuj\u00e4mmi koordinaator+372 5699 &#8230;<\/p>\n","protected":false},"author":54,"featured_media":0,"parent":0,"menu_order":0,"comment_status":"closed","ping_status":"closed","template":"","meta":{"_acf_changed":false,"inline_featured_image":false,"footnotes":""},"class_list":["post-34","page","type-page","status-publish","hentry"],"acf":[],"_links":{"self":[{"href":"https:\/\/sisu.ut.ee\/loodusfestival\/wp-json\/wp\/v2\/pages\/34","targetHints":{"allow":["GET"]}}],"collection":[{"href":"https:\/\/sisu.ut.ee\/loodusfestival\/wp-json\/wp\/v2\/pages"}],"about":[{"href":"https:\/\/sisu.ut.ee\/loodusfestival\/wp-json\/wp\/v2\/types\/page"}],"author":[{"embeddable":true,"href":"https:\/\/sisu.ut.ee\/loodusfestival\/wp-json\/wp\/v2\/users\/54"}],"replies":[{"embeddable":true,"href":"https:\/\/sisu.ut.ee\/loodusfestival\/wp-json\/wp\/v2\/comments?post=34"}],"version-history":[{"count":6,"href":"https:\/\/sisu.ut.ee\/loodusfestival\/wp-json\/wp\/v2\/pages\/34\/revisions"}],"predecessor-version":[{"id":2302,"href":"https:\/\/sisu.ut.ee\/loodusfestival\/wp-json\/wp\/v2\/pages\/34\/revisions\/2302"}],"wp:attachment":[{"href":"https:\/\/sisu.ut.ee\/loodusfestival\/wp-json\/wp\/v2\/media?parent=34"}],"curies":[{"name":"wp","href":"https:\/\/api.w.org\/{rel}","templated":true}]}}