{"id":33,"date":"2024-04-04T00:29:02","date_gmt":"2024-04-03T21:29:02","guid":{"rendered":"https:\/\/sisu.ut.ee\/loodusfestival\/mini-bioblitz-2016\/"},"modified":"2024-04-16T00:39:05","modified_gmt":"2024-04-15T21:39:05","slug":"mini-bioblitz-2016","status":"publish","type":"page","link":"https:\/\/sisu.ut.ee\/loodusfestival\/mini-bioblitz-2016\/","title":{"rendered":"Mini-BioBlitz 2016"},"content":{"rendered":"<p><span style=\"font-family: helvetica; font-size: medium;\" data-mce-mark=\"1\">Tartu loodusfestivali avap\u00e4eval, 29. juunil 2016 korraldas Tartu \u00fclikooli loodusmuuseum ja botaanikaaed ettev\u00f5tmise BioBlitz. BioBlitz t\u00e4hendab seda, et teatud aja jooksul tehakse teatud kohas kindlaks nii palju looma-, taime- ja seeneliike kui v\u00f5imalik. Tavaliselt on selleks ajaks 24 tundi, et katta ka elurikkuse aktiivsuse \u00f6\u00f6p\u00e4evaringsed aspektid. Tartu loodusfestivalil toimunud BioBlitz kestis viis tundi ning seet\u00f5ttu sai see nimeks Mini-BioBlitz.<\/span><\/p>\n\n\n\n<p><span style=\"font-family: helvetica; font-size: medium;\" data-mce-mark=\"1\">Tartu Mini-BioBlitzi vaatluspiirkonnaks olid Emaj\u00f5e \u00e4\u00e4rsed rohealad V\u00f5idu sillast kuni Supilinna tiigi ja Lodjakojani ning Toomem\u00e4gi. Vaata vaatlusala\u00a0<a href=\"\/wp-content\/uploads\/sites\/123\/tartu_loodusfestival_2016_mini-bioblitz_vaatlusala.jpg\" target=\"_blank\" rel=\"noopener\"><strong>kaarti<\/strong><\/a>.<\/span><\/p>\n\n\n\n<p><span style=\"font-family: helvetica; font-size: medium;\" data-mce-mark=\"1\">BioBlitzil osales 14 v\u00f5istkonda ja \u00fcksikisikut. Vaatlused tehti nutirakendustega <a href=\"https:\/\/www.inaturalist.org\/\" target=\"_blank\" rel=\"noopener\">iNaturalist<\/a> ja <a href=\"http:\/\/www.natmuseum.ut.ee\/et\/content\/%C3%A4pp-minu-loodusheli\" target=\"_blank\" rel=\"noopener\">Minu loodusheli<\/a>, samuti pildistati liike ja korraldaja m\u00e4\u00e4rasid need ja sisestasid andmed portaali <a href=\"http:\/\/elurikkus.ut.ee\/\" target=\"_blank\" rel=\"noopener\">eElurikkus<\/a>.<\/span><\/p>\n\n\n\n<p><span style=\"font-family: helvetica; font-size: medium;\" data-mce-mark=\"1\">Kokku tehti 333 vaatlust ning m\u00e4rgati 239 liiki. M\u00f5ned vaatlused j\u00e4id liigini m\u00e4\u00e4ramata. Mini-BioBlitzil vaadeldud liikide t\u00e4ispikka nimekirja saab alla laadida <a href=\"\/wp-content\/uploads\/sites\/123\/tartu_mini-bioblitz_29.06.2016_liigid.pdf\" target=\"_blank\" rel=\"noopener\"><strong>siit<\/strong><\/a>.<\/span><\/p>\n\n\n\n<p><span style=\"font-family: helvetica; font-size: medium;\" data-mce-mark=\"1\">Neljal v\u00f5i rohkemal korral vaadeldi j\u00e4rgmisi liike:<\/span><\/p>\n\n\n\n<p><strong style=\"font-family: helvetica; font-size: medium;\">linnud<br><\/strong><span style=\"font-family: helvetica; font-size: medium;\" data-mce-mark=\"1\">linav\u00e4strik <\/span><em style=\"font-family: helvetica; font-size: medium;\">Motacilla alba<\/em><span style=\"font-family: helvetica; font-size: medium;\" data-mce-mark=\"1\"> (9 korral)<br><\/span><span style=\"font-family: helvetica; font-size: medium;\" data-mce-mark=\"1\">sinikael-part <\/span><em style=\"font-family: helvetica; font-size: medium;\">Anas platyrhynchos<\/em><span style=\"font-family: helvetica; font-size: medium;\" data-mce-mark=\"1\"> (8 korral)<br><\/span><span style=\"font-family: helvetica; font-size: medium;\" data-mce-mark=\"1\">naerukajakas <\/span><em style=\"font-family: helvetica; font-size: medium;\">Larus ridibundus<br><\/em><span style=\"font-family: helvetica; font-size: medium;\" data-mce-mark=\"1\">kodutuvi <\/span><em style=\"font-family: helvetica; font-size: medium;\">Columba livia domestica<br><\/em><span style=\"font-family: helvetica; font-size: medium;\" data-mce-mark=\"1\">hallvares <\/span><em style=\"font-family: helvetica; font-size: medium;\">Corvus cornix<br><\/em><span style=\"font-family: helvetica; font-size: medium;\" data-mce-mark=\"1\">metsvint <\/span><em style=\"font-family: helvetica; font-size: medium;\">Fringilla coelebs<br><\/em><span style=\"font-family: helvetica; font-size: medium;\" data-mce-mark=\"1\">koduvarblane <\/span><em style=\"font-family: helvetica; font-size: medium;\">Passer domesticus<br><\/em><span style=\"font-family: helvetica; font-size: medium;\" data-mce-mark=\"1\">p\u00f5ldvarblane <\/span><em style=\"font-family: helvetica; font-size: medium;\">Passer montanu<\/em><span style=\"font-family: helvetica; font-size: medium;\" data-mce-mark=\"1\">s<\/span><\/p>\n\n\n\n<p><span style=\"font-family: helvetica; font-size: medium;\" data-mce-mark=\"1\"><strong>putukad<\/strong><\/span><br><span style=\"font-family: helvetica; font-size: medium;\" data-mce-mark=\"1\">kimalase <em>Bombus<\/em> liigid<\/span><\/p>\n\n\n\n<p><span style=\"font-family: helvetica; font-size: medium;\"><strong>taimed<\/strong><\/span><br><span style=\"font-family: helvetica; font-size: medium;\">kelluka <em>Campanula<\/em> liigid<\/span><br><span style=\"font-family: helvetica; font-size: medium;\">harilik raudrohi <em>Achillea millefolium<br><\/em>teelehe <em>Plantago<\/em> liigid<\/span><br><span style=\"font-family: helvetica; font-size: medium;\">tulika <em>Potentilla<\/em> liigid<\/span><br><span style=\"font-family: helvetica; font-size: medium;\">valge ristik <em>Trifolium repens<br><\/em>mailase <em>Veronica<\/em> liigid<\/span><\/p>\n","protected":false},"excerpt":{"rendered":"<p>Tartu loodusfestivali avap\u00e4eval, 29. juunil 2016 korraldas Tartu \u00fclikooli loodusmuuseum ja botaanikaaed ettev\u00f5tmise BioBlitz. BioBlitz t\u00e4hendab seda, et teatud aja jooksul tehakse teatud kohas kindlaks nii palju looma-, taime- ja seeneliike kui v\u00f5imalik. Tavaliselt on selleks ajaks 24 tundi, et &#8230;<\/p>\n","protected":false},"author":54,"featured_media":0,"parent":0,"menu_order":0,"comment_status":"closed","ping_status":"closed","template":"","meta":{"_acf_changed":false,"inline_featured_image":false,"footnotes":""},"class_list":["post-33","page","type-page","status-publish","hentry"],"acf":[],"_links":{"self":[{"href":"https:\/\/sisu.ut.ee\/loodusfestival\/wp-json\/wp\/v2\/pages\/33","targetHints":{"allow":["GET"]}}],"collection":[{"href":"https:\/\/sisu.ut.ee\/loodusfestival\/wp-json\/wp\/v2\/pages"}],"about":[{"href":"https:\/\/sisu.ut.ee\/loodusfestival\/wp-json\/wp\/v2\/types\/page"}],"author":[{"embeddable":true,"href":"https:\/\/sisu.ut.ee\/loodusfestival\/wp-json\/wp\/v2\/users\/54"}],"replies":[{"embeddable":true,"href":"https:\/\/sisu.ut.ee\/loodusfestival\/wp-json\/wp\/v2\/comments?post=33"}],"version-history":[{"count":2,"href":"https:\/\/sisu.ut.ee\/loodusfestival\/wp-json\/wp\/v2\/pages\/33\/revisions"}],"predecessor-version":[{"id":844,"href":"https:\/\/sisu.ut.ee\/loodusfestival\/wp-json\/wp\/v2\/pages\/33\/revisions\/844"}],"wp:attachment":[{"href":"https:\/\/sisu.ut.ee\/loodusfestival\/wp-json\/wp\/v2\/media?parent=33"}],"curies":[{"name":"wp","href":"https:\/\/api.w.org\/{rel}","templated":true}]}}