{"id":31,"date":"2024-04-04T00:29:02","date_gmt":"2024-04-03T21:29:02","guid":{"rendered":"https:\/\/sisu.ut.ee\/loodusfestival\/loodusvaatluste-maraton-2020\/"},"modified":"2024-04-04T00:36:17","modified_gmt":"2024-04-03T21:36:17","slug":"loodusvaatluste-maraton-2020","status":"publish","type":"page","link":"https:\/\/sisu.ut.ee\/loodusfestival\/loodusvaatluste-maraton-2020\/","title":{"rendered":"Loodusvaatluste maraton 2020"},"content":{"rendered":"<h2>\n\t<strong><img loading=\"lazy\" decoding=\"async\" width=\"700\" height=\"292\" class=\"alignnone wp-image-140\" style=\"width: 700px;height: 292px\" src=\"https:\/\/sisu.ut.ee\/wp-content\/uploads\/sites\/123\/loodusvaatluste_maraton_kodulehele_700x292.png\" title=\"loodusvaatluste_maraton_kodulehele_700x292.png\" alt=\"Loodusvaatluste maraton 2020\" srcset=\"https:\/\/sisu.ut.ee\/wp-content\/uploads\/sites\/123\/loodusvaatluste_maraton_kodulehele_700x292.png 700w, https:\/\/sisu.ut.ee\/wp-content\/uploads\/sites\/123\/loodusvaatluste_maraton_kodulehele_700x292-300x125.png 300w\" sizes=\"auto, (max-width: 700px) 100vw, 700px\"><\/strong><br>\n<\/h2>\n<p>\n\t<span style=\"font-size:15px\"><strong><span style=\"font-family:Arial,Helvetica,sans-serif\">6.\u20137. juunil 2020 toimus kolmas \u00fcle-eestiline loodusvaatluste maraton. 24 tunni jooksul tegid loodushuvilised \u00fcle 4600 loodusvaatluse, mis on n\u00e4htavad <a data-url=\"https:\/\/elurikkus.ee\/projects\/loodusvaatluste-maraton-2020\" href=\"https:\/\/elurikkus.ee\/projects\/loodusvaatluste-maraton-2020\" target=\"_blank\" title=\"\" rel=\"noopener\">Elurikkuse andmeportaalis<\/a>.\u00a0J\u00e4rgmine Loodusvaatluste maraton toimub juunis 2021!<\/span><\/strong><\/span>\n<\/p>\n<p>\n\t<span style=\"font-family:Arial,Helvetica,sans-serif\">Enim liike, <strong>396\u00a0taksonit<\/strong>, kogusid Villu Soon ja Jelle Devalez Raadi looduskaitsealal Tartus. See on \u00fchtlasi vaatlusmaratoni ajaloos \u00fchelt alalt leitud <strong>liikide rekord<\/strong>. Neile j\u00e4rgnesid 284 liigiga Raplamaal Kuusiku aleviku loodushuvilised. Senine erinevate liikide rekord, 382 liiki, p\u00fcsis 2018. aastast Kuusiku vaatlejate k\u00e4es. \u00dcle 200 liigi m\u00e4rgati veel Vaibla (271 liiki) ja Vastseliina (252 liiki) vaatlusaladel. \u00dcle viiesaja vaatluse tehti neljas maakonnas:\u00a0L\u00e4\u00e4ne-Viru-, Rapla-, Tartu- ja Viljandimaal.<\/span>\n<\/p>\n<p>\n\t<span style=\"font-family:Arial,Helvetica,sans-serif\">Taimevaatlusi kogunes ligi 2500 ja linde \u00fcle 950 (2019. a taimevaatlusi 1800, linnuvaatlusi 735). Putukaid vaadeldi 806 korral. Teisi r\u00fchmi vaadeldi juba oluliselt v\u00e4hem, kuigi tegelikult v\u00f5ib tegemist olla looduses sagedasti kohatavate organismir\u00fchmadega, nagu n\u00e4iteks teod, keda vaadeldi ainult 38 korda v\u00f5i imetajad, keda vaadeldi 57 korda. \u00a0<\/span>\n<\/p>\n<p>\n\t<span style=\"font-family:Arial,Helvetica,sans-serif\">Loodusvaatlustega alustajad kui ka juba kogenud vaatlejad armastavad enim taimi ja linde vaadelda. Neid liigir\u00fchmi on ka k\u00f5ige lihtsam vaadelda. Taimed ei jookse eest \u00e4ra ja linnud reedavad end \u00fcsna h\u00e4\u00e4lekalt. Enim vaadeldud taimeliigid olid <strong>k\u00fclmamailane<\/strong> (34 vaatlust), <strong>naat<\/strong> (33), <strong>k\u00f5rven\u00f5ges<\/strong> (31), <strong>metsmaasikas<\/strong> (27) ja <strong>harilik maikelluke<\/strong> (26). Enim vaadeldud linnuliigid: <strong>metsvint<\/strong> (38), <strong>mustr\u00e4stas<\/strong> (32), <strong>v\u00e4ike-lehelind ehk silksolk<\/strong> (30), <strong>rasvatihane<\/strong> (25). N\u00e4hti ka \u00f6\u00f6linde \u2013 kahel korral <strong>kodukakku<\/strong>. Kuna oli ka v\u00e4ga sobiv aeg <strong>\u00f6\u00f6bik<\/strong>ulaulu kuulmiseks, siis seda liiki kohati 24 korral. Imetajatest n\u00e4hti tuntud liike nagu <strong>metskits, saarmas, metsnugis, kobras ja mink.<\/strong><\/span>\n<\/p>\n<p>\n\t<span style=\"font-family:Arial,Helvetica,sans-serif\">Putukaliigid olid \u00fcsna \u00fchtlaselt jaotunud ja palju oli liike, keda n\u00e4hti vaid 2 v\u00f5i 3 korda. Siiski torkasid m\u00f5ned liigid rohkem silma, n\u00e4iteks <strong>triiplutikat<\/strong> n\u00e4hti 12 korral \u2013 ilmselt t\u00e4nu oma punase-mustatriibulisele v\u00e4limusele ongi ta kergemini tabatav ja ka p\u00f5nev liik. Teistest liikidest n\u00e4hti sagedamini veel <strong>marjalutikat, p\u00f5ldkimalast, s\u00fcdat\u00e4hn-pehmekoort, v\u00f5rkvaksikut ja sadulliidrikku<\/strong>. Kuna putukaliigid v\u00f5ivad olla aktiivsed \u00fcsna l\u00fchikesel ajavahemikul, siis ilmselt m\u00f5ni n\u00e4dal varem v\u00f5i hiljem oleks saanud teistsugused tulemused. \u00d6\u00f6liblika vaatlejate saak j\u00e4i sel korral \u00fcsna kesiseks. Valgustatud linasid p\u00fcstitati nii Eesti l\u00f5una- kui p\u00f5hjaosas, aga valge \u00f6\u00f6ga oli keeruline neid sinna maanduma panna.\u00a0<\/span>\n<\/p>\n<p>\n\t<span style=\"font-family:Arial,Helvetica,sans-serif\">Sel aastal oli m\u00f5ni asi teisti, kui eelnevatel maratonidel. Viljandimaal Vaiblas ja V\u00f5rumaal Vastseliinas said paljud linnud endale ka r\u00f5ngad jala \u00fcmber, et ornitoloogid saaksid rohkem infot nende liikumise kohta.\u00a0Et looduse vaatlemisest saaksid osa ka need, kes ise loodusesse ei j\u00f5udnud, siis tehti vaatlusaladelt ka otsel\u00fclitusi, mida sai internetis j\u00e4lgida. Videosilla vahendusel said inimesed rohkem teada V\u00f5rumaa P\u00e4hni ja Vastseliina ning Tallinna Lasnam\u00e4e panga vaatlusaladel toimuvast.\u00a0<\/span>\n<\/p>\n<p>\n\t<span style=\"font-family:Arial,Helvetica,sans-serif\">Vaatlusmaratoni korraldasid 2020. aastal Tartu \u00dclikooli loodusmuuseum ja botaanikaaed, kaaskorraldajad olid portaal Linnuvaatleja, mitmed loodusharidust edendavad asutused ja vabatahtlikud \u00fcle Eesti. Auhindadega toetasid Matsalu loodusfilmide festival, ajakiri Eesti Loodus, Eesti Loodusmuuseum, Tallinna Botaanikaaed, RMK Elistvere loomapark, Pernova Loodusmaja, Sagadi Looduskool.\u00a0<\/span>\n<\/p>\n<p>\n\t<span style=\"font-family:Arial,Helvetica,sans-serif\">Suur t\u00e4nu k\u00f5ikidele toetajatele, vaatlusalade koordinaatoritele, liigiekspertidele ja vaatlejatele!\u00a0<\/span>\n<\/p>\n<p>\n\t<span style=\"font-family:Arial,Helvetica,sans-serif\">2019. aasta maratoni\u00a0<a data-url=\"http:\/\/loodusfestival.ee\/lvm2019\" href=\"http:\/\/loodusfestival.ee\/lvm2019\" target=\"_blank\" title=\"\" rel=\"noopener\">tulemused<\/a>.\u00a0<br>2018. aasta maratoni <a data-url=\"http:\/\/loodusfestival.ee\/lvm2018\" href=\"http:\/\/loodusfestival.ee\/lvm2018\" target=\"_blank\" title=\"\" rel=\"noopener\">tulemused<\/a>.\u00a0<\/span>\n<\/p>\n<p>\n\t<span style=\"font-family:Arial,Helvetica,sans-serif\"><strong><a data-url=\"\/loodusfestival\/www.facebook.com\/LoodusvaatlusteMaraton\" href=\"\/loodusfestival\/www.facebook.com\/LoodusvaatlusteMaraton\" target=\"_blank\" title=\"\" rel=\"noopener\">www.facebook.com\/LoodusvaatlusteMaraton<\/a><br><a data-url=\"\/loodusfestival\/www.instagram.com\/loodusvaatluste.maraton\" href=\"\/loodusfestival\/www.instagram.com\/loodusvaatluste.maraton\" target=\"_blank\" title=\"\" rel=\"noopener\">www.instagram.com\/loodusvaatluste.maraton<\/a><\/strong><br>#LoodusvaaltusteMaraton<br>\u00a0<br>Lisainfo:<br>Veljo Runnel<br>520 6108<br>veljo.runnel@ut.ee<\/span>\n<\/p>\n<p>\n\t\u00a0<\/p>\n","protected":false},"excerpt":{"rendered":"<p>6.\u20137. juunil 2020 toimus kolmas \u00fcle-eestiline loodusvaatluste maraton. 24 tunni jooksul tegid loodushuvilised \u00fcle 4600 loodusvaatluse, mis on n\u00e4htavad Elurikkuse andmeportaalis.\u00a0J\u00e4rgmine Loodusvaatluste maraton toimub juunis 2021! Enim liike, 396\u00a0taksonit, kogusid Villu Soon ja Jelle Devalez Raadi looduskaitsealal Tartus. See on &#8230;<\/p>\n","protected":false},"author":54,"featured_media":0,"parent":0,"menu_order":0,"comment_status":"closed","ping_status":"closed","template":"","meta":{"_acf_changed":false,"inline_featured_image":false,"footnotes":""},"class_list":["post-31","page","type-page","status-publish","hentry"],"acf":[],"_links":{"self":[{"href":"https:\/\/sisu.ut.ee\/loodusfestival\/wp-json\/wp\/v2\/pages\/31","targetHints":{"allow":["GET"]}}],"collection":[{"href":"https:\/\/sisu.ut.ee\/loodusfestival\/wp-json\/wp\/v2\/pages"}],"about":[{"href":"https:\/\/sisu.ut.ee\/loodusfestival\/wp-json\/wp\/v2\/types\/page"}],"author":[{"embeddable":true,"href":"https:\/\/sisu.ut.ee\/loodusfestival\/wp-json\/wp\/v2\/users\/54"}],"replies":[{"embeddable":true,"href":"https:\/\/sisu.ut.ee\/loodusfestival\/wp-json\/wp\/v2\/comments?post=31"}],"version-history":[{"count":1,"href":"https:\/\/sisu.ut.ee\/loodusfestival\/wp-json\/wp\/v2\/pages\/31\/revisions"}],"predecessor-version":[{"id":675,"href":"https:\/\/sisu.ut.ee\/loodusfestival\/wp-json\/wp\/v2\/pages\/31\/revisions\/675"}],"wp:attachment":[{"href":"https:\/\/sisu.ut.ee\/loodusfestival\/wp-json\/wp\/v2\/media?parent=31"}],"curies":[{"name":"wp","href":"https:\/\/api.w.org\/{rel}","templated":true}]}}