{"id":95,"date":"2025-05-09T15:44:24","date_gmt":"2025-05-09T12:44:24","guid":{"rendered":"https:\/\/sisu.ut.ee\/loodajakirjandusest\/?page_id=95"},"modified":"2025-05-27T18:49:00","modified_gmt":"2025-05-27T15:49:00","slug":"projektist-veebiajakirjandus-eestis","status":"publish","type":"page","link":"https:\/\/sisu.ut.ee\/loodajakirjandusest\/","title":{"rendered":"Projektist &#8220;Veebiajakirjandus Eestis&#8221;"},"content":{"rendered":"<p>Ekspertide abiga tutvustavad Anete Sammler, Brit Laak, Signe Ivask ja Alar Suija Tartu \u00dclikooli \u00fchiskonnateaduste instituudist Eesti veebiajakirjanduse erip\u00e4rasid.<\/p>\n\n\n\n<p>Meie eksperdid on Igor R\u00f5tov, Martin \u0160mutov, Urmet Kook, Vilja Kiisler, Priit H\u00f5bem\u00e4gi ja V\u00e4ino Koorberg. Miks just nemad? <\/p>\n\n\n\n<p>P\u00f5hjus on selles, et moel v\u00f5i teisel on nad Eestis veebiajakirjanduse k\u00e4imal\u00fckkamist kogenud. M\u00f5ni neist oli suisa v\u00e4ga l\u00e4hedalt sellega oma v\u00e4ljaandes seotud.<\/p>\n\n\n\n<ol class=\"wp-block-list\">\n<li><strong>Priit H\u00f5bem\u00e4gi<\/strong> \u2013 Postimehe peatoimetaja alates 2022. Olnud kahel korral ka Eesti Ekspressi peatoimetaja, lisaks Ekspress Grupi meediadirektor, \u00d5htulehe, portaali Mega ja Eesti P\u00e4evalehe peatoimetaja ning ja ajakirjandus\u00f5ppej\u00f5ud;\u00a0<\/li>\n\n\n\n<li><strong>Vilja Kiisler<\/strong> \u2013 Delfi uudisteosakonna juhataja, ajakirjanik ja saatejuht, aasta ajakirjanik 2023. T\u00f6\u00f6tanud Delfis ka aastatel 2000\u20132012, lisaks \u00c4rip\u00e4evas, Postimehes ja S\u00f5numilehes;\u00a0\u00a0<\/li>\n\n\n\n<li><strong>Urmet Kook<\/strong> \u2013 Eesti Rahvusringh\u00e4\u00e4lingu veebiuudiste ja -portaalide juht alates 2017. Varasemalt Eesti Rahvusringh\u00e4\u00e4lingu uudistejuht, Eesti P\u00e4evalehe peatoimetaja aset\u00e4itja ja Euroopa Liidu Ringh\u00e4\u00e4lingut uudistekomitee juht;<\/li>\n\n\n\n<li><strong>V\u00e4ino Koorberg<\/strong> \u2013 Eesti Meediaettev\u00f5tete Liidu tegevjuht alates 2024, \u00d5htulehe peatoimetaja aastatel 2000\u20132016;\u00a0<\/li>\n\n\n\n<li><strong>Igor R\u00f5tov<\/strong> \u2013 \u00c4rip\u00e4ev AS peadirektor alates 2007, \u00c4rip\u00e4eva peatoimetaja ja tegevjuht aastatel 1992\u20132007;<\/li>\n\n\n\n<li><strong>Martin \u0160mutov<\/strong> \u2013 \u00d5htulehe peatoimetaja alates aastast 2016. Varasemalt t\u00f6\u00f6tanud ajalehes Postimees, olnud Elu24 portaali k\u00e4imal\u00fckkamise juures ning veebiv\u00e4ljaande \u00d5htuleht.ee juhataja.veebiv\u00e4ljaande \u00d5htuleht.ee juhataja;<\/li>\n<\/ol>\n\n\n\n<p>Projektimaterjalide keelt toimetas ja sisulisi ettepanekuid tegi Kairi Janson.<\/p>\n\n\n\n<p><em>\u201cVeebiajakirjandus Eestis\u201d kuulub \u201cTeadmistega valeinfo vastu\u201c projekti alla. \u201cTeadmistega valeinfo vastu\u201c\u00a0(projekti kood MSVUH23383 \/ SEN10023GR0012) oli 2023. aasta\u00a0Alumni Engagement Innovation Fundi\u00a0projekt, mille vastutav t\u00e4itja oli Brit Laak.<\/em> <em>Projekti viis ellu Tartu \u00dclikooli sotsiaalteaduste valdkonna \u00fchiskonnateaduste instituut koost\u00f6\u00f6s Ameerika \u00dchendriikide saatkonnaga Eestis. Projekt kestis 1. septembrist 2023 kuni 28. veebruarini 2025.<\/em><\/p>\n\n\n\n<p><\/p>\n","protected":false},"excerpt":{"rendered":"<p>Ekspertide abiga tutvustavad Anete Sammler, Brit Laak, Signe Ivask ja Alar Suija Tartu \u00dclikooli \u00fchiskonnateaduste instituudist Eesti veebiajakirjanduse erip\u00e4rasid. Meie eksperdid on Igor R\u00f5tov, Martin \u0160mutov, Urmet Kook, Vilja Kiisler, Priit H\u00f5bem\u00e4gi ja V\u00e4ino Koorberg. Miks just nemad? P\u00f5hjus on &#8230;<\/p>\n","protected":false},"author":189,"featured_media":0,"parent":0,"menu_order":0,"comment_status":"closed","ping_status":"closed","template":"","meta":{"_acf_changed":false,"inline_featured_image":false,"footnotes":""},"class_list":["post-95","page","type-page","status-publish","hentry"],"acf":[],"_links":{"self":[{"href":"https:\/\/sisu.ut.ee\/loodajakirjandusest\/wp-json\/wp\/v2\/pages\/95","targetHints":{"allow":["GET"]}}],"collection":[{"href":"https:\/\/sisu.ut.ee\/loodajakirjandusest\/wp-json\/wp\/v2\/pages"}],"about":[{"href":"https:\/\/sisu.ut.ee\/loodajakirjandusest\/wp-json\/wp\/v2\/types\/page"}],"author":[{"embeddable":true,"href":"https:\/\/sisu.ut.ee\/loodajakirjandusest\/wp-json\/wp\/v2\/users\/189"}],"replies":[{"embeddable":true,"href":"https:\/\/sisu.ut.ee\/loodajakirjandusest\/wp-json\/wp\/v2\/comments?post=95"}],"version-history":[{"count":7,"href":"https:\/\/sisu.ut.ee\/loodajakirjandusest\/wp-json\/wp\/v2\/pages\/95\/revisions"}],"predecessor-version":[{"id":237,"href":"https:\/\/sisu.ut.ee\/loodajakirjandusest\/wp-json\/wp\/v2\/pages\/95\/revisions\/237"}],"wp:attachment":[{"href":"https:\/\/sisu.ut.ee\/loodajakirjandusest\/wp-json\/wp\/v2\/media?parent=95"}],"curies":[{"name":"wp","href":"https:\/\/api.w.org\/{rel}","templated":true}]}}