{"id":17,"date":"2025-02-26T11:04:32","date_gmt":"2025-02-26T09:04:32","guid":{"rendered":"https:\/\/sisu.ut.ee\/loodajakirjandusest\/?page_id=17"},"modified":"2025-05-26T20:20:26","modified_gmt":"2025-05-26T17:20:26","slug":"veebiajakirjanduse-muudid","status":"publish","type":"page","link":"https:\/\/sisu.ut.ee\/loodajakirjandusest\/veebiajakirjanduse-muudid\/","title":{"rendered":"Veebiajakirjanduse m\u00fc\u00fcdid&#8230; v\u00f5i siiski t\u00f5de?"},"content":{"rendered":"<p><\/p>\n\n\n\n<p>Selles peat\u00fckis n\u00e4ed seitset m\u00fc\u00fcti, mille s\u00f5nastamisel saime abi nii ekspertidelt kui ka projekti panustanud \u00f5petajatelt. Ekspertide abiga avame m\u00fc\u00fcte ja selgitame nende tagamaid.<\/p>\n\n\n<div class=\"accordion-block mb-3\">\n\t\t<div class=\"accordion \" id=\"accordion-accordion-69d0d5d398b6d\">\n\t\t\t\t\t\t\t<div class=\"accordion-item accordion-item--white\">\n\t\t\t\t\t<h2 class=\"accordion-header\" id=\"accordion-69d0d5d398b6d-heading-1\">\n\t\t\t\t\t\t<button class=\"accordion-button collapsed\" type=\"button\" data-bs-toggle=\"collapse\" data-bs-target=\"#accordion-69d0d5d398b6d-collapse-1\" aria-expanded=\"true\" aria-controls=\"accordion-69d0d5d398b6d-collapse-1\">\n\t\t\t\t\t\t\tMeie loo eksperdid\n\t\t\t\t\t\t<\/button>\n\t\t\t\t\t<\/h2>\n\t\t\t\t\t<div id=\"accordion-69d0d5d398b6d-collapse-1\" class=\"accordion-collapse collapse \" aria-labelledby=\"accordion-69d0d5d398b6d-heading-1\">\n\t\t\t\t\t\t<div class=\"accordion-body\">\n\t\t\t\t\t\t\t<ol>\n<li style=\"font-weight: 400;\" aria-level=\"1\"><b>Priit H\u00f5bem\u00e4gi<\/b><span style=\"font-weight: 400;\"> \u2013 Postimehe peatoimetaja alates 2022. Olnud kahel korral ka Eesti Ekspressi peatoimetaja, lisaks Ekspress Grupi meediadirektor, \u00d5htulehe, portaali Mega ja Eesti P\u00e4evalehe peatoimetaja ning ja ajakirjandus\u00f5ppej\u00f5ud;\u00a0<\/span><\/li>\n<li style=\"font-weight: 400;\" aria-level=\"1\"><b>Vilja Kiisler<\/b><span style=\"font-weight: 400;\"> \u2013 Delfi uudisteosakonna juhataja, ajakirjanik ja saatejuht, aasta ajakirjanik 2023. T\u00f6\u00f6tanud Delfis ka aastatel 2000\u20132012, lisaks \u00c4rip\u00e4evas, Postimehes ja S\u00f5numilehes;\u00a0\u00a0<\/span><\/li>\n<li style=\"font-weight: 400;\" aria-level=\"1\"><b>Urmet Kook<\/b><span style=\"font-weight: 400;\"> \u2013 Eesti Rahvusringh\u00e4\u00e4lingu veebiuudiste ja -portaalide juht alates 2017. Varasemalt Eesti Rahvusringh\u00e4\u00e4lingu uudistejuht, Eesti P\u00e4evalehe peatoimetaja aset\u00e4itja ja Euroopa Liidu Ringh\u00e4\u00e4lingut uudistekomitee juht;<\/span><\/li>\n<li style=\"font-weight: 400;\" aria-level=\"1\"><b>V\u00e4ino Koorberg<\/b><span style=\"font-weight: 400;\"> \u2013 Eesti Meediaettev\u00f5tete Liidu tegevjuht alates 2024, \u00d5htulehe peatoimetaja aastatel 2000\u20132016;\u00a0<\/span><\/li>\n<li style=\"font-weight: 400;\" aria-level=\"1\"><b>Igor R\u00f5tov<\/b><span style=\"font-weight: 400;\"> \u2013 \u00c4rip\u00e4ev AS peadirektor alates 2007, \u00c4rip\u00e4eva peatoimetaja ja tegevjuht aastatel 1992\u20132007; <\/span><\/li>\n<li style=\"font-weight: 400;\" aria-level=\"1\"><b>Martin \u0160mutov<\/b> \u2013 \u00d5htulehe peatoimetaja alates aastast 2016. Varasemalt t\u00f6\u00f6tanud ajalehes Postimees, olnud Elu24 portaali k\u00e4imal\u00fckkamise juures ning veebiv\u00e4ljaande \u00d5htuleht.ee juhataja<\/li>\n<\/ol>\n\n\t\t\t\t\t\t<\/div>\n\t\t\t\t\t<\/div>\n\t\t\t\t<\/div>\n\t\t\t\t\t<\/div>\n\t<\/div>\n\n\n\n<div style=\"height:100px\" aria-hidden=\"true\" class=\"wp-block-spacer\"><\/div>\n\n\n\n<div class=\"wp-block-columns is-layout-flex wp-container-core-columns-is-layout-9d6595d7 wp-block-columns-is-layout-flex\">\n<div class=\"wp-block-column is-layout-flow wp-block-column-is-layout-flow\">\n<figure class=\"wp-block-video\"><video controls src=\"https:\/\/peegel.ut.ee\/veebiajakirjandus\/B\/1.mp4\"><\/video><\/figure>\n\n\n\n<h2 class=\"wp-block-heading\">1. \u201c<strong>Uudiseid sai tasuta lugeda, aga siis l\u00e4ksid meediamajad ahneks.<\/strong>\u201c<\/h2>\n\n\n\n<div style=\"height:100px\" aria-hidden=\"true\" class=\"wp-block-spacer\"><\/div>\n<\/div>\n\n\n\n<div class=\"wp-block-column is-layout-flow wp-block-column-is-layout-flow\">\n<figure class=\"wp-block-video\"><video controls src=\"https:\/\/peegel.ut.ee\/veebiajakirjandus\/B\/2.mp4\"><\/video><\/figure>\n\n\n\n<h2 class=\"wp-block-heading\">2. \u201c<strong>Ajakirjandus on alati negatiivne.<\/strong>\u201c<\/h2>\n<\/div>\n<\/div>\n\n\n\n<div class=\"wp-block-columns is-layout-flex wp-container-core-columns-is-layout-9d6595d7 wp-block-columns-is-layout-flex\">\n<div class=\"wp-block-column is-layout-flow wp-block-column-is-layout-flow\">\n<figure class=\"wp-block-video\"><video controls src=\"https:\/\/peegel.ut.ee\/veebiajakirjandus\/B\/3.mp4\"><\/video><\/figure>\n<\/div>\n\n\n\n<div class=\"wp-block-column is-layout-flow wp-block-column-is-layout-flow\">\n<figure class=\"wp-block-video\"><video controls src=\"https:\/\/peegel.ut.ee\/veebiajakirjandus\/B\/4.mp4\"><\/video><\/figure>\n<\/div>\n<\/div>\n\n\n\n<div class=\"wp-block-columns is-layout-flex wp-container-core-columns-is-layout-9d6595d7 wp-block-columns-is-layout-flex\">\n<div class=\"wp-block-column is-layout-flow wp-block-column-is-layout-flow\">\n<h2 class=\"wp-block-heading\">3. \u201c<strong>On ju teada, et veebiajakirjanduse pealkirjad valetavad.<\/strong>\u201c<\/h2>\n<\/div>\n\n\n\n<div class=\"wp-block-column is-layout-flow wp-block-column-is-layout-flow\">\n<h2 class=\"wp-block-heading\">4. \u201c<strong>Veebis on ainult sisut\u00fchjad lood.<\/strong>\u201c<\/h2>\n<\/div>\n<\/div>\n\n\n\n<div style=\"height:100px\" aria-hidden=\"true\" class=\"wp-block-spacer\"><\/div>\n\n\n\n<div class=\"wp-block-columns is-layout-flex wp-container-core-columns-is-layout-9d6595d7 wp-block-columns-is-layout-flex\">\n<div class=\"wp-block-column is-layout-flow wp-block-column-is-layout-flow\">\n<figure class=\"wp-block-video\"><video controls src=\"https:\/\/peegel.ut.ee\/veebiajakirjandus\/B\/5.mp4\"><\/video><\/figure>\n<\/div>\n\n\n\n<div class=\"wp-block-column is-layout-flow wp-block-column-is-layout-flow\">\n<figure class=\"wp-block-video\"><video controls src=\"https:\/\/peegel.ut.ee\/veebiajakirjandus\/B\/6.mp4\"><\/video><\/figure>\n<\/div>\n<\/div>\n\n\n\n<div class=\"wp-block-columns is-layout-flex wp-container-core-columns-is-layout-9d6595d7 wp-block-columns-is-layout-flex\">\n<div class=\"wp-block-column is-layout-flow wp-block-column-is-layout-flow\">\n<h2 class=\"wp-block-heading\">5. \u201c<strong>Suunamudijad on teinekord isegi asjalikumad ajakirjanikud kui ajakirjanikud ise.<\/strong>\u201c<\/h2>\n\n\n\n<div style=\"height:100px\" aria-hidden=\"true\" class=\"wp-block-spacer\"><\/div>\n<\/div>\n\n\n\n<div class=\"wp-block-column is-layout-flow wp-block-column-is-layout-flow\">\n<h2 class=\"wp-block-heading\">6. \u201c<strong>\u00dched ja samad inimesed kommenteerivad ajakirjanduses pidevalt erinevaid teemasid, sest ajakirjanikud on laisad ja \u00e4raostetud.<\/strong>\u201c<\/h2>\n<\/div>\n<\/div>\n\n\n\n<div class=\"wp-block-columns is-layout-flex wp-container-core-columns-is-layout-9d6595d7 wp-block-columns-is-layout-flex\">\n<div class=\"wp-block-column is-layout-flow wp-block-column-is-layout-flow\">\n<figure class=\"wp-block-video\"><video controls src=\"https:\/\/peegel.ut.ee\/veebiajakirjandus\/B\/7.mp4\"><\/video><\/figure>\n<\/div>\n\n\n\n<div class=\"wp-block-column is-layout-flow wp-block-column-is-layout-flow\"><\/div>\n<\/div>\n\n\n\n<div class=\"wp-block-columns is-layout-flex wp-container-core-columns-is-layout-9d6595d7 wp-block-columns-is-layout-flex\">\n<div class=\"wp-block-column is-layout-flow wp-block-column-is-layout-flow\">\n<h2 class=\"wp-block-heading\">7. \u201c<strong>Veebiajakirjanike jaoks pole keeleoskus oluline.<\/strong>\u201c<\/h2>\n\n\n\n<div style=\"height:100px\" aria-hidden=\"true\" class=\"wp-block-spacer\"><\/div>\n<\/div>\n\n\n\n<div class=\"wp-block-column is-layout-flow wp-block-column-is-layout-flow\"><\/div>\n<\/div>\n","protected":false},"excerpt":{"rendered":"<p>Selles peat\u00fckis n\u00e4ed seitset m\u00fc\u00fcti, mille s\u00f5nastamisel saime abi nii ekspertidelt kui ka projekti panustanud \u00f5petajatelt. Ekspertide abiga avame m\u00fc\u00fcte ja selgitame nende tagamaid. 1. \u201cUudiseid sai tasuta lugeda, aga siis l\u00e4ksid meediamajad ahneks.\u201c 2. \u201cAjakirjandus on alati negatiivne.\u201c 3. &#8230;<\/p>\n","protected":false},"author":189,"featured_media":0,"parent":0,"menu_order":0,"comment_status":"closed","ping_status":"closed","template":"","meta":{"_acf_changed":false,"inline_featured_image":false,"footnotes":""},"class_list":["post-17","page","type-page","status-publish","hentry"],"acf":[],"_links":{"self":[{"href":"https:\/\/sisu.ut.ee\/loodajakirjandusest\/wp-json\/wp\/v2\/pages\/17","targetHints":{"allow":["GET"]}}],"collection":[{"href":"https:\/\/sisu.ut.ee\/loodajakirjandusest\/wp-json\/wp\/v2\/pages"}],"about":[{"href":"https:\/\/sisu.ut.ee\/loodajakirjandusest\/wp-json\/wp\/v2\/types\/page"}],"author":[{"embeddable":true,"href":"https:\/\/sisu.ut.ee\/loodajakirjandusest\/wp-json\/wp\/v2\/users\/189"}],"replies":[{"embeddable":true,"href":"https:\/\/sisu.ut.ee\/loodajakirjandusest\/wp-json\/wp\/v2\/comments?post=17"}],"version-history":[{"count":28,"href":"https:\/\/sisu.ut.ee\/loodajakirjandusest\/wp-json\/wp\/v2\/pages\/17\/revisions"}],"predecessor-version":[{"id":216,"href":"https:\/\/sisu.ut.ee\/loodajakirjandusest\/wp-json\/wp\/v2\/pages\/17\/revisions\/216"}],"wp:attachment":[{"href":"https:\/\/sisu.ut.ee\/loodajakirjandusest\/wp-json\/wp\/v2\/media?parent=17"}],"curies":[{"name":"wp","href":"https:\/\/api.w.org\/{rel}","templated":true}]}}