{"id":11,"date":"2025-02-26T10:54:52","date_gmt":"2025-02-26T08:54:52","guid":{"rendered":"https:\/\/sisu.ut.ee\/loodajakirjandusest\/?page_id=11"},"modified":"2025-05-28T14:41:39","modified_gmt":"2025-05-28T11:41:39","slug":"veebiajakirjanduse-ajajoon","status":"publish","type":"page","link":"https:\/\/sisu.ut.ee\/loodajakirjandusest\/veebiajakirjanduse-ajajoon\/","title":{"rendered":"Meie ekspertide lood Eesti veebiajakirjanduse ajaloost"},"content":{"rendered":"<p><\/p>\n\n\n\n<p>Siin n\u00e4ed tagasivaadet veebiajakirjanduse arenguteele. Mitmeid s\u00fcndmusi ilmestavad meie ekspertide selgitused ja meenutused. N\u00e4ed all ajajoont. Vajuta noolekestele, et edasi liikuda. V\u00f5id ka s\u00fcndmuse peale vajutada.<\/p>\n\n\n\n<p><\/p>\n\n\n\n<p><\/p>\n\n\n\n<div class=\"video-placeholder-wrapper video-placeholder-wrapper--fixed\" style=\"height: 650px;\">\n\t\t\t    <div class=\"video-placeholder d-flex justify-content-center align-items-center\">\n\t\t\t        <div class=\"overlay text-white p-2 w-100 text-center d-block justify-content-center align-items-center\">\n\t\t\t            <div>Kolmandate osapoolte sisu n\u00e4gemiseks palun n\u00f5ustu k\u00fcpsistega.<\/div>\n\t\t\t            <button class=\"btn btn-secondary btn-sm mt-1 consent-change\">Muuda n\u00f5usolekut<\/button>\n\t\t\t        <\/div>\n\t\t\t    <\/div>\n\t\t\t<\/div>\n\n\n\n\n<p><\/p>\n\n\n<div class=\"accordion-block mb-3\">\n\t\t<div class=\"accordion \" id=\"accordion-accordion-69d0d90624277\">\n\t\t\t\t\t\t\t<div class=\"accordion-item accordion-item--white\">\n\t\t\t\t\t<h2 class=\"accordion-header\" id=\"accordion-69d0d90624277-heading-1\">\n\t\t\t\t\t\t<button class=\"accordion-button collapsed\" type=\"button\" data-bs-toggle=\"collapse\" data-bs-target=\"#accordion-69d0d90624277-collapse-1\" aria-expanded=\"true\" aria-controls=\"accordion-69d0d90624277-collapse-1\">\n\t\t\t\t\t\t\tAjajoone s\u00fcndmused staatiliselt esitletuna (juhul kui ajajoon ei avane)\n\t\t\t\t\t\t<\/button>\n\t\t\t\t\t<\/h2>\n\t\t\t\t\t<div id=\"accordion-69d0d90624277-collapse-1\" class=\"accordion-collapse collapse \" aria-labelledby=\"accordion-69d0d90624277-heading-1\">\n\t\t\t\t\t\t<div class=\"accordion-body\">\n\t\t\t\t\t\t\t<p><strong>1995<\/strong>\u00a0\u2013\u00a0<em>Eesti suuremad ajalehed alustavad oma veebiv\u00e4ljaannetega<\/em><br>\nPaberlehtede toimetuste juurde tekivad veebitoimetused. Paberlehtede sisu riputatakse veebi tasuta lugemiseks \u00fcles.<\/p>\n<p><strong>1999<\/strong>\u00a0\u2013\u00a0<em>Ekspress Grupp avab Mega portaali<\/em><\/p>\n<p><strong>23.11.1999<\/strong>\u00a0\u2013\u00a0<em>Delfi internetiportaali avamine<\/em><\/p>\n<p><strong>01.02.2000<\/strong>\u00a0\u2013\u00a0<em>Comment@delfi algus<\/em><br>\nKommenteerimisportaali Comment@delfi k\u00e4ivitamine<\/p>\n<p><strong>03.07.2000<\/strong>\u00a0\u2013\u00a0<em>SL \u00d5htulehe s\u00fcnd<\/em><br>\nS\u00f5numilehe ja \u00d5htulehe \u00fchinemise tulemusena s\u00fcnnib SL \u00d5htuleht<\/p>\n<p><strong>09.01.2006<\/strong>\u00a0\u2013\u00a0<em>ETV24 k\u00e4ivitamine<\/em><br>\nEesti Televisioon k\u00e4ivitab uudisteagentuuri ETV24<\/p>\n<p><strong>26.04.2007<\/strong>\u00a0\u2013\u00a0<em>Pronksi\u00f6\u00f6 ja otseblogide algus<\/em><br>\nPronksi\u00f6\u00f6 ajal kasvas inimeste vajadus v\u00e4rske info j\u00e4rele. Esimesed otseblogid SL \u00d5htulehe veebis<\/p>\n<p><strong>17.07.2007<\/strong>\u00a0\u2013\u00a0<em>Elu24.ee avamine<\/em><br>\nPostimees Online avab meelelahutusportaali Elu24.ee<\/p>\n<p><strong>29.09.2008<\/strong>\u00a0\u2013\u00a0<em>Delfi TV esimene saade. <\/em><br>\nDelfi TV esimene saade ilmus 29.09.2008, seda juhtis Vilja Kiisler.<\/p>\n<p><strong>2010<\/strong>\u00a0\u2013\u00a0<em>Paberlehtede tiraa\u017eide v\u00e4henemine<\/em><br>\nPaberlehtede tiraa\u017eid v\u00e4henevad, sest veebiv\u00e4ljaandeid saab lugeda tasuta. Google ja Facebooki sekkumisega reklaamiturule algab meediamajanduse mudeli muutumine<\/p>\n<p><strong>2016<\/strong>\u00a0\u2013\u00a0<em>Tasulise veebiajakirjanduse algus<\/em><br>\nVeebiajakirjanduse sisu hakkab muutma tasuliseks<\/p>\n<p><strong>2018<\/strong>\u00a0\u2013\u00a0<em>Tasulise sisu tarbimise kasv<\/em><br>\nLugejad hakkavad j\u00e4rjest rohkem tasulist sisu tarbima<\/p>\n<p><strong>2020<\/strong>\u00a0\u2013\u00a0<em>Koroonapandeemia m\u00f5ju paberlehtedele<\/em><br>\nKoroonapandeemiaga kaasneb paberlehe tiraa\u017eide langemine<\/p>\n<p><strong>30.11.2022<\/strong>\u00a0\u2013\u00a0<em>ChatGPT demoversiooni avaldamine<\/em><br>\nOpenAI avaldab ChatGPT demoversiooni<\/p>\n<p><strong>01.06.2020<\/strong>\u00a0\u2013\u00a0<em>100 000 tasulist digitellimust<\/em><br>\nTasuliste digitellimuste arv \u00fcletab esmakordselt 100 000 tellimuse piiri<\/p>\n<p><strong>01.08.2022<\/strong>\u00a0\u2013\u00a0<em>Esmasp\u00e4evased paberlehed hakkavad kaduma<\/em><br>\n\u00d5htulehe, Postimehe ning L\u00f5una-Eesti Postimehe paberlehe m\u00fc\u00fck lehem\u00fc\u00fcgipunktides l\u00f5peb<\/p>\n<p><strong data-start=\"810\" data-end=\"824\">22.12.2022<\/strong> <em>ilmub viimane \u00c4rip\u00e4ev paberlehe kujul.<\/em><br>\nLeht j\u00e4tkab ilmumist veebis<\/p>\n<p><strong>16.01.2023<\/strong>\u00a0\u2013\u00a0<em>Viimane esmasp\u00e4evane paberleht<\/em><br>\nEesti P\u00e4evaleht l\u00f5petab esmasp\u00e4evase ajalehe tr\u00fckkimise. Eestis ei ilmu enam \u00fchtegi eestikeelset esmasp\u00e4evast paberlehte<\/p>\n<p><strong>27.03.2024<\/strong>\u00a0\u2013\u00a0<em>Viimane Eesti P\u00e4evaleht paberlehe kujul<\/em><br>\nIlmub viimane Eesti P\u00e4evaleht paberlehe kujul, leht j\u00e4tkab ilmumist veebis<\/p>\n<p><strong>01.12.2024<\/strong> \u2013 \u00fcle <em>160 000 digitellimuse<\/em><br>\nEesti Meediaettev\u00f5tete Liidu mittet\u00e4ielikel andmetel on Eestis \u00fcle 160 000 tasulise digitellimuse<\/p>\n\n\t\t\t\t\t\t<\/div>\n\t\t\t\t\t<\/div>\n\t\t\t\t<\/div>\n\t\t\t\t\t<\/div>\n\t<\/div>\n\n\n\n<p><\/p>\n","protected":false},"excerpt":{"rendered":"<p>Siin n\u00e4ed tagasivaadet veebiajakirjanduse arenguteele. Mitmeid s\u00fcndmusi ilmestavad meie ekspertide selgitused ja meenutused. N\u00e4ed all ajajoont. Vajuta noolekestele, et edasi liikuda. V\u00f5id ka s\u00fcndmuse peale vajutada. Kolmandate osapoolte sisu n\u00e4gemiseks palun n\u00f5ustu k\u00fcpsistega. Muuda n\u00f5usolekut<\/p>\n","protected":false},"author":189,"featured_media":0,"parent":0,"menu_order":0,"comment_status":"closed","ping_status":"closed","template":"","meta":{"_acf_changed":false,"inline_featured_image":false,"footnotes":""},"class_list":["post-11","page","type-page","status-publish","hentry"],"acf":[],"_links":{"self":[{"href":"https:\/\/sisu.ut.ee\/loodajakirjandusest\/wp-json\/wp\/v2\/pages\/11","targetHints":{"allow":["GET"]}}],"collection":[{"href":"https:\/\/sisu.ut.ee\/loodajakirjandusest\/wp-json\/wp\/v2\/pages"}],"about":[{"href":"https:\/\/sisu.ut.ee\/loodajakirjandusest\/wp-json\/wp\/v2\/types\/page"}],"author":[{"embeddable":true,"href":"https:\/\/sisu.ut.ee\/loodajakirjandusest\/wp-json\/wp\/v2\/users\/189"}],"replies":[{"embeddable":true,"href":"https:\/\/sisu.ut.ee\/loodajakirjandusest\/wp-json\/wp\/v2\/comments?post=11"}],"version-history":[{"count":22,"href":"https:\/\/sisu.ut.ee\/loodajakirjandusest\/wp-json\/wp\/v2\/pages\/11\/revisions"}],"predecessor-version":[{"id":256,"href":"https:\/\/sisu.ut.ee\/loodajakirjandusest\/wp-json\/wp\/v2\/pages\/11\/revisions\/256"}],"wp:attachment":[{"href":"https:\/\/sisu.ut.ee\/loodajakirjandusest\/wp-json\/wp\/v2\/media?parent=11"}],"curies":[{"name":"wp","href":"https:\/\/api.w.org\/{rel}","templated":true}]}}