{"id":107,"date":"2025-05-09T15:56:43","date_gmt":"2025-05-09T12:56:43","guid":{"rendered":"https:\/\/sisu.ut.ee\/loodajakirjandusest\/?page_id=107"},"modified":"2025-05-09T15:56:43","modified_gmt":"2025-05-09T12:56:43","slug":"meie-varasemad-projektid","status":"publish","type":"page","link":"https:\/\/sisu.ut.ee\/loodajakirjandusest\/meie-varasemad-projektid\/","title":{"rendered":"Meie varasemad projektid"},"content":{"rendered":"<p>Oleme avaldanud kaks projekti: \u00fcks, mis k\u00f5neleb ajakirjandusest ajakirjandusest murrangulisel 1989. aastal; teine, mis r\u00e4\u00e4gib Eesti meediap\u00e4devuse probleemidest.<\/p>\n","protected":false},"excerpt":{"rendered":"<p>Oleme avaldanud kaks projekti: \u00fcks, mis k\u00f5neleb ajakirjandusest ajakirjandusest murrangulisel 1989. aastal; teine, mis r\u00e4\u00e4gib Eesti meediap\u00e4devuse probleemidest.<\/p>\n","protected":false},"author":189,"featured_media":0,"parent":0,"menu_order":0,"comment_status":"closed","ping_status":"closed","template":"","meta":{"_acf_changed":false,"inline_featured_image":false,"footnotes":""},"class_list":["post-107","page","type-page","status-publish","hentry"],"acf":[],"_links":{"self":[{"href":"https:\/\/sisu.ut.ee\/loodajakirjandusest\/wp-json\/wp\/v2\/pages\/107","targetHints":{"allow":["GET"]}}],"collection":[{"href":"https:\/\/sisu.ut.ee\/loodajakirjandusest\/wp-json\/wp\/v2\/pages"}],"about":[{"href":"https:\/\/sisu.ut.ee\/loodajakirjandusest\/wp-json\/wp\/v2\/types\/page"}],"author":[{"embeddable":true,"href":"https:\/\/sisu.ut.ee\/loodajakirjandusest\/wp-json\/wp\/v2\/users\/189"}],"replies":[{"embeddable":true,"href":"https:\/\/sisu.ut.ee\/loodajakirjandusest\/wp-json\/wp\/v2\/comments?post=107"}],"version-history":[{"count":1,"href":"https:\/\/sisu.ut.ee\/loodajakirjandusest\/wp-json\/wp\/v2\/pages\/107\/revisions"}],"predecessor-version":[{"id":109,"href":"https:\/\/sisu.ut.ee\/loodajakirjandusest\/wp-json\/wp\/v2\/pages\/107\/revisions\/109"}],"wp:attachment":[{"href":"https:\/\/sisu.ut.ee\/loodajakirjandusest\/wp-json\/wp\/v2\/media?parent=107"}],"curies":[{"name":"wp","href":"https:\/\/api.w.org\/{rel}","templated":true}]}}