{"id":9,"date":"2024-04-04T04:39:00","date_gmt":"2024-04-04T01:39:00","guid":{"rendered":"https:\/\/sisu.ut.ee\/lingvistikaolympiaad\/20092010-loppvoor\/"},"modified":"2024-04-04T04:39:19","modified_gmt":"2024-04-04T01:39:19","slug":"20092010-loppvoor","status":"publish","type":"page","link":"https:\/\/sisu.ut.ee\/lingvistikaolympiaad\/20092010-loppvoor\/","title":{"rendered":"2009\/2010 l\u00f5ppvoor"},"content":{"rendered":"<table class=\"table table-hover\" border=\"1\" style=\"border-color: #5a92e1;border-width: 1px;border-style: solid\">\n<tbody>\n<tr>\n<td>\n\t\t\t\t<span style=\"color:#ffffff\"><strong>Keel<\/strong><\/span>\n\t\t\t<\/td>\n<td>\n\t\t\t\t<span style=\"color:#ffffff\"><strong>Valdkond<\/strong><\/span>\n\t\t\t<\/td>\n<td>\n\t\t\t\t<span style=\"color:#ffffff\"><strong>Autor<\/strong><\/span>\n\t\t\t<\/td>\n<td>\n\t\t\t\t<span style=\"color:#ffffff\"><strong>Avaldatud<\/strong><\/span>\n\t\t\t<\/td>\n<td>\n\t\t\t\t<span style=\"color:#ffffff\"><strong>Keskmine tulemus<\/strong><\/span>\n\t\t\t<\/td>\n<\/tr>\n<tr style=\"background-color: #d2e1f5\">\n<td>\n\t\t\t\t<strong>mongoli<\/strong>\n\t\t\t<\/td>\n<td>\n\t\t\t\tmorfoloogia\n\t\t\t<\/td>\n<td>\n\t\t\t\tAxel Jagau\n\t\t\t<\/td>\n<td>\n\t\t\t\t(<a data-url=\"https:\/\/sisu.ut.ee\/lingvistikaolympiaad\/kogumik-2017\" href=\"https:\/\/sisu.ut.ee\/lingvistikaolympiaad\/kogumik-2017\" title=\"\">Kogumik 2017<\/a>, nr 16)\n\t\t\t<\/td>\n<td>\n\t\t\t\t47%\n\t\t\t<\/td>\n<\/tr>\n<tr>\n<td>\n\t\t\t\t<strong>maoori<\/strong>\n\t\t\t<\/td>\n<td>\n\t\t\t\tfonoloogia\n\t\t\t<\/td>\n<td>\n\t\t\t\tK\u00fclli Prillop\n\t\t\t<\/td>\n<td>\n\t\t\t\t(<a data-url=\"https:\/\/sisu.ut.ee\/lingvistikaolympiaad\/kogumik-2017\" href=\"https:\/\/sisu.ut.ee\/lingvistikaolympiaad\/kogumik-2017\" title=\"\">Kogumik 2017<\/a>, nr 29)\n\t\t\t<\/td>\n<td>\n\t\t\t\t58%\n\t\t\t<\/td>\n<\/tr>\n<tr style=\"background-color: #d2e1f5\">\n<td>\n\t\t\t\t<strong>k\u00f5mri<\/strong>\n\t\t\t<\/td>\n<td>\n\t\t\t\tarvud\n\t\t\t<\/td>\n<td>\n\t\t\t\tAxel Jagau\n\t\t\t<\/td>\n<td>\n\t\t\t\t(<a data-url=\"https:\/\/sisu.ut.ee\/lingvistikaolympiaad\/kogumik-2017\" href=\"https:\/\/sisu.ut.ee\/lingvistikaolympiaad\/kogumik-2017\" title=\"\">Kogumik 2017<\/a>, nr 55)\n\t\t\t<\/td>\n<td>\n\t\t\t\t22%\n\t\t\t<\/td>\n<\/tr>\n<tr>\n<td>\n\t\t\t\t<strong>guaranii<\/strong>\n\t\t\t<\/td>\n<td>\n\t\t\t\tmorfoloogia\n\t\t\t<\/td>\n<td>\n\t\t\t\t(t\u00f5lge)\n\t\t\t<\/td>\n<td>\n\t\t\t\t\u00a0\n\t\t\t<\/td>\n<td>\n\t\t\t\t59%\n\t\t\t<\/td>\n<\/tr>\n<tr style=\"background-color: #d2e1f5\">\n<td>\n\t\t\t\t<strong>siksika<\/strong>\n\t\t\t<\/td>\n<td>\n\t\t\t\tkiri\n\t\t\t<\/td>\n<td>\n\t\t\t\tTeele Vaalma\n\t\t\t<\/td>\n<td>\n\t\t\t\t<span>(<\/span><a data-url=\"https:\/\/sisu.ut.ee\/lingvistikaolympiaad\/kogumik-2017\" href=\"https:\/\/sisu.ut.ee\/lingvistikaolympiaad\/kogumik-2017\" title=\"\">Kogumik 2017<\/a><span>, nr 43)\u00a0<\/span>\n\t\t\t<\/td>\n<td>\n\t\t\t\t60%\n\t\t\t<\/td>\n<\/tr>\n<\/tbody>\n<\/table>\n<p>\n\tParim tulemus 82%.<\/p>\n","protected":false},"excerpt":{"rendered":"<p>Keel Valdkond Autor Avaldatud Keskmine tulemus mongoli morfoloogia Axel Jagau (Kogumik 2017, nr 16) 47% maoori fonoloogia K\u00fclli Prillop (Kogumik 2017, nr 29) 58% k\u00f5mri arvud Axel Jagau (Kogumik 2017, nr 55) 22% guaranii morfoloogia (t\u00f5lge) \u00a0 59% siksika kiri &#8230;<\/p>\n","protected":false},"author":167,"featured_media":0,"parent":0,"menu_order":0,"comment_status":"closed","ping_status":"closed","template":"","meta":{"_acf_changed":false,"inline_featured_image":false,"footnotes":""},"class_list":["post-9","page","type-page","status-publish","hentry"],"acf":[],"_links":{"self":[{"href":"https:\/\/sisu.ut.ee\/lingvistikaolympiaad\/wp-json\/wp\/v2\/pages\/9","targetHints":{"allow":["GET"]}}],"collection":[{"href":"https:\/\/sisu.ut.ee\/lingvistikaolympiaad\/wp-json\/wp\/v2\/pages"}],"about":[{"href":"https:\/\/sisu.ut.ee\/lingvistikaolympiaad\/wp-json\/wp\/v2\/types\/page"}],"author":[{"embeddable":true,"href":"https:\/\/sisu.ut.ee\/lingvistikaolympiaad\/wp-json\/wp\/v2\/users\/167"}],"replies":[{"embeddable":true,"href":"https:\/\/sisu.ut.ee\/lingvistikaolympiaad\/wp-json\/wp\/v2\/comments?post=9"}],"version-history":[{"count":1,"href":"https:\/\/sisu.ut.ee\/lingvistikaolympiaad\/wp-json\/wp\/v2\/pages\/9\/revisions"}],"predecessor-version":[{"id":198,"href":"https:\/\/sisu.ut.ee\/lingvistikaolympiaad\/wp-json\/wp\/v2\/pages\/9\/revisions\/198"}],"wp:attachment":[{"href":"https:\/\/sisu.ut.ee\/lingvistikaolympiaad\/wp-json\/wp\/v2\/media?parent=9"}],"curies":[{"name":"wp","href":"https:\/\/api.w.org\/{rel}","templated":true}]}}