{"id":8,"date":"2024-04-04T04:39:00","date_gmt":"2024-04-04T01:39:00","guid":{"rendered":"https:\/\/sisu.ut.ee\/lingvistikaolympiaad\/20092010-eelvoor\/"},"modified":"2024-04-04T04:39:19","modified_gmt":"2024-04-04T01:39:19","slug":"20092010-eelvoor","status":"publish","type":"page","link":"https:\/\/sisu.ut.ee\/lingvistikaolympiaad\/20092010-eelvoor\/","title":{"rendered":"2009\/2010 eelvoor"},"content":{"rendered":"<table class=\"table table-hover\" style=\"border-color: #5a92e1;border-width: 1px;border-style: solid\" border=\"1\">\n<tbody>\n<tr>\n<td>\n\t\t\t\t<span style=\"color:#ffffff\"><strong>Keel<\/strong><\/span>\n\t\t\t<\/td>\n<td>\n\t\t\t\t<span style=\"color:#ffffff\"><strong>Valdkond<\/strong><\/span>\n\t\t\t<\/td>\n<td>\n\t\t\t\t<span style=\"color:#ffffff\"><strong>Autor<\/strong><\/span>\n\t\t\t<\/td>\n<td>\n\t\t\t\t<span style=\"color:#ffffff\"><strong>Avaldatud<\/strong><\/span>\n\t\t\t<\/td>\n<td>\n\t\t\t\t<span style=\"color:#ffffff\"><strong>Keskmine tulemus<\/strong><\/span>\n\t\t\t<\/td>\n<\/tr>\n<tr style=\"background-color: #d2e1f5\">\n<td>\n\t\t\t\t<strong>gr\u00f6\u00f6ni<\/strong>\n\t\t\t<\/td>\n<td>\n\t\t\t\t<span>morfoloogia<\/span>\n\t\t\t<\/td>\n<td>\n\t\t\t\tAxel Jagau\n\t\t\t<\/td>\n<td>\n\t\t\t\t(<a data-url=\"https:\/\/sisu.ut.ee\/lingvistikaolympiaad\/kogumik-2017\" href=\"https:\/\/sisu.ut.ee\/lingvistikaolympiaad\/kogumik-2017\" title=\"\">Kogumik 2017<\/a>, nr 12)\n\t\t\t<\/td>\n<td>\n\t\t\t\t42%\n\t\t\t<\/td>\n<\/tr>\n<tr>\n<td>\n\t\t\t\t<strong>lojban<\/strong>\n\t\t\t<\/td>\n<td>\n\t\t\t\t<span>s\u00fcntaks<\/span>\n\t\t\t<\/td>\n<td>\n\t\t\t\t<span>Teele Vaalma<\/span>\n\t\t\t<\/td>\n<td>\n\t\t\t\t<span>(<\/span><a data-url=\"https:\/\/sisu.ut.ee\/lingvistikaolympiaad\/kogumik-2017\" href=\"https:\/\/sisu.ut.ee\/lingvistikaolympiaad\/kogumik-2017\" title=\"\">Kogumik 2017<\/a><span>, nr 60)<\/span>\n\t\t\t<\/td>\n<td>\n\t\t\t\t35%\n\t\t\t<\/td>\n<\/tr>\n<tr style=\"background-color: #d2e1f5\">\n<td>\n\t\t\t\t<strong>alamblaki<\/strong>\n\t\t\t<\/td>\n<td>\n\t\t\t\tarvud\n\t\t\t<\/td>\n<td>\n\t\t\t\tK\u00fclli Prillop\n\t\t\t<\/td>\n<td>\n\t\t\t\t(<a data-url=\"https:\/\/sisu.ut.ee\/lingvistikaolympiaad\/kogumik-2017\" href=\"https:\/\/sisu.ut.ee\/lingvistikaolympiaad\/kogumik-2017\" title=\"\">Kogumik 2017<\/a>, nr 48)\u00a0\n\t\t\t<\/td>\n<td>\n\t\t\t\t30%\n\t\t\t<\/td>\n<\/tr>\n<tr>\n<td>\n\t\t\t\t<strong>albaania<\/strong>\n\t\t\t<\/td>\n<td>\n\t\t\t\tmorfoloogia\n\t\t\t<\/td>\n<td>\n\t\t\t\t(t\u00f5lge)\n\t\t\t<\/td>\n<td>\n\t\t\t\t\u00a0\n\t\t\t<\/td>\n<td>\n\t\t\t\t<span>54%<\/span>\n\t\t\t<\/td>\n<\/tr>\n<tr style=\"background-color: #d2e1f5\">\n<td>\n\t\t\t\t<strong>egiptuse<\/strong>\n\t\t\t<\/td>\n<td>\n\t\t\t\tkiri\n\t\t\t<\/td>\n<td>\n\t\t\t\tRosina Savisaar\n\t\t\t<\/td>\n<td>\n\t\t\t\t(<a data-url=\"https:\/\/sisu.ut.ee\/lingvistikaolympiaad\/kogumik-2017\" href=\"https:\/\/sisu.ut.ee\/lingvistikaolympiaad\/kogumik-2017\" title=\"\">Kogumik 2017<\/a>, nr 46)\n\t\t\t<\/td>\n<td>\n\t\t\t\t30%\n\t\t\t<\/td>\n<\/tr>\n<\/tbody>\n<\/table>\n<p>\n\tKokku 152 osalejat, parim tulemus 92%.\n<\/p>\n<p>\n\t\u00a0<\/p>\n","protected":false},"excerpt":{"rendered":"<p>Keel Valdkond Autor Avaldatud Keskmine tulemus gr\u00f6\u00f6ni morfoloogia Axel Jagau (Kogumik 2017, nr 12) 42% lojban s\u00fcntaks Teele Vaalma (Kogumik 2017, nr 60) 35% alamblaki arvud K\u00fclli Prillop (Kogumik 2017, nr 48)\u00a0 30% albaania morfoloogia (t\u00f5lge) \u00a0 54% egiptuse kiri &#8230;<\/p>\n","protected":false},"author":167,"featured_media":0,"parent":0,"menu_order":0,"comment_status":"closed","ping_status":"closed","template":"","meta":{"_acf_changed":false,"inline_featured_image":false,"footnotes":""},"class_list":["post-8","page","type-page","status-publish","hentry"],"acf":[],"_links":{"self":[{"href":"https:\/\/sisu.ut.ee\/lingvistikaolympiaad\/wp-json\/wp\/v2\/pages\/8","targetHints":{"allow":["GET"]}}],"collection":[{"href":"https:\/\/sisu.ut.ee\/lingvistikaolympiaad\/wp-json\/wp\/v2\/pages"}],"about":[{"href":"https:\/\/sisu.ut.ee\/lingvistikaolympiaad\/wp-json\/wp\/v2\/types\/page"}],"author":[{"embeddable":true,"href":"https:\/\/sisu.ut.ee\/lingvistikaolympiaad\/wp-json\/wp\/v2\/users\/167"}],"replies":[{"embeddable":true,"href":"https:\/\/sisu.ut.ee\/lingvistikaolympiaad\/wp-json\/wp\/v2\/comments?post=8"}],"version-history":[{"count":1,"href":"https:\/\/sisu.ut.ee\/lingvistikaolympiaad\/wp-json\/wp\/v2\/pages\/8\/revisions"}],"predecessor-version":[{"id":197,"href":"https:\/\/sisu.ut.ee\/lingvistikaolympiaad\/wp-json\/wp\/v2\/pages\/8\/revisions\/197"}],"wp:attachment":[{"href":"https:\/\/sisu.ut.ee\/lingvistikaolympiaad\/wp-json\/wp\/v2\/media?parent=8"}],"curies":[{"name":"wp","href":"https:\/\/api.w.org\/{rel}","templated":true}]}}