{"id":53,"date":"2024-04-04T04:39:03","date_gmt":"2024-04-04T01:39:03","guid":{"rendered":"https:\/\/sisu.ut.ee\/lingvistikaolympiaad\/20072008-eelvoor\/"},"modified":"2024-04-04T04:39:18","modified_gmt":"2024-04-04T01:39:18","slug":"20072008-eelvoor","status":"publish","type":"page","link":"https:\/\/sisu.ut.ee\/lingvistikaolympiaad\/20072008-eelvoor\/","title":{"rendered":"2007\/2008 eelvoor"},"content":{"rendered":"<table class=\"table table-hover\" style=\"border-color: #5a92e1;border-width: 1px;border-style: solid\" border=\"1\">\r\n\t<tbody>\r\n\t\t<tr>\r\n\t\t\t<td>\r\n\t\t\t\t<span style=\"color:#ffffff\"><strong>Keel<\/strong><\/span>\r\n\t\t\t<\/td>\r\n\t\t\t<td>\r\n\t\t\t\t<span style=\"color:#ffffff\"><strong>Valdkond<\/strong><\/span>\r\n\t\t\t<\/td>\r\n\t\t\t<td>\r\n\t\t\t\t<span style=\"color:#ffffff\"><strong>Autor<\/strong><\/span>\r\n\t\t\t<\/td>\r\n\t\t\t<td>\r\n\t\t\t\t<span style=\"color:#ffffff\"><strong>Avaldatud<\/strong><\/span>\r\n\t\t\t<\/td>\r\n\t\t\t<td>\r\n\t\t\t\t<span style=\"color:#ffffff\"><strong>Keskmine tulemus<\/strong><\/span>\r\n\t\t\t<\/td>\r\n\t\t<\/tr>\r\n\t\t<tr style=\"background-color: #d2e1f5\">\r\n\t\t\t<td>\r\n\t\t\t\t<strong>l\u00e4ti<\/strong>\r\n\t\t\t<\/td>\r\n\t\t\t<td>\r\n\t\t\t\tmorfoloogia, s\u00fcntaks\r\n\t\t\t<\/td>\r\n\t\t\t<td>\r\n\t\t\t\tPire Teras, Tuuli Tuisk\r\n\t\t\t<\/td>\r\n\t\t\t<td>\r\n\t\t\t\t(<a data-url=\"https:\/\/sisu.ut.ee\/lingvistikaolympiaad\/kogumik-2017\" href=\"https:\/\/sisu.ut.ee\/lingvistikaolympiaad\/kogumik-2017\" title=\"\">Kogumik 2017<\/a>, nr 1)\r\n\t\t\t<\/td>\r\n\t\t\t<td>\r\n\t\t\t\t65%\r\n\t\t\t<\/td>\r\n\t\t<\/tr>\r\n\t\t<tr>\r\n\t\t\t<td>\r\n\t\t\t\t<strong>kreeka<\/strong>\r\n\t\t\t<\/td>\r\n\t\t\t<td>\r\n\t\t\t\tmorfoloogia, s\u00fcntaks\r\n\t\t\t<\/td>\r\n\t\t\t<td>\r\n\t\t\t\tRenate Pajusalu, Axel Jagau\r\n\t\t\t<\/td>\r\n\t\t\t<td>\r\n\t\t\t\t(<a data-url=\"https:\/\/sisu.ut.ee\/lingvistikaolympiaad\/kogumik-2017\" href=\"https:\/\/sisu.ut.ee\/lingvistikaolympiaad\/kogumik-2017\" title=\"\">Kogumik 2017<\/a>, nr 18)\r\n\t\t\t<\/td>\r\n\t\t\t<td>\r\n\t\t\t\t35%\r\n\t\t\t<\/td>\r\n\t\t<\/tr>\r\n\t\t<tr style=\"background-color: #d2e1f5\">\r\n\t\t\t<td>\r\n\t\t\t\t<strong>akadi<\/strong>\r\n\t\t\t<\/td>\r\n\t\t\t<td>\r\n\t\t\t\tarvud\r\n\t\t\t<\/td>\r\n\t\t\t<td>\r\n\t\t\t\tAnni R\u00e4\u00e4ts\r\n\t\t\t<\/td>\r\n\t\t\t<td>\r\n\t\t\t\t(<a data-url=\"https:\/\/sisu.ut.ee\/lingvistikaolympiaad\/kogumik-2017\" href=\"https:\/\/sisu.ut.ee\/lingvistikaolympiaad\/kogumik-2017\" title=\"\">Kogumik 2017<\/a>, nr 41)\r\n\t\t\t<\/td>\r\n\t\t\t<td>\r\n\t\t\t\t51%\r\n\t\t\t<\/td>\r\n\t\t<\/tr>\r\n\t\t<tr>\r\n\t\t\t<td>\r\n\t\t\t\t<strong>manami<\/strong>\r\n\t\t\t<\/td>\r\n\t\t\t<td>\r\n\t\t\t\tmorfoloogia, s\u00fcntaks\r\n\t\t\t<\/td>\r\n\t\t\t<td>\r\n\t\t\t\tAxel Jagau, Reeli Torn-Leesik\r\n\t\t\t<\/td>\r\n\t\t\t<td>\r\n\t\t\t\t(<a data-url=\"https:\/\/sisu.ut.ee\/lingvistikaolympiaad\/kogumik-2017\" href=\"https:\/\/sisu.ut.ee\/lingvistikaolympiaad\/kogumik-2017\" title=\"\">Kogumik 2017<\/a>, nr 14)\r\n\t\t\t<\/td>\r\n\t\t\t<td>\r\n\t\t\t\t42%\r\n\t\t\t<\/td>\r\n\t\t<\/tr>\r\n\t\t<tr style=\"background-color: #d2e1f5\">\r\n\t\t\t<td>\r\n\t\t\t\t<strong>heebrea<\/strong>\r\n\t\t\t<\/td>\r\n\t\t\t<td>\r\n\t\t\t\tkiri\r\n\t\t\t<\/td>\r\n\t\t\t<td>\r\n\t\t\t\tK\u00fclli Prillop\r\n\t\t\t<\/td>\r\n\t\t\t<td>\r\n\t\t\t\t(<a data-url=\"https:\/\/sisu.ut.ee\/lingvistikaolympiaad\/kogumik-2017\" href=\"https:\/\/sisu.ut.ee\/lingvistikaolympiaad\/kogumik-2017\" title=\"\">Kogumik 2017<\/a>, nr 44)\r\n\t\t\t<\/td>\r\n\t\t\t<td>\r\n\t\t\t\t34%\r\n\t\t\t<\/td>\r\n\t\t<\/tr>\r\n\t<\/tbody>\r\n<\/table>\r\n\r\n<p>\r\n\tKokku 181 osalejat, parim tulemus 81%.\r\n<\/p>\r\n<br><div class=\"wp-block-group attached-files-group is-layout-constrained wp-block-group-is-layout-constrained\"><div class=\"wp-block-file\"><a href=\"https:\/\/sisu.ut.ee\/wp-content\/uploads\/sites\/311\/ling_2008_ev_ul.pdf\" target=\"_blank\" rel=\"noreferrer noopener\">2007\/2008 eelvooru \u00fclesanded ja lahendused<\/a><\/div><\/div>","protected":false},"excerpt":{"rendered":"<p>Keel Valdkond Autor Avaldatud Keskmine tulemus l\u00e4ti morfoloogia, s\u00fcntaks Pire Teras, Tuuli Tuisk (Kogumik 2017, nr 1) 65% kreeka morfoloogia, s\u00fcntaks Renate Pajusalu, Axel Jagau (Kogumik 2017, nr 18) 35% akadi arvud Anni R\u00e4\u00e4ts (Kogumik 2017, nr 41) 51% manami &#8230;<\/p>\n","protected":false},"author":167,"featured_media":0,"parent":0,"menu_order":0,"comment_status":"closed","ping_status":"closed","template":"","meta":{"_acf_changed":false,"inline_featured_image":false,"footnotes":""},"class_list":["post-53","page","type-page","status-publish","hentry"],"acf":[],"_links":{"self":[{"href":"https:\/\/sisu.ut.ee\/lingvistikaolympiaad\/wp-json\/wp\/v2\/pages\/53","targetHints":{"allow":["GET"]}}],"collection":[{"href":"https:\/\/sisu.ut.ee\/lingvistikaolympiaad\/wp-json\/wp\/v2\/pages"}],"about":[{"href":"https:\/\/sisu.ut.ee\/lingvistikaolympiaad\/wp-json\/wp\/v2\/types\/page"}],"author":[{"embeddable":true,"href":"https:\/\/sisu.ut.ee\/lingvistikaolympiaad\/wp-json\/wp\/v2\/users\/167"}],"replies":[{"embeddable":true,"href":"https:\/\/sisu.ut.ee\/lingvistikaolympiaad\/wp-json\/wp\/v2\/comments?post=53"}],"version-history":[{"count":2,"href":"https:\/\/sisu.ut.ee\/lingvistikaolympiaad\/wp-json\/wp\/v2\/pages\/53\/revisions"}],"predecessor-version":[{"id":218,"href":"https:\/\/sisu.ut.ee\/lingvistikaolympiaad\/wp-json\/wp\/v2\/pages\/53\/revisions\/218"}],"wp:attachment":[{"href":"https:\/\/sisu.ut.ee\/lingvistikaolympiaad\/wp-json\/wp\/v2\/media?parent=53"}],"curies":[{"name":"wp","href":"https:\/\/api.w.org\/{rel}","templated":true}]}}