{"id":49,"date":"2024-04-04T04:39:03","date_gmt":"2024-04-04T01:39:03","guid":{"rendered":"https:\/\/sisu.ut.ee\/lingvistikaolympiaad\/20162017-loppvoor\/"},"modified":"2024-04-04T04:39:18","modified_gmt":"2024-04-04T01:39:18","slug":"20162017-loppvoor","status":"publish","type":"page","link":"https:\/\/sisu.ut.ee\/lingvistikaolympiaad\/20162017-loppvoor\/","title":{"rendered":"2016\/2017 l\u00f5ppvoor"},"content":{"rendered":"<table class=\"table table-hover\" style=\"border-color: #5a92e1;border-width: 1px;border-style: solid\" border=\"1\">\r\n\t<tbody>\r\n\t\t<tr>\r\n\t\t\t<td>\r\n\t\t\t\t<span style=\"color:#ffffff\"><strong>Keel<\/strong><\/span>\r\n\t\t\t<\/td>\r\n\t\t\t<td>\r\n\t\t\t\t<span style=\"color:#ffffff\"><strong>Valdkond<\/strong><\/span>\r\n\t\t\t<\/td>\r\n\t\t\t<td>\r\n\t\t\t\t<span style=\"color:#ffffff\"><strong>Autor<\/strong><\/span>\r\n\t\t\t<\/td>\r\n\t\t\t<td>\r\n\t\t\t\t<span style=\"color:#ffffff\"><strong>Keskmine tulemus<\/strong><\/span>\r\n\t\t\t<\/td>\r\n\t\t<\/tr>\r\n\t\t<tr style=\"background-color: #e7edf7\">\r\n\t\t\t<td>\r\n\t\t\t\t<strong>universal character<\/strong>\r\n\t\t\t<\/td>\r\n\t\t\t<td>\r\n\t\t\t\tkiri\r\n\t\t\t<\/td>\r\n\t\t\t<td>\r\n\t\t\t\tUlla Meeri Petti\r\n\t\t\t<\/td>\r\n\t\t\t<td>\r\n\t\t\t\t72%\r\n\t\t\t<\/td>\r\n\t\t<\/tr>\r\n\t\t<tr>\r\n\t\t\t<td>\r\n\t\t\t\t<strong>tiibeti<\/strong>\r\n\t\t\t<\/td>\r\n\t\t\t<td>\r\n\t\t\t\tkiri, fonoloogia\r\n\t\t\t<\/td>\r\n\t\t\t<td>\r\n\t\t\t\tAxel Jagau\r\n\t\t\t<\/td>\r\n\t\t\t<td>\r\n\t\t\t\t68%\r\n\t\t\t<\/td>\r\n\t\t<\/tr>\r\n\t\t<tr style=\"background-color: #e7edf7\">\r\n\t\t\t<td>\r\n\t\t\t\t<strong>eve<\/strong>\r\n\t\t\t<\/td>\r\n\t\t\t<td>\r\n\t\t\t\tmorfoloogia, s\u00fcntaks\r\n\t\t\t<\/td>\r\n\t\t\t<td>\r\n\t\t\t\tMiina Norvik\r\n\t\t\t<\/td>\r\n\t\t\t<td>\r\n\t\t\t\t21%\r\n\t\t\t<\/td>\r\n\t\t<\/tr>\r\n\t\t<tr>\r\n\t\t\t<td>\r\n\t\t\t\t<strong>kreeka<\/strong>\r\n\t\t\t<\/td>\r\n\t\t\t<td>\r\n\t\t\t\tarvud\r\n\t\t\t<\/td>\r\n\t\t\t<td>\r\n\t\t\t\tNorman Kuusik jt\r\n\t\t\t<\/td>\r\n\t\t\t<td>\r\n\t\t\t\t82%\r\n\t\t\t<\/td>\r\n\t\t<\/tr>\r\n\t\t<tr style=\"background-color: #e7edf7\">\r\n\t\t\t<td>\r\n\t\t\t\t<strong>eesti, liivi, vepsa, isuri, algl\u00e4\u00e4nemeresoome<\/strong>\r\n\t\t\t<\/td>\r\n\t\t\t<td>\r\n\t\t\t\tfonoloogia\r\n\t\t\t<\/td>\r\n\t\t\t<td>\r\n\t\t\t\t<span data-mce-mark=\"1\">K\u00fclli Prillop<\/span>\r\n\t\t\t<\/td>\r\n\t\t\t<td>\r\n\t\t\t\t43%\r\n\t\t\t<\/td>\r\n\t\t<\/tr>\r\n\t<\/tbody>\r\n<\/table>\r\n\r\n<p>\r\n\tParim tulemus 93%.\r\n<\/p>\r\n<br><div class=\"wp-block-group attached-files-group is-layout-constrained wp-block-group-is-layout-constrained\"><div class=\"wp-block-file\"><a href=\"https:\/\/sisu.ut.ee\/wp-content\/uploads\/sites\/311\/loppvoor_2017_ee_2.pdf\" target=\"_blank\" rel=\"noreferrer noopener\">2016\/2017 l\u00f5ppvooru \u00fclesanded, ilma lahendusteta<\/a><\/div><\/div>","protected":false},"excerpt":{"rendered":"<p>Keel Valdkond Autor Keskmine tulemus universal character kiri Ulla Meeri Petti 72% tiibeti kiri, fonoloogia Axel Jagau 68% eve morfoloogia, s\u00fcntaks Miina Norvik 21% kreeka arvud Norman Kuusik jt 82% eesti, liivi, vepsa, isuri, algl\u00e4\u00e4nemeresoome fonoloogia K\u00fclli Prillop 43% Parim &#8230;<\/p>\n","protected":false},"author":167,"featured_media":0,"parent":0,"menu_order":0,"comment_status":"closed","ping_status":"closed","template":"","meta":{"_acf_changed":false,"inline_featured_image":false,"footnotes":""},"class_list":["post-49","page","type-page","status-publish","hentry"],"acf":[],"_links":{"self":[{"href":"https:\/\/sisu.ut.ee\/lingvistikaolympiaad\/wp-json\/wp\/v2\/pages\/49","targetHints":{"allow":["GET"]}}],"collection":[{"href":"https:\/\/sisu.ut.ee\/lingvistikaolympiaad\/wp-json\/wp\/v2\/pages"}],"about":[{"href":"https:\/\/sisu.ut.ee\/lingvistikaolympiaad\/wp-json\/wp\/v2\/types\/page"}],"author":[{"embeddable":true,"href":"https:\/\/sisu.ut.ee\/lingvistikaolympiaad\/wp-json\/wp\/v2\/users\/167"}],"replies":[{"embeddable":true,"href":"https:\/\/sisu.ut.ee\/lingvistikaolympiaad\/wp-json\/wp\/v2\/comments?post=49"}],"version-history":[{"count":2,"href":"https:\/\/sisu.ut.ee\/lingvistikaolympiaad\/wp-json\/wp\/v2\/pages\/49\/revisions"}],"predecessor-version":[{"id":214,"href":"https:\/\/sisu.ut.ee\/lingvistikaolympiaad\/wp-json\/wp\/v2\/pages\/49\/revisions\/214"}],"wp:attachment":[{"href":"https:\/\/sisu.ut.ee\/lingvistikaolympiaad\/wp-json\/wp\/v2\/media?parent=49"}],"curies":[{"name":"wp","href":"https:\/\/api.w.org\/{rel}","templated":true}]}}