{"id":4,"date":"2024-04-04T04:39:00","date_gmt":"2024-04-04T01:39:00","guid":{"rendered":"https:\/\/sisu.ut.ee\/lingvistikaolympiaad\/kogumik-2008\/"},"modified":"2024-04-04T04:39:19","modified_gmt":"2024-04-04T01:39:19","slug":"kogumik-2008","status":"publish","type":"page","link":"https:\/\/sisu.ut.ee\/lingvistikaolympiaad\/kogumik-2008\/","title":{"rendered":"Kogumik 2008"},"content":{"rendered":"<p>\n\tKogumikus \u201cLingvistika\u00fclesandeid\u201d (2008, kirjastus Atlex) on ol\u00fcmpiaadi\u00fclesandeid ja muidki keeleteaduslikke \u00fclesandeid aastatest 2002 kuni 2007. Iga \u00fclesande lahendust on selgitatud.\n<\/p>\n<table class=\"table table-hover\" border=\"1\" style=\"border-color: #5a92e1;border-width: 1px;border-style: solid\">\n<tbody>\n<tr style=\"background-color: #d2e1f5\">\n<td>\n\t\t\t\t1\n\t\t\t<\/td>\n<td>\n\t\t\t\t<strong>vadja<\/strong>\n\t\t\t<\/td>\n<td>\n\t\t\t\tfonoloogia\n\t\t\t<\/td>\n<td>\n\t\t\t\tKrista Strandson\n\t\t\t<\/td>\n<td>\n\t\t\t\t\u00a0\n\t\t\t<\/td>\n<\/tr>\n<tr>\n<td>\n\t\t\t\t2\n\t\t\t<\/td>\n<td>\n\t\t\t\t<strong>soome<\/strong>\n\t\t\t<\/td>\n<td>\n\t\t\t\tmorfoloogia\n\t\t\t<\/td>\n<td>\n\t\t\t\tRenate Pajusalu\n\t\t\t<\/td>\n<td>\n\t\t\t\t\u00a0\n\t\t\t<\/td>\n<\/tr>\n<tr style=\"background-color: #d2e1f5\">\n<td>\n\t\t\t\t3\n\t\t\t<\/td>\n<td>\n\t\t\t\t<strong>p\u00f5hjasaami<\/strong>\n\t\t\t<\/td>\n<td>\n\t\t\t\tmorfoloogia, s\u00fcntaks\n\t\t\t<\/td>\n<td>\n\t\t\t\tEvar Saar\n\t\t\t<\/td>\n<td>\n\t\t\t\t<span>(<a href=\"https:\/\/sisu.ut.ee\/lingvistikaolympiaad\/20052006-loppvoor\">2005\/2006 l\u00f5ppvoor<\/a>)<\/span>\n\t\t\t<\/td>\n<\/tr>\n<tr>\n<td>\n\t\t\t\t4\n\t\t\t<\/td>\n<td>\n\t\t\t\t<strong>ersa<\/strong>\n\t\t\t<\/td>\n<td>\n\t\t\t\t<span>morfoloogia, s\u00fcntaks<\/span>\n\t\t\t<\/td>\n<td>\n\t\t\t\tNiina Aasm\u00e4e\n\t\t\t<\/td>\n<td>\n\t\t\t\t(<a href=\"https:\/\/sisu.ut.ee\/lingvistikaolympiaad\/20042005-eelvoor\">2004\/2005 eelvoor<\/a>)\n\t\t\t<\/td>\n<\/tr>\n<tr style=\"background-color: #d2e1f5\">\n<td>\n\t\t\t\t5\n\t\t\t<\/td>\n<td>\n\t\t\t\t<strong>mari<\/strong>\n\t\t\t<\/td>\n<td>\n\t\t\t\t<span>morfoloogia, s\u00fcntaks<\/span>\n\t\t\t<\/td>\n<td>\n\t\t\t\tHelena Metslang\n\t\t\t<\/td>\n<td>\n\t\t\t\t(<a href=\"https:\/\/sisu.ut.ee\/lingvistikaolympiaad\/20042005-eelvoor\">2004\/2005 eelvoor<\/a>)\n\t\t\t<\/td>\n<\/tr>\n<tr>\n<td>\n\t\t\t\t6\n\t\t\t<\/td>\n<td>\n\t\t\t\t<strong>komi<\/strong>\n\t\t\t<\/td>\n<td>\n\t\t\t\t<span>morfoloogia, s\u00fcntaks<\/span>\n\t\t\t<\/td>\n<td>\n\t\t\t\tNikolai Kuznetsov\n\t\t\t<\/td>\n<td>\n\t\t\t\t<span>(<\/span><a href=\"https:\/\/sisu.ut.ee\/lingvistikaolympiaad\/20062007-eelvoor\">2006\/2007 eelvoor<\/a><span>)<\/span>\n\t\t\t<\/td>\n<\/tr>\n<tr style=\"background-color: #d2e1f5\">\n<td>\n\t\t\t\t7\n\t\t\t<\/td>\n<td>\n\t\t\t\t<strong>eesti, soome<\/strong>\n\t\t\t<\/td>\n<td>\n\t\t\t\tfonoloogia\n\t\t\t<\/td>\n<td>\n\t\t\t\tKarl Pajusalu\n\t\t\t<\/td>\n<td>\n\t\t\t\t(<a href=\"https:\/\/sisu.ut.ee\/lingvistikaolympiaad\/20042005-eelvoor\">2004\/2005 eelvoor<\/a>)\n\t\t\t<\/td>\n<\/tr>\n<tr>\n<td>\n\t\t\t\t8\n\t\t\t<\/td>\n<td>\n\t\t\t\t<strong>ungari<\/strong>\n\t\t\t<\/td>\n<td>\n\t\t\t\tmorfoloogia\n\t\t\t<\/td>\n<td>\n\t\t\t\tKrista Strandson\n\t\t\t<\/td>\n<td>\n\t\t\t\t\u00a0\n\t\t\t<\/td>\n<\/tr>\n<tr style=\"background-color: #d2e1f5\">\n<td>\n\t\t\t\t9\n\t\t\t<\/td>\n<td>\n\t\t\t\t<strong>ungari<\/strong>\n\t\t\t<\/td>\n<td>\n\t\t\t\tmorfoloogia, s\u00fcntaks\n\t\t\t<\/td>\n<td>\n\t\t\t\tLiina Lindstr\u00f6m\n\t\t\t<\/td>\n<td>\n\t\t\t\t<span>\u00a0<\/span>\n\t\t\t<\/td>\n<\/tr>\n<tr>\n<td>\n\t\t\t\t10\n\t\t\t<\/td>\n<td>\n\t\t\t\t<strong>ungari<\/strong>\n\t\t\t<\/td>\n<td>\n\t\t\t\t<span>morfoloogia, s\u00fcntaks<\/span>\n\t\t\t<\/td>\n<td>\n\t\t\t\tLiina Lindstr\u00f6m\n\t\t\t<\/td>\n<td>\n\t\t\t\t<span>(<\/span><a href=\"https:\/\/sisu.ut.ee\/lingvistikaolympiaad\/20052006-eelvoor\">2005\/2006 eelvoor<\/a><span>)<\/span>\n\t\t\t<\/td>\n<\/tr>\n<tr style=\"background-color: #d2e1f5\">\n<td>\n\t\t\t\t11\n\t\t\t<\/td>\n<td>\n\t\t\t\t<strong>ungari<\/strong>\n\t\t\t<\/td>\n<td>\n\t\t\t\t<span>morfoloogia, s\u00fcntaks<\/span>\n\t\t\t<\/td>\n<td>\n\t\t\t\tSirli Parm\n\t\t\t<\/td>\n<td>\n\t\t\t\t\u00a0\n\t\t\t<\/td>\n<\/tr>\n<tr>\n<td>\n\t\t\t\t12\n\t\t\t<\/td>\n<td>\n\t\t\t\t<strong>ungari<\/strong>\n\t\t\t<\/td>\n<td>\n\t\t\t\tmorfoloogia, fonoloogia\n\t\t\t<\/td>\n<td>\n\t\t\t\tPiia Taremaa\n\t\t\t<\/td>\n<td>\n\t\t\t\t<span>(<\/span><a href=\"https:\/\/sisu.ut.ee\/lingvistikaolympiaad\/20062007-loppvoor\">2006\/2007 l\u00f5ppvoor<\/a><span>)<\/span>\n\t\t\t<\/td>\n<\/tr>\n<tr style=\"background-color: #d2e1f5\">\n<td>\n\t\t\t\t13\n\t\t\t<\/td>\n<td>\n\t\t\t\t<strong>iiri<\/strong>\n\t\t\t<\/td>\n<td>\n\t\t\t\tsemantika, morfoloogia\n\t\t\t<\/td>\n<td>\n\t\t\t\tAxel Jagau\n\t\t\t<\/td>\n<td>\n\t\t\t\t\u00a0\n\t\t\t<\/td>\n<\/tr>\n<tr>\n<td>\n\t\t\t\t14\n\t\t\t<\/td>\n<td>\n\t\t\t\t<strong>iiri<\/strong>\n\t\t\t<\/td>\n<td>\n\t\t\t\tmorfoloogia\n\t\t\t<\/td>\n<td>\n\t\t\t\tAxel Jagau\n\t\t\t<\/td>\n<td>\n\t\t\t\t\u00a0\n\t\t\t<\/td>\n<\/tr>\n<tr style=\"background-color: #d2e1f5\">\n<td>\n\t\t\t\t15\n\t\t\t<\/td>\n<td>\n\t\t\t\t<strong>k\u00f5mri<\/strong>\n\t\t\t<\/td>\n<td>\n\t\t\t\tfonoloogia\n\t\t\t<\/td>\n<td>\n\t\t\t\tAxel Jagau\n\t\t\t<\/td>\n<td>\n\t\t\t\t<span>\u00a0<\/span>\n\t\t\t<\/td>\n<\/tr>\n<tr>\n<td>\n\t\t\t\t16\n\t\t\t<\/td>\n<td>\n\t\t\t\t<strong>k\u00f5mri<\/strong>\n\t\t\t<\/td>\n<td>\n\t\t\t\tmorfoloogia\n\t\t\t<\/td>\n<td>\n\t\t\t\tAxel Jagau\n\t\t\t<\/td>\n<td>\n\t\t\t\t\u00a0\n\t\t\t<\/td>\n<\/tr>\n<tr style=\"background-color: #d2e1f5\">\n<td>\n\t\t\t\t17\n\t\t\t<\/td>\n<td>\n\t\t\t\t<strong>kreeka<\/strong>\n\t\t\t<\/td>\n<td>\n\t\t\t\t<span>morfoloogia<\/span>\n\t\t\t<\/td>\n<td>\n\t\t\t\tAxel Jagau\n\t\t\t<\/td>\n<td>\n\t\t\t\t\u00a0\n\t\t\t<\/td>\n<\/tr>\n<tr>\n<td>\n\t\t\t\t18\n\t\t\t<\/td>\n<td>\n\t\t\t\t<strong>itaalia<\/strong>\n\t\t\t<\/td>\n<td>\n\t\t\t\t<span>morfoloogia<\/span>\n\t\t\t<\/td>\n<td>\n\t\t\t\tMargit Mesipuu, Pire Teras\n\t\t\t<\/td>\n<td>\n\t\t\t\t\u00a0\n\t\t\t<\/td>\n<\/tr>\n<tr style=\"background-color: #d2e1f5\">\n<td>\n\t\t\t\t19\n\t\t\t<\/td>\n<td>\n\t\t\t\t<strong>itaalia<\/strong>\n\t\t\t<\/td>\n<td>\n\t\t\t\tmorfoloogia, s\u00fcntaks\n\t\t\t<\/td>\n<td>\n\t\t\t\tAnni Silk\n\t\t\t<\/td>\n<td>\n\t\t\t\t\u00a0\n\t\t\t<\/td>\n<\/tr>\n<tr>\n<td>\n\t\t\t\t20\n\t\t\t<\/td>\n<td>\n\t\t\t\t<strong>hispaania<\/strong>\n\t\t\t<\/td>\n<td>\n\t\t\t\ts\u00fcntaks\n\t\t\t<\/td>\n<td>\n\t\t\t\tKadri Kerner\n\t\t\t<\/td>\n<td>\n\t\t\t\t\u00a0\n\t\t\t<\/td>\n<\/tr>\n<tr style=\"background-color: #d2e1f5\">\n<td>\n\t\t\t\t21\n\t\t\t<\/td>\n<td>\n\t\t\t\t<strong>hispaania<\/strong>\n\t\t\t<\/td>\n<td>\n\t\t\t\tmorfoloogia, s\u00fcntaks\n\t\t\t<\/td>\n<td>\n\t\t\t\tMarika An\u0161tein-Pust\u00f5nski\n\t\t\t<\/td>\n<td>\n\t\t\t\t<span>\u00a0<\/span>\n\t\t\t<\/td>\n<\/tr>\n<tr>\n<td>\n\t\t\t\t22\n\t\t\t<\/td>\n<td>\n\t\t\t\t<strong>hispaania<\/strong>\n\t\t\t<\/td>\n<td>\n\t\t\t\tmorfoloogia\n\t\t\t<\/td>\n<td>\n\t\t\t\tJaava Masing\n\t\t\t<\/td>\n<td>\n\t\t\t\t\u00a0\n\t\t\t<\/td>\n<\/tr>\n<tr style=\"background-color: #d2e1f5\">\n<td>\n\t\t\t\t23\n\t\t\t<\/td>\n<td>\n\t\t\t\t<strong>itaalia, hispaania, prantsuse<\/strong>\n\t\t\t<\/td>\n<td>\n\t\t\t\t<span>fonoloogia<\/span>\n\t\t\t<\/td>\n<td>\n\t\t\t\tPire Teras\n\t\t\t<\/td>\n<td>\n\t\t\t\t\u00a0\n\t\t\t<\/td>\n<\/tr>\n<tr>\n<td>\n\t\t\t\t24\n\t\t\t<\/td>\n<td>\n\t\t\t\t<strong>itaalia, hispaania, ladina<\/strong>\n\t\t\t<\/td>\n<td>\n\t\t\t\t<span>fonoloogia<\/span>\n\t\t\t<\/td>\n<td>\n\t\t\t\tJane Klavan\n\t\t\t<\/td>\n<td>\n\t\t\t\t<span>(<\/span><a href=\"https:\/\/sisu.ut.ee\/lingvistikaolympiaad\/20052006-loppvoor\">2005\/2006 l\u00f5ppvoor<\/a><span>)<\/span>\n\t\t\t<\/td>\n<\/tr>\n<tr style=\"background-color: #d2e1f5\">\n<td>\n\t\t\t\t25\n\t\t\t<\/td>\n<td>\n\t\t\t\t<strong>inglise<\/strong>\n\t\t\t<\/td>\n<td>\n\t\t\t\tfonoloogia\n\t\t\t<\/td>\n<td>\n\t\t\t\tReeli Torn-Leesik\n\t\t\t<\/td>\n<td>\n\t\t\t\t<span>(<\/span><a href=\"https:\/\/sisu.ut.ee\/lingvistikaolympiaad\/20042005-loppvoor\">2004\/2005 l\u00f5ppvoor<\/a><span>)<\/span>\n\t\t\t<\/td>\n<\/tr>\n<tr>\n<td>\n\t\t\t\t26\n\t\t\t<\/td>\n<td>\n\t\t\t\t<strong>rootsi<\/strong>\n\t\t\t<\/td>\n<td>\n\t\t\t\tmorfoloogia\n\t\t\t<\/td>\n<td>\n\t\t\t\tArgo Mund\n\t\t\t<\/td>\n<td>\n\t\t\t\t\u00a0\n\t\t\t<\/td>\n<\/tr>\n<tr style=\"background-color: #d2e1f5\">\n<td>\n\t\t\t\t27\n\t\t\t<\/td>\n<td>\n\t\t\t\t<strong>rootsi<\/strong>\n\t\t\t<\/td>\n<td>\n\t\t\t\tmorfoloogia\n\t\t\t<\/td>\n<td>\n\t\t\t\tLiisi Bakhoff\n\t\t\t<\/td>\n<td>\n\t\t\t\t<span>\u00a0<\/span>\n\t\t\t<\/td>\n<\/tr>\n<tr>\n<td>\n\t\t\t\t28\n\t\t\t<\/td>\n<td>\n\t\t\t\t<strong>saksa<\/strong>\n\t\t\t<\/td>\n<td>\n\t\t\t\t<span>morfoloogia<\/span>\n\t\t\t<\/td>\n<td>\n\t\t\t\tKaren Kuldnokk\n\t\t\t<\/td>\n<td>\n\t\t\t\t\u00a0\n\t\t\t<\/td>\n<\/tr>\n<tr style=\"background-color: #d2e1f5\">\n<td>\n\t\t\t\t29\n\t\t\t<\/td>\n<td>\n\t\t\t\t<strong>hollandi<\/strong>\n\t\t\t<\/td>\n<td>\n\t\t\t\t<span>morfoloogia, s\u00fcntaks<\/span>\n\t\t\t<\/td>\n<td>\n\t\t\t\tHelena Metslang\n\t\t\t<\/td>\n<td>\n\t\t\t\t\u00a0\n\t\t\t<\/td>\n<\/tr>\n<tr>\n<td>\n\t\t\t\t30\n\t\t\t<\/td>\n<td>\n\t\t\t\t<strong>sorbi<\/strong>\n\t\t\t<\/td>\n<td>\n\t\t\t\t<span>morfoloogia<\/span>\n\t\t\t<\/td>\n<td>\n\t\t\t\tAxel Jagau\n\t\t\t<\/td>\n<td>\n\t\t\t\t\u00a0\n\t\t\t<\/td>\n<\/tr>\n<tr style=\"background-color: #d2e1f5\">\n<td>\n\t\t\t\t31\n\t\t\t<\/td>\n<td>\n\t\t\t\t<strong>malta<\/strong>\n\t\t\t<\/td>\n<td>\n\t\t\t\tfonoloogia, morfoloogia\n\t\t\t<\/td>\n<td>\n\t\t\t\tPire Teras\n\t\t\t<\/td>\n<td>\n\t\t\t\t<span>(<\/span><a href=\"https:\/\/sisu.ut.ee\/lingvistikaolympiaad\/20052006-eelvoor\">2005\/2006 eelvoor<\/a><span>)<\/span>\n\t\t\t<\/td>\n<\/tr>\n<tr>\n<td>\n\t\t\t\t32\n\t\t\t<\/td>\n<td>\n\t\t\t\t<strong>baski<\/strong>\n\t\t\t<\/td>\n<td>\n\t\t\t\tmorfoloogia\n\t\t\t<\/td>\n<td>\n\t\t\t\tIlona Tragel\n\t\t\t<\/td>\n<td>\n\t\t\t\t(<a href=\"https:\/\/sisu.ut.ee\/lingvistikaolympiaad\/20052006-loppvoor\">2005\/2006 l\u00f5ppvoor<\/a>)\n\t\t\t<\/td>\n<\/tr>\n<tr style=\"background-color: #d2e1f5\">\n<td>\n\t\t\t\t33\n\t\t\t<\/td>\n<td>\n\t\t\t\t<strong>khmeeri<\/strong>\n\t\t\t<\/td>\n<td>\n\t\t\t\tarvud\n\t\t\t<\/td>\n<td>\n\t\t\t\tAnni Oja\n\t\t\t<\/td>\n<td>\n\t\t\t\t<span>\u00a0<\/span>\n\t\t\t<\/td>\n<\/tr>\n<tr>\n<td>\n\t\t\t\t34\n\t\t\t<\/td>\n<td>\n\t\t\t\t<strong>belau<\/strong>\n\t\t\t<\/td>\n<td>\n\t\t\t\t<span>arvud, semantika<\/span>\n\t\t\t<\/td>\n<td>\n\t\t\t\tAnni Silk\n\t\t\t<\/td>\n<td>\n\t\t\t\t\u00a0\n\t\t\t<\/td>\n<\/tr>\n<tr style=\"background-color: #d2e1f5\">\n<td>\n\t\t\t\t35\n\t\t\t<\/td>\n<td>\n\t\t\t\t<strong>seimati<\/strong>\n\t\t\t<\/td>\n<td>\n\t\t\t\t<span>arvud<\/span>\n\t\t\t<\/td>\n<td>\n\t\t\t\tK\u00fclli Prillop\n\t\t\t<\/td>\n<td>\n\t\t\t\t<span>(<\/span><a href=\"https:\/\/sisu.ut.ee\/lingvistikaolympiaad\/20062007-loppvoor\">2006\/2007 l\u00f5ppvoor<\/a><span>)<\/span>\n\t\t\t<\/td>\n<\/tr>\n<tr>\n<td>\n\t\t\t\t36\n\t\t\t<\/td>\n<td>\n\t\t\t\t<strong>gr\u00f6\u00f6ni<\/strong>\n\t\t\t<\/td>\n<td>\n\t\t\t\t<span>morfoloogia<\/span>\n\t\t\t<\/td>\n<td>\n\t\t\t\tAnneliis Klaus\n\t\t\t<\/td>\n<td>\n\t\t\t\t\u00a0\n\t\t\t<\/td>\n<\/tr>\n<tr style=\"background-color: #d2e1f5\">\n<td>\n\t\t\t\t37\n\t\t\t<\/td>\n<td>\n\t\t\t\t<strong>p\u00e4rsia<\/strong>\n\t\t\t<\/td>\n<td>\n\t\t\t\tmorfoloogia\n\t\t\t<\/td>\n<td>\n\t\t\t\tRenate Pajusalu\n\t\t\t<\/td>\n<td>\n\t\t\t\t\u00a0\n\t\t\t<\/td>\n<\/tr>\n<tr>\n<td>\n\t\t\t\t38\n\t\t\t<\/td>\n<td>\n\t\t\t\t<strong>malai<\/strong>\n\t\t\t<\/td>\n<td>\n\t\t\t\tarvud, semantika\n\t\t\t<\/td>\n<td>\n\t\t\t\tRenate Pajusalu\n\t\t\t<\/td>\n<td>\n\t\t\t\t\u00a0\n\t\t\t<\/td>\n<\/tr>\n<tr style=\"background-color: #d2e1f5\">\n<td>\n\t\t\t\t39\n\t\t\t<\/td>\n<td>\n\t\t\t\t<strong>araabia, p\u00e4rsia, malai<\/strong>\n\t\t\t<\/td>\n<td>\n\t\t\t\tfonoloogia\n\t\t\t<\/td>\n<td>\n\t\t\t\tRenate Pajusalu\n\t\t\t<\/td>\n<td>\n\t\t\t\t<span>(<\/span><a href=\"https:\/\/sisu.ut.ee\/lingvistikaolympiaad\/20042005-loppvoor\">2004\/2005 l\u00f5ppvoor<\/a><span>)<\/span>\n\t\t\t<\/td>\n<\/tr>\n<tr>\n<td>\n\t\t\t\t40\n\t\t\t<\/td>\n<td>\n\t\t\t\t<strong>suahiili<\/strong>\n\t\t\t<\/td>\n<td>\n\t\t\t\t<span>arvud<\/span>\n\t\t\t<\/td>\n<td>\n\t\t\t\tK\u00fclli Prillop\n\t\t\t<\/td>\n<td>\n\t\t\t\t(<a href=\"https:\/\/sisu.ut.ee\/lingvistikaolympiaad\/20052006-loppvoor\">2005\/2006 l\u00f5ppvoor<\/a>)\n\t\t\t<\/td>\n<\/tr>\n<tr style=\"background-color: #d2e1f5\">\n<td>\n\t\t\t\t41\n\t\t\t<\/td>\n<td>\n\t\t\t\t<strong>joruba<\/strong>\n\t\t\t<\/td>\n<td>\n\t\t\t\t<span>arvud<\/span>\n\t\t\t<\/td>\n<td>\n\t\t\t\tAnni Silk\n\t\t\t<\/td>\n<td>\n\t\t\t\t<span>(<\/span><a href=\"https:\/\/sisu.ut.ee\/lingvistikaolympiaad\/20062007-eelvoor\">2006\/2007 eelvoor<\/a><span>)<\/span>\n\t\t\t<\/td>\n<\/tr>\n<tr>\n<td>\n\t\t\t\t42\n\t\t\t<\/td>\n<td>\n\t\t\t\t<strong>mandariini<\/strong>\n\t\t\t<\/td>\n<td>\n\t\t\t\t<span>kiri, s\u00fcntaks<\/span>\n\t\t\t<\/td>\n<td>\n\t\t\t\tHeete Sahkai, Axel Jagau\n\t\t\t<\/td>\n<td>\n\t\t\t\t<span>(<\/span><a href=\"https:\/\/sisu.ut.ee\/lingvistikaolympiaad\/20042005-loppvoor\">2004\/2005 l\u00f5ppvoor<\/a><span>)<\/span>\n\t\t\t<\/td>\n<\/tr>\n<tr style=\"background-color: #d2e1f5\">\n<td>\n\t\t\t\t43\n\t\t\t<\/td>\n<td>\n\t\t\t\t<strong>lakota<\/strong>\n\t\t\t<\/td>\n<td>\n\t\t\t\tmorfoloogia\n\t\t\t<\/td>\n<td>\n\t\t\t\tRenate Pajusalu\n\t\t\t<\/td>\n<td>\n\t\t\t\t(<a href=\"https:\/\/sisu.ut.ee\/lingvistikaolympiaad\/20042005-eelvoor\">2004\/2005 eelvoor<\/a>)\n\t\t\t<\/td>\n<\/tr>\n<tr>\n<td>\n\t\t\t\t44\n\t\t\t<\/td>\n<td>\n\t\t\t\t<strong>paka\u00e1snovose<\/strong>\n\t\t\t<\/td>\n<td>\n\t\t\t\tmorfoloogia\n\t\t\t<\/td>\n<td>\n\t\t\t\tHelen Koks\n\t\t\t<\/td>\n<td>\n\t\t\t\t\u00a0\n\t\t\t<\/td>\n<\/tr>\n<tr style=\"background-color: #d2e1f5\">\n<td>\n\t\t\t\t45\n\t\t\t<\/td>\n<td>\n\t\t\t\t<strong>tok pisin<\/strong>\n\t\t\t<\/td>\n<td>\n\t\t\t\tmorfoloogia\n\t\t\t<\/td>\n<td>\n\t\t\t\tK\u00fclli Prillop\n\t\t\t<\/td>\n<td>\n\t\t\t\t<span>\u00a0<\/span>\n\t\t\t<\/td>\n<\/tr>\n<tr>\n<td>\n\t\t\t\t46\n\t\t\t<\/td>\n<td>\n\t\t\t\t<strong>esperanto<\/strong>\n\t\t\t<\/td>\n<td>\n\t\t\t\t<span>morfoloogia<\/span>\n\t\t\t<\/td>\n<td>\n\t\t\t\tLiis Raasik\n\t\t\t<\/td>\n<td>\n\t\t\t\t\u00a0\n\t\t\t<\/td>\n<\/tr>\n<tr style=\"background-color: #d2e1f5\">\n<td>\n\t\t\t\t47\n\t\t\t<\/td>\n<td>\n\t\t\t\t<strong>esperanto<\/strong>\n\t\t\t<\/td>\n<td>\n\t\t\t\t<span>morfoloogia, s\u00fcntaks<\/span>\n\t\t\t<\/td>\n<td>\n\t\t\t\tKadri S\u00f5rmus\n\t\t\t<\/td>\n<td>\n\t\t\t\t\u00a0\n\t\t\t<\/td>\n<\/tr>\n<tr>\n<td>\n\t\t\t\t48\n\t\t\t<\/td>\n<td>\n\t\t\t\t<strong>volap\u00fck<\/strong>\n\t\t\t<\/td>\n<td>\n\t\t\t\t<span>morfoloogia<\/span>\n\t\t\t<\/td>\n<td>\n\t\t\t\tAxel Jagau\n\t\t\t<\/td>\n<td>\n\t\t\t\t<span>(<\/span><a href=\"https:\/\/sisu.ut.ee\/lingvistikaolympiaad\/20042005-loppvoor\">2004\/2005 l\u00f5ppvoor<\/a><span>)<\/span>\n\t\t\t<\/td>\n<\/tr>\n<tr style=\"background-color: #d2e1f5\">\n<td>\n\t\t\t\t49\n\t\t\t<\/td>\n<td>\n\t\t\t\t<strong>sindarin<\/strong>\n\t\t\t<\/td>\n<td>\n\t\t\t\tmorfoloogia\n\t\t\t<\/td>\n<td>\n\t\t\t\tAxel Jagau\n\t\t\t<\/td>\n<td>\n\t\t\t\t\u00a0\n\t\t\t<\/td>\n<\/tr>\n<tr>\n<td>\n\t\t\t\t50\n\t\t\t<\/td>\n<td>\n\t\t\t\t<strong>salakeel<\/strong>\n\t\t\t<\/td>\n<td>\n\t\t\t\tkodeerimine\n\t\t\t<\/td>\n<td>\n\t\t\t\tMaret Valdisoo\n\t\t\t<\/td>\n<td>\n\t\t\t\t\u00a0\n\t\t\t<\/td>\n<\/tr>\n<tr style=\"background-color: #d2e1f5\">\n<td>\n\t\t\t\t51\n\t\t\t<\/td>\n<td>\n\t\t\t\t<strong>salakeel<\/strong>\n\t\t\t<\/td>\n<td>\n\t\t\t\tkodeerimine\n\t\t\t<\/td>\n<td>\n\t\t\t\tKaarel Kaljurand\n\t\t\t<\/td>\n<td>\n\t\t\t\t<span>\u00a0<\/span>\n\t\t\t<\/td>\n<\/tr>\n<tr>\n<td>\n\t\t\t\t52\n\t\t\t<\/td>\n<td>\n\t\t\t\t<strong>sides\u00fcsteem<\/strong>\n\t\t\t<\/td>\n<td>\n\t\t\t\tkodeerimine\n\t\t\t<\/td>\n<td>\n\t\t\t\tAnni Oja\n\t\t\t<\/td>\n<td>\n\t\t\t\t\u00a0\n\t\t\t<\/td>\n<\/tr>\n<tr style=\"background-color: #d2e1f5\">\n<td>\n\t\t\t\t53\n\t\t\t<\/td>\n<td>\n\t\t\t\t<strong>eesti<\/strong>\n\t\t\t<\/td>\n<td>\n\t\t\t\t<span>s\u00fcntaks<\/span>\n\t\t\t<\/td>\n<td>\n\t\t\t\tReeli Torn-Leesik\n\t\t\t<\/td>\n<td>\n\t\t\t\t<span>(<\/span><a href=\"https:\/\/sisu.ut.ee\/lingvistikaolympiaad\/20052006-eelvoor\">2005\/2006 eelvoor<\/a><span>)<\/span>\n\t\t\t<\/td>\n<\/tr>\n<tr>\n<td>\n\t\t\t\t54\n\t\t\t<\/td>\n<td>\n\t\t\t\t<strong>eesti<\/strong>\n\t\t\t<\/td>\n<td>\n\t\t\t\t<span>semantika<\/span>\n\t\t\t<\/td>\n<td>\n\t\t\t\tJane Klavan\n\t\t\t<\/td>\n<td>\n\t\t\t\t\u00a0\n\t\t\t<\/td>\n<\/tr>\n<tr style=\"background-color: #d2e1f5\">\n<td>\n\t\t\t\t55\n\t\t\t<\/td>\n<td>\n\t\t\t\t<strong>eesti<\/strong>\n\t\t\t<\/td>\n<td>\n\t\t\t\tsemantika\n\t\t\t<\/td>\n<td>\n\t\t\t\tRenate Pajusalu\n\t\t\t<\/td>\n<td>\n\t\t\t\t\u00a0\n\t\t\t<\/td>\n<\/tr>\n<tr>\n<td>\n\t\t\t\t56\n\t\t\t<\/td>\n<td>\n\t\t\t\t<strong>eesti<\/strong>\n\t\t\t<\/td>\n<td>\n\t\t\t\tsemantika\n\t\t\t<\/td>\n<td>\n\t\t\t\tRenate Pajusalu\n\t\t\t<\/td>\n<td>\n\t\t\t\t(<a href=\"https:\/\/sisu.ut.ee\/lingvistikaolympiaad\/20042005-eelvoor\">2004\/2005 eelvoor<\/a>)\n\t\t\t<\/td>\n<\/tr>\n<tr style=\"background-color: #d2e1f5\">\n<td>\n\t\t\t\t57\n\t\t\t<\/td>\n<td>\n\t\t\t\t<strong>eesti<\/strong>\n\t\t\t<\/td>\n<td>\n\t\t\t\ts\u00fcntaks\n\t\t\t<\/td>\n<td>\n\t\t\t\tRenate Pajusalu\n\t\t\t<\/td>\n<td>\n\t\t\t\t(<a href=\"https:\/\/sisu.ut.ee\/lingvistikaolympiaad\/20042005-loppvoor\">2004\/2005 l\u00f5ppvoor<\/a>)\n\t\t\t<\/td>\n<\/tr>\n<\/tbody>\n<\/table>\n<p>\n\t\u00a0\n<\/p>\n<p>\n\t\u00a0\n<\/p>\n<p>\n\t\u00a0<\/p>\n","protected":false},"excerpt":{"rendered":"<p>Kogumikus \u201cLingvistika\u00fclesandeid\u201d (2008, kirjastus Atlex) on ol\u00fcmpiaadi\u00fclesandeid ja muidki keeleteaduslikke \u00fclesandeid aastatest 2002 kuni 2007. Iga \u00fclesande lahendust on selgitatud. 1 vadja fonoloogia Krista Strandson \u00a0 2 soome morfoloogia Renate Pajusalu \u00a0 3 p\u00f5hjasaami morfoloogia, s\u00fcntaks Evar Saar (2005\/2006 l\u00f5ppvoor) &#8230;<\/p>\n","protected":false},"author":167,"featured_media":0,"parent":0,"menu_order":0,"comment_status":"closed","ping_status":"closed","template":"","meta":{"_acf_changed":false,"inline_featured_image":false,"footnotes":""},"class_list":["post-4","page","type-page","status-publish","hentry"],"acf":[],"_links":{"self":[{"href":"https:\/\/sisu.ut.ee\/lingvistikaolympiaad\/wp-json\/wp\/v2\/pages\/4","targetHints":{"allow":["GET"]}}],"collection":[{"href":"https:\/\/sisu.ut.ee\/lingvistikaolympiaad\/wp-json\/wp\/v2\/pages"}],"about":[{"href":"https:\/\/sisu.ut.ee\/lingvistikaolympiaad\/wp-json\/wp\/v2\/types\/page"}],"author":[{"embeddable":true,"href":"https:\/\/sisu.ut.ee\/lingvistikaolympiaad\/wp-json\/wp\/v2\/users\/167"}],"replies":[{"embeddable":true,"href":"https:\/\/sisu.ut.ee\/lingvistikaolympiaad\/wp-json\/wp\/v2\/comments?post=4"}],"version-history":[{"count":1,"href":"https:\/\/sisu.ut.ee\/lingvistikaolympiaad\/wp-json\/wp\/v2\/pages\/4\/revisions"}],"predecessor-version":[{"id":193,"href":"https:\/\/sisu.ut.ee\/lingvistikaolympiaad\/wp-json\/wp\/v2\/pages\/4\/revisions\/193"}],"wp:attachment":[{"href":"https:\/\/sisu.ut.ee\/lingvistikaolympiaad\/wp-json\/wp\/v2\/media?parent=4"}],"curies":[{"name":"wp","href":"https:\/\/api.w.org\/{rel}","templated":true}]}}