{"id":34,"date":"2024-04-04T04:39:02","date_gmt":"2024-04-04T01:39:02","guid":{"rendered":"https:\/\/sisu.ut.ee\/lingvistikaolympiaad\/avaleht\/"},"modified":"2024-04-17T10:22:50","modified_gmt":"2024-04-17T07:22:50","slug":"avaleht","status":"publish","type":"page","link":"https:\/\/sisu.ut.ee\/lingvistikaolympiaad\/","title":{"rendered":"Avaleht"},"content":{"rendered":"<h2>Hea keeltehuviline!<\/h2>\n<p>Siia lehele on kogutud info <a title=\"\" href=\"https:\/\/www.teaduskool.ut.ee\/et\/olumpiaadid\/lingvistikaolumpiaad\" target=\"_blank\" rel=\"noopener\" data-url=\"https:\/\/www.teaduskool.ut.ee\/et\/olumpiaadid\/lingvistikaolumpiaad\">Eesti lingvistikaol\u00fcmpiaadide<\/a> \u00fclesannete kohta.<\/p>\n<p>Lingvistikaol\u00fcmpiaad toimub alates 2003. aastast, sellel v\u00f5ivad osaleda k\u00f5ik Eesti 9.\u201312. klasside \u00f5pilased. Tartu \u00dclikooli teaduskool korraldab eelvooru (piirkonnavooru) ja l\u00f5ppvooru. Suuremates koolides, kus on rohkem keeleteaduse huvilisi, viiakse l\u00e4bi ka koolivoor.<\/p>\n<p><strong>Lingvistika\u00fclesanded <\/strong>on justkui loogika- ja kombinatoorika\u00fclesanded. Neid on v\u00f5imalik lahendada, oskamata seda keelt, mille kohta \u00fclesanne on. Kogu lahendamiseks vajalik info sisaldub \u00fclesande tekstis. Teadmised keeltest tulevad siiski kasuks, sest nii saab ei kuhugi viivad lahendusteed h\u00f5lpsamini v\u00e4lja praakida. Igast \u00fclesandest saab ka midagi uut teada \u2013 keeled, mille kohta \u00fclesandeid koostatakse, on p\u00e4riselt olemas ja kusagil neid t\u00f5epoolest k\u00f5neldakse v\u00f5i on k\u00f5neldud.<\/p>\n<p><strong>Video<\/strong> <a title=\"\" href=\"https:\/\/youtu.be\/DhCP53egXn8\" target=\"_blank\" rel=\"noopener\" data-url=\"https:\/\/youtu.be\/DhCP53egXn8\">\u00fclesannete lahendamisest<\/a>.<\/p>\n<p>Mitmed <a title=\"\" href=\"https:\/\/sisu.ut.ee\/lingvistikaolympiaad\/%C3%BClesandeid-harjutamiseks\" data-url=\"https:\/\/sisu.ut.ee\/lingvistikaolympiaad\/%C3%BClesandeid-harjutamiseks\">\u00fclesanded<\/a> on just siit lehelt k\u00e4ttesaadavad. <strong>Head lahendamist!<\/strong><\/p>\n<hr>\n<p><strong>Keeled, mille kohta on Eesti lingvistikaol\u00fcmpiaadidel olnud \u00fclesandeid<\/strong><\/p>\n<p>Vt t\u00e4psemalt <a title=\"\" href=\"https:\/\/sisu.ut.ee\/lingvistikaolympiaad\/keelte-loend\/\" data-url=\"https:\/\/sisu.ut.ee\/lingvistikaolympiaad\/node\/20667\">keelte loendist<\/a>.<\/p>\n<p><a title=\"Kl\u00f5psa, et avada interaktiivne kaart\" href=\"http:\/\/kodu.ut.ee\/~kyllip\/elo\/index.html\" target=\"_blank\" rel=\"noopener\" data-url=\"http:\/\/kodu.ut.ee\/~kyllip\/\"><img loading=\"lazy\" decoding=\"async\" width=\"1214\" height=\"713\" class=\"alignnone wp-image-79\" title=\"Kl\u00f5psa, et avada interaktiivne kaart\" src=\"https:\/\/sisu.ut.ee\/wp-content\/uploads\/sites\/311\/kaart.png\" alt=\"Keeled, mille kohta on olnud ol\u00fcmpiaadil \u00fclesandeid\" srcset=\"https:\/\/sisu.ut.ee\/wp-content\/uploads\/sites\/311\/kaart.png 1214w, https:\/\/sisu.ut.ee\/wp-content\/uploads\/sites\/311\/kaart-300x176.png 300w, https:\/\/sisu.ut.ee\/wp-content\/uploads\/sites\/311\/kaart-1024x601.png 1024w, https:\/\/sisu.ut.ee\/wp-content\/uploads\/sites\/311\/kaart-768x451.png 768w\" sizes=\"auto, (max-width: 1214px) 100vw, 1214px\"><\/a><\/p>\n<hr>\n<p><strong>Lingvistikaol\u00fcmpiaadidest ajakirjanduses<\/strong><\/p>\n<p>Rakett 69 <a title=\"\" href=\"https:\/\/services.err.ee\/media\/embed\/1011349\" target=\"_blank\" rel=\"noopener\" data-url=\"https:\/\/services.err.ee\/media\/embed\/1011349\">Lingvistika\u00fclesanded<\/a>, 2020<\/p>\n<p style=\"margin-left: 40px;\"><a title=\"\" href=\"https:\/\/www.youtube.com\/watch?v=M_LuAqh0_YU\" target=\"_blank\" rel=\"noopener\" data-url=\"https:\/\/www.youtube.com\/watch?v=M_LuAqh0_YU\">Spektrogrammide \u00fclesande lahendus<\/a><br>\n<a title=\"\" href=\"https:\/\/www.youtube.com\/watch?v=wpOzymv9XIk\" target=\"_blank\" rel=\"noopener\" data-url=\"https:\/\/www.youtube.com\/watch?v=wpOzymv9XIk\">Tundmatu keele \u00fclesande lahendus<\/a><\/p>\n<p>Triin Visnapuu, <a title=\"\" href=\"http:\/\/vana.loodusajakiri.ee\/horisont\/artikkel202_186.html\" target=\"_blank\" rel=\"noopener\" data-url=\"http:\/\/vana.loodusajakiri.ee\/horisont\/artikkel202_186.html\">Esimene rahvusvaheline lingvistikaol\u00fcmpiaad<\/a>, Horisont 2004<\/p>\n<p>Renate Pajusalu, <a title=\"\" href=\"http:\/\/www.emakeeleselts.ee\/omakeel\/2005_2\/01.pdf\" target=\"_blank\" rel=\"noopener\" data-url=\"http:\/\/www.emakeeleselts.ee\/omakeel\/2005_2\/01.pdf\">Keeleteadus ol\u00fcmpia-alana<\/a>, Oma Keel 2005<\/p>\n<p>Renate Pajusalu, <a title=\"\" href=\"http:\/\/vana.loodusajakiri.ee\/horisont\/artikkel621_588.html\" target=\"_blank\" rel=\"noopener\" data-url=\"http:\/\/vana.loodusajakiri.ee\/horisont\/artikkel621_588.html\">Lingvistikaol\u00fcmpiaadid teel \u00fclesm\u00e4ge<\/a>, Horisont 2006<\/p>\n<p>Renate Pajusalu, Miina Norvik, <a title=\"\" href=\"http:\/\/opleht.ee\/2017\/10\/tuhanded-opilased-sadade-keelte-kallal\/\" target=\"_blank\" rel=\"noopener\" data-url=\"http:\/\/opleht.ee\/2017\/10\/tuhanded-opilased-sadade-keelte-kallal\/\">Tuhanded \u00f5pilased sadade keelte kallal<\/a>, \u00d5petajate Leht 2017<\/p>\n<p>Miina Norvik, K\u00fclli Prillop, Lingvistikaol\u00fcmpiaad kui avastusretk keelte eripalgelises maailmas, Horisont 2019<\/p>\n<p>Miina Norvik, <a title=\"\" href=\"https:\/\/vikerraadio.err.ee\/1103249\/huvitaja-saakalid-linnas-maasikahooaeg-ja-lingvistikalaager\/1069351\" target=\"_blank\" rel=\"noopener\" data-url=\"https:\/\/vikerraadio.err.ee\/1103249\/huvitaja-saakalid-linnas-maasikahooaeg-ja-lingvistikalaager\/1069351\">Lingvistikalaager<\/a>, Vikerraadio, Huvitaja 01.07.2020.<\/p>\n<p>K\u00fclli Prillop, <a title=\"\" href=\"https:\/\/www.blog.keel.ut.ee\/urituste-kajastus\/lingvistikalaager\/\" target=\"_blank\" rel=\"noopener\" data-url=\"https:\/\/www.blog.keel.ut.ee\/urituste-kajastus\/lingvistikalaager\/\">Lingvistikalaager Vasknas\u00a027.06\u201330.06.2022<\/a>.<\/p>\n","protected":false},"excerpt":{"rendered":"<p>Hea keeltehuviline! Siia lehele on kogutud info Eesti lingvistikaol\u00fcmpiaadide \u00fclesannete kohta. Lingvistikaol\u00fcmpiaad toimub alates 2003. aastast, sellel v\u00f5ivad osaleda k\u00f5ik Eesti 9.\u201312. klasside \u00f5pilased. Tartu \u00dclikooli teaduskool korraldab eelvooru (piirkonnavooru) ja l\u00f5ppvooru. Suuremates koolides, kus on rohkem keeleteaduse huvilisi, viiakse &#8230;<\/p>\n","protected":false},"author":167,"featured_media":0,"parent":0,"menu_order":0,"comment_status":"closed","ping_status":"closed","template":"","meta":{"_acf_changed":false,"inline_featured_image":false,"footnotes":""},"class_list":["post-34","page","type-page","status-publish","hentry"],"acf":[],"_links":{"self":[{"href":"https:\/\/sisu.ut.ee\/lingvistikaolympiaad\/wp-json\/wp\/v2\/pages\/34","targetHints":{"allow":["GET"]}}],"collection":[{"href":"https:\/\/sisu.ut.ee\/lingvistikaolympiaad\/wp-json\/wp\/v2\/pages"}],"about":[{"href":"https:\/\/sisu.ut.ee\/lingvistikaolympiaad\/wp-json\/wp\/v2\/types\/page"}],"author":[{"embeddable":true,"href":"https:\/\/sisu.ut.ee\/lingvistikaolympiaad\/wp-json\/wp\/v2\/users\/167"}],"replies":[{"embeddable":true,"href":"https:\/\/sisu.ut.ee\/lingvistikaolympiaad\/wp-json\/wp\/v2\/comments?post=34"}],"version-history":[{"count":3,"href":"https:\/\/sisu.ut.ee\/lingvistikaolympiaad\/wp-json\/wp\/v2\/pages\/34\/revisions"}],"predecessor-version":[{"id":246,"href":"https:\/\/sisu.ut.ee\/lingvistikaolympiaad\/wp-json\/wp\/v2\/pages\/34\/revisions\/246"}],"wp:attachment":[{"href":"https:\/\/sisu.ut.ee\/lingvistikaolympiaad\/wp-json\/wp\/v2\/media?parent=34"}],"curies":[{"name":"wp","href":"https:\/\/api.w.org\/{rel}","templated":true}]}}