{"id":33,"date":"2024-04-04T04:39:02","date_gmt":"2024-04-04T01:39:02","guid":{"rendered":"https:\/\/sisu.ut.ee\/lingvistikaolympiaad\/20212022-loppvoor\/"},"modified":"2024-04-04T04:39:18","modified_gmt":"2024-04-04T01:39:18","slug":"20212022-loppvoor","status":"publish","type":"page","link":"https:\/\/sisu.ut.ee\/lingvistikaolympiaad\/20212022-loppvoor\/","title":{"rendered":"2021\/2022 l\u00f5ppvoor"},"content":{"rendered":"<table class=\"table table-hover\" style=\"border-color: #5a92e1;border-width: 1px;border-style: solid\" border=\"1\">\r\n\t<tbody>\r\n\t\t<tr>\r\n\t\t\t<td>\r\n\t\t\t\t<span style=\"color:#ffffff\"><strong>Keel<\/strong><\/span>\r\n\t\t\t<\/td>\r\n\t\t\t<td>\r\n\t\t\t\t<span style=\"color:#ffffff\"><strong>Valdkond<\/strong><\/span>\r\n\t\t\t<\/td>\r\n\t\t\t<td>\r\n\t\t\t\t<span style=\"color:#ffffff\"><strong>Autor<\/strong><\/span>\r\n\t\t\t<\/td>\r\n\t\t\t<td>\r\n\t\t\t\t<span style=\"color:#ffffff\"><strong>Keskmine tulemus<\/strong><\/span>\r\n\t\t\t<\/td>\r\n\t\t<\/tr>\r\n\t\t<tr style=\"background-color: #e7edf7\">\r\n\t\t\t<td>\r\n\t\t\t\t<strong>fula<\/strong>\r\n\t\t\t<\/td>\r\n\t\t\t<td>\r\n\t\t\t\tkiri\r\n\t\t\t<\/td>\r\n\t\t\t<td>\r\n\t\t\t\tOve \u00dcllar Viesemann\r\n\t\t\t<\/td>\r\n\t\t\t<td>\r\n\t\t\t\t76%\r\n\t\t\t<\/td>\r\n\t\t<\/tr>\r\n\t\t<tr>\r\n\t\t\t<td>\r\n\t\t\t\t<strong>hanunoo<\/strong>\r\n\t\t\t<\/td>\r\n\t\t\t<td>\r\n\t\t\t\tsemantika\r\n\t\t\t<\/td>\r\n\t\t\t<td>\r\n\t\t\t\tTheodor Cucu, Paul Helmer*\r\n\t\t\t<\/td>\r\n\t\t\t<td>\r\n\t\t\t\t44%\r\n\t\t\t<\/td>\r\n\t\t<\/tr>\r\n\t\t<tr style=\"background-color: #e7edf7\">\r\n\t\t\t<td>\r\n\t\t\t\t<strong>komnzo<\/strong>\r\n\t\t\t<\/td>\r\n\t\t\t<td>\r\n\t\t\t\tarvud\r\n\t\t\t<\/td>\r\n\t\t\t<td>\r\n\t\t\t\tMiina Norvik\r\n\t\t\t<\/td>\r\n\t\t\t<td>\r\n\t\t\t\t30%\r\n\t\t\t<\/td>\r\n\t\t<\/tr>\r\n\t\t<tr>\r\n\t\t\t<td>\r\n\t\t\t\t<strong>tsistertslaste arvud<\/strong>\r\n\t\t\t<\/td>\r\n\t\t\t<td>\r\n\t\t\t\tkiri\r\n\t\t\t<\/td>\r\n\t\t\t<td>\r\n\t\t\t\tLinda Freienthal\r\n\t\t\t<\/td>\r\n\t\t\t<td>\r\n\t\t\t\t57%\r\n\t\t\t<\/td>\r\n\t\t<\/tr>\r\n\t\t<tr style=\"background-color: #e7edf7\">\r\n\t\t\t<td>\r\n\t\t\t\t<strong>t\u0161erokii<\/strong>\r\n\t\t\t<\/td>\r\n\t\t\t<td>\r\n\t\t\t\tmorfoloogia, semantika\r\n\t\t\t<\/td>\r\n\t\t\t<td>\r\n\t\t\t\t<span data-mce-mark=\"1\">K\u00fclli Prillop<\/span>\r\n\t\t\t<\/td>\r\n\t\t\t<td>\r\n\t\t\t\t67%\r\n\t\t\t<\/td>\r\n\t\t<\/tr>\r\n\t<\/tbody>\r\n<\/table>\r\n\r\n<p>\r\n\tParim tulemus 99%.\r\n<\/p>\r\n\r\n<p>\r\n\t*\u00dclesande t\u00f5lkis Miina Norvik\r\n<\/p>\r\n<br><div class=\"wp-block-group attached-files-group is-layout-constrained wp-block-group-is-layout-constrained\"><div class=\"wp-block-file\"><a href=\"https:\/\/sisu.ut.ee\/wp-content\/uploads\/sites\/311\/2021-2022_loppvoor_ylesanded.pdf\" target=\"_blank\" rel=\"noreferrer noopener\">2021\/2022 l\u00f5ppvooru \u00fclesanded<\/a><\/div><div class=\"wp-block-file\"><a href=\"https:\/\/sisu.ut.ee\/wp-content\/uploads\/sites\/311\/adlami_esitlus.pdf\" target=\"_blank\" rel=\"noreferrer noopener\">Fula seletus (esitlusena)<\/a><\/div><div class=\"wp-block-file\"><a href=\"https:\/\/sisu.ut.ee\/wp-content\/uploads\/sites\/311\/komnzo_esitlus.pdf\" target=\"_blank\" rel=\"noreferrer noopener\">Komnzo seletus (esitlusena)<\/a><\/div><div class=\"wp-block-file\"><a href=\"https:\/\/sisu.ut.ee\/wp-content\/uploads\/sites\/311\/tserokiiesitlus.pdf\" target=\"_blank\" rel=\"noreferrer noopener\">T\u0161erokii seletus (esitlusena)<\/a><\/div><\/div>","protected":false},"excerpt":{"rendered":"<p>Keel Valdkond Autor Keskmine tulemus fula kiri Ove \u00dcllar Viesemann 76% hanunoo semantika Theodor Cucu, Paul Helmer* 44% komnzo arvud Miina Norvik 30% tsistertslaste arvud kiri Linda Freienthal 57% t\u0161erokii morfoloogia, semantika K\u00fclli Prillop 67% Parim tulemus 99%. *\u00dclesande t\u00f5lkis &#8230;<\/p>\n","protected":false},"author":167,"featured_media":0,"parent":0,"menu_order":0,"comment_status":"closed","ping_status":"closed","template":"","meta":{"_acf_changed":false,"inline_featured_image":false,"footnotes":""},"class_list":["post-33","page","type-page","status-publish","hentry"],"acf":[],"_links":{"self":[{"href":"https:\/\/sisu.ut.ee\/lingvistikaolympiaad\/wp-json\/wp\/v2\/pages\/33","targetHints":{"allow":["GET"]}}],"collection":[{"href":"https:\/\/sisu.ut.ee\/lingvistikaolympiaad\/wp-json\/wp\/v2\/pages"}],"about":[{"href":"https:\/\/sisu.ut.ee\/lingvistikaolympiaad\/wp-json\/wp\/v2\/types\/page"}],"author":[{"embeddable":true,"href":"https:\/\/sisu.ut.ee\/lingvistikaolympiaad\/wp-json\/wp\/v2\/users\/167"}],"replies":[{"embeddable":true,"href":"https:\/\/sisu.ut.ee\/lingvistikaolympiaad\/wp-json\/wp\/v2\/comments?post=33"}],"version-history":[{"count":3,"href":"https:\/\/sisu.ut.ee\/lingvistikaolympiaad\/wp-json\/wp\/v2\/pages\/33\/revisions"}],"predecessor-version":[{"id":253,"href":"https:\/\/sisu.ut.ee\/lingvistikaolympiaad\/wp-json\/wp\/v2\/pages\/33\/revisions\/253"}],"wp:attachment":[{"href":"https:\/\/sisu.ut.ee\/lingvistikaolympiaad\/wp-json\/wp\/v2\/media?parent=33"}],"curies":[{"name":"wp","href":"https:\/\/api.w.org\/{rel}","templated":true}]}}