{"id":32,"date":"2024-04-04T04:39:02","date_gmt":"2024-04-04T01:39:02","guid":{"rendered":"https:\/\/sisu.ut.ee\/lingvistikaolympiaad\/20212022-eelvoor\/"},"modified":"2024-04-04T04:39:18","modified_gmt":"2024-04-04T01:39:18","slug":"20212022-eelvoor","status":"publish","type":"page","link":"https:\/\/sisu.ut.ee\/lingvistikaolympiaad\/20212022-eelvoor\/","title":{"rendered":"2021\/2022 eelvoor"},"content":{"rendered":"<table class=\"table table-hover\" style=\"border-color: #5a92e1;border-width: 1px;border-style: solid\" border=\"1\">\r\n\t<tbody>\r\n\t\t<tr>\r\n\t\t\t<td>\r\n\t\t\t\t<span style=\"color:#ffffff\"><strong>Keel<\/strong><\/span>\r\n\t\t\t<\/td>\r\n\t\t\t<td>\r\n\t\t\t\t<span style=\"color:#ffffff\"><strong>Valdkond<\/strong><\/span>\r\n\t\t\t<\/td>\r\n\t\t\t<td>\r\n\t\t\t\t<span style=\"color:#ffffff\"><strong>Autor<\/strong><\/span>\r\n\t\t\t<\/td>\r\n\t\t\t<td>\r\n\t\t\t\t<span style=\"color:#ffffff\"><strong>Keskmine tulemus<\/strong><\/span>\r\n\t\t\t<\/td>\r\n\t\t<\/tr>\r\n\t\t<tr style=\"background-color: #e7edf7\">\r\n\t\t\t<td>\r\n\t\t\t\t<strong>eesti<\/strong>\r\n\t\t\t<\/td>\r\n\t\t\t<td>\r\n\t\t\t\tfonoloogia, keeleajalugu\r\n\t\t\t<\/td>\r\n\t\t\t<td>\r\n\t\t\t\tK\u00fclli Prillop\r\n\t\t\t<\/td>\r\n\t\t\t<td>\r\n\t\t\t\t57%\r\n\t\t\t<\/td>\r\n\t\t<\/tr>\r\n\t\t<tr>\r\n\t\t\t<td>\r\n\t\t\t\t<strong>mundari<\/strong>\r\n\t\t\t<\/td>\r\n\t\t\t<td>\r\n\t\t\t\tmorfoloogia, s\u00fcntaks\r\n\t\t\t<\/td>\r\n\t\t\t<td>\r\n\t\t\t\tPeter Arkadiev*\r\n\t\t\t<\/td>\r\n\t\t\t<td>\r\n\t\t\t\t67%\r\n\t\t\t<\/td>\r\n\t\t<\/tr>\r\n\t\t<tr style=\"background-color: #e7edf7\">\r\n\t\t\t<td>\r\n\t\t\t\t<strong>tiibeti<\/strong>\r\n\t\t\t<\/td>\r\n\t\t\t<td>\r\n\t\t\t\tarvud, kiri\r\n\t\t\t<\/td>\r\n\t\t\t<td>\r\n\t\t\t\tJo\u00e3o Henrique Fontes**\r\n\t\t\t<\/td>\r\n\t\t\t<td>\r\n\t\t\t\t28%\r\n\t\t\t<\/td>\r\n\t\t<\/tr>\r\n\t<\/tbody>\r\n<\/table>\r\n\r\n<p>\r\n\tKokku 164 osalejat, parim tulemus 96%.\r\n<\/p>\r\n\r\n<p>\r\n\tEelvoor toimus veebi teel.\r\n<\/p>\r\n\r\n<p>\r\n\t*\u00dclesande t\u00f5lkis K\u00fclli Prillop.\u00a0<br>**\u00dclesande mugandas K\u00fclli Prillop.\r\n<\/p>\r\n<br><div class=\"wp-block-group attached-files-group is-layout-constrained wp-block-group-is-layout-constrained\"><div class=\"wp-block-file\"><a href=\"https:\/\/sisu.ut.ee\/wp-content\/uploads\/sites\/311\/2021-22_eelvooru_ylesanded_ja_lahendused.pdf\" target=\"_blank\" rel=\"noreferrer noopener\">2021\/2022 eelvooru \u00fclesanded ja lahendused<\/a><\/div><\/div>","protected":false},"excerpt":{"rendered":"<p>Keel Valdkond Autor Keskmine tulemus eesti fonoloogia, keeleajalugu K\u00fclli Prillop 57% mundari morfoloogia, s\u00fcntaks Peter Arkadiev* 67% tiibeti arvud, kiri Jo\u00e3o Henrique Fontes** 28% Kokku 164 osalejat, parim tulemus 96%. Eelvoor toimus veebi teel. *\u00dclesande t\u00f5lkis K\u00fclli Prillop.\u00a0**\u00dclesande mugandas K\u00fclli &#8230;<\/p>\n","protected":false},"author":167,"featured_media":0,"parent":0,"menu_order":0,"comment_status":"closed","ping_status":"closed","template":"","meta":{"_acf_changed":false,"inline_featured_image":false,"footnotes":""},"class_list":["post-32","page","type-page","status-publish","hentry"],"acf":[],"_links":{"self":[{"href":"https:\/\/sisu.ut.ee\/lingvistikaolympiaad\/wp-json\/wp\/v2\/pages\/32","targetHints":{"allow":["GET"]}}],"collection":[{"href":"https:\/\/sisu.ut.ee\/lingvistikaolympiaad\/wp-json\/wp\/v2\/pages"}],"about":[{"href":"https:\/\/sisu.ut.ee\/lingvistikaolympiaad\/wp-json\/wp\/v2\/types\/page"}],"author":[{"embeddable":true,"href":"https:\/\/sisu.ut.ee\/lingvistikaolympiaad\/wp-json\/wp\/v2\/users\/167"}],"replies":[{"embeddable":true,"href":"https:\/\/sisu.ut.ee\/lingvistikaolympiaad\/wp-json\/wp\/v2\/comments?post=32"}],"version-history":[{"count":2,"href":"https:\/\/sisu.ut.ee\/lingvistikaolympiaad\/wp-json\/wp\/v2\/pages\/32\/revisions"}],"predecessor-version":[{"id":221,"href":"https:\/\/sisu.ut.ee\/lingvistikaolympiaad\/wp-json\/wp\/v2\/pages\/32\/revisions\/221"}],"wp:attachment":[{"href":"https:\/\/sisu.ut.ee\/lingvistikaolympiaad\/wp-json\/wp\/v2\/media?parent=32"}],"curies":[{"name":"wp","href":"https:\/\/api.w.org\/{rel}","templated":true}]}}