{"id":31,"date":"2024-04-04T04:39:02","date_gmt":"2024-04-04T01:39:02","guid":{"rendered":"https:\/\/sisu.ut.ee\/lingvistikaolympiaad\/20222023-eelvoor\/"},"modified":"2024-04-04T04:39:18","modified_gmt":"2024-04-04T01:39:18","slug":"20222023-eelvoor","status":"publish","type":"page","link":"https:\/\/sisu.ut.ee\/lingvistikaolympiaad\/20222023-eelvoor\/","title":{"rendered":"2022\/2023 piirkonnavoor"},"content":{"rendered":"<table class=\"table table-hover\" style=\"border-color: #5a92e1;border-width: 1px;border-style: solid\" border=\"1\">\r\n\t<tbody>\r\n\t\t<tr>\r\n\t\t\t<td>\r\n\t\t\t\t<span style=\"color:#ffffff\"><strong>Keel<\/strong><\/span>\r\n\t\t\t<\/td>\r\n\t\t\t<td>\r\n\t\t\t\t<span style=\"color:#ffffff\"><strong>Valdkond<\/strong><\/span>\r\n\t\t\t<\/td>\r\n\t\t\t<td>\r\n\t\t\t\t<span style=\"color:#ffffff\"><strong>Autor<\/strong><\/span>\r\n\t\t\t<\/td>\r\n\t\t\t<td>\r\n\t\t\t\t<span style=\"color:#ffffff\"><strong>Keskmine tulemus<\/strong><\/span>\r\n\t\t\t<\/td>\r\n\t\t<\/tr>\r\n\t\t<tr style=\"background-color: #e7edf7\">\r\n\t\t\t<td>\r\n\t\t\t\t<strong>ngaju<\/strong>\r\n\t\t\t<\/td>\r\n\t\t\t<td>\r\n\t\t\t\tsemantika\r\n\t\t\t<\/td>\r\n\t\t\t<td>\r\n\t\t\t\t<span>J\u00e1nos Egressy*<\/span>\r\n\t\t\t<\/td>\r\n\t\t\t<td>\r\n\t\t\t\t31%\r\n\t\t\t<\/td>\r\n\t\t<\/tr>\r\n\t\t<tr>\r\n\t\t\t<td>\r\n\t\t\t\t<strong>baski<\/strong>\r\n\t\t\t<\/td>\r\n\t\t\t<td>\r\n\t\t\t\tarvud\r\n\t\t\t<\/td>\r\n\t\t\t<td>\r\n\t\t\t\tAirika Harrik\r\n\t\t\t<\/td>\r\n\t\t\t<td>\r\n\t\t\t\t52%\r\n\t\t\t<\/td>\r\n\t\t<\/tr>\r\n\t\t<tr style=\"background-color: #e7edf7\">\r\n\t\t\t<td>\r\n\t\t\t\t<strong>slovaki<\/strong>\r\n\t\t\t<\/td>\r\n\t\t\t<td>\r\n\t\t\t\tmorfoloogia\r\n\t\t\t<\/td>\r\n\t\t\t<td>\r\n\t\t\t\tMargit Kerov\r\n\t\t\t<\/td>\r\n\t\t\t<td>\r\n\t\t\t\t32%\r\n\t\t\t<\/td>\r\n\t\t<\/tr>\r\n\t\t<tr>\r\n\t\t\t<td>\r\n\t\t\t\t<strong>eesti<\/strong>\r\n\t\t\t<\/td>\r\n\t\t\t<td>\r\n\t\t\t\tfonoloogia, kiri\r\n\t\t\t<\/td>\r\n\t\t\t<td>\r\n\t\t\t\tK\u00fclli Prillop\r\n\t\t\t<\/td>\r\n\t\t\t<td>\r\n\t\t\t\t36%\r\n\t\t\t<\/td>\r\n\t\t<\/tr>\r\n\t<\/tbody>\r\n<\/table>\r\n\r\n<p>\r\n\tKokku 253 osalejat, parim tulemus 90%.\r\n<\/p>\r\n\r\n<p>\r\n\t*\u00dclesande t\u00f5lkis Miina Norvik.\r\n<\/p>\r\n<br><div class=\"wp-block-group attached-files-group is-layout-constrained wp-block-group-is-layout-constrained\"><div class=\"wp-block-file\"><a href=\"https:\/\/sisu.ut.ee\/wp-content\/uploads\/sites\/311\/lingv_piirkonnavoor_22-23_ylesanded_ja_lahendused.pdf\" target=\"_blank\" rel=\"noreferrer noopener\">2022\/2023 eelvooru \u00fclesanded ja lahendused<\/a><\/div><\/div>","protected":false},"excerpt":{"rendered":"<p>Keel Valdkond Autor Keskmine tulemus ngaju semantika J\u00e1nos Egressy* 31% baski arvud Airika Harrik 52% slovaki morfoloogia Margit Kerov 32% eesti fonoloogia, kiri K\u00fclli Prillop 36% Kokku 253 osalejat, parim tulemus 90%. *\u00dclesande t\u00f5lkis Miina Norvik.<\/p>\n","protected":false},"author":167,"featured_media":0,"parent":0,"menu_order":0,"comment_status":"closed","ping_status":"closed","template":"","meta":{"_acf_changed":false,"inline_featured_image":false,"footnotes":""},"class_list":["post-31","page","type-page","status-publish","hentry"],"acf":[],"_links":{"self":[{"href":"https:\/\/sisu.ut.ee\/lingvistikaolympiaad\/wp-json\/wp\/v2\/pages\/31","targetHints":{"allow":["GET"]}}],"collection":[{"href":"https:\/\/sisu.ut.ee\/lingvistikaolympiaad\/wp-json\/wp\/v2\/pages"}],"about":[{"href":"https:\/\/sisu.ut.ee\/lingvistikaolympiaad\/wp-json\/wp\/v2\/types\/page"}],"author":[{"embeddable":true,"href":"https:\/\/sisu.ut.ee\/lingvistikaolympiaad\/wp-json\/wp\/v2\/users\/167"}],"replies":[{"embeddable":true,"href":"https:\/\/sisu.ut.ee\/lingvistikaolympiaad\/wp-json\/wp\/v2\/comments?post=31"}],"version-history":[{"count":3,"href":"https:\/\/sisu.ut.ee\/lingvistikaolympiaad\/wp-json\/wp\/v2\/pages\/31\/revisions"}],"predecessor-version":[{"id":254,"href":"https:\/\/sisu.ut.ee\/lingvistikaolympiaad\/wp-json\/wp\/v2\/pages\/31\/revisions\/254"}],"wp:attachment":[{"href":"https:\/\/sisu.ut.ee\/lingvistikaolympiaad\/wp-json\/wp\/v2\/media?parent=31"}],"curies":[{"name":"wp","href":"https:\/\/api.w.org\/{rel}","templated":true}]}}