{"id":29,"date":"2024-04-04T04:39:02","date_gmt":"2024-04-04T01:39:02","guid":{"rendered":"https:\/\/sisu.ut.ee\/lingvistikaolympiaad\/ulesandeid-harjutamiseks\/"},"modified":"2024-04-04T04:39:18","modified_gmt":"2024-04-04T01:39:18","slug":"ulesandeid-harjutamiseks","status":"publish","type":"page","link":"https:\/\/sisu.ut.ee\/lingvistikaolympiaad\/ulesandeid-harjutamiseks\/","title":{"rendered":"\u00dclesandeid harjutamiseks"},"content":{"rendered":"<p>\n\tLoend \u00fclesannetest, mille lahendusi saad siinsamas vaadata. \u00dclesandeni j\u00f5udmiseks kl\u00f5psa m\u00e4rgil \u25ba.\n<\/p>\n<p>\n\tEelvoorus (alates 2022. a piirkonnavoorus) tuleb lahendada 4 \u00fclesannet 3 tunniga, l\u00f5ppvoorus 5 \u00fclesannet 4 tunniga. Esitada on vaja ka oma lahenduse seletus, see annab umbes 50% punktidest. Seletusse pole vaja kirjutada mitte sammsammulist lahendusk\u00e4iku (nagu matemaatika\u00fclesannete puhul), vaid justkui selle keele minigrammatika, mille kohta \u00fclesanne on \u2013 millised seadusp\u00e4rad leidsid, milliste reeglite j\u00e4rgi \u00fcht v\u00f5i teist vormi moodustatakse, kuidas s\u00f5nadest laused kokku pannakse.\n<\/p>\n<p>\n\t<strong>Fonoloogia<\/strong>\n<\/p>\n<ol>\n<li>\n\t\teesti (K\u00fclli Prillop)\u00a0<a data-url=\"https:\/\/sisu.ut.ee\/lingvistikaolympiaad\/20182019-eelvoor\" href=\"https:\/\/sisu.ut.ee\/lingvistikaolympiaad\/20182019-eelvoor\" title=\"\">\u25ba<\/a>\n\t<\/li>\n<li>\n\t\teesti (vt ka kirjas\u00fcsteemid) (K\u00fclli Prillop)\u00a0<a data-url=\"https:\/\/sisu.ut.ee\/lingvistikaolympiaad\/20222023-eelvoor\" href=\"https:\/\/sisu.ut.ee\/lingvistikaolympiaad\/20222023-eelvoor\" title=\"\">\u25ba<\/a>\n\t<\/li>\n<li>\n\t\teesti (keeleajalugu) (K\u00fclli Prillop)\u00a0<a data-url=\"https:\/\/sisu.ut.ee\/lingvistikaolympiaad\/20212021-eelvoor\" href=\"https:\/\/sisu.ut.ee\/lingvistikaolympiaad\/20212021-eelvoor\" title=\"\">\u25ba<\/a>\n\t<\/li>\n<li>\n\t\tgud\u017earati (K\u00fclli Prillop)\u00a0<a data-url=\"https:\/\/sisu.ut.ee\/lingvistikaolympiaad\/20102011-eelvoor\" href=\"https:\/\/sisu.ut.ee\/lingvistikaolympiaad\/20102011-eelvoor\" title=\"\">\u25ba<\/a>\n\t<\/li>\n<li>\n\t\tl\u00e4ti, leedu\u00a0<a data-url=\"https:\/\/sisu.ut.ee\/lingvistikaolympiaad\/20032004-eelvoor\" href=\"https:\/\/sisu.ut.ee\/lingvistikaolympiaad\/20032004-eelvoor\" title=\"\">\u25ba<\/a>\n\t<\/li>\n<li>\n\t\tmalta (vt ka morfoloogia) (Pire Teras)\u00a0<a data-url=\"https:\/\/sisu.ut.ee\/lingvistikaolympiaad\/20052006-eelvoor\" href=\"https:\/\/sisu.ut.ee\/lingvistikaolympiaad\/20052006-eelvoor\" title=\"\">\u25ba<\/a>\n\t<\/li>\n<li>\n\t\tungari (vt ka morfoloogia) (Piia Taremaa)\u00a0<a data-url=\"https:\/\/sisu.ut.ee\/lingvistikaolympiaad\/20062007-loppvoor\" href=\"https:\/\/sisu.ut.ee\/lingvistikaolympiaad\/20062007-loppvoor\" title=\"\">\u25ba<\/a>\n\t<\/li>\n<\/ol>\n<p>\n\t<strong>Morfoloogia, s\u00fcntaks<\/strong>\n<\/p>\n<ol>\n<li>\n\t\takadi (Axel Jagau)\u00a0<a data-url=\"https:\/\/sisu.ut.ee\/lingvistikaolympiaad\/20172018-eelvoor\" href=\"https:\/\/sisu.ut.ee\/lingvistikaolympiaad\/20172018-eelvoor\" title=\"\">\u25ba<\/a>\n\t<\/li>\n<li>\n\t\talutori\u00a0<a data-url=\"https:\/\/sisu.ut.ee\/lingvistikaolympiaad\/20032004-loppvoor\" href=\"https:\/\/sisu.ut.ee\/lingvistikaolympiaad\/20032004-loppvoor\" title=\"\">\u25ba<\/a>\n\t<\/li>\n<li>\n\t\tbaski (Ilona Tragel,\u00a0Iraide Ibarretxe)\u00a0<a data-url=\"https:\/\/sisu.ut.ee\/lingvistikaolympiaad\/20102011-loppvoor\" href=\"https:\/\/sisu.ut.ee\/lingvistikaolympiaad\/20102011-loppvoor\" title=\"\u00fclesande lehele\">\u25ba<\/a>\n\t<\/li>\n<li>\n\t\teesti (Reeli Torn-Leesik)\u00a0<a data-url=\"https:\/\/sisu.ut.ee\/lingvistikaolympiaad\/20052006-eelvoor\" href=\"https:\/\/sisu.ut.ee\/lingvistikaolympiaad\/20052006-eelvoor\" title=\"\">\u25ba<\/a>\n\t<\/li>\n<li>\n\t\teesti (Renate Pajusalu)\u00a0<a data-url=\"https:\/\/sisu.ut.ee\/lingvistikaolympiaad\/20062007-loppvoor\" href=\"https:\/\/sisu.ut.ee\/lingvistikaolympiaad\/20062007-loppvoor\" title=\"\">\u25ba<\/a>\n\t<\/li>\n<li>\n\t\thandi (Renate Pajusalu)\u00a0<a data-url=\"https:\/\/sisu.ut.ee\/lingvistikaolympiaad\/20102011-loppvoor\" href=\"https:\/\/sisu.ut.ee\/lingvistikaolympiaad\/20102011-loppvoor\" title=\"\u00fclesande lehele\">\u25ba<\/a>\n\t<\/li>\n<li>\n\t\theebrea\u00a0<a data-url=\"https:\/\/sisu.ut.ee\/lingvistikaolympiaad\/20032004-loppvoor\" href=\"https:\/\/sisu.ut.ee\/lingvistikaolympiaad\/20032004-loppvoor\" title=\"\">\u25ba<\/a>\n\t<\/li>\n<li>\n\t\tindoneesia\u00a0<a data-url=\"https:\/\/sisu.ut.ee\/lingvistikaolympiaad\/20032004-eelvoor\" href=\"https:\/\/sisu.ut.ee\/lingvistikaolympiaad\/20032004-eelvoor\" title=\"\">\u25ba<\/a>\n\t<\/li>\n<li>\n\t\tinuktituti (Rasmus Maide)\u00a0<a data-url=\"https:\/\/sisu.ut.ee\/lingvistikaolympiaad\/20192020-eelvoor\" href=\"https:\/\/sisu.ut.ee\/lingvistikaolympiaad\/20192020-eelvoor\" title=\"\">\u25ba<\/a>\n\t<\/li>\n<li>\n\t\tjaapani\u00a0<a data-url=\"https:\/\/sisu.ut.ee\/lingvistikaolympiaad\/20032004-eelvoor\" href=\"https:\/\/sisu.ut.ee\/lingvistikaolympiaad\/20032004-eelvoor\" title=\"\">\u25ba<\/a>\n\t<\/li>\n<li>\n\t\tkomi (Nikolai Kuznetsov)\u00a0<a data-url=\"https:\/\/sisu.ut.ee\/lingvistikaolympiaad\/20062007-eelvoor\" href=\"https:\/\/sisu.ut.ee\/lingvistikaolympiaad\/20062007-eelvoor\" title=\"\">\u25ba<\/a>\n\t<\/li>\n<li>\n\t\tkreeka (Renate Pajusalu, Axel Jagau)\u00a0<a data-url=\"https:\/\/sisu.ut.ee\/lingvistikaolympiaad\/20072008-eelvoor\" href=\"https:\/\/sisu.ut.ee\/lingvistikaolympiaad\/20072008-eelvoor\" title=\"\">\u25ba<\/a>\n\t<\/li>\n<li>\n\t\tl\u00e4ti (Pire Teras, Tuuli Tuisk)\u00a0<a data-url=\"https:\/\/sisu.ut.ee\/lingvistikaolympiaad\/20072008-eelvoor\" href=\"https:\/\/sisu.ut.ee\/lingvistikaolympiaad\/20072008-eelvoor\" title=\"\">\u25ba<\/a>\n\t<\/li>\n<li>\n\t\tmalta (vt ka fonoloogia) (Pire Teras)\u00a0<a data-url=\"https:\/\/sisu.ut.ee\/lingvistikaolympiaad\/20052006-eelvoor\" href=\"https:\/\/sisu.ut.ee\/lingvistikaolympiaad\/20052006-eelvoor\" title=\"\">\u25ba<\/a>\n\t<\/li>\n<li>\n\t\tmanami (Axel Jagau, Reeli Torn-Leesik)\u00a0<a data-url=\"https:\/\/sisu.ut.ee\/lingvistikaolympiaad\/20072008-eelvoor\" href=\"https:\/\/sisu.ut.ee\/lingvistikaolympiaad\/20072008-eelvoor\" title=\"\">\u25ba<\/a>\n\t<\/li>\n<li>\n\t\tmatagalpa\u00a0<a data-url=\"https:\/\/sisu.ut.ee\/lingvistikaolympiaad\/20162017-eelvoor\" href=\"https:\/\/sisu.ut.ee\/lingvistikaolympiaad\/20162017-eelvoor\" title=\"\">\u25ba<\/a>\n\t<\/li>\n<li>\n\t\tpoonpei (vt ka semantika) (Miina Norvik)\u00a0<a data-url=\"https:\/\/sisu.ut.ee\/lingvistikaolympiaad\/20172018-eelvoor\" href=\"https:\/\/sisu.ut.ee\/lingvistikaolympiaad\/20172018-eelvoor\" title=\"\">\u25ba<\/a>\n\t<\/li>\n<li>\n\t\trumeenia\u00a0<a data-url=\"https:\/\/sisu.ut.ee\/lingvistikaolympiaad\/20052006-eelvoor\" href=\"https:\/\/sisu.ut.ee\/lingvistikaolympiaad\/20052006-eelvoor\" title=\"\">\u25ba<\/a>\n\t<\/li>\n<li>\n\t\tslovaki (Margit Kerov)\u00a0<a data-url=\"https:\/\/sisu.ut.ee\/lingvistikaolympiaad\/20222023-eelvoor\" href=\"https:\/\/sisu.ut.ee\/lingvistikaolympiaad\/20222023-eelvoor\" title=\"\">\u25ba<\/a>\n\t<\/li>\n<li>\n\t\ttabassaraani\u00a0<a data-url=\"https:\/\/sisu.ut.ee\/lingvistikaolympiaad\/20032004-loppvoor\" href=\"https:\/\/sisu.ut.ee\/lingvistikaolympiaad\/20032004-loppvoor\" title=\"\">\u25ba<\/a>\n\t<\/li>\n<li>\n\t\ttamili (K\u00fclli Prillop)\u00a0<a data-url=\"https:\/\/sisu.ut.ee\/lingvistikaolympiaad\/20102011-loppvoor\" href=\"https:\/\/sisu.ut.ee\/lingvistikaolympiaad\/20102011-loppvoor\" title=\"\u00fclesande lehele\">\u25ba<\/a>\n\t<\/li>\n<li>\n\t\ttonkava (K\u00fclli Prillop)\u00a0<a data-url=\"https:\/\/sisu.ut.ee\/lingvistikaolympiaad\/20162017-eelvoor\" href=\"https:\/\/sisu.ut.ee\/lingvistikaolympiaad\/20162017-eelvoor\" title=\"\">\u25ba<\/a>\n\t<\/li>\n<li>\n\t\tt\u0161ehhi (Piia Taremaa)\u00a0<a data-url=\"https:\/\/sisu.ut.ee\/lingvistikaolympiaad\/20062007-eelvoor\" href=\"https:\/\/sisu.ut.ee\/lingvistikaolympiaad\/20062007-eelvoor\" title=\"\">\u25ba<\/a>\n\t<\/li>\n<li>\n\t\tt\u0161erokii (vt ka semantika) (K\u00fclli Prillop)\u00a0<a data-url=\"https:\/\/sisu.ut.ee\/lingvistikaolympiaad\/20212022-loppvoor\" href=\"https:\/\/sisu.ut.ee\/lingvistikaolympiaad\/20212022-loppvoor\" title=\"\">\u25ba<\/a>\n<\/li><li>\n\t\tt\u0161uva\u0161i (vt ka semantika)\u00a0<a data-url=\"https:\/\/sisu.ut.ee\/lingvistikaolympiaad\/20102011-eelvoor\" href=\"https:\/\/sisu.ut.ee\/lingvistikaolympiaad\/20102011-eelvoor\" title=\"\">\u25ba<\/a>\n\t<\/li>\n<li>\n\t\tungari (vt ka fonoloogia) (Piia Taremaa)\u00a0<a data-url=\"https:\/\/sisu.ut.ee\/lingvistikaolympiaad\/20062007-loppvoor\" href=\"https:\/\/sisu.ut.ee\/lingvistikaolympiaad\/20062007-loppvoor\" title=\"\">\u25ba<\/a>\n\t<\/li>\n<li>\n\t\tungari (Liina Lindstr\u00f6m)\u00a0<a data-url=\"https:\/\/sisu.ut.ee\/lingvistikaolympiaad\/20052006-eelvoor\" href=\"https:\/\/sisu.ut.ee\/lingvistikaolympiaad\/20052006-eelvoor\" title=\"\">\u25ba<\/a>\n\t<\/li>\n<\/ol>\n<p>\n\t<strong>Semantika<\/strong>\n<\/p>\n<ol>\n<li>\n\t\tdothraki (Ulla Meeri Petti)\u00a0<a data-url=\"https:\/\/sisu.ut.ee\/lingvistikaolympiaad\/20162017-eelvoor\" href=\"https:\/\/sisu.ut.ee\/lingvistikaolympiaad\/20162017-eelvoor\" title=\"\">\u25ba<\/a>\n\t<\/li>\n<li>\n\t\teesti (Renate Pajusalu)\u00a0<a data-url=\"https:\/\/sisu.ut.ee\/lingvistikaolympiaad\/20102011-eelvoor\" href=\"https:\/\/sisu.ut.ee\/lingvistikaolympiaad\/20102011-eelvoor\" title=\"\">\u25ba<\/a>\n\t<\/li>\n<li>\n\t\teesti\u00a0<a data-url=\"https:\/\/sisu.ut.ee\/lingvistikaolympiaad\/20032004-eelvoor\" href=\"https:\/\/sisu.ut.ee\/lingvistikaolympiaad\/20032004-eelvoor\" title=\"\">\u25ba<\/a>\n\t<\/li>\n<li>\n\t\tgruusia\u00a0\/\u00a0<a data-url=\"https:\/\/sisu.ut.ee\/lingvistikaolympiaad\/20032004-eelvoor\" href=\"https:\/\/sisu.ut.ee\/lingvistikaolympiaad\/20032004-eelvoor\" title=\"\">\u25ba<\/a>\n\t<\/li>\n<li>\n\t\tibo (Joonas J\u00fcrgen Kisel)\u00a0<a data-url=\"https:\/\/sisu.ut.ee\/lingvistikaolympiaad\/20172018-eelvoor\" href=\"https:\/\/sisu.ut.ee\/lingvistikaolympiaad\/20172018-eelvoor\" title=\"\">\u25ba<\/a>\n\t<\/li>\n<li>\n\t\tjuki (Renate Pajusalu)\u00a0<a data-url=\"https:\/\/sisu.ut.ee\/lingvistikaolympiaad\/20192020-eelvoor\" href=\"https:\/\/sisu.ut.ee\/lingvistikaolympiaad\/20192020-eelvoor\" title=\"\">\u25ba<\/a>\n\t<\/li>\n<li>\n\t\tngaju (J\u00e1nos Egressy)\u00a0<a data-url=\"https:\/\/sisu.ut.ee\/lingvistikaolympiaad\/20222023-eelvoor\" href=\"https:\/\/sisu.ut.ee\/lingvistikaolympiaad\/20222023-eelvoor\" title=\"\">\u25ba<\/a>\n\t<\/li>\n<li>\n\t\tpoonpei (vt\u00a0ka morfoloogia) (Miina Norvik)\u00a0<a data-url=\"https:\/\/sisu.ut.ee\/lingvistikaolympiaad\/20172018-eelvoor\" href=\"https:\/\/sisu.ut.ee\/lingvistikaolympiaad\/20172018-eelvoor\" title=\"\">\u25ba<\/a>\n\t<\/li>\n<li>\n\t\ts\u00f6lkupi (Liina Lindstr\u00f6m)\u00a0<a data-url=\"https:\/\/sisu.ut.ee\/lingvistikaolympiaad\/20062007-eelvoor\" href=\"https:\/\/sisu.ut.ee\/lingvistikaolympiaad\/20062007-eelvoor\" title=\"\">\u25ba<\/a>\n\t<\/li>\n<li>\n\t\ttoki pona (K\u00fclli Prillop)\u00a0<a data-url=\"https:\/\/sisu.ut.ee\/lingvistikaolympiaad\/20182019-eelvoor\" href=\"https:\/\/sisu.ut.ee\/lingvistikaolympiaad\/20182019-eelvoor\" title=\"\">\u25ba<\/a>\n\t<\/li>\n<li>\n\t\tt\u0161erokii (vt ka morfoloogia) (K\u00fclli Prillop)\u00a0<a data-url=\"https:\/\/sisu.ut.ee\/lingvistikaolympiaad\/20212022-loppvoor\" href=\"https:\/\/sisu.ut.ee\/lingvistikaolympiaad\/20212022-loppvoor\" title=\"\">\u25ba<\/a>\n\t<\/li>\n<li>\n\t\tt\u0161uva\u0161i (vt ka morfoloogia)\u00a0<a data-url=\"https:\/\/sisu.ut.ee\/lingvistikaolympiaad\/20102011-eelvoor\" href=\"https:\/\/sisu.ut.ee\/lingvistikaolympiaad\/20102011-eelvoor\" title=\"\">\u25ba<\/a>\n\t<\/li>\n<\/ol>\n<p>\n\t<strong>Arvus\u00fcsteemid<\/strong>\n<\/p>\n<ol>\n<li>\n\t\takadi (Anni R\u00e4\u00e4ts)\u00a0<a data-url=\"https:\/\/sisu.ut.ee\/lingvistikaolympiaad\/20072008-eelvoor\" href=\"https:\/\/sisu.ut.ee\/lingvistikaolympiaad\/20072008-eelvoor\" title=\"\">\u25ba<\/a>\n\t<\/li>\n<li>\n\t\tbaski (Airika Harrik)\u00a0<a data-url=\"https:\/\/sisu.ut.ee\/lingvistikaolympiaad\/20222023-eelvoor\" href=\"https:\/\/sisu.ut.ee\/lingvistikaolympiaad\/20222023-eelvoor\" title=\"\">\u25ba<\/a>\n\t<\/li>\n<li>\n\t\tbituri (K\u00fclli Prillop)\u00a0<a data-url=\"https:\/\/sisu.ut.ee\/lingvistikaolympiaad\/20162017-eelvoor\" href=\"https:\/\/sisu.ut.ee\/lingvistikaolympiaad\/20162017-eelvoor\" title=\"\">\u25ba<\/a>\n\t<\/li>\n<li>\n\t\tdavida\u00a0<a data-url=\"https:\/\/sisu.ut.ee\/lingvistikaolympiaad\/20052006-eelvoor\" href=\"https:\/\/sisu.ut.ee\/lingvistikaolympiaad\/20052006-eelvoor\" title=\"\">\u25ba<\/a>\n\t<\/li>\n<li>\n\t\thausa\u00a0<a data-url=\"https:\/\/sisu.ut.ee\/lingvistikaolympiaad\/20032004-loppvoor\" href=\"https:\/\/sisu.ut.ee\/lingvistikaolympiaad\/20032004-loppvoor\" title=\"\">\u25ba<\/a>\n\t<\/li>\n<li>\n\t\tingu\u0161i (Aliis Aalmann)\u00a0<a data-url=\"https:\/\/sisu.ut.ee\/lingvistikaolympiaad\/20182019-eelvoor\" href=\"https:\/\/sisu.ut.ee\/lingvistikaolympiaad\/20182019-eelvoor\" title=\"\">\u25ba<\/a>\n\t<\/li>\n<li>\n\t\tjaapani <a data-url=\"https:\/\/sisu.ut.ee\/lingvistikaolympiaad\/20032004-eelvoor\" href=\"https:\/\/sisu.ut.ee\/lingvistikaolympiaad\/20032004-eelvoor\" title=\"\">\u25ba<\/a>\n\t<\/li>\n<li>\n\t\tjoruba (Anni Silk)\u00a0<a data-url=\"https:\/\/sisu.ut.ee\/lingvistikaolympiaad\/20062007-eelvoor\" href=\"https:\/\/sisu.ut.ee\/lingvistikaolympiaad\/20062007-eelvoor\" title=\"\">\u25ba<\/a>\n\t<\/li>\n<li>\n\t\tkakt\u0161ikeli\u00a0(arvud) \/ Rosina Savisaar\u00a0<a data-url=\"https:\/\/sisu.ut.ee\/lingvistikaolympiaad\/20102011-loppvoor\" href=\"https:\/\/sisu.ut.ee\/lingvistikaolympiaad\/20102011-loppvoor\" title=\"\u00fclesande lehele\">\u25ba<\/a>\n\t<\/li>\n<li>\n\t\tkomnzo (Miina Norvik)\u00a0<a data-url=\"https:\/\/sisu.ut.ee\/lingvistikaolympiaad\/20221022-loppvoor\" href=\"https:\/\/sisu.ut.ee\/lingvistikaolympiaad\/20212022-loppvoor\" title=\"\">\u25ba<\/a>\n\t<\/li>\n<li>\n\t\troma (Aliis Aalmann)\u00a0<a data-url=\"https:\/\/sisu.ut.ee\/lingvistikaolympiaad\/20192020-eelvoor\" href=\"https:\/\/sisu.ut.ee\/lingvistikaolympiaad\/20192020-eelvoor\" title=\"\">\u25ba<\/a>\n\t<\/li>\n<li>\n\t\tseimati (K\u00fclli Prillop)\u00a0<a data-url=\"https:\/\/sisu.ut.ee\/lingvistikaolympiaad\/20062007-loppvoor\" href=\"https:\/\/sisu.ut.ee\/lingvistikaolympiaad\/20062007-loppvoor\" title=\"\">\u25ba<\/a>\n\t<\/li>\n<li>\n\t\ttaadi\u00a0<a data-url=\"https:\/\/sisu.ut.ee\/lingvistikaolympiaad\/20032004-eelvoor\" href=\"https:\/\/sisu.ut.ee\/lingvistikaolympiaad\/20032004-eelvoor\" title=\"\">\u25ba<\/a>\n\t<\/li>\n<li>\n\t\ttoholabali (Anni Oja)\u00a0<a data-url=\"https:\/\/sisu.ut.ee\/lingvistikaolympiaad\/20102011-loppvoor\" href=\"https:\/\/sisu.ut.ee\/lingvistikaolympiaad\/20102011-loppvoor\" title=\"\u00fclesande lehele\">\u25ba<\/a>\n\t<\/li>\n<li>\n\t\tvene (Natalia Vaiss, K\u00fclli Prillop)\u00a0<a data-url=\"https:\/\/sisu.ut.ee\/lingvistikaolympiaad\/20172018-eelvoor\" href=\"https:\/\/sisu.ut.ee\/lingvistikaolympiaad\/20172018-eelvoor\" title=\"\">\u25ba<\/a>\n\t<\/li>\n<\/ol>\n<p>\n\t<strong>Kirjas\u00fcsteemid<\/strong>\n<\/p>\n<ol>\n<li>\n\t\teesti (vt ka fonoloogia) (K\u00fclli Prillop)\u00a0<a data-url=\"https:\/\/sisu.ut.ee\/lingvistikaolympiaad\/20222023-eelvoor\" href=\"https:\/\/sisu.ut.ee\/lingvistikaolympiaad\/20222023-eelvoor\" title=\"\">\u25ba<\/a>\n\t<\/li>\n<li>\n\t\tfula (Ove \u00dcllar Viesemann)\u00a0<a data-url=\"https:\/\/sisu.ut.ee\/lingvistikaolympiaad\/20212022-loppvoor\" href=\"https:\/\/sisu.ut.ee\/lingvistikaolympiaad\/20212022-loppvoor\" title=\"\">\u25ba<\/a>\n\t<\/li>\n<li>\n\t\theebrea\u00a0(K\u00fclli Prillop)\u00a0<a data-url=\"https:\/\/sisu.ut.ee\/lingvistikaolympiaad\/20072008-eelvoor\" href=\"https:\/\/sisu.ut.ee\/lingvistikaolympiaad\/20072008-eelvoor\" title=\"\">\u25ba<\/a>\n\t<\/li>\n<li>\n\t\theti\u00a0<a data-url=\"https:\/\/sisu.ut.ee\/lingvistikaolympiaad\/20032004-loppvoor\" href=\"https:\/\/sisu.ut.ee\/lingvistikaolympiaad\/20032004-loppvoor\" title=\"\">\u25ba<\/a>\n\t<\/li>\n<li>\n\t\thiina (Axel Jagau)\u00a0<a data-url=\"https:\/\/sisu.ut.ee\/lingvistikaolympiaad\/20192020-eelvoor\" href=\"https:\/\/sisu.ut.ee\/lingvistikaolympiaad\/20192020-eelvoor\" title=\"\">\u25ba<\/a>\n\t<\/li>\n<li>\n\t\tkorea (Axel Jagau)\u00a0<a data-url=\"https:\/\/sisu.ut.ee\/lingvistikaolympiaad\/20182019-eelvoor\" href=\"https:\/\/sisu.ut.ee\/lingvistikaolympiaad\/20182019-eelvoor\" title=\"\">\u25ba<\/a>\n\t<\/li>\n<li>\n\t\tkreeka (Axel Jagau)\u00a0<a data-url=\"https:\/\/sisu.ut.ee\/lingvistikaolympiaad\/20062007-loppvoor\" href=\"https:\/\/sisu.ut.ee\/lingvistikaolympiaad\/20062007-loppvoor\" title=\"\">\u25ba<\/a>\n\t<\/li>\n<li>\n\t\tmand\u017eu (Axel Jagau)\u00a0<a data-url=\"https:\/\/sisu.ut.ee\/lingvistikaolympiaad\/20202021-eelvoor\" href=\"https:\/\/sisu.ut.ee\/lingvistikaolympiaad\/20202021-eelvoor\" title=\"\">\u25ba<\/a>\n\t<\/li>\n<\/ol>\n<p>\n\t\u00a0\n<\/p>\n<p>\n\tRohkem \u00fclesandeid leiad kogumikest:<br><a data-url=\"https:\/\/sisu.ut.ee\/lingvistikaolympiaad\/kogumik-2008\" href=\"https:\/\/sisu.ut.ee\/lingvistikaolympiaad\/kogumik-2008\" title=\"\">Lingvistika\u00fclesandeid<\/a>, 2008, koostanud Renate Pajusalu, Axel Jagau, Liina Lindstr\u00f6m, Piia Taremaa, Pire Teras, Reeli Torn-Leesik, Olga Gerassimenko, Anni Silk; Tartu: Atlex.<br><a data-url=\"https:\/\/sisu.ut.ee\/lingvistikaolympiaad\/kogumik-2017\" href=\"https:\/\/sisu.ut.ee\/lingvistikaolympiaad\/kogumik-2017\" title=\"\">Viis tosinat lingvistika\u00fclesannet<\/a>, 2017, koostanud K\u00fclli Prillop, Miina Norvik; Tartu: Atlex.<\/p>\n","protected":false},"excerpt":{"rendered":"<p>Loend \u00fclesannetest, mille lahendusi saad siinsamas vaadata. \u00dclesandeni j\u00f5udmiseks kl\u00f5psa m\u00e4rgil \u25ba. Eelvoorus (alates 2022. a piirkonnavoorus) tuleb lahendada 4 \u00fclesannet 3 tunniga, l\u00f5ppvoorus 5 \u00fclesannet 4 tunniga. Esitada on vaja ka oma lahenduse seletus, see annab umbes 50% punktidest. &#8230;<\/p>\n","protected":false},"author":167,"featured_media":0,"parent":0,"menu_order":0,"comment_status":"closed","ping_status":"closed","template":"","meta":{"_acf_changed":false,"inline_featured_image":false,"footnotes":""},"class_list":["post-29","page","type-page","status-publish","hentry"],"acf":[],"_links":{"self":[{"href":"https:\/\/sisu.ut.ee\/lingvistikaolympiaad\/wp-json\/wp\/v2\/pages\/29","targetHints":{"allow":["GET"]}}],"collection":[{"href":"https:\/\/sisu.ut.ee\/lingvistikaolympiaad\/wp-json\/wp\/v2\/pages"}],"about":[{"href":"https:\/\/sisu.ut.ee\/lingvistikaolympiaad\/wp-json\/wp\/v2\/types\/page"}],"author":[{"embeddable":true,"href":"https:\/\/sisu.ut.ee\/lingvistikaolympiaad\/wp-json\/wp\/v2\/users\/167"}],"replies":[{"embeddable":true,"href":"https:\/\/sisu.ut.ee\/lingvistikaolympiaad\/wp-json\/wp\/v2\/comments?post=29"}],"version-history":[{"count":1,"href":"https:\/\/sisu.ut.ee\/lingvistikaolympiaad\/wp-json\/wp\/v2\/pages\/29\/revisions"}],"predecessor-version":[{"id":167,"href":"https:\/\/sisu.ut.ee\/lingvistikaolympiaad\/wp-json\/wp\/v2\/pages\/29\/revisions\/167"}],"wp:attachment":[{"href":"https:\/\/sisu.ut.ee\/lingvistikaolympiaad\/wp-json\/wp\/v2\/media?parent=29"}],"curies":[{"name":"wp","href":"https:\/\/api.w.org\/{rel}","templated":true}]}}