{"id":28,"date":"2024-04-04T04:39:01","date_gmt":"2024-04-04T01:39:01","guid":{"rendered":"https:\/\/sisu.ut.ee\/lingvistikaolympiaad\/20202021-kuni-20292030\/"},"modified":"2024-04-04T04:39:19","modified_gmt":"2024-04-04T01:39:19","slug":"20202021-kuni-20292030","status":"publish","type":"page","link":"https:\/\/sisu.ut.ee\/lingvistikaolympiaad\/20202021-kuni-20292030\/","title":{"rendered":"2020\/2021 kuni 2029\/2030"},"content":{"rendered":"<p>\n\tT\u00e4psema info vaatamiseks vali men\u00fc\u00fcst \u00f5ppeaasta.\n<\/p>\n<p>\n\tMen\u00fc\u00fclingi j\u00e4rel on \u2018+\u2019, kui saad n\u00e4ha ka \u00fclesandeid ja lahendusi,\u00a0<br>ja \u2018\u00b1\u2019, kui saad n\u00e4ha vaid \u00fclesandeid, mitte lahendusi.\n<\/p>\n<p>\n\t<img loading=\"lazy\" decoding=\"async\" width=\"448\" height=\"280\" class=\"alignnone wp-image-69\" src=\"https:\/\/sisu.ut.ee\/wp-content\/uploads\/sites\/311\/eelvoorus_osalejad_2020-2030.png\" title=\"eelvoorus_osalejad_2020-2030.png\" alt=\"Eelvoorus osalejad\" srcset=\"https:\/\/sisu.ut.ee\/wp-content\/uploads\/sites\/311\/eelvoorus_osalejad_2020-2030.png 448w, https:\/\/sisu.ut.ee\/wp-content\/uploads\/sites\/311\/eelvoorus_osalejad_2020-2030-300x188.png 300w\" sizes=\"auto, (max-width: 448px) 100vw, 448px\">\n<\/p>\n<p>\n\t<img loading=\"lazy\" decoding=\"async\" width=\"571\" height=\"387\" class=\"alignnone wp-image-70\" src=\"https:\/\/sisu.ut.ee\/wp-content\/uploads\/sites\/311\/eelvoorude_tulemused_2020-2030.png\" title=\"eelvoorude_tulemused_2020-2030.png\" alt=\"Eelvooru tulemused\" srcset=\"https:\/\/sisu.ut.ee\/wp-content\/uploads\/sites\/311\/eelvoorude_tulemused_2020-2030.png 571w, https:\/\/sisu.ut.ee\/wp-content\/uploads\/sites\/311\/eelvoorude_tulemused_2020-2030-300x203.png 300w\" sizes=\"auto, (max-width: 571px) 100vw, 571px\">\n<\/p>\n<p>\n\t<img loading=\"lazy\" decoding=\"async\" width=\"571\" height=\"387\" class=\"alignnone wp-image-71\" src=\"https:\/\/sisu.ut.ee\/wp-content\/uploads\/sites\/311\/loppvoorude_tulemused_2020-2030.png\" title=\"loppvoorude_tulemused_2020-2030.png\" alt=\"L\u00f5ppvoorude tulemused\" srcset=\"https:\/\/sisu.ut.ee\/wp-content\/uploads\/sites\/311\/loppvoorude_tulemused_2020-2030.png 571w, https:\/\/sisu.ut.ee\/wp-content\/uploads\/sites\/311\/loppvoorude_tulemused_2020-2030-300x203.png 300w\" sizes=\"auto, (max-width: 571px) 100vw, 571px\"><\/p>\n","protected":false},"excerpt":{"rendered":"<p>T\u00e4psema info vaatamiseks vali men\u00fc\u00fcst \u00f5ppeaasta. Men\u00fc\u00fclingi j\u00e4rel on \u2018+\u2019, kui saad n\u00e4ha ka \u00fclesandeid ja lahendusi,\u00a0ja \u2018\u00b1\u2019, kui saad n\u00e4ha vaid \u00fclesandeid, mitte lahendusi.<\/p>\n","protected":false},"author":167,"featured_media":0,"parent":0,"menu_order":0,"comment_status":"closed","ping_status":"closed","template":"","meta":{"_acf_changed":false,"inline_featured_image":false,"footnotes":""},"class_list":["post-28","page","type-page","status-publish","hentry"],"acf":[],"_links":{"self":[{"href":"https:\/\/sisu.ut.ee\/lingvistikaolympiaad\/wp-json\/wp\/v2\/pages\/28","targetHints":{"allow":["GET"]}}],"collection":[{"href":"https:\/\/sisu.ut.ee\/lingvistikaolympiaad\/wp-json\/wp\/v2\/pages"}],"about":[{"href":"https:\/\/sisu.ut.ee\/lingvistikaolympiaad\/wp-json\/wp\/v2\/types\/page"}],"author":[{"embeddable":true,"href":"https:\/\/sisu.ut.ee\/lingvistikaolympiaad\/wp-json\/wp\/v2\/users\/167"}],"replies":[{"embeddable":true,"href":"https:\/\/sisu.ut.ee\/lingvistikaolympiaad\/wp-json\/wp\/v2\/comments?post=28"}],"version-history":[{"count":1,"href":"https:\/\/sisu.ut.ee\/lingvistikaolympiaad\/wp-json\/wp\/v2\/pages\/28\/revisions"}],"predecessor-version":[{"id":192,"href":"https:\/\/sisu.ut.ee\/lingvistikaolympiaad\/wp-json\/wp\/v2\/pages\/28\/revisions\/192"}],"wp:attachment":[{"href":"https:\/\/sisu.ut.ee\/lingvistikaolympiaad\/wp-json\/wp\/v2\/media?parent=28"}],"curies":[{"name":"wp","href":"https:\/\/api.w.org\/{rel}","templated":true}]}}